{"id":16835,"date":"2025-09-05T09:51:14","date_gmt":"2025-09-05T09:51:14","guid":{"rendered":"https:\/\/flood-protection.org\/podminky-pouziti\/"},"modified":"2025-10-10T18:15:00","modified_gmt":"2025-10-10T18:15:00","slug":"terms-and-use","status":"publish","type":"page","link":"https:\/\/nofloods.com\/cs\/terms-and-use\/","title":{"rendered":"Podm\u00ednky pou\u017e\u00edv\u00e1n\u00ed"},"content":{"rendered":"\t\t<div data-elementor-type=\"wp-page\" data-elementor-id=\"16835\" class=\"elementor elementor-16835 elementor-12711\">\n\t\t\t\t<div class=\"elementor-element elementor-element-853fd1f e-flex e-con-boxed e-con e-parent\" data-id=\"853fd1f\" data-element_type=\"container\" data-e-type=\"container\" data-settings=\"{&quot;background_background&quot;:&quot;classic&quot;}\">\n\t\t\t\t\t<div class=\"e-con-inner\">\n\t\t<div class=\"elementor-element elementor-element-5bd29bb e-con-full e-flex e-con e-child\" data-id=\"5bd29bb\" data-element_type=\"container\" data-e-type=\"container\" data-settings=\"{&quot;background_background&quot;:&quot;classic&quot;}\">\n\t\t\t\t<div class=\"elementor-element elementor-element-8cfa58a elementor-widget elementor-widget-heading\" data-id=\"8cfa58a\" data-element_type=\"widget\" data-e-type=\"widget\" data-widget_type=\"heading.default\">\n\t\t\t\t<div class=\"elementor-widget-container\">\n\t\t\t\t\t<h1 class=\"elementor-heading-title elementor-size-default\">Podm\u00ednky pou\u017e\u00edv\u00e1n\u00ed<\/h1>\t\t\t\t<\/div>\n\t\t\t\t<\/div>\n\t\t\t\t<div class=\"elementor-element elementor-element-1b24f59 elementor-widget elementor-widget-eael-breadcrumbs\" data-id=\"1b24f59\" data-element_type=\"widget\" data-e-type=\"widget\" data-widget_type=\"eael-breadcrumbs.default\">\n\t\t\t\t<div class=\"elementor-widget-container\">\n\t\t\t\t\t\t\t<div class=\"eael-breadcrumbs\">\n\t\t\t<div class=\"eael-breadcrumbs__content\"><a href=\"https:\/\/nofloods.com\/cs\/\">Home<\/a> <span class=\"eael-breadcrumb-separator\">&gt;<\/span> <span class = \"eael-current\">Str\u00e1nka<\/span><\/div>\t\t<\/div>\n\t\t\t\t\t\t<\/div>\n\t\t\t\t<\/div>\n\t\t\t\t<\/div>\n\t\t\t\t\t<\/div>\n\t\t\t\t<\/div>\n\t\t<div class=\"elementor-element elementor-element-4a0067a e-flex e-con-boxed e-con e-parent\" data-id=\"4a0067a\" data-element_type=\"container\" data-e-type=\"container\" data-settings=\"{&quot;background_background&quot;:&quot;classic&quot;}\">\n\t\t\t\t\t<div class=\"e-con-inner\">\n\t\t\t\t<div class=\"elementor-element elementor-element-9ad7b4a elementor-widget elementor-widget-text-editor\" data-id=\"9ad7b4a\" data-element_type=\"widget\" data-e-type=\"widget\" data-widget_type=\"text-editor.default\">\n\t\t\t\t<div class=\"elementor-widget-container\">\n\t\t\t\t\t\t\t\t\t<h4><strong>O T\u011aCHTO PODM\u00cdNK\u00c1CH POU\u017d\u00cdV\u00c1N\u00cd<\/strong><\/h4><div><strong> <\/strong><\/div><p>\u017d\u00e1d\u00e1me v\u00e1s, abyste si p\u0159ed pou\u017eit\u00edm na\u0161ich webov\u00fdch str\u00e1nek pe\u010dliv\u011b p\u0159e\u010detli tyto podm\u00ednky. Tyto podm\u00ednky pou\u017e\u00edv\u00e1n\u00ed v\u00e1s informuj\u00ed o zp\u016fsobu, jak\u00fdm m\u016f\u017eete pou\u017e\u00edvat na\u0161e webov\u00e9 str\u00e1nky. Pokra\u010dov\u00e1n\u00edm v prohl\u00ed\u017een\u00ed na\u0161ich webov\u00fdch str\u00e1nek vyjad\u0159ujete souhlas s t\u011bmito podm\u00ednkami.  <\/p><h4><strong>VA\u0160E OSOBN\u00cd \u00daDAJE<\/strong><\/h4><div><strong> <\/strong><\/div><p>Ve\u0161ker\u00e9 osobn\u00ed \u00fadaje, kter\u00e9 n\u00e1m poskytnete na na\u0161ich webov\u00fdch str\u00e1nk\u00e1ch, zpracov\u00e1v\u00e1me v souladu s podm\u00ednkami na\u0161ich Z\u00e1sad ochrany osobn\u00edch \u00fadaj\u016f. Zajist\u011bte pros\u00edm, aby ve\u0161ker\u00e9 informace, kter\u00e9 n\u00e1m poskytnete na na\u0161ich webov\u00fdch str\u00e1nk\u00e1ch, v\u010detn\u011b jak\u00e9hokoli u\u017eivatelsk\u00e9ho jm\u00e9na a hesla, byly uchov\u00e1v\u00e1ny v bezpe\u010d\u00ed a d\u016fv\u011brnosti. <\/p><h4><strong>INFORMACE NA NA\u0160ICH WEBOV\u00ddCH STR\u00c1NK\u00c1CH<\/strong><\/h4><div><strong> <\/strong><\/div><p>Sna\u017e\u00edme se zajistit, aby na\u0161e webov\u00e9 str\u00e1nky fungovaly spr\u00e1vn\u011b za v\u0161ech okolnost\u00ed, ale neposkytujeme \u017e\u00e1dn\u00e9 z\u00e1ruky ohledn\u011b dostupnosti nebo p\u0159\u00edstupnosti na\u0161ich webov\u00fdch str\u00e1nek, a (s v\u00fdjimkou p\u0159\u00edpad\u016f zde uveden\u00fdch) neneseme odpov\u011bdnost za \u017e\u00e1dn\u00e9 \u0161kody, ztr\u00e1ty, n\u00e1klady nebo v\u00fddaje, kter\u00e9 v\u00e1m vzniknou v d\u016fsledku jak\u00e9koli nedostupnosti nebo nep\u0159\u00edstupnosti na\u0161ich webov\u00fdch str\u00e1nek. Pokud jsou na\u0161e ceny zobrazeny nespr\u00e1vn\u011b, vyhrazujeme si pr\u00e1vo ceny opravit a neprodat v\u00e1m produkt za cenu, kterou jste p\u016fvodn\u011b vid\u011bli na na\u0161ich webov\u00fdch str\u00e1nk\u00e1ch. <\/p><h4><strong>ODKAZY A SD\u00cdLEN\u00cd<\/strong><\/h4><div><strong> <\/strong><\/div><p>Ve\u0161ker\u00e9 odkazy nebo mo\u017enosti sd\u00edlen\u00ed (prost\u0159ednictv\u00edm soci\u00e1ln\u00edch m\u00e9di\u00ed, blog\u016f a podobn\u00fdch str\u00e1nek a komunika\u010dn\u00edch slu\u017eeb) na na\u0161ich webov\u00fdch str\u00e1nk\u00e1ch jsou poskytov\u00e1ny v\u00fdhradn\u011b pro va\u0161e pou\u017eit\u00ed a pohodl\u00ed. Odkaz nep\u0159edstavuje \u017e\u00e1dn\u00e9 schv\u00e1len\u00ed nebo doporu\u010den\u00ed z na\u0161\u00ed strany a neznamen\u00e1, \u017ee m\u00e1me jak\u00e9koli spojen\u00ed s odkazovanou webovou str\u00e1nkou. Neneseme odpov\u011bdnost za obsah \u017e\u00e1dn\u00fdch webov\u00fdch str\u00e1nek, kter\u00e9 jsou propojeny s na\u0161imi webov\u00fdmi str\u00e1nkami nebo z nich, ani za pr\u00e1vn\u00ed d\u016fsledky uzav\u0159en\u00ed jak\u00fdchkoli smluv s t\u0159et\u00edmi stranami, kter\u00e9 tyto propojen\u00e9 webov\u00e9 str\u00e1nky poskytuj\u00ed, a nep\u0159ij\u00edm\u00e1me \u017e\u00e1dnou odpov\u011bdnost za jak\u00e9koli ztr\u00e1ty, \u0161kody, v\u00fddaje, n\u00e1klady nebo z\u00e1vazky, kter\u00e9 v\u00e1m vzniknou v d\u016fsledku toho.  <\/p><p>Vezm\u011bte pros\u00edm na v\u011bdom\u00ed, \u017ee pokud sd\u00edl\u00edte obsah na jin\u00e9 platformy, mohou existovat samostatn\u00e9 podm\u00ednky spojen\u00e9 s organizac\u00ed, kter\u00e1 v\u00e1m umo\u017e\u0148uje sd\u00edlet. Zkontrolujte pros\u00edm podm\u00ednky jak\u00e9koli str\u00e1nky, na kterou hodl\u00e1te sd\u00edlet. N\u011bkter\u00e9 podm\u00ednky v\u00e1m mohou zakazovat sd\u00edlen\u00ed na\u0161eho obsahu.  <\/p><p>Neneseme odpov\u011bdnost za \u017e\u00e1dn\u00e9 ztr\u00e1ty, \u0161kody, v\u00fddaje, n\u00e1klady, zpo\u017ed\u011bn\u00ed nebo jin\u00e9 z\u00e1vazky (v\u010detn\u011b, bez omezen\u00ed, jak\u00fdchkoli finan\u010dn\u00edch ztr\u00e1t, jako je u\u0161l\u00fd zisk), kter\u00e9 v\u00e1m mohou vzniknout v d\u016fsledku jak\u00e9koli ud\u00e1losti mimo na\u0161i p\u0159im\u011b\u0159enou kontrolu (v\u010detn\u011b, bez omezen\u00ed, jak\u00e9hokoli selh\u00e1n\u00ed p\u0159enosu, komunikace, po\u010d\u00edta\u010de nebo jin\u00fdch za\u0159\u00edzen\u00ed nebo va\u0161\u00ed neschopnosti p\u0159istupovat na webov\u00e9 str\u00e1nky z jak\u00e9hokoli d\u016fvodu nebo jak\u00e9hokoli selh\u00e1n\u00ed, chyby nebo zpo\u017ed\u011bn\u00ed p\u0159i odes\u00edl\u00e1n\u00ed nebo p\u0159ij\u00edm\u00e1n\u00ed jak\u00e9hokoli ozn\u00e1men\u00ed nebo komunikace nebo instrukce po\u0161tou nebo jak\u00fdmkoli elektronick\u00fdm m\u00e9diem).<\/p><h4><strong>AUTORSK\u00c1 PR\u00c1VA<\/strong><\/h4><div><strong> <\/strong><\/div><p>Obsah v\u0161ech \u010d\u00e1st\u00ed webov\u00fdch str\u00e1nek pat\u0159\u00ed spole\u010dnosti <strong>ENVIRONMENT SOLUTIONS APS<\/strong>. To zahrnuje autorsk\u00e1 pr\u00e1va na ve\u0161ker\u00fd text, popisy a obr\u00e1zky. Zahrnuje to tak\u00e9 ochrann\u00e9 zn\u00e1mky v na\u0161em n\u00e1zvu a log\u00e1ch.  <\/p><p>M\u016f\u017eete si st\u00e1hnout na lok\u00e1ln\u00ed pevn\u00fd disk a vytisknout v\u00fd\u0148atky z na\u0161ich webov\u00fdch str\u00e1nek pro sv\u00e9 osobn\u00ed pou\u017eit\u00ed. Sta\u017een\u00e9 v\u00fd\u0148atky m\u016f\u017eete tak\u00e9 znovu zkop\u00edrovat ostatn\u00edm za p\u0159edpokladu, \u017ee tak neu\u010din\u00edte za \u00fa\u010delem zisku. <\/p><p>Reprodukce \u010d\u00e1sti nebo cel\u00e9ho obsahu v jak\u00e9koli form\u011b je zak\u00e1z\u00e1na, pokud se nejedn\u00e1 o osobn\u00ed pou\u017eit\u00ed. \u017d\u00e1dn\u00e1 \u010d\u00e1st obsahu na\u0161ich webov\u00fdch str\u00e1nek nesm\u00ed b\u00fdt kop\u00edrov\u00e1na nebo jinak za\u010dlen\u011bna do jak\u00e9koli jin\u00e9 webov\u00e9 str\u00e1nky, syst\u00e9mu elektronick\u00e9ho vyhled\u00e1v\u00e1n\u00ed, publikace nebo jin\u00e9ho d\u00edla v jak\u00e9koli form\u011b (a\u0165 u\u017e v ti\u0161t\u011bn\u00e9, elektronick\u00e9 nebo jin\u00e9 podob\u011b) nebo v nich ukl\u00e1d\u00e1na. <\/p><p>Pokud chcete pou\u017e\u00edt jak\u00fdkoli n\u00e1\u0161 obsah pro jak\u00fdkoli jin\u00fd \u00fa\u010del, ne\u017e je uvedeno v\u00fd\u0161e (co\u017e zahrnuje i r\u00e1mov\u00e1n\u00ed webov\u00fdch str\u00e1nek), mus\u00edte n\u00e1s nejprve kontaktovat a z\u00edskat na\u0161e povolen\u00ed.<\/p><h4><strong>UJI\u0160T\u011aTE SE, \u017dE M\u00c1TE AKTU\u00c1LN\u00cd INFORMACE<\/strong><\/h4><div><strong> <\/strong><\/div><p>Vyhrazujeme si pr\u00e1vo kdykoli zm\u011bnit podm\u00ednky, za kter\u00fdch jsou na\u0161e webov\u00e9 str\u00e1nky a produkty nab\u00edzeny. Jak\u00e9koli zm\u011bny na\u0161ich pr\u00e1vn\u00edch podm\u00ednek nab\u00fdvaj\u00ed \u00fa\u010dinnosti okam\u017eit\u011b po jejich um\u00edst\u011bn\u00ed na na\u0161e webov\u00e9 str\u00e1nky a budou se vztahovat na ve\u0161ker\u00e9 budouc\u00ed pou\u017e\u00edv\u00e1n\u00ed na\u0161ich webov\u00fdch str\u00e1nek. M\u011bli byste pravideln\u011b kontrolovat V\u0161eobecn\u00e9 obchodn\u00ed podm\u00ednky a na\u0161e z\u00e1sady zve\u0159ejn\u011bn\u00e9 na na\u0161ich webov\u00fdch str\u00e1nk\u00e1ch, proto\u017ee se mohly od va\u0161\u00ed posledn\u00ed n\u00e1v\u0161t\u011bvy zm\u011bnit.  <\/p><h4><strong>CO NESM\u00cdTE D\u011aLAT NA NA\u0160ICH WEBOV\u00ddCH STR\u00c1NK\u00c1CH<\/strong><\/h4><div><strong> <\/strong><\/div><p>P\u0159i pou\u017e\u00edv\u00e1n\u00ed na\u0161ich webov\u00fdch str\u00e1nek nesm\u00edte: (1) zasahovat do jak\u00fdchkoli bezpe\u010dnostn\u00edch funkc\u00ed str\u00e1nek nebo funkc\u00ed, kter\u00e9 zabra\u0148uj\u00ed nebo omezuj\u00ed pou\u017e\u00edv\u00e1n\u00ed nebo kop\u00edrov\u00e1n\u00ed obsahu p\u0159\u00edstupn\u00e9ho prost\u0159ednictv\u00edm str\u00e1nek, nebo je deaktivovat; (2) uv\u00e1d\u011bt nepravdiv\u00e9 informace v \u00fadaj\u00edch o sv\u00e9m \u00fa\u010dtu; (3) p\u0159eb\u00edrat identitu jin\u00e9 osoby bez jej\u00edho svolen\u00ed nebo nepravdiv\u011b tvrdit, \u017ee jedn\u00e1te jm\u00e9nem osoby, subjektu nebo organizace; (4) pou\u017e\u00edvat str\u00e1nky, pokud jsme v\u00e1m pozastavili nebo zak\u00e1zali jejich pou\u017e\u00edv\u00e1n\u00ed; (5) zas\u00edlat nevy\u017e\u00e1dan\u00e9, spamov\u00e9 nebo opakuj\u00edc\u00ed se zpr\u00e1vy; (6) zapojovat se do jak\u00e9hokoli nez\u00e1konn\u00e9ho nebo protipr\u00e1vn\u00edho jedn\u00e1n\u00ed; (7) upravovat, zasahovat, zachycovat, naru\u0161ovat nebo napadat str\u00e1nky; (8) zneu\u017e\u00edvat str\u00e1nky v\u011bdom\u00fdm zav\u00e1d\u011bn\u00edm vir\u016f, trojsk\u00fdch kon\u00ed, \u010derv\u016f, logick\u00fdch bomb nebo jin\u00e9ho podobn\u00e9ho materi\u00e1lu nebo prov\u00e1d\u011bn\u00edm jak\u00e9koli jin\u00e9 akce, kter\u00e1 by po\u0161kodila str\u00e1nky, za\u0159\u00edzen\u00ed jak\u00e9hokoli u\u017eivatele str\u00e1nek nebo m\u011bla nep\u0159\u00edzniv\u00fd dopad na zku\u0161enosti jak\u00e9hokoli u\u017eivatele str\u00e1nek s pou\u017e\u00edv\u00e1n\u00edm str\u00e1nek; (9) shroma\u017e\u010fovat jak\u00e9koli \u00fadaje ze str\u00e1nek jinak ne\u017e v souladu s t\u011bmito Podm\u00ednkami pou\u017e\u00edv\u00e1n\u00ed; (10) odes\u00edlat nebo p\u0159isp\u00edvat jak\u00fdmkoli obsahem, kter\u00fd je ur\u00e1\u017eliv\u00fd, v\u00fdhru\u017en\u00fd, obsc\u00e9nn\u00ed, nepravdiv\u00fd, \u0161okuj\u00edc\u00ed nebo ur\u00e1\u017eliv\u00fd; (11) zneu\u017e\u00edvat, po\u0161kozovat nebo \u0161ikanovat jin\u00e9ho u\u017eivatele str\u00e1nek, \u010dlena na\u0161eho person\u00e1lu nebo osobu; (12) odes\u00edlat nebo p\u0159isp\u00edvat jak\u00fdmkoli u\u017eivatelsk\u00fdm obsahem bez svolen\u00ed vlastn\u00edka obsahu nebo jinak poru\u0161ovat autorsk\u00e1 pr\u00e1va, ochrann\u00e9 zn\u00e1mky nebo jin\u00e1 pr\u00e1va t\u0159et\u00edch stran; nebo (13) odes\u00edlat nebo p\u0159isp\u00edvat jak\u00fdmikoli informacemi nebo koment\u00e1\u0159i o jin\u00e9 osob\u011b, kter\u00e9 jsou nepravdiv\u00e9, soukrom\u00e9, d\u016fv\u011brn\u00e9 nebo hanliv\u00e9 (v\u010detn\u011b osobn\u00edho obvi\u0148ov\u00e1n\u00ed jin\u00e9 osoby z neprok\u00e1zan\u00e9 trestn\u00e9 \u010dinnosti nebo z\u00e1va\u017en\u00e9ho pochyben\u00ed, kter\u00e9 by mohlo po\u0161kodit jej\u00ed pov\u011bst v o\u010d\u00edch kohokoli, kdo si v\u00e1\u0161 koment\u00e1\u0159 p\u0159e\u010dte).<\/p><p>Pokud poru\u0161\u00edte kteroukoli z t\u011bchto Podm\u00ednek pou\u017e\u00edv\u00e1n\u00ed, m\u016f\u017eeme v\u00e1m trvale nebo do\u010dasn\u011b zabr\u00e1nit v pou\u017e\u00edv\u00e1n\u00ed t\u011bchto webov\u00fdch str\u00e1nek. M\u016f\u017eeme podniknout i dal\u0161\u00ed kroky, v\u010detn\u011b, ale nejen, nahl\u00e1\u0161en\u00ed v\u00e1s policii nebo jin\u00e9mu org\u00e1nu \u010dinn\u00e9mu v trestn\u00edm \u0159\u00edzen\u00ed, vyd\u00e1n\u00ed varov\u00e1n\u00ed nebo podniknut\u00ed pr\u00e1vn\u00edch krok\u016f proti v\u00e1m a vym\u00e1h\u00e1n\u00ed ve\u0161ker\u00fdch n\u00e1klad\u016f, kter\u00e9 n\u00e1m v d\u016fsledku toho vzniknou. <\/p><h4><strong>M\u00c1TE N\u011aJAK\u00c9 DOTAZY?<\/strong><\/h4><div><strong> <\/strong><\/div><p>M\u00e1te-li jak\u00e9koli dotazy t\u00fdkaj\u00edc\u00ed se \u010dehokoli na t\u011bchto webov\u00fdch str\u00e1nk\u00e1ch, kontaktujte n\u00e1s.<\/p>\t\t\t\t\t\t\t\t<\/div>\n\t\t\t\t<\/div>\n\t\t\t\t\t<\/div>\n\t\t\t\t<\/div>\n\t\t\t\t<\/div>\n\t\t","protected":false},"excerpt":{"rendered":"<p>Podm\u00ednky pou\u017e\u00edv\u00e1n\u00ed Home &gt; O T\u011aCHTO PODM\u00cdNK\u00c1CH POU\u017d\u00cdV\u00c1N\u00cd \u017d\u00e1d\u00e1me v\u00e1s, abyste si p\u0159ed pou\u017eit\u00edm na\u0161ich webov\u00fdch str\u00e1nek pe\u010dliv\u011b p\u0159e\u010detli tyto [&hellip;]<\/p>\n","protected":false},"author":1,"featured_media":0,"parent":0,"menu_order":0,"comment_status":"closed","ping_status":"closed","template":"elementor_header_footer","meta":{"_acf_changed":false,"site-sidebar-layout":"default","site-content-layout":"","ast-site-content-layout":"default","site-content-style":"default","site-sidebar-style":"default","ast-global-header-display":"","ast-banner-title-visibility":"","ast-main-header-display":"","ast-hfb-above-header-display":"","ast-hfb-below-header-display":"","ast-hfb-mobile-header-display":"","site-post-title":"","ast-breadcrumbs-content":"","ast-featured-img":"","footer-sml-layout":"","ast-disable-related-posts":"","theme-transparent-header-meta":"","adv-header-id-meta":"","stick-header-meta":"","header-above-stick-meta":"","header-main-stick-meta":"","header-below-stick-meta":"","astra-migrate-meta-layouts":"default","ast-page-background-enabled":"default","ast-page-background-meta":{"desktop":{"background-color":"","background-image":"","background-repeat":"repeat","background-position":"center center","background-size":"auto","background-attachment":"scroll","background-type":"","background-media":"","overlay-type":"","overlay-color":"","overlay-opacity":"","overlay-gradient":""},"tablet":{"background-color":"","background-image":"","background-repeat":"repeat","background-position":"center center","background-size":"auto","background-attachment":"scroll","background-type":"","background-media":"","overlay-type":"","overlay-color":"","overlay-opacity":"","overlay-gradient":""},"mobile":{"background-color":"","background-image":"","background-repeat":"repeat","background-position":"center center","background-size":"auto","background-attachment":"scroll","background-type":"","background-media":"","overlay-type":"","overlay-color":"","overlay-opacity":"","overlay-gradient":""}},"ast-content-background-meta":{"desktop":{"background-color":"var(--ast-global-color-5)","background-image":"","background-repeat":"repeat","background-position":"center center","background-size":"auto","background-attachment":"scroll","background-type":"","background-media":"","overlay-type":"","overlay-color":"","overlay-opacity":"","overlay-gradient":""},"tablet":{"background-color":"var(--ast-global-color-5)","background-image":"","background-repeat":"repeat","background-position":"center center","background-size":"auto","background-attachment":"scroll","background-type":"","background-media":"","overlay-type":"","overlay-color":"","overlay-opacity":"","overlay-gradient":""},"mobile":{"background-color":"var(--ast-global-color-5)","background-image":"","background-repeat":"repeat","background-position":"center center","background-size":"auto","background-attachment":"scroll","background-type":"","background-media":"","overlay-type":"","overlay-color":"","overlay-opacity":"","overlay-gradient":""}},"footnotes":""},"class_list":["post-16835","page","type-page","status-publish","hentry"],"acf":[],"yoast_head":"<!-- This site is optimized with the Yoast SEO plugin v27.2 - https:\/\/yoast.com\/product\/yoast-seo-wordpress\/ -->\n<title>Podm\u00ednky pou\u017e\u00edv\u00e1n\u00ed - NoFloods<\/title>\n<meta name=\"robots\" content=\"index, follow, max-snippet:-1, max-image-preview:large, max-video-preview:-1\" \/>\n<link rel=\"canonical\" href=\"https:\/\/nofloods.com\/cs\/terms-and-use\/\" \/>\n<meta property=\"og:locale\" content=\"cs_CZ\" \/>\n<meta property=\"og:type\" content=\"article\" \/>\n<meta property=\"og:title\" content=\"Podm\u00ednky pou\u017e\u00edv\u00e1n\u00ed - NoFloods\" \/>\n<meta property=\"og:description\" content=\"Podm\u00ednky pou\u017e\u00edv\u00e1n\u00ed Home &gt; O T\u011aCHTO PODM\u00cdNK\u00c1CH POU\u017d\u00cdV\u00c1N\u00cd \u017d\u00e1d\u00e1me v\u00e1s, abyste si p\u0159ed pou\u017eit\u00edm na\u0161ich webov\u00fdch str\u00e1nek pe\u010dliv\u011b p\u0159e\u010detli tyto [&hellip;]\" \/>\n<meta property=\"og:url\" content=\"https:\/\/nofloods.com\/cs\/terms-and-use\/\" \/>\n<meta property=\"og:site_name\" content=\"NoFloods\" \/>\n<meta property=\"article:publisher\" content=\"https:\/\/www.facebook.com\/environmentsolutions\/\" \/>\n<meta property=\"article:modified_time\" content=\"2025-10-10T18:15:00+00:00\" \/>\n<meta name=\"twitter:card\" content=\"summary_large_image\" \/>\n<meta name=\"twitter:site\" content=\"@NoFloodsBarrier\" \/>\n<meta name=\"twitter:label1\" content=\"Odhadovan\u00e1 doba \u010dten\u00ed\" \/>\n\t<meta name=\"twitter:data1\" content=\"7 minut\" \/>\n<script type=\"application\/ld+json\" class=\"yoast-schema-graph\">{\"@context\":\"https:\/\/schema.org\",\"@graph\":[{\"@type\":\"WebPage\",\"@id\":\"https:\/\/nofloods.com\/cs\/terms-and-use\/\",\"url\":\"https:\/\/nofloods.com\/cs\/terms-and-use\/\",\"name\":\"Podm\u00ednky pou\u017e\u00edv\u00e1n\u00ed - NoFloods\",\"isPartOf\":{\"@id\":\"https:\/\/nofloods.com\/cs\/#website\"},\"datePublished\":\"2025-09-05T09:51:14+00:00\",\"dateModified\":\"2025-10-10T18:15:00+00:00\",\"breadcrumb\":{\"@id\":\"https:\/\/nofloods.com\/cs\/terms-and-use\/#breadcrumb\"},\"inLanguage\":\"cs\",\"potentialAction\":[{\"@type\":\"ReadAction\",\"target\":[\"https:\/\/nofloods.com\/cs\/terms-and-use\/\"]}]},{\"@type\":\"BreadcrumbList\",\"@id\":\"https:\/\/nofloods.com\/cs\/terms-and-use\/#breadcrumb\",\"itemListElement\":[{\"@type\":\"ListItem\",\"position\":1,\"name\":\"Home\",\"item\":\"https:\/\/nofloods.com\/cs\/\"},{\"@type\":\"ListItem\",\"position\":2,\"name\":\"Podm\u00ednky pou\u017e\u00edv\u00e1n\u00ed\"}]},{\"@type\":\"WebSite\",\"@id\":\"https:\/\/nofloods.com\/cs\/#website\",\"url\":\"https:\/\/nofloods.com\/cs\/\",\"name\":\"NoFloods\",\"description\":\"By Environment Solutions\",\"publisher\":{\"@id\":\"https:\/\/nofloods.com\/cs\/#organization\"},\"potentialAction\":[{\"@type\":\"SearchAction\",\"target\":{\"@type\":\"EntryPoint\",\"urlTemplate\":\"https:\/\/nofloods.com\/cs\/?s={search_term_string}\"},\"query-input\":{\"@type\":\"PropertyValueSpecification\",\"valueRequired\":true,\"valueName\":\"search_term_string\"}}],\"inLanguage\":\"cs\"},{\"@type\":\"Organization\",\"@id\":\"https:\/\/nofloods.com\/cs\/#organization\",\"name\":\"NoFloods\",\"url\":\"https:\/\/nofloods.com\/cs\/\",\"logo\":{\"@type\":\"ImageObject\",\"inLanguage\":\"cs\",\"@id\":\"https:\/\/nofloods.com\/cs\/#\/schema\/logo\/image\/\",\"url\":\"https:\/\/nofloods.com\/wp-content\/uploads\/2025\/05\/NoFloods-EasyWall-Logo.webp?wsr\",\"contentUrl\":\"https:\/\/nofloods.com\/wp-content\/uploads\/2025\/05\/NoFloods-EasyWall-Logo.webp?wsr\",\"width\":340,\"height\":70,\"caption\":\"NoFloods\"},\"image\":{\"@id\":\"https:\/\/nofloods.com\/cs\/#\/schema\/logo\/image\/\"},\"sameAs\":[\"https:\/\/www.facebook.com\/environmentsolutions\/\",\"https:\/\/x.com\/NoFloodsBarrier\",\"https:\/\/www.linkedin.com\/company\/environment-solutions-aps\"]}]}<\/script>\n<!-- \/ Yoast SEO plugin. -->","yoast_head_json":{"title":"Podm\u00ednky pou\u017e\u00edv\u00e1n\u00ed - NoFloods","robots":{"index":"index","follow":"follow","max-snippet":"max-snippet:-1","max-image-preview":"max-image-preview:large","max-video-preview":"max-video-preview:-1"},"canonical":"https:\/\/nofloods.com\/cs\/terms-and-use\/","og_locale":"cs_CZ","og_type":"article","og_title":"Podm\u00ednky pou\u017e\u00edv\u00e1n\u00ed - NoFloods","og_description":"Podm\u00ednky pou\u017e\u00edv\u00e1n\u00ed Home &gt; O T\u011aCHTO PODM\u00cdNK\u00c1CH POU\u017d\u00cdV\u00c1N\u00cd \u017d\u00e1d\u00e1me v\u00e1s, abyste si p\u0159ed pou\u017eit\u00edm na\u0161ich webov\u00fdch str\u00e1nek pe\u010dliv\u011b p\u0159e\u010detli tyto [&hellip;]","og_url":"https:\/\/nofloods.com\/cs\/terms-and-use\/","og_site_name":"NoFloods","article_publisher":"https:\/\/www.facebook.com\/environmentsolutions\/","article_modified_time":"2025-10-10T18:15:00+00:00","twitter_card":"summary_large_image","twitter_site":"@NoFloodsBarrier","twitter_misc":{"Odhadovan\u00e1 doba \u010dten\u00ed":"7 minut"},"schema":{"@context":"https:\/\/schema.org","@graph":[{"@type":"WebPage","@id":"https:\/\/nofloods.com\/cs\/terms-and-use\/","url":"https:\/\/nofloods.com\/cs\/terms-and-use\/","name":"Podm\u00ednky pou\u017e\u00edv\u00e1n\u00ed - NoFloods","isPartOf":{"@id":"https:\/\/nofloods.com\/cs\/#website"},"datePublished":"2025-09-05T09:51:14+00:00","dateModified":"2025-10-10T18:15:00+00:00","breadcrumb":{"@id":"https:\/\/nofloods.com\/cs\/terms-and-use\/#breadcrumb"},"inLanguage":"cs","potentialAction":[{"@type":"ReadAction","target":["https:\/\/nofloods.com\/cs\/terms-and-use\/"]}]},{"@type":"BreadcrumbList","@id":"https:\/\/nofloods.com\/cs\/terms-and-use\/#breadcrumb","itemListElement":[{"@type":"ListItem","position":1,"name":"Home","item":"https:\/\/nofloods.com\/cs\/"},{"@type":"ListItem","position":2,"name":"Podm\u00ednky pou\u017e\u00edv\u00e1n\u00ed"}]},{"@type":"WebSite","@id":"https:\/\/nofloods.com\/cs\/#website","url":"https:\/\/nofloods.com\/cs\/","name":"NoFloods","description":"By Environment Solutions","publisher":{"@id":"https:\/\/nofloods.com\/cs\/#organization"},"potentialAction":[{"@type":"SearchAction","target":{"@type":"EntryPoint","urlTemplate":"https:\/\/nofloods.com\/cs\/?s={search_term_string}"},"query-input":{"@type":"PropertyValueSpecification","valueRequired":true,"valueName":"search_term_string"}}],"inLanguage":"cs"},{"@type":"Organization","@id":"https:\/\/nofloods.com\/cs\/#organization","name":"NoFloods","url":"https:\/\/nofloods.com\/cs\/","logo":{"@type":"ImageObject","inLanguage":"cs","@id":"https:\/\/nofloods.com\/cs\/#\/schema\/logo\/image\/","url":"https:\/\/nofloods.com\/wp-content\/uploads\/2025\/05\/NoFloods-EasyWall-Logo.webp?wsr","contentUrl":"https:\/\/nofloods.com\/wp-content\/uploads\/2025\/05\/NoFloods-EasyWall-Logo.webp?wsr","width":340,"height":70,"caption":"NoFloods"},"image":{"@id":"https:\/\/nofloods.com\/cs\/#\/schema\/logo\/image\/"},"sameAs":["https:\/\/www.facebook.com\/environmentsolutions\/","https:\/\/x.com\/NoFloodsBarrier","https:\/\/www.linkedin.com\/company\/environment-solutions-aps"]}]}},"rttpg_featured_image_url":null,"rttpg_author":{"display_name":"nofloods_admin","author_link":"https:\/\/nofloods.com\/cs\/author\/nofloods_admin\/"},"rttpg_comment":0,"rttpg_category":" <a href=\"https:\/\/nofloods.com\/cs\/?taxonomy=translation_priority&#038;term=optional-cs\" rel=\"tag\">Optional<\/a>","rttpg_excerpt":"Podm\u00ednky pou\u017e\u00edv\u00e1n\u00ed Home &gt; O T\u011aCHTO PODM\u00cdNK\u00c1CH POU\u017d\u00cdV\u00c1N\u00cd \u017d\u00e1d\u00e1me v\u00e1s, abyste si p\u0159ed pou\u017eit\u00edm na\u0161ich webov\u00fdch str\u00e1nek pe\u010dliv\u011b p\u0159e\u010detli tyto [&hellip;]","_links":{"self":[{"href":"https:\/\/nofloods.com\/cs\/wp-json\/wp\/v2\/pages\/16835","targetHints":{"allow":["GET"]}}],"collection":[{"href":"https:\/\/nofloods.com\/cs\/wp-json\/wp\/v2\/pages"}],"about":[{"href":"https:\/\/nofloods.com\/cs\/wp-json\/wp\/v2\/types\/page"}],"author":[{"embeddable":true,"href":"https:\/\/nofloods.com\/cs\/wp-json\/wp\/v2\/users\/1"}],"replies":[{"embeddable":true,"href":"https:\/\/nofloods.com\/cs\/wp-json\/wp\/v2\/comments?post=16835"}],"version-history":[{"count":7,"href":"https:\/\/nofloods.com\/cs\/wp-json\/wp\/v2\/pages\/16835\/revisions"}],"predecessor-version":[{"id":26383,"href":"https:\/\/nofloods.com\/cs\/wp-json\/wp\/v2\/pages\/16835\/revisions\/26383"}],"wp:attachment":[{"href":"https:\/\/nofloods.com\/cs\/wp-json\/wp\/v2\/media?parent=16835"}],"curies":[{"name":"wp","href":"https:\/\/api.w.org\/{rel}","templated":true}]}}