{"id":16854,"date":"2025-09-05T09:56:14","date_gmt":"2025-09-05T09:56:14","guid":{"rendered":"https:\/\/flood-protection.org\/zasady-pouzivani-souboru-cookie\/"},"modified":"2025-09-08T14:33:10","modified_gmt":"2025-09-08T14:33:10","slug":"zasady-pouzivani-souboru-cookie","status":"publish","type":"page","link":"https:\/\/nofloods.com\/cs\/zasady-pouzivani-souboru-cookie\/","title":{"rendered":"Z\u00e1sady pou\u017e\u00edv\u00e1n\u00ed soubor\u016f cookie"},"content":{"rendered":"\t\t<div data-elementor-type=\"wp-page\" data-elementor-id=\"16854\" class=\"elementor elementor-16854 elementor-12734\">\n\t\t\t\t<div class=\"elementor-element elementor-element-853fd1f e-flex e-con-boxed e-con e-parent\" data-id=\"853fd1f\" data-element_type=\"container\" data-e-type=\"container\" data-settings=\"{&quot;background_background&quot;:&quot;classic&quot;}\">\n\t\t\t\t\t<div class=\"e-con-inner\">\n\t\t<div class=\"elementor-element elementor-element-5bd29bb e-con-full e-flex e-con e-child\" data-id=\"5bd29bb\" data-element_type=\"container\" data-e-type=\"container\" data-settings=\"{&quot;background_background&quot;:&quot;classic&quot;}\">\n\t\t\t\t<div class=\"elementor-element elementor-element-8cfa58a elementor-widget elementor-widget-heading\" data-id=\"8cfa58a\" data-element_type=\"widget\" data-e-type=\"widget\" data-widget_type=\"heading.default\">\n\t\t\t\t<div class=\"elementor-widget-container\">\n\t\t\t\t\t<h1 class=\"elementor-heading-title elementor-size-default\">Z\u00e1sady pou\u017e\u00edv\u00e1n\u00ed soubor\u016f cookie<\/h1>\t\t\t\t<\/div>\n\t\t\t\t<\/div>\n\t\t\t\t<div class=\"elementor-element elementor-element-1b24f59 elementor-widget elementor-widget-eael-breadcrumbs\" data-id=\"1b24f59\" data-element_type=\"widget\" data-e-type=\"widget\" data-widget_type=\"eael-breadcrumbs.default\">\n\t\t\t\t<div class=\"elementor-widget-container\">\n\t\t\t\t\t\t\t<div class=\"eael-breadcrumbs\">\n\t\t\t<div class=\"eael-breadcrumbs__content\"><a href=\"https:\/\/nofloods.com\/cs\/\">Home<\/a> <span class=\"eael-breadcrumb-separator\">&gt;<\/span> <span class = \"eael-current\">Str\u00e1nka<\/span><\/div>\t\t<\/div>\n\t\t\t\t\t\t<\/div>\n\t\t\t\t<\/div>\n\t\t\t\t<\/div>\n\t\t\t\t\t<\/div>\n\t\t\t\t<\/div>\n\t\t<div class=\"elementor-element elementor-element-4a0067a e-flex e-con-boxed e-con e-parent\" data-id=\"4a0067a\" data-element_type=\"container\" data-e-type=\"container\" data-settings=\"{&quot;background_background&quot;:&quot;classic&quot;}\">\n\t\t\t\t\t<div class=\"e-con-inner\">\n\t\t\t\t<div class=\"elementor-element elementor-element-9ad7b4a elementor-widget elementor-widget-text-editor\" data-id=\"9ad7b4a\" data-element_type=\"widget\" data-e-type=\"widget\" data-widget_type=\"text-editor.default\">\n\t\t\t\t<div class=\"elementor-widget-container\">\n\t\t\t\t\t\t\t\t\t<h4><strong>O T\u011aCHTO Z\u00c1SAD\u00c1CH POU\u017d\u00cdV\u00c1N\u00cd SOUBOR\u016e COOKIE<\/strong><\/h4>\n<div><strong>&nbsp;<\/strong><\/div>\n<p>Tyto z\u00e1sady pou\u017e\u00edv\u00e1n\u00ed soubor\u016f cookie vysv\u011btluj\u00ed, co jsou soubory cookie a jak je pou\u017e\u00edv\u00e1me na na\u0161ich webov\u00fdch str\u00e1nk\u00e1ch. M\u011bli byste si tyto z\u00e1sady p\u0159e\u010d\u00edst, abyste pochopili, jak\u00e9 typy soubor\u016f cookie pou\u017e\u00edv\u00e1me, jak\u00e9 informace shroma\u017e\u010fujeme pomoc\u00ed soubor\u016f cookie a jak jsou tyto informace pou\u017e\u00edv\u00e1ny. Pou\u017e\u00edv\u00e1n\u00edm na\u0161ich webov\u00fdch str\u00e1nek souhlas\u00edte s t\u00edm, \u017ee m\u016f\u017eeme pou\u017e\u00edvat soubory cookie v souladu s t\u011bmito z\u00e1sadami.  <\/p>\n<h4><strong>Co jsou soubory cookie?<\/strong><\/h4>\n<div><strong>&nbsp;<\/strong><\/div>\n<p>Soubory cookie jsou soubory, kter\u00e9 obsahuj\u00ed mal\u00e9 mno\u017estv\u00ed informac\u00ed. Soubory cookie jsou ulo\u017eeny v prohl\u00ed\u017ee\u010di nebo na pevn\u00e9m disku va\u0161eho po\u010d\u00edta\u010de nebo za\u0159\u00edzen\u00ed. <\/p>\n<h4><strong>Jak pou\u017e\u00edv\u00e1me soubory cookie?<\/strong><\/h4>\n<div><strong>&nbsp;<\/strong><\/div>\n<p>Soubory cookie pou\u017e\u00edv\u00e1me k tomu, abychom v\u00e1s odli\u0161ili od ostatn\u00edch u\u017eivatel\u016f na\u0161ich webov\u00fdch str\u00e1nek a abychom v\u00e1m poskytli jedine\u010dn\u00fd z\u00e1\u017eitek z prohl\u00ed\u017een\u00ed. Soubory cookie pou\u017e\u00edv\u00e1me proto, aby si na\u0161e webov\u00e9 str\u00e1nky mohly zapamatovat, co jste b\u011bhem prohl\u00ed\u017een\u00ed ud\u011blali, nap\u0159\u00edklad va\u0161e p\u0159ihla\u0161ovac\u00ed \u00fadaje, jak daleko jste pokro\u010dili s objedn\u00e1vkou a co je ve va\u0161em n\u00e1kupn\u00edm ko\u0161\u00edku. <\/p>\n<h4><strong>Jak\u00e9 typy soubor\u016f cookie pou\u017e\u00edv\u00e1me?<\/strong><\/h4>\n<div><strong>&nbsp;<\/strong><\/div>\n<p>Soubory cookie mohou m\u00edt podobu rela\u010dn\u00edch soubor\u016f cookie nebo trval\u00fdch soubor\u016f cookie. Rela\u010dn\u00ed soubory cookie jsou odstran\u011bny z va\u0161eho po\u010d\u00edta\u010de nebo za\u0159\u00edzen\u00ed, kdy\u017e zav\u0159ete webov\u00fd prohl\u00ed\u017ee\u010d. Trval\u00e9 soubory cookie z\u016fstanou ulo\u017eeny ve va\u0161em po\u010d\u00edta\u010di nebo za\u0159\u00edzen\u00ed, dokud nebudou odstran\u011bny nebo dokud nedos\u00e1hnou data vypr\u0161en\u00ed platnosti. Pou\u017e\u00edv\u00e1me n\u00e1sleduj\u00edc\u00ed soubory cookie:   <\/p>\n<p>Analytick\u00e9\/v\u00fdkonnostn\u00ed soubory cookie. Tyto soubory cookie n\u00e1m umo\u017e\u0148uj\u00ed rozpoznat a spo\u010d\u00edtat po\u010det n\u00e1v\u0161t\u011bvn\u00edk\u016f na\u0161ich webov\u00fdch str\u00e1nek a sledovat, jak se n\u00e1v\u0161t\u011bvn\u00edci pohybuj\u00ed, kdy\u017e je pou\u017e\u00edvaj\u00ed. To n\u00e1m pom\u00e1h\u00e1 zlep\u0161ovat fungov\u00e1n\u00ed na\u0161ich webov\u00fdch str\u00e1nek, nap\u0159\u00edklad t\u00edm, \u017ee zaji\u0161\u0165ujeme, aby u\u017eivatel\u00e9 snadno na\u0161li to, co hledaj\u00ed.  <\/p>\n<p>Funk\u010dn\u00ed soubory cookie. Tyto soubory cookie se pou\u017e\u00edvaj\u00ed k rozpozn\u00e1n\u00ed, kdy\u017e se vr\u00e1t\u00edte na na\u0161e webov\u00e9 str\u00e1nky. To n\u00e1m umo\u017e\u0148uje personalizovat pro v\u00e1s n\u00e1\u0161 obsah, nap\u0159\u00edklad v\u00e1s pozdravit jm\u00e9nem a zapamatovat si va\u0161e preference. Umo\u017e\u0148uje tak\u00e9 podporu \u017eiv\u00e9ho chatu b\u011bhem prohl\u00ed\u017een\u00ed.   <\/p>\n<p>C\u00edlen\u00e9 soubory cookie. Tyto soubory cookie zaznamen\u00e1vaj\u00ed va\u0161i n\u00e1v\u0161t\u011bvu na\u0161ich webov\u00fdch str\u00e1nek, str\u00e1nky, kter\u00e9 jste nav\u0161t\u00edvili, a odkazy, kter\u00e9 jste sledovali. Tyto informace pou\u017eijeme k tomu, aby na\u0161e webov\u00e9 str\u00e1nky a reklama na nich zobrazovan\u00e1 l\u00e9pe odpov\u00eddaly va\u0161im z\u00e1jm\u016fm. Tyto informace m\u016f\u017eeme tak\u00e9 sd\u00edlet s t\u0159et\u00edmi stranami pro tento \u00fa\u010del. Tyto soubory cookie v\u00e1m umo\u017e\u0148uj\u00ed sd\u00edlet a odes\u00edlat informace na jin\u00e9 webov\u00e9 str\u00e1nky.    <\/p>\n<h4><strong>Jak\u00e9 informace shroma\u017e\u010fujeme pomoc\u00ed soubor\u016f cookie?<\/strong><\/h4>\n<div><strong>&nbsp;<\/strong><\/div>\n<p>Kdy\u017e nav\u0161t\u00edv\u00edte na\u0161e webov\u00e9 str\u00e1nky, m\u016f\u017eeme od v\u00e1s automaticky shroma\u017e\u010fovat n\u00e1sleduj\u00edc\u00ed typy informac\u00ed: Va\u0161i adresu internetov\u00e9ho protokolu (IP), va\u0161e p\u0159ihla\u0161ovac\u00ed \u00fadaje, nastaven\u00ed \u010dasov\u00e9ho p\u00e1sma, opera\u010dn\u00ed syst\u00e9m a platformu, informace o va\u0161ich n\u00e1v\u0161t\u011bv\u00e1ch v\u010detn\u011b adresy URL, ze kter\u00e9 jste p\u0159i\u0161li, va\u0161i zemi, hledan\u00e9 v\u00fdrazy, kter\u00e9 jste pou\u017eili na na\u0161ich webov\u00fdch str\u00e1nk\u00e1ch, produkty, kter\u00e9 jste si prohl\u00ed\u017eeli nebo hledali, dobu odezvy str\u00e1nky, chyby stahov\u00e1n\u00ed, d\u00e9lku n\u00e1v\u0161t\u011bv ur\u010dit\u00fdch str\u00e1nek, informace o interakci se str\u00e1nkou (nap\u0159\u00edklad posouv\u00e1n\u00ed, kliknut\u00ed a p\u0159ejet\u00ed my\u0161\u00ed) a metody pou\u017eit\u00e9 k opu\u0161t\u011bn\u00ed str\u00e1nky.<\/p>\n<h4><strong>Jak blokujete soubory cookie?<\/strong><\/h4>\n<div><strong>&nbsp;<\/strong><\/div>\n<p>V\u011bt\u0161ina prohl\u00ed\u017ee\u010d\u016f v\u00e1m umo\u017e\u0148uje odm\u00edtnout soubory cookie. M\u016f\u017eete zablokovat na\u0161e soubory cookie aktivac\u00ed nastaven\u00ed ve va\u0161em prohl\u00ed\u017ee\u010di, kter\u00e9 v\u00e1m umo\u017en\u00ed odm\u00edtnout nastaven\u00ed v\u0161ech nebo n\u011bkter\u00fdch soubor\u016f cookie. V\u00edce informac\u00ed o souborech cookie a o tom, jak je odstranit a ovl\u00e1dat, najdete na www.aboutcookies.org nebo klikn\u011bte na n\u00e1pov\u011bdu v nab\u00eddce prohl\u00ed\u017ee\u010de.  <\/p>\n<p>Pokud zablokujete na\u0161e pou\u017e\u00edv\u00e1n\u00ed soubor\u016f cookie, nebudete m\u00edt p\u0159\u00edstup k ur\u010dit\u00fdm oblastem na\u0161ich webov\u00fdch str\u00e1nek a ur\u010dit\u00e9 funkce a str\u00e1nky nebudou fungovat obvykl\u00fdm zp\u016fsobem. Nebudete moci nap\u0159\u00edklad pou\u017e\u00edvat funkci n\u00e1kupn\u00edho seznamu nebo nakupovat online. <\/p>\n<h4><strong>Jak m\u016f\u017ee spole\u010dnost <em>ENVIRONMENT SOLUTIONS APS<\/em> zm\u011bnit z\u00e1sady pou\u017e\u00edv\u00e1n\u00ed soubor\u016f cookie<\/strong><\/h4><div><strong><br><\/strong><\/div>\n<p>Tyto z\u00e1sady m\u016f\u017eeme \u010das od \u010dasu aktualizovat. Zm\u011bny v technologii, legislativ\u011b a pokynech \u00fa\u0159ad\u016f mohou vy\u017eadovat, abychom v\u00e1s informovali o \u010dinnostech, kter\u00e9 prov\u00e1d\u00edme, pokud to ovliv\u0148uje va\u0161e pr\u00e1va na soukrom\u00ed. M\u011bli byste tuto str\u00e1nku ob\u010das zkontrolovat, abyste se ujistili, \u017ee jste obezn\u00e1meni s jak\u00fdmikoli zm\u011bnami.  <\/p>\t\t\t\t\t\t\t\t<\/div>\n\t\t\t\t<\/div>\n\t\t\t\t\t<\/div>\n\t\t\t\t<\/div>\n\t\t\t\t<\/div>\n\t\t","protected":false},"excerpt":{"rendered":"<p>Z\u00e1sady pou\u017e\u00edv\u00e1n\u00ed soubor\u016f cookie Home &gt; O T\u011aCHTO Z\u00c1SAD\u00c1CH POU\u017d\u00cdV\u00c1N\u00cd SOUBOR\u016e COOKIE &nbsp; Tyto z\u00e1sady pou\u017e\u00edv\u00e1n\u00ed soubor\u016f cookie vysv\u011btluj\u00ed, co [&hellip;]<\/p>\n","protected":false},"author":1,"featured_media":0,"parent":0,"menu_order":0,"comment_status":"closed","ping_status":"closed","template":"elementor_header_footer","meta":{"_acf_changed":false,"site-sidebar-layout":"default","site-content-layout":"","ast-site-content-layout":"default","site-content-style":"default","site-sidebar-style":"default","ast-global-header-display":"","ast-banner-title-visibility":"","ast-main-header-display":"","ast-hfb-above-header-display":"","ast-hfb-below-header-display":"","ast-hfb-mobile-header-display":"","site-post-title":"","ast-breadcrumbs-content":"","ast-featured-img":"","footer-sml-layout":"","ast-disable-related-posts":"","theme-transparent-header-meta":"","adv-header-id-meta":"","stick-header-meta":"","header-above-stick-meta":"","header-main-stick-meta":"","header-below-stick-meta":"","astra-migrate-meta-layouts":"default","ast-page-background-enabled":"default","ast-page-background-meta":{"desktop":{"background-color":"","background-image":"","background-repeat":"repeat","background-position":"center center","background-size":"auto","background-attachment":"scroll","background-type":"","background-media":"","overlay-type":"","overlay-color":"","overlay-opacity":"","overlay-gradient":""},"tablet":{"background-color":"","background-image":"","background-repeat":"repeat","background-position":"center center","background-size":"auto","background-attachment":"scroll","background-type":"","background-media":"","overlay-type":"","overlay-color":"","overlay-opacity":"","overlay-gradient":""},"mobile":{"background-color":"","background-image":"","background-repeat":"repeat","background-position":"center center","background-size":"auto","background-attachment":"scroll","background-type":"","background-media":"","overlay-type":"","overlay-color":"","overlay-opacity":"","overlay-gradient":""}},"ast-content-background-meta":{"desktop":{"background-color":"var(--ast-global-color-5)","background-image":"","background-repeat":"repeat","background-position":"center center","background-size":"auto","background-attachment":"scroll","background-type":"","background-media":"","overlay-type":"","overlay-color":"","overlay-opacity":"","overlay-gradient":""},"tablet":{"background-color":"var(--ast-global-color-5)","background-image":"","background-repeat":"repeat","background-position":"center center","background-size":"auto","background-attachment":"scroll","background-type":"","background-media":"","overlay-type":"","overlay-color":"","overlay-opacity":"","overlay-gradient":""},"mobile":{"background-color":"var(--ast-global-color-5)","background-image":"","background-repeat":"repeat","background-position":"center center","background-size":"auto","background-attachment":"scroll","background-type":"","background-media":"","overlay-type":"","overlay-color":"","overlay-opacity":"","overlay-gradient":""}},"footnotes":""},"class_list":["post-16854","page","type-page","status-publish","hentry"],"acf":[],"yoast_head":"<!-- This site is optimized with the Yoast SEO plugin v27.2 - https:\/\/yoast.com\/product\/yoast-seo-wordpress\/ -->\n<title>Z\u00e1sady pou\u017e\u00edv\u00e1n\u00ed soubor\u016f cookie - NoFloods<\/title>\n<meta name=\"robots\" content=\"index, follow, max-snippet:-1, max-image-preview:large, max-video-preview:-1\" \/>\n<link rel=\"canonical\" href=\"https:\/\/nofloods.com\/cs\/zasady-pouzivani-souboru-cookie\/\" \/>\n<meta property=\"og:locale\" content=\"cs_CZ\" \/>\n<meta property=\"og:type\" content=\"article\" \/>\n<meta property=\"og:title\" content=\"Z\u00e1sady pou\u017e\u00edv\u00e1n\u00ed soubor\u016f cookie - NoFloods\" \/>\n<meta property=\"og:description\" content=\"Z\u00e1sady pou\u017e\u00edv\u00e1n\u00ed soubor\u016f cookie Home &gt; O T\u011aCHTO Z\u00c1SAD\u00c1CH POU\u017d\u00cdV\u00c1N\u00cd SOUBOR\u016e COOKIE &nbsp; Tyto z\u00e1sady pou\u017e\u00edv\u00e1n\u00ed soubor\u016f cookie vysv\u011btluj\u00ed, co [&hellip;]\" \/>\n<meta property=\"og:url\" content=\"https:\/\/nofloods.com\/cs\/zasady-pouzivani-souboru-cookie\/\" \/>\n<meta property=\"og:site_name\" content=\"NoFloods\" \/>\n<meta property=\"article:publisher\" content=\"https:\/\/www.facebook.com\/environmentsolutions\/\" \/>\n<meta property=\"article:modified_time\" content=\"2025-09-08T14:33:10+00:00\" \/>\n<meta name=\"twitter:card\" content=\"summary_large_image\" \/>\n<meta name=\"twitter:site\" content=\"@NoFloodsBarrier\" \/>\n<meta name=\"twitter:label1\" content=\"Odhadovan\u00e1 doba \u010dten\u00ed\" \/>\n\t<meta name=\"twitter:data1\" content=\"5 minut\" \/>\n<script type=\"application\/ld+json\" class=\"yoast-schema-graph\">{\"@context\":\"https:\/\/schema.org\",\"@graph\":[{\"@type\":\"WebPage\",\"@id\":\"https:\/\/nofloods.com\/cs\/zasady-pouzivani-souboru-cookie\/\",\"url\":\"https:\/\/nofloods.com\/cs\/zasady-pouzivani-souboru-cookie\/\",\"name\":\"Z\u00e1sady pou\u017e\u00edv\u00e1n\u00ed soubor\u016f cookie - NoFloods\",\"isPartOf\":{\"@id\":\"https:\/\/nofloods.com\/cs\/#website\"},\"datePublished\":\"2025-09-05T09:56:14+00:00\",\"dateModified\":\"2025-09-08T14:33:10+00:00\",\"breadcrumb\":{\"@id\":\"https:\/\/nofloods.com\/cs\/zasady-pouzivani-souboru-cookie\/#breadcrumb\"},\"inLanguage\":\"cs\",\"potentialAction\":[{\"@type\":\"ReadAction\",\"target\":[\"https:\/\/nofloods.com\/cs\/zasady-pouzivani-souboru-cookie\/\"]}]},{\"@type\":\"BreadcrumbList\",\"@id\":\"https:\/\/nofloods.com\/cs\/zasady-pouzivani-souboru-cookie\/#breadcrumb\",\"itemListElement\":[{\"@type\":\"ListItem\",\"position\":1,\"name\":\"Home\",\"item\":\"https:\/\/nofloods.com\/cs\/\"},{\"@type\":\"ListItem\",\"position\":2,\"name\":\"Z\u00e1sady pou\u017e\u00edv\u00e1n\u00ed soubor\u016f cookie\"}]},{\"@type\":\"WebSite\",\"@id\":\"https:\/\/nofloods.com\/cs\/#website\",\"url\":\"https:\/\/nofloods.com\/cs\/\",\"name\":\"NoFloods\",\"description\":\"By Environment Solutions\",\"publisher\":{\"@id\":\"https:\/\/nofloods.com\/cs\/#organization\"},\"potentialAction\":[{\"@type\":\"SearchAction\",\"target\":{\"@type\":\"EntryPoint\",\"urlTemplate\":\"https:\/\/nofloods.com\/cs\/?s={search_term_string}\"},\"query-input\":{\"@type\":\"PropertyValueSpecification\",\"valueRequired\":true,\"valueName\":\"search_term_string\"}}],\"inLanguage\":\"cs\"},{\"@type\":\"Organization\",\"@id\":\"https:\/\/nofloods.com\/cs\/#organization\",\"name\":\"NoFloods\",\"url\":\"https:\/\/nofloods.com\/cs\/\",\"logo\":{\"@type\":\"ImageObject\",\"inLanguage\":\"cs\",\"@id\":\"https:\/\/nofloods.com\/cs\/#\/schema\/logo\/image\/\",\"url\":\"https:\/\/nofloods.com\/wp-content\/uploads\/2025\/05\/NoFloods-EasyWall-Logo.webp?wsr\",\"contentUrl\":\"https:\/\/nofloods.com\/wp-content\/uploads\/2025\/05\/NoFloods-EasyWall-Logo.webp?wsr\",\"width\":340,\"height\":70,\"caption\":\"NoFloods\"},\"image\":{\"@id\":\"https:\/\/nofloods.com\/cs\/#\/schema\/logo\/image\/\"},\"sameAs\":[\"https:\/\/www.facebook.com\/environmentsolutions\/\",\"https:\/\/x.com\/NoFloodsBarrier\",\"https:\/\/www.linkedin.com\/company\/environment-solutions-aps\"]}]}<\/script>\n<!-- \/ Yoast SEO plugin. -->","yoast_head_json":{"title":"Z\u00e1sady pou\u017e\u00edv\u00e1n\u00ed soubor\u016f cookie - NoFloods","robots":{"index":"index","follow":"follow","max-snippet":"max-snippet:-1","max-image-preview":"max-image-preview:large","max-video-preview":"max-video-preview:-1"},"canonical":"https:\/\/nofloods.com\/cs\/zasady-pouzivani-souboru-cookie\/","og_locale":"cs_CZ","og_type":"article","og_title":"Z\u00e1sady pou\u017e\u00edv\u00e1n\u00ed soubor\u016f cookie - NoFloods","og_description":"Z\u00e1sady pou\u017e\u00edv\u00e1n\u00ed soubor\u016f cookie Home &gt; O T\u011aCHTO Z\u00c1SAD\u00c1CH POU\u017d\u00cdV\u00c1N\u00cd SOUBOR\u016e COOKIE &nbsp; Tyto z\u00e1sady pou\u017e\u00edv\u00e1n\u00ed soubor\u016f cookie vysv\u011btluj\u00ed, co [&hellip;]","og_url":"https:\/\/nofloods.com\/cs\/zasady-pouzivani-souboru-cookie\/","og_site_name":"NoFloods","article_publisher":"https:\/\/www.facebook.com\/environmentsolutions\/","article_modified_time":"2025-09-08T14:33:10+00:00","twitter_card":"summary_large_image","twitter_site":"@NoFloodsBarrier","twitter_misc":{"Odhadovan\u00e1 doba \u010dten\u00ed":"5 minut"},"schema":{"@context":"https:\/\/schema.org","@graph":[{"@type":"WebPage","@id":"https:\/\/nofloods.com\/cs\/zasady-pouzivani-souboru-cookie\/","url":"https:\/\/nofloods.com\/cs\/zasady-pouzivani-souboru-cookie\/","name":"Z\u00e1sady pou\u017e\u00edv\u00e1n\u00ed soubor\u016f cookie - NoFloods","isPartOf":{"@id":"https:\/\/nofloods.com\/cs\/#website"},"datePublished":"2025-09-05T09:56:14+00:00","dateModified":"2025-09-08T14:33:10+00:00","breadcrumb":{"@id":"https:\/\/nofloods.com\/cs\/zasady-pouzivani-souboru-cookie\/#breadcrumb"},"inLanguage":"cs","potentialAction":[{"@type":"ReadAction","target":["https:\/\/nofloods.com\/cs\/zasady-pouzivani-souboru-cookie\/"]}]},{"@type":"BreadcrumbList","@id":"https:\/\/nofloods.com\/cs\/zasady-pouzivani-souboru-cookie\/#breadcrumb","itemListElement":[{"@type":"ListItem","position":1,"name":"Home","item":"https:\/\/nofloods.com\/cs\/"},{"@type":"ListItem","position":2,"name":"Z\u00e1sady pou\u017e\u00edv\u00e1n\u00ed soubor\u016f cookie"}]},{"@type":"WebSite","@id":"https:\/\/nofloods.com\/cs\/#website","url":"https:\/\/nofloods.com\/cs\/","name":"NoFloods","description":"By Environment Solutions","publisher":{"@id":"https:\/\/nofloods.com\/cs\/#organization"},"potentialAction":[{"@type":"SearchAction","target":{"@type":"EntryPoint","urlTemplate":"https:\/\/nofloods.com\/cs\/?s={search_term_string}"},"query-input":{"@type":"PropertyValueSpecification","valueRequired":true,"valueName":"search_term_string"}}],"inLanguage":"cs"},{"@type":"Organization","@id":"https:\/\/nofloods.com\/cs\/#organization","name":"NoFloods","url":"https:\/\/nofloods.com\/cs\/","logo":{"@type":"ImageObject","inLanguage":"cs","@id":"https:\/\/nofloods.com\/cs\/#\/schema\/logo\/image\/","url":"https:\/\/nofloods.com\/wp-content\/uploads\/2025\/05\/NoFloods-EasyWall-Logo.webp?wsr","contentUrl":"https:\/\/nofloods.com\/wp-content\/uploads\/2025\/05\/NoFloods-EasyWall-Logo.webp?wsr","width":340,"height":70,"caption":"NoFloods"},"image":{"@id":"https:\/\/nofloods.com\/cs\/#\/schema\/logo\/image\/"},"sameAs":["https:\/\/www.facebook.com\/environmentsolutions\/","https:\/\/x.com\/NoFloodsBarrier","https:\/\/www.linkedin.com\/company\/environment-solutions-aps"]}]}},"rttpg_featured_image_url":null,"rttpg_author":{"display_name":"nofloods_admin","author_link":"https:\/\/nofloods.com\/cs\/author\/nofloods_admin\/"},"rttpg_comment":0,"rttpg_category":" <a href=\"https:\/\/nofloods.com\/cs\/?taxonomy=translation_priority&#038;term=optional-cs\" rel=\"tag\">Optional<\/a>","rttpg_excerpt":"Z\u00e1sady pou\u017e\u00edv\u00e1n\u00ed soubor\u016f cookie Home &gt; O T\u011aCHTO Z\u00c1SAD\u00c1CH POU\u017d\u00cdV\u00c1N\u00cd SOUBOR\u016e COOKIE &nbsp; Tyto z\u00e1sady pou\u017e\u00edv\u00e1n\u00ed soubor\u016f cookie vysv\u011btluj\u00ed, co [&hellip;]","_links":{"self":[{"href":"https:\/\/nofloods.com\/cs\/wp-json\/wp\/v2\/pages\/16854","targetHints":{"allow":["GET"]}}],"collection":[{"href":"https:\/\/nofloods.com\/cs\/wp-json\/wp\/v2\/pages"}],"about":[{"href":"https:\/\/nofloods.com\/cs\/wp-json\/wp\/v2\/types\/page"}],"author":[{"embeddable":true,"href":"https:\/\/nofloods.com\/cs\/wp-json\/wp\/v2\/users\/1"}],"replies":[{"embeddable":true,"href":"https:\/\/nofloods.com\/cs\/wp-json\/wp\/v2\/comments?post=16854"}],"version-history":[{"count":1,"href":"https:\/\/nofloods.com\/cs\/wp-json\/wp\/v2\/pages\/16854\/revisions"}],"predecessor-version":[{"id":16855,"href":"https:\/\/nofloods.com\/cs\/wp-json\/wp\/v2\/pages\/16854\/revisions\/16855"}],"wp:attachment":[{"href":"https:\/\/nofloods.com\/cs\/wp-json\/wp\/v2\/media?parent=16854"}],"curies":[{"name":"wp","href":"https:\/\/api.w.org\/{rel}","templated":true}]}}