{"id":16850,"date":"2025-09-05T09:56:14","date_gmt":"2025-09-05T09:56:14","guid":{"rendered":"https:\/\/flood-protection.org\/cookiepolitik\/"},"modified":"2025-09-08T14:33:10","modified_gmt":"2025-09-08T14:33:10","slug":"cookiepolitik","status":"publish","type":"page","link":"https:\/\/nofloods.com\/da\/cookiepolitik\/","title":{"rendered":"Cookiepolitik"},"content":{"rendered":"\t\t<div data-elementor-type=\"wp-page\" data-elementor-id=\"16850\" class=\"elementor elementor-16850 elementor-12734\">\n\t\t\t\t<div class=\"elementor-element elementor-element-853fd1f e-flex e-con-boxed e-con e-parent\" data-id=\"853fd1f\" data-element_type=\"container\" data-e-type=\"container\" data-settings=\"{&quot;background_background&quot;:&quot;classic&quot;}\">\n\t\t\t\t\t<div class=\"e-con-inner\">\n\t\t<div class=\"elementor-element elementor-element-5bd29bb e-con-full e-flex e-con e-child\" data-id=\"5bd29bb\" data-element_type=\"container\" data-e-type=\"container\" data-settings=\"{&quot;background_background&quot;:&quot;classic&quot;}\">\n\t\t\t\t<div class=\"elementor-element elementor-element-8cfa58a elementor-widget elementor-widget-heading\" data-id=\"8cfa58a\" data-element_type=\"widget\" data-e-type=\"widget\" data-widget_type=\"heading.default\">\n\t\t\t\t<div class=\"elementor-widget-container\">\n\t\t\t\t\t<h1 class=\"elementor-heading-title elementor-size-default\">Cookiepolitik<\/h1>\t\t\t\t<\/div>\n\t\t\t\t<\/div>\n\t\t\t\t<div class=\"elementor-element elementor-element-1b24f59 elementor-widget elementor-widget-eael-breadcrumbs\" data-id=\"1b24f59\" data-element_type=\"widget\" data-e-type=\"widget\" data-widget_type=\"eael-breadcrumbs.default\">\n\t\t\t\t<div class=\"elementor-widget-container\">\n\t\t\t\t\t\t\t<div class=\"eael-breadcrumbs\">\n\t\t\t<div class=\"eael-breadcrumbs__content\"><a href=\"https:\/\/nofloods.com\/da\/\">Home<\/a> <span class=\"eael-breadcrumb-separator\">&gt;<\/span> <span class = \"eael-current\">Side<\/span><\/div>\t\t<\/div>\n\t\t\t\t\t\t<\/div>\n\t\t\t\t<\/div>\n\t\t\t\t<\/div>\n\t\t\t\t\t<\/div>\n\t\t\t\t<\/div>\n\t\t<div class=\"elementor-element elementor-element-4a0067a e-flex e-con-boxed e-con e-parent\" data-id=\"4a0067a\" data-element_type=\"container\" data-e-type=\"container\" data-settings=\"{&quot;background_background&quot;:&quot;classic&quot;}\">\n\t\t\t\t\t<div class=\"e-con-inner\">\n\t\t\t\t<div class=\"elementor-element elementor-element-9ad7b4a elementor-widget elementor-widget-text-editor\" data-id=\"9ad7b4a\" data-element_type=\"widget\" data-e-type=\"widget\" data-widget_type=\"text-editor.default\">\n\t\t\t\t<div class=\"elementor-widget-container\">\n\t\t\t\t\t\t\t\t\t<h4><strong>OM DENNE COOKIEPOLITIK<\/strong><\/h4>\n<div><strong>&nbsp;<\/strong><\/div>\n<p>Denne cookiepolitik forklarer, hvad cookies er, og hvordan vi bruger dem p\u00e5 vores hjemmeside. Du b\u00f8r l\u00e6se denne politik, s\u00e5 du kan forst\u00e5, hvilken type cookies vi bruger, hvilke oplysninger vi indsamler ved hj\u00e6lp af cookies, og hvordan disse oplysninger bruges. Ved at bruge vores hjemmeside accepterer du, at vi kan bruge cookies i overensstemmelse med denne politik.  <\/p>\n<h4><strong>Hvad er cookies?<\/strong><\/h4>\n<div><strong>&nbsp;<\/strong><\/div>\n<p>Cookies er filer, der indeholder en lille m\u00e6ngde information. Cookies gemmes i din browsers eller enheds harddisk. <\/p>\n<h4><strong>Hvordan bruger vi cookies?<\/strong><\/h4>\n<div><strong>&nbsp;<\/strong><\/div>\n<p>Vi bruger cookies til at skelne dig fra andre brugere af vores hjemmeside og for at give en browsingoplevelse, der er unik for dig. Vi bruger cookies, s\u00e5 vores hjemmeside kan huske, hvad du har gjort, mens du browser, for eksempel dine loginoplysninger, hvor langt du er kommet med en ordre, og hvad der er i din indk\u00f8bskurv. <\/p>\n<h4><strong>Hvilken type cookies bruger vi?<\/strong><\/h4>\n<div><strong>&nbsp;<\/strong><\/div>\n<p>Cookies kan v\u00e6re i form af sessionscookies eller vedvarende cookies. Sessionscookies slettes fra din computer eller enhed, n\u00e5r du lukker din webbrowser. Vedvarende cookies forbliver gemt p\u00e5 din computer eller enhed, indtil de slettes eller n\u00e5r deres udl\u00f8bsdato. Vi bruger f\u00f8lgende cookies:   <\/p>\n<p>Analytiske\/ydeevne-cookies. Disse cookies giver os mulighed for at genkende og t\u00e6lle antallet af bes\u00f8gende p\u00e5 vores hjemmeside og se, hvordan bes\u00f8gende bev\u00e6ger sig rundt, n\u00e5r de bruger den. Dette hj\u00e6lper os med at forbedre m\u00e5den, vores hjemmeside fungerer p\u00e5, for eksempel ved at sikre, at brugerne nemt finder, hvad de leder efter.  <\/p>\n<p>Funktionalitetscookies. Disse cookies bruges til at genkende dig, n\u00e5r du vender tilbage til vores hjemmeside. Dette g\u00f8r det muligt for os at tilpasse vores indhold til dig, s\u00e5som at hilse dig ved navn og huske dine pr\u00e6ferencer. Det muligg\u00f8r ogs\u00e5 live chat-support under din browsingoplevelse.   <\/p>\n<p>M\u00e5lretningscookies. Disse cookies registrerer dit bes\u00f8g p\u00e5 vores hjemmeside, de sider, du har bes\u00f8gt, og de links, du har fulgt. Vi vil bruge disse oplysninger til at g\u00f8re vores hjemmeside og den reklame, der vises p\u00e5 den, mere relevant for dine interesser. Vi kan ogs\u00e5 dele disse oplysninger med tredjeparter til dette form\u00e5l. Disse cookies giver dig mulighed for at dele og sende information til andre hjemmesider.    <\/p>\n<h4><strong>Hvilken slags information indsamler vi ved hj\u00e6lp af cookies?<\/strong><\/h4>\n<div><strong>&nbsp;<\/strong><\/div>\n<p>N\u00e5r du bes\u00f8ger vores hjemmeside, kan vi automatisk indsamle f\u00f8lgende typer information fra dig: Din internetprotokol (IP) adresse, dine loginoplysninger, tidszoneindstilling, operativsystem og platform, information om dine bes\u00f8g, herunder den URL, du kom fra, dit land, de s\u00f8getermer, du brugte p\u00e5 vores hjemmeside, produkter, du har set eller s\u00f8gt efter, sideindl\u00e6sningstider, downloadfejl, l\u00e6ngden af bes\u00f8g p\u00e5 bestemte sider, sideinteraktionsinformation (s\u00e5som rulning, klik og mouse-overs) og de metoder, der blev brugt til at browse v\u00e6k fra siden.<\/p>\n<h4><strong>Hvordan blokerer du cookies?<\/strong><\/h4>\n<div><strong>&nbsp;<\/strong><\/div>\n<p>De fleste browsere giver dig mulighed for at afvise cookies. Du kan blokere vores cookies ved at aktivere indstillingen i din browser, der giver dig mulighed for at afvise indstillingen af alle eller nogle cookies. Du kan finde ud af mere om cookies og hvordan du sletter og kontrollerer dem p\u00e5 www.aboutcookies.org eller klikke p\u00e5 hj\u00e6lp i din browsermenu.  <\/p>\n<p>Hvis du blokerer vores brug af cookies, kan du muligvis ikke f\u00e5 adgang til visse omr\u00e5der af vores hjemmeside, og visse funktioner og sider vil ikke fungere som normalt. For eksempel vil du ikke kunne bruge indk\u00f8bslistefunktionen eller handle online. <\/p>\n<h4><strong>Hvordan <em>ENVIRONMENT SOLUTIONS APS<\/em> kan \u00e6ndre cookiepolitikken<\/strong><\/h4><div><strong><br><\/strong><\/div>\n<p>Vi kan opdatere denne politik fra tid til anden. \u00c6ndringer i teknologi, lovgivning og myndigheders vejledning kan kr\u00e6ve, at vi informerer dig om de aktiviteter, vi udf\u00f8rer, hvor det p\u00e5virker dine privatlivsrettigheder. Du b\u00f8r tjekke denne side lejlighedsvis for at sikre, at du er bekendt med eventuelle \u00e6ndringer.  <\/p>\t\t\t\t\t\t\t\t<\/div>\n\t\t\t\t<\/div>\n\t\t\t\t\t<\/div>\n\t\t\t\t<\/div>\n\t\t\t\t<\/div>\n\t\t","protected":false},"excerpt":{"rendered":"<p>Cookiepolitik Home &gt; OM DENNE COOKIEPOLITIK &nbsp; Denne cookiepolitik forklarer, hvad cookies er, og hvordan vi bruger dem p\u00e5 vores [&hellip;]<\/p>\n","protected":false},"author":1,"featured_media":0,"parent":0,"menu_order":0,"comment_status":"closed","ping_status":"closed","template":"elementor_header_footer","meta":{"_acf_changed":false,"site-sidebar-layout":"default","site-content-layout":"","ast-site-content-layout":"default","site-content-style":"default","site-sidebar-style":"default","ast-global-header-display":"","ast-banner-title-visibility":"","ast-main-header-display":"","ast-hfb-above-header-display":"","ast-hfb-below-header-display":"","ast-hfb-mobile-header-display":"","site-post-title":"","ast-breadcrumbs-content":"","ast-featured-img":"","footer-sml-layout":"","ast-disable-related-posts":"","theme-transparent-header-meta":"","adv-header-id-meta":"","stick-header-meta":"","header-above-stick-meta":"","header-main-stick-meta":"","header-below-stick-meta":"","astra-migrate-meta-layouts":"default","ast-page-background-enabled":"default","ast-page-background-meta":{"desktop":{"background-color":"","background-image":"","background-repeat":"repeat","background-position":"center center","background-size":"auto","background-attachment":"scroll","background-type":"","background-media":"","overlay-type":"","overlay-color":"","overlay-opacity":"","overlay-gradient":""},"tablet":{"background-color":"","background-image":"","background-repeat":"repeat","background-position":"center center","background-size":"auto","background-attachment":"scroll","background-type":"","background-media":"","overlay-type":"","overlay-color":"","overlay-opacity":"","overlay-gradient":""},"mobile":{"background-color":"","background-image":"","background-repeat":"repeat","background-position":"center center","background-size":"auto","background-attachment":"scroll","background-type":"","background-media":"","overlay-type":"","overlay-color":"","overlay-opacity":"","overlay-gradient":""}},"ast-content-background-meta":{"desktop":{"background-color":"var(--ast-global-color-5)","background-image":"","background-repeat":"repeat","background-position":"center center","background-size":"auto","background-attachment":"scroll","background-type":"","background-media":"","overlay-type":"","overlay-color":"","overlay-opacity":"","overlay-gradient":""},"tablet":{"background-color":"var(--ast-global-color-5)","background-image":"","background-repeat":"repeat","background-position":"center center","background-size":"auto","background-attachment":"scroll","background-type":"","background-media":"","overlay-type":"","overlay-color":"","overlay-opacity":"","overlay-gradient":""},"mobile":{"background-color":"var(--ast-global-color-5)","background-image":"","background-repeat":"repeat","background-position":"center center","background-size":"auto","background-attachment":"scroll","background-type":"","background-media":"","overlay-type":"","overlay-color":"","overlay-opacity":"","overlay-gradient":""}},"footnotes":""},"class_list":["post-16850","page","type-page","status-publish","hentry"],"acf":[],"yoast_head":"<!-- This site is optimized with the Yoast SEO plugin v27.2 - https:\/\/yoast.com\/product\/yoast-seo-wordpress\/ -->\n<title>Cookiepolitik - NoFloods<\/title>\n<meta name=\"robots\" content=\"index, follow, max-snippet:-1, max-image-preview:large, max-video-preview:-1\" \/>\n<link rel=\"canonical\" href=\"https:\/\/nofloods.com\/da\/cookiepolitik\/\" \/>\n<meta property=\"og:locale\" content=\"da_DK\" \/>\n<meta property=\"og:type\" content=\"article\" \/>\n<meta property=\"og:title\" content=\"Cookiepolitik - NoFloods\" \/>\n<meta property=\"og:description\" content=\"Cookiepolitik Home &gt; OM DENNE COOKIEPOLITIK &nbsp; Denne cookiepolitik forklarer, hvad cookies er, og hvordan vi bruger dem p\u00e5 vores [&hellip;]\" \/>\n<meta property=\"og:url\" content=\"https:\/\/nofloods.com\/da\/cookiepolitik\/\" \/>\n<meta property=\"og:site_name\" content=\"NoFloods\" \/>\n<meta property=\"article:publisher\" content=\"https:\/\/www.facebook.com\/environmentsolutions\/\" \/>\n<meta property=\"article:modified_time\" content=\"2025-09-08T14:33:10+00:00\" \/>\n<meta name=\"twitter:card\" content=\"summary_large_image\" \/>\n<meta name=\"twitter:site\" content=\"@NoFloodsBarrier\" \/>\n<meta name=\"twitter:label1\" content=\"Estimeret l\u00e6setid\" \/>\n\t<meta name=\"twitter:data1\" content=\"3 minutter\" \/>\n<script type=\"application\/ld+json\" class=\"yoast-schema-graph\">{\"@context\":\"https:\/\/schema.org\",\"@graph\":[{\"@type\":\"WebPage\",\"@id\":\"https:\/\/nofloods.com\/da\/cookiepolitik\/\",\"url\":\"https:\/\/nofloods.com\/da\/cookiepolitik\/\",\"name\":\"Cookiepolitik - NoFloods\",\"isPartOf\":{\"@id\":\"https:\/\/nofloods.com\/da\/#website\"},\"datePublished\":\"2025-09-05T09:56:14+00:00\",\"dateModified\":\"2025-09-08T14:33:10+00:00\",\"breadcrumb\":{\"@id\":\"https:\/\/nofloods.com\/da\/cookiepolitik\/#breadcrumb\"},\"inLanguage\":\"da-DK\",\"potentialAction\":[{\"@type\":\"ReadAction\",\"target\":[\"https:\/\/nofloods.com\/da\/cookiepolitik\/\"]}]},{\"@type\":\"BreadcrumbList\",\"@id\":\"https:\/\/nofloods.com\/da\/cookiepolitik\/#breadcrumb\",\"itemListElement\":[{\"@type\":\"ListItem\",\"position\":1,\"name\":\"Home\",\"item\":\"https:\/\/nofloods.com\/da\/\"},{\"@type\":\"ListItem\",\"position\":2,\"name\":\"Cookiepolitik\"}]},{\"@type\":\"WebSite\",\"@id\":\"https:\/\/nofloods.com\/da\/#website\",\"url\":\"https:\/\/nofloods.com\/da\/\",\"name\":\"NoFloods\",\"description\":\"By Environment Solutions\",\"publisher\":{\"@id\":\"https:\/\/nofloods.com\/da\/#organization\"},\"potentialAction\":[{\"@type\":\"SearchAction\",\"target\":{\"@type\":\"EntryPoint\",\"urlTemplate\":\"https:\/\/nofloods.com\/da\/?s={search_term_string}\"},\"query-input\":{\"@type\":\"PropertyValueSpecification\",\"valueRequired\":true,\"valueName\":\"search_term_string\"}}],\"inLanguage\":\"da-DK\"},{\"@type\":\"Organization\",\"@id\":\"https:\/\/nofloods.com\/da\/#organization\",\"name\":\"NoFloods\",\"url\":\"https:\/\/nofloods.com\/da\/\",\"logo\":{\"@type\":\"ImageObject\",\"inLanguage\":\"da-DK\",\"@id\":\"https:\/\/nofloods.com\/da\/#\/schema\/logo\/image\/\",\"url\":\"https:\/\/nofloods.com\/wp-content\/uploads\/2025\/05\/NoFloods-EasyWall-Logo.webp?wsr\",\"contentUrl\":\"https:\/\/nofloods.com\/wp-content\/uploads\/2025\/05\/NoFloods-EasyWall-Logo.webp?wsr\",\"width\":340,\"height\":70,\"caption\":\"NoFloods\"},\"image\":{\"@id\":\"https:\/\/nofloods.com\/da\/#\/schema\/logo\/image\/\"},\"sameAs\":[\"https:\/\/www.facebook.com\/environmentsolutions\/\",\"https:\/\/x.com\/NoFloodsBarrier\",\"https:\/\/www.linkedin.com\/company\/environment-solutions-aps\"]}]}<\/script>\n<!-- \/ Yoast SEO plugin. -->","yoast_head_json":{"title":"Cookiepolitik - NoFloods","robots":{"index":"index","follow":"follow","max-snippet":"max-snippet:-1","max-image-preview":"max-image-preview:large","max-video-preview":"max-video-preview:-1"},"canonical":"https:\/\/nofloods.com\/da\/cookiepolitik\/","og_locale":"da_DK","og_type":"article","og_title":"Cookiepolitik - NoFloods","og_description":"Cookiepolitik Home &gt; OM DENNE COOKIEPOLITIK &nbsp; Denne cookiepolitik forklarer, hvad cookies er, og hvordan vi bruger dem p\u00e5 vores [&hellip;]","og_url":"https:\/\/nofloods.com\/da\/cookiepolitik\/","og_site_name":"NoFloods","article_publisher":"https:\/\/www.facebook.com\/environmentsolutions\/","article_modified_time":"2025-09-08T14:33:10+00:00","twitter_card":"summary_large_image","twitter_site":"@NoFloodsBarrier","twitter_misc":{"Estimeret l\u00e6setid":"3 minutter"},"schema":{"@context":"https:\/\/schema.org","@graph":[{"@type":"WebPage","@id":"https:\/\/nofloods.com\/da\/cookiepolitik\/","url":"https:\/\/nofloods.com\/da\/cookiepolitik\/","name":"Cookiepolitik - NoFloods","isPartOf":{"@id":"https:\/\/nofloods.com\/da\/#website"},"datePublished":"2025-09-05T09:56:14+00:00","dateModified":"2025-09-08T14:33:10+00:00","breadcrumb":{"@id":"https:\/\/nofloods.com\/da\/cookiepolitik\/#breadcrumb"},"inLanguage":"da-DK","potentialAction":[{"@type":"ReadAction","target":["https:\/\/nofloods.com\/da\/cookiepolitik\/"]}]},{"@type":"BreadcrumbList","@id":"https:\/\/nofloods.com\/da\/cookiepolitik\/#breadcrumb","itemListElement":[{"@type":"ListItem","position":1,"name":"Home","item":"https:\/\/nofloods.com\/da\/"},{"@type":"ListItem","position":2,"name":"Cookiepolitik"}]},{"@type":"WebSite","@id":"https:\/\/nofloods.com\/da\/#website","url":"https:\/\/nofloods.com\/da\/","name":"NoFloods","description":"By Environment Solutions","publisher":{"@id":"https:\/\/nofloods.com\/da\/#organization"},"potentialAction":[{"@type":"SearchAction","target":{"@type":"EntryPoint","urlTemplate":"https:\/\/nofloods.com\/da\/?s={search_term_string}"},"query-input":{"@type":"PropertyValueSpecification","valueRequired":true,"valueName":"search_term_string"}}],"inLanguage":"da-DK"},{"@type":"Organization","@id":"https:\/\/nofloods.com\/da\/#organization","name":"NoFloods","url":"https:\/\/nofloods.com\/da\/","logo":{"@type":"ImageObject","inLanguage":"da-DK","@id":"https:\/\/nofloods.com\/da\/#\/schema\/logo\/image\/","url":"https:\/\/nofloods.com\/wp-content\/uploads\/2025\/05\/NoFloods-EasyWall-Logo.webp?wsr","contentUrl":"https:\/\/nofloods.com\/wp-content\/uploads\/2025\/05\/NoFloods-EasyWall-Logo.webp?wsr","width":340,"height":70,"caption":"NoFloods"},"image":{"@id":"https:\/\/nofloods.com\/da\/#\/schema\/logo\/image\/"},"sameAs":["https:\/\/www.facebook.com\/environmentsolutions\/","https:\/\/x.com\/NoFloodsBarrier","https:\/\/www.linkedin.com\/company\/environment-solutions-aps"]}]}},"rttpg_featured_image_url":null,"rttpg_author":{"display_name":"nofloods_admin","author_link":"https:\/\/nofloods.com\/da\/author\/nofloods_admin\/"},"rttpg_comment":0,"rttpg_category":" <a href=\"https:\/\/nofloods.com\/da\/?taxonomy=translation_priority&#038;term=optional-da\" rel=\"tag\">Optional<\/a>","rttpg_excerpt":"Cookiepolitik Home &gt; OM DENNE COOKIEPOLITIK &nbsp; Denne cookiepolitik forklarer, hvad cookies er, og hvordan vi bruger dem p\u00e5 vores [&hellip;]","_links":{"self":[{"href":"https:\/\/nofloods.com\/da\/wp-json\/wp\/v2\/pages\/16850","targetHints":{"allow":["GET"]}}],"collection":[{"href":"https:\/\/nofloods.com\/da\/wp-json\/wp\/v2\/pages"}],"about":[{"href":"https:\/\/nofloods.com\/da\/wp-json\/wp\/v2\/types\/page"}],"author":[{"embeddable":true,"href":"https:\/\/nofloods.com\/da\/wp-json\/wp\/v2\/users\/1"}],"replies":[{"embeddable":true,"href":"https:\/\/nofloods.com\/da\/wp-json\/wp\/v2\/comments?post=16850"}],"version-history":[{"count":1,"href":"https:\/\/nofloods.com\/da\/wp-json\/wp\/v2\/pages\/16850\/revisions"}],"predecessor-version":[{"id":16851,"href":"https:\/\/nofloods.com\/da\/wp-json\/wp\/v2\/pages\/16850\/revisions\/16851"}],"wp:attachment":[{"href":"https:\/\/nofloods.com\/da\/wp-json\/wp\/v2\/media?parent=16850"}],"curies":[{"name":"wp","href":"https:\/\/api.w.org\/{rel}","templated":true}]}}