{"id":16852,"date":"2025-09-05T09:51:14","date_gmt":"2025-09-05T09:51:14","guid":{"rendered":"https:\/\/flood-protection.org\/vilkaar-og-brug\/"},"modified":"2025-10-10T18:14:57","modified_gmt":"2025-10-10T18:14:57","slug":"terms-and-use","status":"publish","type":"page","link":"https:\/\/nofloods.com\/da\/terms-and-use\/","title":{"rendered":"Vilk\u00e5r for brug"},"content":{"rendered":"\t\t<div data-elementor-type=\"wp-page\" data-elementor-id=\"16852\" class=\"elementor elementor-16852 elementor-12711\">\n\t\t\t\t<div class=\"elementor-element elementor-element-853fd1f e-flex e-con-boxed e-con e-parent\" data-id=\"853fd1f\" data-element_type=\"container\" data-e-type=\"container\" data-settings=\"{&quot;background_background&quot;:&quot;classic&quot;}\">\n\t\t\t\t\t<div class=\"e-con-inner\">\n\t\t<div class=\"elementor-element elementor-element-5bd29bb e-con-full e-flex e-con e-child\" data-id=\"5bd29bb\" data-element_type=\"container\" data-e-type=\"container\" data-settings=\"{&quot;background_background&quot;:&quot;classic&quot;}\">\n\t\t\t\t<div class=\"elementor-element elementor-element-8cfa58a elementor-widget elementor-widget-heading\" data-id=\"8cfa58a\" data-element_type=\"widget\" data-e-type=\"widget\" data-widget_type=\"heading.default\">\n\t\t\t\t<div class=\"elementor-widget-container\">\n\t\t\t\t\t<h1 class=\"elementor-heading-title elementor-size-default\">Vilk\u00e5r for brug<\/h1>\t\t\t\t<\/div>\n\t\t\t\t<\/div>\n\t\t\t\t<div class=\"elementor-element elementor-element-1b24f59 elementor-widget elementor-widget-eael-breadcrumbs\" data-id=\"1b24f59\" data-element_type=\"widget\" data-e-type=\"widget\" data-widget_type=\"eael-breadcrumbs.default\">\n\t\t\t\t<div class=\"elementor-widget-container\">\n\t\t\t\t\t\t\t<div class=\"eael-breadcrumbs\">\n\t\t\t<div class=\"eael-breadcrumbs__content\"><a href=\"https:\/\/nofloods.com\/da\/\">Home<\/a> <span class=\"eael-breadcrumb-separator\">&gt;<\/span> <span class = \"eael-current\">Side<\/span><\/div>\t\t<\/div>\n\t\t\t\t\t\t<\/div>\n\t\t\t\t<\/div>\n\t\t\t\t<\/div>\n\t\t\t\t\t<\/div>\n\t\t\t\t<\/div>\n\t\t<div class=\"elementor-element elementor-element-4a0067a e-flex e-con-boxed e-con e-parent\" data-id=\"4a0067a\" data-element_type=\"container\" data-e-type=\"container\" data-settings=\"{&quot;background_background&quot;:&quot;classic&quot;}\">\n\t\t\t\t\t<div class=\"e-con-inner\">\n\t\t\t\t<div class=\"elementor-element elementor-element-9ad7b4a elementor-widget elementor-widget-text-editor\" data-id=\"9ad7b4a\" data-element_type=\"widget\" data-e-type=\"widget\" data-widget_type=\"text-editor.default\">\n\t\t\t\t<div class=\"elementor-widget-container\">\n\t\t\t\t\t\t\t\t\t<h4><strong>OM DISSE BRUGSVILK\u00c5R<\/strong><\/h4><div><strong> <\/strong><\/div><p>Vi beder dig l\u00e6se disse vilk\u00e5r omhyggeligt, f\u00f8r du bruger vores hjemmeside. Disse brugsbetingelser fort\u00e6ller dig, hvordan du kan bruge vores hjemmeside. Ved at forts\u00e6tte med at browse p\u00e5 vores hjemmeside accepterer du disse vilk\u00e5r og betingelser.  <\/p><h4><strong>DINE PERSONLIGE OPLYSNINGER<\/strong><\/h4><div><strong> <\/strong><\/div><p>Vi behandler alle de personlige data, du giver os p\u00e5 vores hjemmeside, i overensstemmelse med vilk\u00e5rene i vores privatlivspolitik. S\u00f8rg for, at alle de oplysninger, du giver os p\u00e5 vores hjemmeside, inklusive ethvert brugernavn og adgangskode, holdes sikre og fortrolige. <\/p><h4><strong>INFORMATIONEN P\u00c5 VORES HJEMMESIDE<\/strong><\/h4><div><strong> <\/strong><\/div><p>Vi g\u00f8r vores bedste for at sikre, at vores hjemmeside fungerer korrekt til enhver tid, men vi giver ingen garantier for tilg\u00e6ngeligheden eller tilg\u00e6ngeligheden af vores hjemmeside, og (undtagen som angivet her) vil vi ikke v\u00e6re ansvarlige for nogen skader, tab, omkostninger eller udgifter, du m\u00e5tte p\u00e5drage dig som f\u00f8lge af manglende tilg\u00e6ngelighed eller tilg\u00e6ngelighed af vores hjemmeside. Hvis vores priser vises forkert, forbeholder vi os retten til at rette priserne og ikke s\u00e6lge dig produktet til den pris, du oprindeligt s\u00e5 p\u00e5 vores hjemmeside. <\/p><h4><strong>LINKS OG DELING<\/strong><\/h4><div><strong> <\/strong><\/div><p>Eventuelle links eller muligheder for at dele (via sociale medier, blogs og lignende sider og kommunikationstjenester) p\u00e5 vores hjemmeside er udelukkende til din brug og bekvemmelighed. Linket repr\u00e6senterer ikke nogen godkendelse eller anbefaling fra os og betyder ikke, at vi har nogen tilknytning til den linkede hjemmeside. Vi er ikke ansvarlige for indholdet af nogen hjemmesider, der er linket til eller fra vores hjemmeside, eller for de juridiske konsekvenser af, at du indg\u00e5r kontrakter med de tredjeparter, der leverer disse linkede hjemmesider, og vi accepterer ikke noget ansvar for tab, skade, udgift, omkostninger eller ansvar, du m\u00e5tte p\u00e5drage dig som f\u00f8lge heraf.  <\/p><p>Bem\u00e6rk venligst, at hvis du deler indhold p\u00e5 andre platforme, kan der v\u00e6re separate vilk\u00e5r og betingelser forbundet med den organisation, der tillader dig at dele. Tjek vilk\u00e5rene og betingelserne for enhver side, du har til hensigt at dele til. Nogle vilk\u00e5r og betingelser kan forbyde dig at dele vores indhold.  <\/p><p>Vi vil ikke v\u00e6re ansvarlige for noget tab, skade, udgift, omkostninger, forsinkelser eller andet ansvar overhovedet (inklusive uden begr\u00e6nsning eventuelle \u00f8konomiske tab s\u00e5som tab af fortjeneste), som du m\u00e5tte p\u00e5drage dig som f\u00f8lge af enhver begivenhed uden for vores rimelige kontrol (inklusive uden begr\u00e6nsning enhver fejl i transmission, kommunikation, computer eller andre faciliteter eller din manglende evne til at f\u00e5 adgang til hjemmesiden af nogen grund eller enhver fejl, fejl eller forsinkelse i afsendelse eller modtagelse af enhver meddelelse eller kommunikation eller instruktion gennem posten eller ethvert elektronisk medium).<\/p><h4><strong>OPHAVSRET<\/strong><\/h4><div><strong> <\/strong><\/div><p>Indholdet af alle dele af hjemmesiden tilh\u00f8rer<strong> ENVIRONMENT SOLUTIONS APS<\/strong>. Dette inkluderer ophavsret til al tekst, beskrivelser og billeder. Det inkluderer ogs\u00e5 varem\u00e6rker i vores navn og logoer.  <\/p><p>Du m\u00e5 downloade til en lokal harddisk og udskrive uddrag fra vores hjemmeside til din personlige brug. Du m\u00e5 ogs\u00e5 kopiere downloadede uddrag til andre, forudsat at du ikke g\u00f8r det for profit. <\/p><p>Reproduktion af dele eller hele indholdet i enhver form er forbudt, medmindre det er til personlig brug. Intet af indholdet p\u00e5 vores hjemmeside m\u00e5 kopieres eller p\u00e5 anden m\u00e5de indarbejdes i eller opbevares i nogen anden hjemmeside, elektronisk hentningssystem, publikation eller andet v\u00e6rk i nogen form (uanset om det er hard copy, elektronisk eller andet). <\/p><p>Hvis du vil bruge noget af vores indhold til andet form\u00e5l end det, der er angivet ovenfor (hvilket inkluderer indramning af hjemmesiden), skal du f\u00f8rst kontakte os og f\u00e5 vores tilladelse.<\/p><h4><strong>S\u00d8RG FOR AT V\u00c6RE OPDATERET<\/strong><\/h4><div><strong> <\/strong><\/div><p>Vi forbeholder os retten til at \u00e6ndre de vilk\u00e5r, hvorp\u00e5 vores hjemmeside og produkter tilbydes, til enhver tid. Eventuelle \u00e6ndringer i vores juridiske vilk\u00e5r og betingelser tr\u00e6der i kraft straks, n\u00e5r de placeres p\u00e5 vores hjemmeside, og vil g\u00e6lde for al fremtidig brug af vores hjemmeside. Du b\u00f8r regelm\u00e6ssigt tjekke de generelle vilk\u00e5r og betingelser og vores politikker, der er offentliggjort p\u00e5 vores hjemmeside, da de kan have \u00e6ndret sig siden dit sidste bes\u00f8g.  <\/p><h4><strong>HVAD DU IKKE M\u00c5 G\u00d8RE P\u00c5 VORES HJEMMESIDE<\/strong><\/h4><div><strong> <\/strong><\/div><p>N\u00e5r du bruger vores hjemmeside, m\u00e5 du ikke: (1) forstyrre eller deaktivere nogen sikkerhedsrelaterede funktioner p\u00e5 siden eller funktioner, der forhindrer eller begr\u00e6nser brug eller kopiering af indholdet, der er tilg\u00e6ngeligt via siden; (2) give falske oplysninger i dine kontooplysninger; (3) tage en anden persons identitet uden den persons tilladelse eller fejlagtigt angive, at du handler p\u00e5 vegne af en person, enhed eller organisation; (4) bruge siden, hvis vi har suspenderet eller forbudt dig fra at bruge den; (5) sende junk, spam eller gentagne beskeder; (6) deltage i nogen ulovlig eller ulovlig adf\u00e6rd; (7) \u00e6ndre, forstyrre, aflytte, forstyrre eller hacke siden; (8) misbruge siden ved bevidst at introducere vira, trojanere, orme, logiske bomber eller andet lignende materiale eller ved at foretage nogen anden handling, der ville skade siden, nogen sidebrugers udstyr eller have en skadelig indvirkning p\u00e5 nogen sidebrugers oplevelse af at bruge siden; (9) indsamle nogen data fra siden andet end i overensstemmelse med disse brugsbetingelser; (10) indsende eller bidrage med noget indhold, der er misbrugende, truende, uanst\u00e6ndigt, usandt, chokerende eller st\u00f8dende; (11) misbruge, skade eller mobbe en anden sidebruger, medlem af vores personale eller person; (12) indsende eller bidrage med noget brugerindhold uden tilladelse fra indholdsejeren eller p\u00e5 anden m\u00e5de kr\u00e6nke ophavsretten, varem\u00e6rket eller andre rettigheder tilh\u00f8rende tredjeparter; eller (13) indsende eller bidrage med nogen oplysninger eller kommentarer om en anden person, der er usande, private, fortrolige eller \u00e6rekr\u00e6nkende (inklusive personligt at anklage en anden person for ubevist kriminalitet eller alvorlig forseelse, der kunne skade deres omd\u00f8mme i \u00f8jnene p\u00e5 nogen, der l\u00e6ser din kommentar).<\/p><p>Hvis du overtr\u00e6der nogen af disse brugsbetingelser, kan vi forhindre dig i at bruge denne hjemmeside p\u00e5 permanent eller midlertidig basis. Vi kan ogs\u00e5 tage andre handlinger, herunder men ikke begr\u00e6nset til at rapportere dig til politiet eller anden retsh\u00e5ndh\u00e6vende myndighed, udstede en advarsel eller tage juridisk handling mod dig og forf\u00f8lge eventuelle omkostninger, vi p\u00e5drager os som f\u00f8lge af dette. <\/p><h4><strong>NOGEN SP\u00d8RGSM\u00c5L?<\/strong><\/h4><div><strong> <\/strong><\/div><p>Hvis du har sp\u00f8rgsm\u00e5l om noget p\u00e5 denne hjemmeside, bedes du kontakte os.<\/p>\t\t\t\t\t\t\t\t<\/div>\n\t\t\t\t<\/div>\n\t\t\t\t\t<\/div>\n\t\t\t\t<\/div>\n\t\t\t\t<\/div>\n\t\t","protected":false},"excerpt":{"rendered":"<p>Vilk\u00e5r for brug Home &gt; OM DISSE BRUGSVILK\u00c5R Vi beder dig l\u00e6se disse vilk\u00e5r omhyggeligt, f\u00f8r du bruger vores hjemmeside. [&hellip;]<\/p>\n","protected":false},"author":1,"featured_media":0,"parent":0,"menu_order":0,"comment_status":"closed","ping_status":"closed","template":"elementor_header_footer","meta":{"_acf_changed":false,"site-sidebar-layout":"default","site-content-layout":"","ast-site-content-layout":"default","site-content-style":"default","site-sidebar-style":"default","ast-global-header-display":"","ast-banner-title-visibility":"","ast-main-header-display":"","ast-hfb-above-header-display":"","ast-hfb-below-header-display":"","ast-hfb-mobile-header-display":"","site-post-title":"","ast-breadcrumbs-content":"","ast-featured-img":"","footer-sml-layout":"","ast-disable-related-posts":"","theme-transparent-header-meta":"","adv-header-id-meta":"","stick-header-meta":"","header-above-stick-meta":"","header-main-stick-meta":"","header-below-stick-meta":"","astra-migrate-meta-layouts":"default","ast-page-background-enabled":"default","ast-page-background-meta":{"desktop":{"background-color":"","background-image":"","background-repeat":"repeat","background-position":"center center","background-size":"auto","background-attachment":"scroll","background-type":"","background-media":"","overlay-type":"","overlay-color":"","overlay-opacity":"","overlay-gradient":""},"tablet":{"background-color":"","background-image":"","background-repeat":"repeat","background-position":"center center","background-size":"auto","background-attachment":"scroll","background-type":"","background-media":"","overlay-type":"","overlay-color":"","overlay-opacity":"","overlay-gradient":""},"mobile":{"background-color":"","background-image":"","background-repeat":"repeat","background-position":"center center","background-size":"auto","background-attachment":"scroll","background-type":"","background-media":"","overlay-type":"","overlay-color":"","overlay-opacity":"","overlay-gradient":""}},"ast-content-background-meta":{"desktop":{"background-color":"var(--ast-global-color-5)","background-image":"","background-repeat":"repeat","background-position":"center center","background-size":"auto","background-attachment":"scroll","background-type":"","background-media":"","overlay-type":"","overlay-color":"","overlay-opacity":"","overlay-gradient":""},"tablet":{"background-color":"var(--ast-global-color-5)","background-image":"","background-repeat":"repeat","background-position":"center center","background-size":"auto","background-attachment":"scroll","background-type":"","background-media":"","overlay-type":"","overlay-color":"","overlay-opacity":"","overlay-gradient":""},"mobile":{"background-color":"var(--ast-global-color-5)","background-image":"","background-repeat":"repeat","background-position":"center center","background-size":"auto","background-attachment":"scroll","background-type":"","background-media":"","overlay-type":"","overlay-color":"","overlay-opacity":"","overlay-gradient":""}},"footnotes":""},"class_list":["post-16852","page","type-page","status-publish","hentry"],"acf":[],"yoast_head":"<!-- This site is optimized with the Yoast SEO plugin v27.2 - https:\/\/yoast.com\/product\/yoast-seo-wordpress\/ -->\n<title>Vilk\u00e5r for brug - NoFloods<\/title>\n<meta name=\"robots\" content=\"index, follow, max-snippet:-1, max-image-preview:large, max-video-preview:-1\" \/>\n<link rel=\"canonical\" href=\"https:\/\/nofloods.com\/da\/terms-and-use\/\" \/>\n<meta property=\"og:locale\" content=\"da_DK\" \/>\n<meta property=\"og:type\" content=\"article\" \/>\n<meta property=\"og:title\" content=\"Vilk\u00e5r for brug - NoFloods\" \/>\n<meta property=\"og:description\" content=\"Vilk\u00e5r for brug Home &gt; OM DISSE BRUGSVILK\u00c5R Vi beder dig l\u00e6se disse vilk\u00e5r omhyggeligt, f\u00f8r du bruger vores hjemmeside. [&hellip;]\" \/>\n<meta property=\"og:url\" content=\"https:\/\/nofloods.com\/da\/terms-and-use\/\" \/>\n<meta property=\"og:site_name\" content=\"NoFloods\" \/>\n<meta property=\"article:publisher\" content=\"https:\/\/www.facebook.com\/environmentsolutions\/\" \/>\n<meta property=\"article:modified_time\" content=\"2025-10-10T18:14:57+00:00\" \/>\n<meta name=\"twitter:card\" content=\"summary_large_image\" \/>\n<meta name=\"twitter:site\" content=\"@NoFloodsBarrier\" \/>\n<meta name=\"twitter:label1\" content=\"Estimeret l\u00e6setid\" \/>\n\t<meta name=\"twitter:data1\" content=\"5 minutter\" \/>\n<script type=\"application\/ld+json\" class=\"yoast-schema-graph\">{\"@context\":\"https:\/\/schema.org\",\"@graph\":[{\"@type\":\"WebPage\",\"@id\":\"https:\/\/nofloods.com\/da\/terms-and-use\/\",\"url\":\"https:\/\/nofloods.com\/da\/terms-and-use\/\",\"name\":\"Vilk\u00e5r for brug - NoFloods\",\"isPartOf\":{\"@id\":\"https:\/\/nofloods.com\/da\/#website\"},\"datePublished\":\"2025-09-05T09:51:14+00:00\",\"dateModified\":\"2025-10-10T18:14:57+00:00\",\"breadcrumb\":{\"@id\":\"https:\/\/nofloods.com\/da\/terms-and-use\/#breadcrumb\"},\"inLanguage\":\"da-DK\",\"potentialAction\":[{\"@type\":\"ReadAction\",\"target\":[\"https:\/\/nofloods.com\/da\/terms-and-use\/\"]}]},{\"@type\":\"BreadcrumbList\",\"@id\":\"https:\/\/nofloods.com\/da\/terms-and-use\/#breadcrumb\",\"itemListElement\":[{\"@type\":\"ListItem\",\"position\":1,\"name\":\"Home\",\"item\":\"https:\/\/nofloods.com\/da\/\"},{\"@type\":\"ListItem\",\"position\":2,\"name\":\"Vilk\u00e5r for brug\"}]},{\"@type\":\"WebSite\",\"@id\":\"https:\/\/nofloods.com\/da\/#website\",\"url\":\"https:\/\/nofloods.com\/da\/\",\"name\":\"NoFloods\",\"description\":\"By Environment Solutions\",\"publisher\":{\"@id\":\"https:\/\/nofloods.com\/da\/#organization\"},\"potentialAction\":[{\"@type\":\"SearchAction\",\"target\":{\"@type\":\"EntryPoint\",\"urlTemplate\":\"https:\/\/nofloods.com\/da\/?s={search_term_string}\"},\"query-input\":{\"@type\":\"PropertyValueSpecification\",\"valueRequired\":true,\"valueName\":\"search_term_string\"}}],\"inLanguage\":\"da-DK\"},{\"@type\":\"Organization\",\"@id\":\"https:\/\/nofloods.com\/da\/#organization\",\"name\":\"NoFloods\",\"url\":\"https:\/\/nofloods.com\/da\/\",\"logo\":{\"@type\":\"ImageObject\",\"inLanguage\":\"da-DK\",\"@id\":\"https:\/\/nofloods.com\/da\/#\/schema\/logo\/image\/\",\"url\":\"https:\/\/nofloods.com\/wp-content\/uploads\/2025\/05\/NoFloods-EasyWall-Logo.webp?wsr\",\"contentUrl\":\"https:\/\/nofloods.com\/wp-content\/uploads\/2025\/05\/NoFloods-EasyWall-Logo.webp?wsr\",\"width\":340,\"height\":70,\"caption\":\"NoFloods\"},\"image\":{\"@id\":\"https:\/\/nofloods.com\/da\/#\/schema\/logo\/image\/\"},\"sameAs\":[\"https:\/\/www.facebook.com\/environmentsolutions\/\",\"https:\/\/x.com\/NoFloodsBarrier\",\"https:\/\/www.linkedin.com\/company\/environment-solutions-aps\"]}]}<\/script>\n<!-- \/ Yoast SEO plugin. -->","yoast_head_json":{"title":"Vilk\u00e5r for brug - NoFloods","robots":{"index":"index","follow":"follow","max-snippet":"max-snippet:-1","max-image-preview":"max-image-preview:large","max-video-preview":"max-video-preview:-1"},"canonical":"https:\/\/nofloods.com\/da\/terms-and-use\/","og_locale":"da_DK","og_type":"article","og_title":"Vilk\u00e5r for brug - NoFloods","og_description":"Vilk\u00e5r for brug Home &gt; OM DISSE BRUGSVILK\u00c5R Vi beder dig l\u00e6se disse vilk\u00e5r omhyggeligt, f\u00f8r du bruger vores hjemmeside. [&hellip;]","og_url":"https:\/\/nofloods.com\/da\/terms-and-use\/","og_site_name":"NoFloods","article_publisher":"https:\/\/www.facebook.com\/environmentsolutions\/","article_modified_time":"2025-10-10T18:14:57+00:00","twitter_card":"summary_large_image","twitter_site":"@NoFloodsBarrier","twitter_misc":{"Estimeret l\u00e6setid":"5 minutter"},"schema":{"@context":"https:\/\/schema.org","@graph":[{"@type":"WebPage","@id":"https:\/\/nofloods.com\/da\/terms-and-use\/","url":"https:\/\/nofloods.com\/da\/terms-and-use\/","name":"Vilk\u00e5r for brug - NoFloods","isPartOf":{"@id":"https:\/\/nofloods.com\/da\/#website"},"datePublished":"2025-09-05T09:51:14+00:00","dateModified":"2025-10-10T18:14:57+00:00","breadcrumb":{"@id":"https:\/\/nofloods.com\/da\/terms-and-use\/#breadcrumb"},"inLanguage":"da-DK","potentialAction":[{"@type":"ReadAction","target":["https:\/\/nofloods.com\/da\/terms-and-use\/"]}]},{"@type":"BreadcrumbList","@id":"https:\/\/nofloods.com\/da\/terms-and-use\/#breadcrumb","itemListElement":[{"@type":"ListItem","position":1,"name":"Home","item":"https:\/\/nofloods.com\/da\/"},{"@type":"ListItem","position":2,"name":"Vilk\u00e5r for brug"}]},{"@type":"WebSite","@id":"https:\/\/nofloods.com\/da\/#website","url":"https:\/\/nofloods.com\/da\/","name":"NoFloods","description":"By Environment Solutions","publisher":{"@id":"https:\/\/nofloods.com\/da\/#organization"},"potentialAction":[{"@type":"SearchAction","target":{"@type":"EntryPoint","urlTemplate":"https:\/\/nofloods.com\/da\/?s={search_term_string}"},"query-input":{"@type":"PropertyValueSpecification","valueRequired":true,"valueName":"search_term_string"}}],"inLanguage":"da-DK"},{"@type":"Organization","@id":"https:\/\/nofloods.com\/da\/#organization","name":"NoFloods","url":"https:\/\/nofloods.com\/da\/","logo":{"@type":"ImageObject","inLanguage":"da-DK","@id":"https:\/\/nofloods.com\/da\/#\/schema\/logo\/image\/","url":"https:\/\/nofloods.com\/wp-content\/uploads\/2025\/05\/NoFloods-EasyWall-Logo.webp?wsr","contentUrl":"https:\/\/nofloods.com\/wp-content\/uploads\/2025\/05\/NoFloods-EasyWall-Logo.webp?wsr","width":340,"height":70,"caption":"NoFloods"},"image":{"@id":"https:\/\/nofloods.com\/da\/#\/schema\/logo\/image\/"},"sameAs":["https:\/\/www.facebook.com\/environmentsolutions\/","https:\/\/x.com\/NoFloodsBarrier","https:\/\/www.linkedin.com\/company\/environment-solutions-aps"]}]}},"rttpg_featured_image_url":null,"rttpg_author":{"display_name":"nofloods_admin","author_link":"https:\/\/nofloods.com\/da\/author\/nofloods_admin\/"},"rttpg_comment":0,"rttpg_category":" <a href=\"https:\/\/nofloods.com\/da\/?taxonomy=translation_priority&#038;term=optional-da\" rel=\"tag\">Optional<\/a>","rttpg_excerpt":"Vilk\u00e5r for brug Home &gt; OM DISSE BRUGSVILK\u00c5R Vi beder dig l\u00e6se disse vilk\u00e5r omhyggeligt, f\u00f8r du bruger vores hjemmeside. [&hellip;]","_links":{"self":[{"href":"https:\/\/nofloods.com\/da\/wp-json\/wp\/v2\/pages\/16852","targetHints":{"allow":["GET"]}}],"collection":[{"href":"https:\/\/nofloods.com\/da\/wp-json\/wp\/v2\/pages"}],"about":[{"href":"https:\/\/nofloods.com\/da\/wp-json\/wp\/v2\/types\/page"}],"author":[{"embeddable":true,"href":"https:\/\/nofloods.com\/da\/wp-json\/wp\/v2\/users\/1"}],"replies":[{"embeddable":true,"href":"https:\/\/nofloods.com\/da\/wp-json\/wp\/v2\/comments?post=16852"}],"version-history":[{"count":5,"href":"https:\/\/nofloods.com\/da\/wp-json\/wp\/v2\/pages\/16852\/revisions"}],"predecessor-version":[{"id":26377,"href":"https:\/\/nofloods.com\/da\/wp-json\/wp\/v2\/pages\/16852\/revisions\/26377"}],"wp:attachment":[{"href":"https:\/\/nofloods.com\/da\/wp-json\/wp\/v2\/media?parent=16852"}],"curies":[{"name":"wp","href":"https:\/\/api.w.org\/{rel}","templated":true}]}}