{"id":16864,"date":"2025-09-05T09:39:05","date_gmt":"2025-09-05T09:39:05","guid":{"rendered":"https:\/\/flood-protection.org\/privatliv-privatliv\/"},"modified":"2025-09-16T15:51:27","modified_gmt":"2025-09-16T15:51:27","slug":"privacy-privacy","status":"publish","type":"page","link":"https:\/\/nofloods.com\/da\/privacy-privacy\/","title":{"rendered":"Privatliv privatliv"},"content":{"rendered":"\t\t<div data-elementor-type=\"wp-page\" data-elementor-id=\"16864\" class=\"elementor elementor-16864 elementor-12693\">\n\t\t\t\t<div class=\"elementor-element elementor-element-853fd1f e-flex e-con-boxed e-con e-parent\" data-id=\"853fd1f\" data-element_type=\"container\" data-e-type=\"container\" data-settings=\"{&quot;background_background&quot;:&quot;classic&quot;}\">\n\t\t\t\t\t<div class=\"e-con-inner\">\n\t\t<div class=\"elementor-element elementor-element-5bd29bb e-con-full e-flex e-con e-child\" data-id=\"5bd29bb\" data-element_type=\"container\" data-e-type=\"container\" data-settings=\"{&quot;background_background&quot;:&quot;classic&quot;}\">\n\t\t\t\t<div class=\"elementor-element elementor-element-8cfa58a elementor-widget elementor-widget-heading\" data-id=\"8cfa58a\" data-element_type=\"widget\" data-e-type=\"widget\" data-widget_type=\"heading.default\">\n\t\t\t\t<div class=\"elementor-widget-container\">\n\t\t\t\t\t<h1 class=\"elementor-heading-title elementor-size-default\">Privatlivspolitik<\/h1>\t\t\t\t<\/div>\n\t\t\t\t<\/div>\n\t\t\t\t<div class=\"elementor-element elementor-element-1b24f59 elementor-widget elementor-widget-eael-breadcrumbs\" data-id=\"1b24f59\" data-element_type=\"widget\" data-e-type=\"widget\" data-widget_type=\"eael-breadcrumbs.default\">\n\t\t\t\t<div class=\"elementor-widget-container\">\n\t\t\t\t\t\t\t<div class=\"eael-breadcrumbs\">\n\t\t\t<div class=\"eael-breadcrumbs__content\"><a href=\"https:\/\/nofloods.com\/da\/\">Home<\/a> <span class=\"eael-breadcrumb-separator\">&gt;<\/span> <span class = \"eael-current\">Side<\/span><\/div>\t\t<\/div>\n\t\t\t\t\t\t<\/div>\n\t\t\t\t<\/div>\n\t\t\t\t<\/div>\n\t\t\t\t\t<\/div>\n\t\t\t\t<\/div>\n\t\t<div class=\"elementor-element elementor-element-4a0067a e-flex e-con-boxed e-con e-parent\" data-id=\"4a0067a\" data-element_type=\"container\" data-e-type=\"container\" data-settings=\"{&quot;background_background&quot;:&quot;classic&quot;}\">\n\t\t\t\t\t<div class=\"e-con-inner\">\n\t\t\t\t<div class=\"elementor-element elementor-element-80666f1 elementor-widget elementor-widget-heading\" data-id=\"80666f1\" data-element_type=\"widget\" data-e-type=\"widget\" data-widget_type=\"heading.default\">\n\t\t\t\t<div class=\"elementor-widget-container\">\n\t\t\t\t\t<h2 class=\"elementor-heading-title elementor-size-default\">Environment Solutions ApS Privatlivspolitik<\/h2>\t\t\t\t<\/div>\n\t\t\t\t<\/div>\n\t\t\t\t<div class=\"elementor-element elementor-element-9ad7b4a elementor-widget elementor-widget-text-editor\" data-id=\"9ad7b4a\" data-element_type=\"widget\" data-e-type=\"widget\" data-widget_type=\"text-editor.default\">\n\t\t\t\t<div class=\"elementor-widget-container\">\n\t\t\t\t\t\t\t\t\t<h4><strong>Om denne privatlivspolitik<\/strong><\/h4>\n<div><strong> <\/strong><\/div>\n<p>Vi ved, hvor vigtigt det er for dig at forst\u00e5, hvordan vi bruger dine data. Denne privatlivspolitik beskriver, hvordan og hvorfor vi indsamler, opbevarer, behandler og deler dine personlige data. Vi vil altid v\u00e6re gennemsigtige over for dig om, hvad vi g\u00f8r med dine personlige data.  <\/p>\n<p>Denne politik fort\u00e6ller dig ogs\u00e5, hvilke rettigheder du har i forhold til de personlige data, du giver os. Hvis du har sp\u00f8rgsm\u00e5l om denne privatlivspolitik eller dine rettigheder i henhold til den, bedes du kontakte: <\/p>\n<p><strong>Adresse:<\/strong> Universitetsparken 7, 4000 Roskilde, Danmark<\/p>\n<p><strong>Telefon:<\/strong> +45 70 707 482<\/p>\n<p><strong>E-mail:<\/strong> gdpr@environmentsolutions.dk<\/p>\n<p>Vi er Environment Solutions ApS (virksomhedsnummer: 3407 8033) (\u201cEnvironment Solutions ApS\u201d) og vores registrerede adresse er Universitetsparken 7, 4000 Roskilde, Danmark. <strong>ENVIRONMENT SOLUTIONS APS<\/strong> er \u201cdataansvarlig\u201d for alle personlige data, det m\u00e5tte indsamle, behandle og opbevare om dig, medmindre vi informerer dig anderledes.<\/p>\n<h4><strong>1. 1. Hvilke personlige data indsamler vi?<\/strong><\/h4>\n<div><strong> <\/strong><\/div>\n<p>De personlige data, vi indsamler direkte fra dig, kan omfatte dit navn, e-mailadresse, mobil-\/fastnettelefonnummer, f\u00f8dselsdato, adresse, dine k\u00f8bsaktiviteter, dine kredit- eller betalingskort eller andre betalingsoplysninger, og oplysninger du giver os, n\u00e5r du kontakter vores kundeserviceteam, n\u00e5r du engagerer dig med vores sociale medieplatform (for eksempel ved at tagge os i et opslag p\u00e5 Instagram) eller n\u00e5r du tilmelder dig <strong>ENVIRONMENT SOLUTIONS APS<\/strong>.<\/p>\n<p>Hvis du bruger en mobil enhed og handler med os online eller browser p\u00e5 vores hjemmeside, kan vi indsamle din IP-adresse eller anden enhedsidentifikator, browsertype og version, tidszoneindstilling, browser plug-in typer og versioner, operativsystem og platform, og andre b\u00e6rbare enhedsoplysninger.<\/p>\n<p>Hvis du bruger en mobil enhed i butikken med dens WiFi-funktion aktiveret eller har adgang til vores gratis WiFi i butikken, kan vi yderligere indsamle din MAC-adresse og lokaliseringsdata, mens du er inden for <strong>ENVIRONMENT SOLUTIONS APS<\/strong> butikken eller umiddelbart inden for dens gr\u00e6nser.* Hvis du ikke \u00f8nsker, at vi skal spore din enhed eller bruge dine oplysninger p\u00e5 denne m\u00e5de, bedes du sl\u00e5 WiFi-funktionen fra p\u00e5 din telefon eller anden elektronisk enhed i dine indstillinger.<\/p>\n<p>Vi kan, hvor vi har et lovligt grundlag for at g\u00f8re det, ogs\u00e5 indsamle personlige data om dig fra tredjeparter, der giver os yderligere offentligt tilg\u00e6ngelige oplysninger om dig.<\/p>\n<p>*Vi bruger disse oplysninger p\u00e5 anonym basis og vil aldrig bruge dem til at identificere nogen bestemt bruger. Vi vil ikke kunne linke disse data til andre data, vi har om dig, og form\u00e5let med at indsamle disse data er at udf\u00f8re analyser og hj\u00e6lpe os med at identificere personstr\u00f8mme omkring vores butikker for at maksimere effektiviteten af vores butiksdesign. <\/p>\n<p>Tilbage til toppen<\/p>\n<h4><strong>2. 2. Hvorn\u00e5r indsamler vi dine personlige data?<\/strong><\/h4>\n<p> <\/p>\n<p>N\u00e5r du tilg\u00e5r vores hjemmeside eller bruger nogen af vores mobilapps. Vores hjemmeside bruger ogs\u00e5 cookies; for at finde ud af mere om brugen af cookies og hvordan du kan administrere dem, l\u00e6s venligst vores Cookiepolitik <\/p>\n<p>N\u00e5r du kontakter os eller vi kontakter dig for at deltage i unders\u00f8gelser, konkurrencer eller kampagner<\/p>\n<p>N\u00e5r du kontakter vores kundeserviceteam i butikken, online eller over telefonen<\/p>\n<p>N\u00e5r du engagerer dig med os p\u00e5 sociale medier (ved at n\u00e6vne\/tagge os eller ved at kontakte os direkte)<\/p>\n<p>Tilbage til toppen<\/p>\n<h4><strong>3. 3. Hvordan bruger vi dine personlige data, og hvad er vores juridiske begrundelser for at g\u00f8re det?<\/strong><\/h4>\n<p> <\/p>\n<p>For at g\u00f8re vores produkter og tjenester tilg\u00e6ngelige for dig<\/p>\n<p>Vi bruger dine personlige data til at give dig de oplysninger, produkter og tjenester, som du anmoder om eller k\u00f8ber fra os (dvs. for at fuldf\u00f8re visse opgaver, processer eller ordrer p\u00e5 vores hjemmeside eller inden for vores apps, tage betaling online (hvor det er relevant) og levere dine produkter eller tjenester), og for at kommunikere med dig vedr\u00f8rende de produkter og tjenester, du k\u00f8ber fra os og besvare dine sp\u00f8rgsm\u00e5l og kommentarer;<\/p>\n<p>Vi kan ogs\u00e5 bruge dine personlige data til at m\u00e5le, hvor tilfredse vores kunder er, og yde kundeservice (inklusive fejlfinding i forbindelse med k\u00f8b eller dine anmodninger om tjenester eller n\u00e5r du stiller os sp\u00f8rgsm\u00e5l p\u00e5 sociale medier);<\/p>\n<p>Vi stoler p\u00e5 vores kontraktlige aftaler med dig som det lovlige grundlag, hvorp\u00e5 vi indsamler og behandler dine personlige data, n\u00e5r du afgiver en ordre p\u00e5 produkter og tjenester. Alternativt, i nogle tilf\u00e6lde, stoler vi p\u00e5 vores legitime interesser som virksomhed (for eksempel for at m\u00e5le kundetilfredshed og fejls\u00f8ge kundeproblemer). Hvor vi stoler p\u00e5 vores legitime interesser, vil vi altid s\u00f8rge for, at vi afvejer disse interesser mod dine rettigheder.  <\/p>\n<p>For administrative og interne forretningsform\u00e5l<\/p>\n<p>Vi kan bruge dine personlige data til vores interne forretningsform\u00e5l, s\u00e5som at forbedre vores hjemmeside, forbedre vores tjenester og produkter og identificere brugstendenser. Vi kan ogs\u00e5 bruge dine data til at overv\u00e5ge brugen af vores hjemmeside og sikre, at vores hjemmeside pr\u00e6senteres p\u00e5 den mest effektive og relevante m\u00e5de for dig og din enhed og indstille standardindstillinger for dig (s\u00e5som sprog og butikslokation); <\/p>\n<p>Det er i vores legitime interesser som virksomhed at bruge dine personlige data p\u00e5 denne m\u00e5de. For eksempel \u00f8nsker vi at sikre, at vores hjemmeside er brugervenlig og fungerer korrekt, og at vores produkter og tjenester er effektive og af h\u00f8j kvalitet. Vi \u00f8nsker ogs\u00e5 at g\u00f8re det nemt for dig at interagere med os. Hvor vi stoler p\u00e5 vores legitime interesser, vil vi altid s\u00f8rge for, at vi afvejer disse interesser mod dine rettigheder.   <\/p>\n<p>Af sikkerheds- og juridiske \u00e5rsager<\/p>\n<p><strong>Vi bruger dine personlige data til at:<\/strong><\/p>\n<p>sikre, at de personlige og finansielle oplysninger, du giver os, er n\u00f8jagtige;<\/p>\n<p>gennemf\u00f8re svindelkontroller eller forhindre anden ulovlig aktivitet;<\/p>\n<p>beskytte vores rettigheder eller ejendom (eller andres); og<\/p>\n<p>opfylde vores juridiske og compliance-relaterede forpligtelser.<\/p>\n<p>I nogle tilf\u00e6lde vil vi bruge dine personlige data, fordi det er n\u00f8dvendigt for os at overholde en juridisk forpligtelse (s\u00e5som hvis vi modtager en legitim anmodning fra en retsh\u00e5ndh\u00e6vende myndighed). I andre tilf\u00e6lde (s\u00e5som opdagelse af svindel) vil vi stole p\u00e5 vores legitime interesser som virksomhed for at bruge dine personlige data p\u00e5 denne m\u00e5de. Hvor vi stoler p\u00e5 vores legitime interesser, vil vi altid s\u00f8rge for, at vi afvejer disse interesser mod dine rettigheder.  <\/p>\n<p>I forhold til dit <strong>ENVIRONMENT SOLUTIONS APS FAMILY<\/strong> medlemskab<\/p>\n<p>Vi bruger dine personlige data til at personligg\u00f8re din oplevelse med <strong>ENVIRONMENT SOLUTIONS APS<\/strong> til at:<\/p>\n<p>give dig markedsf\u00f8ringsmateriale via SMS, post og e-mail, hvis du har givet os dit samtykke til dette;<\/p>\n<p>behandle dine registreringsoplysninger, kontohistorik og k\u00f8bshistorik for at analysere, hvordan du handler og hvad du handler efter. Dette kan omfatte oplysninger om produkter, du har set, historiske transaktioner og produkter, du har tilf\u00f8jet til din onlinekurv. Dette giver os mulighed for at give en browsingoplevelse, der er relevant for dig;  <\/p>\n<p>i nogle tilf\u00e6lde vil vi sende specifikke tilbud til vores medlemmer baseret p\u00e5 deres k\u00f8b i butikken eller ved en s\u00e6rlig lejlighed, s\u00e5som n\u00e5r vi ved, det er din f\u00f8dselsdag;<\/p>\n<p>m\u00e5le effektiviteten af vores markedsf\u00f8ringskampagner og vores reklame;<\/p>\n<p>udf\u00f8re begr\u00e6nset automatiseret beslutningstagning baseret p\u00e5 de oplysninger, du har givet os, n\u00e5r vi segmenterer vores <strong>ENVIRONMENT SOLUTIONS APS FAMILY<\/strong> database for at bestemme, hvilke tilbud du kan v\u00e6re interesseret i.<\/p>\n<p>Vi stoler p\u00e5 dit samtykke til at sende direkte SMS, post- og e-mail-markedsf\u00f8ringsbeskeder til dig som et <strong>ENVIRONMENT SOLUTIONS APS FAMILY<\/strong> medlem baseret p\u00e5 det samtykke, vi fik fra dig, da du tilmeldte dig, som \u00e6ndret af dig fra tid til anden.<\/p>\n<p>I andre tilf\u00e6lde (for eksempel m\u00e5ling af effektiviteten af vores markedsf\u00f8ring) vil vi stole p\u00e5 vores legitime interesser som virksomhed for at kommunikere med vores <strong>ENVIRONMENT SOLUTIONS APS FAMILY<\/strong> medlemmer p\u00e5 en engagerende og effektiv m\u00e5de. Hvor vi stoler p\u00e5 vores legitime interesser, vil vi altid s\u00f8rge for, at vi afvejer disse interesser mod dine rettigheder. <\/p>\n<p>For at personligg\u00f8re din shoppingoplevelse og forbedre vores drift<\/p>\n<p><strong>Vi bruger dine personlige data til at:<\/strong><\/p>\n<p>give dig mulighed for at oprette en profil p\u00e5 vores hjemmeside, som g\u00f8r det muligt for dig at k\u00f8be <strong>ENVIRONMENT SOLUTIONS APS<\/strong> produkter og tjenester online uden at skulle udfylde dine personlige data hver gang du handler online hos os;<\/p>\n<p>give dig markedsf\u00f8ringsmateriale via SMS og e-mail;<\/p>\n<p>analysere, hvordan du handler og hvad du handler efter. Dette kan omfatte oplysninger om produkter, du har set, historiske transaktioner og produkter, du har tilf\u00f8jet til din onlinekurv. Dette giver os mulighed for at give en browsingoplevelse, der er relevant for dig.  <\/p>\n<p>Det er i vores legitime interesser som virksomhed at bruge dine data p\u00e5 denne m\u00e5de, og vi g\u00f8r dette for at forbedre din shoppingoplevelse hos os. Dette giver os mulighed for at hj\u00e6lpe dig med at finde de produkter og tjenester, som du m\u00e5ske leder efter, og undg\u00e5r, at du skal gennemse produkter eller tjenester, der ikke er relevante for dig. <\/p>\n<p>N\u00e5r vi sender dig markedsf\u00f8ringsmateriale via SMS og e-mail, vil vi stole p\u00e5 vores legitime interesser som virksomhed, altid sikre, at dine rettigheder er beskyttet.<\/p>\n<p>For information om, hvordan vi bruger cookies, se venligst vores Cookiepolitik.<\/p>\n<h4><strong>4. 4. Hvem deler vi dine personlige data med?<\/strong><\/h4>\n<p> <\/p>\n<p>Vi vil aldrig s\u00e6lge nogen af dine personlige data til en tredjepart. Men for at vi kan levere vores tjenester til dig, deler vi dine personlige data med vores betroede tredjeparts serviceudbydere eller vores koncernselskaber, som beskrevet nedenfor. Hver gang vi deler dine personlige data, s\u00e6tter vi sikkerhedsforanstaltninger p\u00e5 plads, som kr\u00e6ver, at disse organisationer holder dine data sikre og sikrer, at de ikke bruger dine personlige data til deres egne markedsf\u00f8ringsform\u00e5l.  <\/p>\n<p><strong>Tredjeparts serviceudbydere<\/strong><\/p>\n<p><strong>For at opfylde ordrer p\u00e5 produkter og tjenester<\/strong><\/p>\n<p>Vi arbejder med en r\u00e6kke betroede serviceudbydere, der udf\u00f8rer tjenester p\u00e5 vores vegne. N\u00e5r du k\u00f8ber produkter og tjenester fra os, omfatter de tjenester, der leveres af disse organisationer, levering, produktmontering og installation, affaldsbortskaffelse og betalingsbehandling. Det er i vores legitime interesser som virksomhed at arbejde med disse serviceudbydere, da vi muligvis ikke har kapaciteten til at levere disse tjenester selv. I hvert tilf\u00e6lde vil vi sikre, at serviceudbyderen kun m\u00e5 bruge dine personlige data for at levere tjenesterne til os og ikke til noget andet form\u00e5l.   <\/p>\n<p><strong>For at forhindre kriminalitet og overholde lovgivningen<\/strong><\/p>\n<p>Vi deler dine finansielle oplysninger, herunder dine kredit-, betalingskort eller andre betalingsoplysninger med tredjeparter for at sikre, at din betaling er sikker, og at dine oplysninger ikke bruges svigagtigt. Denne datadeling g\u00f8r det muligt for os at udf\u00f8re svindelanalyse, som sikrer, at \u00e6gte og n\u00f8jagtige betalingsoplysninger gives til os ved ethvert k\u00f8b. Vi kan dele dine personlige data med kreditbureauer, hvis du anmoder om kredit.  <\/p>\n<p>Der kan v\u00e6re andre scenarier, hvor vi er underlagt en juridisk forpligtelse til at dele eller videregive dine personlige data, s\u00e5som med retsh\u00e5ndh\u00e6vende myndigheder eller offentlige myndigheder for at forhindre eller opdage kriminalitet eller opfylde et juridisk krav.<\/p>\n<p><strong>Andre professionelle tjenester<\/strong><\/p>\t\t\t\t\t\t\t\t<\/div>\n\t\t\t\t<\/div>\n\t\t\t\t\t<\/div>\n\t\t\t\t<\/div>\n\t\t\t\t<\/div>\n\t\t","protected":false},"excerpt":{"rendered":"<p>Privatlivspolitik Home &gt; Environment Solutions ApS Privatlivspolitik Om denne privatlivspolitik Vi ved, hvor vigtigt det er for dig at forst\u00e5, [&hellip;]<\/p>\n","protected":false},"author":1,"featured_media":0,"parent":0,"menu_order":0,"comment_status":"closed","ping_status":"closed","template":"elementor_header_footer","meta":{"_acf_changed":false,"site-sidebar-layout":"default","site-content-layout":"","ast-site-content-layout":"default","site-content-style":"default","site-sidebar-style":"default","ast-global-header-display":"","ast-banner-title-visibility":"","ast-main-header-display":"","ast-hfb-above-header-display":"","ast-hfb-below-header-display":"","ast-hfb-mobile-header-display":"","site-post-title":"","ast-breadcrumbs-content":"","ast-featured-img":"","footer-sml-layout":"","ast-disable-related-posts":"","theme-transparent-header-meta":"","adv-header-id-meta":"","stick-header-meta":"","header-above-stick-meta":"","header-main-stick-meta":"","header-below-stick-meta":"","astra-migrate-meta-layouts":"default","ast-page-background-enabled":"default","ast-page-background-meta":{"desktop":{"background-color":"","background-image":"","background-repeat":"repeat","background-position":"center center","background-size":"auto","background-attachment":"scroll","background-type":"","background-media":"","overlay-type":"","overlay-color":"","overlay-opacity":"","overlay-gradient":""},"tablet":{"background-color":"","background-image":"","background-repeat":"repeat","background-position":"center center","background-size":"auto","background-attachment":"scroll","background-type":"","background-media":"","overlay-type":"","overlay-color":"","overlay-opacity":"","overlay-gradient":""},"mobile":{"background-color":"","background-image":"","background-repeat":"repeat","background-position":"center center","background-size":"auto","background-attachment":"scroll","background-type":"","background-media":"","overlay-type":"","overlay-color":"","overlay-opacity":"","overlay-gradient":""}},"ast-content-background-meta":{"desktop":{"background-color":"var(--ast-global-color-5)","background-image":"","background-repeat":"repeat","background-position":"center center","background-size":"auto","background-attachment":"scroll","background-type":"","background-media":"","overlay-type":"","overlay-color":"","overlay-opacity":"","overlay-gradient":""},"tablet":{"background-color":"var(--ast-global-color-5)","background-image":"","background-repeat":"repeat","background-position":"center center","background-size":"auto","background-attachment":"scroll","background-type":"","background-media":"","overlay-type":"","overlay-color":"","overlay-opacity":"","overlay-gradient":""},"mobile":{"background-color":"var(--ast-global-color-5)","background-image":"","background-repeat":"repeat","background-position":"center center","background-size":"auto","background-attachment":"scroll","background-type":"","background-media":"","overlay-type":"","overlay-color":"","overlay-opacity":"","overlay-gradient":""}},"footnotes":""},"class_list":["post-16864","page","type-page","status-publish","hentry"],"acf":[],"yoast_head":"<!-- This site is optimized with the Yoast SEO plugin v27.2 - https:\/\/yoast.com\/product\/yoast-seo-wordpress\/ -->\n<title>Privatliv privatliv - NoFloods<\/title>\n<meta name=\"robots\" content=\"index, follow, max-snippet:-1, max-image-preview:large, max-video-preview:-1\" \/>\n<link rel=\"canonical\" href=\"https:\/\/nofloods.com\/da\/privacy-privacy\/\" \/>\n<meta property=\"og:locale\" content=\"da_DK\" \/>\n<meta property=\"og:type\" content=\"article\" \/>\n<meta property=\"og:title\" content=\"Privatliv privatliv - NoFloods\" \/>\n<meta property=\"og:description\" content=\"Privatlivspolitik Home &gt; Environment Solutions ApS Privatlivspolitik Om denne privatlivspolitik Vi ved, hvor vigtigt det er for dig at forst\u00e5, [&hellip;]\" \/>\n<meta property=\"og:url\" content=\"https:\/\/nofloods.com\/da\/privacy-privacy\/\" \/>\n<meta property=\"og:site_name\" content=\"NoFloods\" \/>\n<meta property=\"article:publisher\" content=\"https:\/\/www.facebook.com\/environmentsolutions\/\" \/>\n<meta property=\"article:modified_time\" content=\"2025-09-16T15:51:27+00:00\" \/>\n<meta name=\"twitter:card\" content=\"summary_large_image\" \/>\n<meta name=\"twitter:site\" content=\"@NoFloodsBarrier\" \/>\n<meta name=\"twitter:label1\" content=\"Estimeret l\u00e6setid\" \/>\n\t<meta name=\"twitter:data1\" content=\"9 minutter\" \/>\n<script type=\"application\/ld+json\" class=\"yoast-schema-graph\">{\"@context\":\"https:\/\/schema.org\",\"@graph\":[{\"@type\":\"WebPage\",\"@id\":\"https:\/\/nofloods.com\/da\/privacy-privacy\/\",\"url\":\"https:\/\/nofloods.com\/da\/privacy-privacy\/\",\"name\":\"Privatliv privatliv - NoFloods\",\"isPartOf\":{\"@id\":\"https:\/\/nofloods.com\/da\/#website\"},\"datePublished\":\"2025-09-05T09:39:05+00:00\",\"dateModified\":\"2025-09-16T15:51:27+00:00\",\"breadcrumb\":{\"@id\":\"https:\/\/nofloods.com\/da\/privacy-privacy\/#breadcrumb\"},\"inLanguage\":\"da-DK\",\"potentialAction\":[{\"@type\":\"ReadAction\",\"target\":[\"https:\/\/nofloods.com\/da\/privacy-privacy\/\"]}]},{\"@type\":\"BreadcrumbList\",\"@id\":\"https:\/\/nofloods.com\/da\/privacy-privacy\/#breadcrumb\",\"itemListElement\":[{\"@type\":\"ListItem\",\"position\":1,\"name\":\"Home\",\"item\":\"https:\/\/nofloods.com\/da\/\"},{\"@type\":\"ListItem\",\"position\":2,\"name\":\"Privatliv privatliv\"}]},{\"@type\":\"WebSite\",\"@id\":\"https:\/\/nofloods.com\/da\/#website\",\"url\":\"https:\/\/nofloods.com\/da\/\",\"name\":\"NoFloods\",\"description\":\"By Environment Solutions\",\"publisher\":{\"@id\":\"https:\/\/nofloods.com\/da\/#organization\"},\"potentialAction\":[{\"@type\":\"SearchAction\",\"target\":{\"@type\":\"EntryPoint\",\"urlTemplate\":\"https:\/\/nofloods.com\/da\/?s={search_term_string}\"},\"query-input\":{\"@type\":\"PropertyValueSpecification\",\"valueRequired\":true,\"valueName\":\"search_term_string\"}}],\"inLanguage\":\"da-DK\"},{\"@type\":\"Organization\",\"@id\":\"https:\/\/nofloods.com\/da\/#organization\",\"name\":\"NoFloods\",\"url\":\"https:\/\/nofloods.com\/da\/\",\"logo\":{\"@type\":\"ImageObject\",\"inLanguage\":\"da-DK\",\"@id\":\"https:\/\/nofloods.com\/da\/#\/schema\/logo\/image\/\",\"url\":\"https:\/\/nofloods.com\/wp-content\/uploads\/2025\/05\/NoFloods-EasyWall-Logo.webp?wsr\",\"contentUrl\":\"https:\/\/nofloods.com\/wp-content\/uploads\/2025\/05\/NoFloods-EasyWall-Logo.webp?wsr\",\"width\":340,\"height\":70,\"caption\":\"NoFloods\"},\"image\":{\"@id\":\"https:\/\/nofloods.com\/da\/#\/schema\/logo\/image\/\"},\"sameAs\":[\"https:\/\/www.facebook.com\/environmentsolutions\/\",\"https:\/\/x.com\/NoFloodsBarrier\",\"https:\/\/www.linkedin.com\/company\/environment-solutions-aps\"]}]}<\/script>\n<!-- \/ Yoast SEO plugin. -->","yoast_head_json":{"title":"Privatliv privatliv - NoFloods","robots":{"index":"index","follow":"follow","max-snippet":"max-snippet:-1","max-image-preview":"max-image-preview:large","max-video-preview":"max-video-preview:-1"},"canonical":"https:\/\/nofloods.com\/da\/privacy-privacy\/","og_locale":"da_DK","og_type":"article","og_title":"Privatliv privatliv - NoFloods","og_description":"Privatlivspolitik Home &gt; Environment Solutions ApS Privatlivspolitik Om denne privatlivspolitik Vi ved, hvor vigtigt det er for dig at forst\u00e5, [&hellip;]","og_url":"https:\/\/nofloods.com\/da\/privacy-privacy\/","og_site_name":"NoFloods","article_publisher":"https:\/\/www.facebook.com\/environmentsolutions\/","article_modified_time":"2025-09-16T15:51:27+00:00","twitter_card":"summary_large_image","twitter_site":"@NoFloodsBarrier","twitter_misc":{"Estimeret l\u00e6setid":"9 minutter"},"schema":{"@context":"https:\/\/schema.org","@graph":[{"@type":"WebPage","@id":"https:\/\/nofloods.com\/da\/privacy-privacy\/","url":"https:\/\/nofloods.com\/da\/privacy-privacy\/","name":"Privatliv privatliv - NoFloods","isPartOf":{"@id":"https:\/\/nofloods.com\/da\/#website"},"datePublished":"2025-09-05T09:39:05+00:00","dateModified":"2025-09-16T15:51:27+00:00","breadcrumb":{"@id":"https:\/\/nofloods.com\/da\/privacy-privacy\/#breadcrumb"},"inLanguage":"da-DK","potentialAction":[{"@type":"ReadAction","target":["https:\/\/nofloods.com\/da\/privacy-privacy\/"]}]},{"@type":"BreadcrumbList","@id":"https:\/\/nofloods.com\/da\/privacy-privacy\/#breadcrumb","itemListElement":[{"@type":"ListItem","position":1,"name":"Home","item":"https:\/\/nofloods.com\/da\/"},{"@type":"ListItem","position":2,"name":"Privatliv privatliv"}]},{"@type":"WebSite","@id":"https:\/\/nofloods.com\/da\/#website","url":"https:\/\/nofloods.com\/da\/","name":"NoFloods","description":"By Environment Solutions","publisher":{"@id":"https:\/\/nofloods.com\/da\/#organization"},"potentialAction":[{"@type":"SearchAction","target":{"@type":"EntryPoint","urlTemplate":"https:\/\/nofloods.com\/da\/?s={search_term_string}"},"query-input":{"@type":"PropertyValueSpecification","valueRequired":true,"valueName":"search_term_string"}}],"inLanguage":"da-DK"},{"@type":"Organization","@id":"https:\/\/nofloods.com\/da\/#organization","name":"NoFloods","url":"https:\/\/nofloods.com\/da\/","logo":{"@type":"ImageObject","inLanguage":"da-DK","@id":"https:\/\/nofloods.com\/da\/#\/schema\/logo\/image\/","url":"https:\/\/nofloods.com\/wp-content\/uploads\/2025\/05\/NoFloods-EasyWall-Logo.webp?wsr","contentUrl":"https:\/\/nofloods.com\/wp-content\/uploads\/2025\/05\/NoFloods-EasyWall-Logo.webp?wsr","width":340,"height":70,"caption":"NoFloods"},"image":{"@id":"https:\/\/nofloods.com\/da\/#\/schema\/logo\/image\/"},"sameAs":["https:\/\/www.facebook.com\/environmentsolutions\/","https:\/\/x.com\/NoFloodsBarrier","https:\/\/www.linkedin.com\/company\/environment-solutions-aps"]}]}},"rttpg_featured_image_url":null,"rttpg_author":{"display_name":"nofloods_admin","author_link":"https:\/\/nofloods.com\/da\/author\/nofloods_admin\/"},"rttpg_comment":0,"rttpg_category":" <a href=\"https:\/\/nofloods.com\/da\/?taxonomy=translation_priority&#038;term=optional-da\" rel=\"tag\">Optional<\/a>","rttpg_excerpt":"Privatlivspolitik Home &gt; Environment Solutions ApS Privatlivspolitik Om denne privatlivspolitik Vi ved, hvor vigtigt det er for dig at forst\u00e5, [&hellip;]","_links":{"self":[{"href":"https:\/\/nofloods.com\/da\/wp-json\/wp\/v2\/pages\/16864","targetHints":{"allow":["GET"]}}],"collection":[{"href":"https:\/\/nofloods.com\/da\/wp-json\/wp\/v2\/pages"}],"about":[{"href":"https:\/\/nofloods.com\/da\/wp-json\/wp\/v2\/types\/page"}],"author":[{"embeddable":true,"href":"https:\/\/nofloods.com\/da\/wp-json\/wp\/v2\/users\/1"}],"replies":[{"embeddable":true,"href":"https:\/\/nofloods.com\/da\/wp-json\/wp\/v2\/comments?post=16864"}],"version-history":[{"count":1,"href":"https:\/\/nofloods.com\/da\/wp-json\/wp\/v2\/pages\/16864\/revisions"}],"predecessor-version":[{"id":16865,"href":"https:\/\/nofloods.com\/da\/wp-json\/wp\/v2\/pages\/16864\/revisions\/16865"}],"wp:attachment":[{"href":"https:\/\/nofloods.com\/da\/wp-json\/wp\/v2\/media?parent=16864"}],"curies":[{"name":"wp","href":"https:\/\/api.w.org\/{rel}","templated":true}]}}