{"id":16832,"date":"2025-09-05T09:51:14","date_gmt":"2025-09-05T09:51:14","guid":{"rendered":"https:\/\/flood-protection.org\/bedingungen-nutzung\/"},"modified":"2025-10-10T18:15:17","modified_gmt":"2025-10-10T18:15:17","slug":"terms-and-use","status":"publish","type":"page","link":"https:\/\/nofloods.com\/de\/terms-and-use\/","title":{"rendered":"Nutzungsbedingungen"},"content":{"rendered":"\t\t<div data-elementor-type=\"wp-page\" data-elementor-id=\"16832\" class=\"elementor elementor-16832 elementor-12711\">\n\t\t\t\t<div class=\"elementor-element elementor-element-853fd1f e-flex e-con-boxed e-con e-parent\" data-id=\"853fd1f\" data-element_type=\"container\" data-e-type=\"container\" data-settings=\"{&quot;background_background&quot;:&quot;classic&quot;}\">\n\t\t\t\t\t<div class=\"e-con-inner\">\n\t\t<div class=\"elementor-element elementor-element-5bd29bb e-con-full e-flex e-con e-child\" data-id=\"5bd29bb\" data-element_type=\"container\" data-e-type=\"container\" data-settings=\"{&quot;background_background&quot;:&quot;classic&quot;}\">\n\t\t\t\t<div class=\"elementor-element elementor-element-8cfa58a elementor-widget elementor-widget-heading\" data-id=\"8cfa58a\" data-element_type=\"widget\" data-e-type=\"widget\" data-widget_type=\"heading.default\">\n\t\t\t\t<div class=\"elementor-widget-container\">\n\t\t\t\t\t<h1 class=\"elementor-heading-title elementor-size-default\">Nutzungsbedingungen<\/h1>\t\t\t\t<\/div>\n\t\t\t\t<\/div>\n\t\t\t\t<div class=\"elementor-element elementor-element-1b24f59 elementor-widget elementor-widget-eael-breadcrumbs\" data-id=\"1b24f59\" data-element_type=\"widget\" data-e-type=\"widget\" data-widget_type=\"eael-breadcrumbs.default\">\n\t\t\t\t<div class=\"elementor-widget-container\">\n\t\t\t\t\t\t\t<div class=\"eael-breadcrumbs\">\n\t\t\t<div class=\"eael-breadcrumbs__content\"><a href=\"https:\/\/nofloods.com\/de\/\">Home<\/a> <span class=\"eael-breadcrumb-separator\">&gt;<\/span> <span class = \"eael-current\">Seite<\/span><\/div>\t\t<\/div>\n\t\t\t\t\t\t<\/div>\n\t\t\t\t<\/div>\n\t\t\t\t<\/div>\n\t\t\t\t\t<\/div>\n\t\t\t\t<\/div>\n\t\t<div class=\"elementor-element elementor-element-4a0067a e-flex e-con-boxed e-con e-parent\" data-id=\"4a0067a\" data-element_type=\"container\" data-e-type=\"container\" data-settings=\"{&quot;background_background&quot;:&quot;classic&quot;}\">\n\t\t\t\t\t<div class=\"e-con-inner\">\n\t\t\t\t<div class=\"elementor-element elementor-element-9ad7b4a elementor-widget elementor-widget-text-editor\" data-id=\"9ad7b4a\" data-element_type=\"widget\" data-e-type=\"widget\" data-widget_type=\"text-editor.default\">\n\t\t\t\t<div class=\"elementor-widget-container\">\n\t\t\t\t\t\t\t\t\t<h4><strong>\u00dcBER DIESE NUTZUNGSBEDINGUNGEN<\/strong><\/h4><div><strong> <\/strong><\/div><p>Wir bitten Sie, diese Bedingungen sorgf\u00e4ltig zu lesen, bevor Sie unsere Website nutzen. Diese Nutzungsbedingungen informieren Sie dar\u00fcber, wie Sie unsere Website nutzen d\u00fcrfen. Indem Sie weiterhin auf unserer Website surfen, akzeptieren Sie diese Bedingungen.  <\/p><h4><strong>IHRE PERS\u00d6NLICHEN DATEN<\/strong><\/h4><div><strong> <\/strong><\/div><p>Wir verarbeiten alle personenbezogenen Daten, die Sie uns auf unserer Website mitteilen, in \u00dcbereinstimmung mit den Bestimmungen unserer Datenschutzrichtlinie. Bitte stellen Sie sicher, dass alle Informationen, die Sie uns auf unserer Website geben, einschlie\u00dflich aller Benutzernamen und Passw\u00f6rter, sicher und vertraulich behandelt werden. <\/p><h4><strong>DIE INFORMATIONEN AUF UNSERER WEBSITE<\/strong><\/h4><div><strong> <\/strong><\/div><p>Wir tun unser Bestes, um sicherzustellen, dass unsere Website jederzeit ordnungsgem\u00e4\u00df funktioniert, aber wir \u00fcbernehmen keine Garantie f\u00fcr die Verf\u00fcgbarkeit oder Zug\u00e4nglichkeit unserer Website und haften (au\u00dfer wie hier dargelegt) nicht f\u00fcr Sch\u00e4den, Verluste, Kosten oder Ausgaben, die Ihnen infolge mangelnder Verf\u00fcgbarkeit oder Zug\u00e4nglichkeit unserer Website entstehen. Wenn unsere Preise falsch angezeigt werden, behalten wir uns das Recht vor, die Preise zu korrigieren und Ihnen das Produkt nicht zu dem Preis zu verkaufen, den Sie urspr\u00fcnglich auf unserer Website gesehen haben. <\/p><h4><strong>LINKS UND TEILEN<\/strong><\/h4><div><strong> <\/strong><\/div><p>Alle Links oder M\u00f6glichkeiten zum Teilen (\u00fcber soziale Medien, Blogs und \u00e4hnliche Websites und Kommunikationsdienste) auf unserer Website werden ausschlie\u00dflich zu Ihrer Nutzung und Bequemlichkeit bereitgestellt. Der Link stellt keine Billigung oder Empfehlung durch uns dar und bedeutet nicht, dass wir eine Verbindung zu der verlinkten Website haben. Wir sind nicht verantwortlich f\u00fcr den Inhalt von Websites, die mit unserer Website verlinkt sind oder von dieser verlinkt werden, oder f\u00fcr die rechtlichen Konsequenzen, die sich aus dem Abschluss von Vertr\u00e4gen mit Dritten ergeben, die diese verlinkten Websites bereitstellen, und wir \u00fcbernehmen keine Haftung f\u00fcr Verluste, Sch\u00e4den, Ausgaben, Kosten oder Haftungen, die Ihnen dadurch entstehen.  <\/p><p>Bitte beachten Sie, dass, wenn Sie Inhalte auf andere Plattformen teilen, m\u00f6glicherweise separate Bedingungen gelten, die mit der Organisation verbunden sind, die Ihnen das Teilen erm\u00f6glicht. Bitte \u00fcberpr\u00fcfen Sie die Bedingungen jeder Website, auf der Sie Inhalte teilen m\u00f6chten. Einige Bedingungen verbieten Ihnen m\u00f6glicherweise das Teilen unserer Inhalte.  <\/p><p>Wir haften nicht f\u00fcr Verluste, Sch\u00e4den, Ausgaben, Kosten, Verz\u00f6gerungen oder sonstige Haftungen (einschlie\u00dflich, aber nicht beschr\u00e4nkt auf finanzielle Verluste wie entgangenen Gewinn), die Ihnen infolge eines Ereignisses entstehen, das au\u00dferhalb unserer zumutbaren Kontrolle liegt (einschlie\u00dflich, aber nicht beschr\u00e4nkt auf Ausf\u00e4lle der \u00dcbertragung, Kommunikation, Computer oder anderer Einrichtungen oder Ihre Unf\u00e4higkeit, aus irgendeinem Grund auf die Website zuzugreifen, oder Ausf\u00e4lle, Fehler oder Verz\u00f6gerungen beim Senden oder Empfangen von Benachrichtigungen oder Mitteilungen oder Anweisungen per Post oder auf elektronischem Wege).<\/p><h4><strong>URHEBERRECHT<\/strong><\/h4><div><strong> <\/strong><\/div><p>Der Inhalt aller Teile der Website geh\u00f6rt <strong>ENVIRONMENT SOLUTIONS APS<\/strong>. Dies umfasst das Urheberrecht an allen Texten, Beschreibungen und Bildern. Es umfasst auch Marken in unserem Namen und unseren Logos.  <\/p><p>Sie d\u00fcrfen Ausz\u00fcge von unserer Website f\u00fcr Ihren pers\u00f6nlichen Gebrauch auf eine lokale Festplatte herunterladen und ausdrucken. Sie d\u00fcrfen heruntergeladene Ausz\u00fcge auch an andere weitergeben, sofern Sie dies nicht gewinnbringend tun. <\/p><p>Die Vervielf\u00e4ltigung von Teilen oder des gesamten Inhalts in jeglicher Form ist untersagt, es sei denn, sie dient dem pers\u00f6nlichen Gebrauch. Kein Inhalt unserer Website darf kopiert oder anderweitig in eine andere Website, ein elektronisches Abrufsystem, eine Ver\u00f6ffentlichung oder ein anderes Werk in irgendeiner Form (ob in gedruckter, elektronischer oder anderer Form) aufgenommen oder darin gespeichert werden. <\/p><p>Wenn Sie einen unserer Inhalte f\u00fcr einen anderen als den oben genannten Zweck verwenden m\u00f6chten (einschlie\u00dflich des Framings der Website), m\u00fcssen Sie sich zuerst mit uns in Verbindung setzen und unsere Erlaubnis einholen.<\/p><h4><strong>STELLEN SIE SICHER, DASS SIE AUF DEM NEUESTEN STAND SIND<\/strong><\/h4><div><strong> <\/strong><\/div><p>Wir behalten uns das Recht vor, die Bedingungen, zu denen unsere Website und Produkte angeboten werden, jederzeit zu \u00e4ndern. Alle \u00c4nderungen unserer rechtlichen Bedingungen treten sofort in Kraft, wenn sie auf unserer Website ver\u00f6ffentlicht werden, und gelten f\u00fcr jede zuk\u00fcnftige Nutzung unserer Website. Sie sollten regelm\u00e4\u00dfig die Allgemeinen Gesch\u00e4ftsbedingungen und unsere auf unserer Website ver\u00f6ffentlichten Richtlinien \u00fcberpr\u00fcfen, da sie sich seit Ihrem letzten Besuch ge\u00e4ndert haben k\u00f6nnten.  <\/p><h4><strong>WAS SIE AUF UNSERER WEBSITE NICHT TUN D\u00dcRFEN<\/strong><\/h4><div><strong> <\/strong><\/div><p>Bei der Nutzung unserer Website d\u00fcrfen Sie nicht: (1) Sicherheitsfunktionen der Website oder Funktionen, die die Nutzung oder das Kopieren von Inhalten, die \u00fcber die Website zug\u00e4nglich sind, verhindern oder einschr\u00e4nken, beeintr\u00e4chtigen oder deaktivieren; (2) falsche Angaben in Ihren Kontodaten machen; (3) die Identit\u00e4t einer anderen Person ohne deren Erlaubnis annehmen oder f\u00e4lschlicherweise angeben, dass Sie im Namen einer Person, einer juristischen Person oder einer Organisation handeln; (4) die Website nutzen, wenn wir Sie von der Nutzung ausgeschlossen oder gesperrt haben; (5) Junk-, Spam- oder sich wiederholende Nachrichten senden; (6) sich an illegalem oder unrechtm\u00e4\u00dfigem Verhalten beteiligen; (7) die Website ver\u00e4ndern, beeintr\u00e4chtigen, abfangen, st\u00f6ren oder hacken; (8) die Website missbrauchen, indem Sie wissentlich Viren, Trojaner, W\u00fcrmer, Logikbomben oder \u00e4hnliches Material einschleusen oder andere Ma\u00dfnahmen ergreifen, die der Website, der Ausr\u00fcstung eines Website-Nutzers schaden oder die Erfahrung eines Website-Nutzers bei der Nutzung der Website beeintr\u00e4chtigen; (9) Daten von der Website sammeln, die nicht mit diesen Nutzungsbedingungen \u00fcbereinstimmen; (10) Inhalte einreichen oder beitragen, die missbr\u00e4uchlich, bedrohlich, obsz\u00f6n, unwahr, schockierend oder beleidigend sind; (11) einen anderen Website-Nutzer, ein Mitglied unserer Mitarbeiter oder eine andere Person beschimpfen, sch\u00e4digen oder schikanieren; (12) Benutzerinhalte ohne die Erlaubnis des Inhaltsinhabers einreichen oder beitragen oder anderweitig das Urheberrecht, die Marke oder andere Rechte Dritter verletzen; oder (13) Informationen oder Kommentare \u00fcber eine andere Person einreichen oder beitragen, die unwahr, privat, vertraulich oder diffamierend sind (einschlie\u00dflich des pers\u00f6nlichen Beschuldigens einer anderen Person einer unbewiesenen Straftat oder eines schwerwiegenden Fehlverhaltens, das ihren Ruf in den Augen der Leser Ihres Kommentars sch\u00e4digen k\u00f6nnte).<\/p><p>Wenn Sie gegen eine dieser Nutzungsbedingungen versto\u00dfen, k\u00f6nnen wir Sie dauerhaft oder vor\u00fcbergehend an der Nutzung dieser Website hindern. Wir k\u00f6nnen auch andere Ma\u00dfnahmen ergreifen, einschlie\u00dflich, aber nicht beschr\u00e4nkt auf die Meldung an die Polizei oder eine andere Strafverfolgungsbeh\u00f6rde, die Ausstellung einer Warnung oder die Einleitung rechtlicher Schritte gegen Sie und die Geltendmachung aller Kosten, die uns dadurch entstehen. <\/p><h4><strong>HABEN SIE FRAGEN?<\/strong><\/h4><div><strong> <\/strong><\/div><p>Wenn Sie Fragen zu Inhalten auf dieser Website haben, kontaktieren Sie uns bitte.<\/p>\t\t\t\t\t\t\t\t<\/div>\n\t\t\t\t<\/div>\n\t\t\t\t\t<\/div>\n\t\t\t\t<\/div>\n\t\t\t\t<\/div>\n\t\t","protected":false},"excerpt":{"rendered":"<p>Nutzungsbedingungen Home &gt; \u00dcBER DIESE NUTZUNGSBEDINGUNGEN Wir bitten Sie, diese Bedingungen sorgf\u00e4ltig zu lesen, bevor Sie unsere Website nutzen. Diese [&hellip;]<\/p>\n","protected":false},"author":1,"featured_media":0,"parent":0,"menu_order":0,"comment_status":"closed","ping_status":"closed","template":"elementor_header_footer","meta":{"_acf_changed":false,"site-sidebar-layout":"default","site-content-layout":"","ast-site-content-layout":"default","site-content-style":"default","site-sidebar-style":"default","ast-global-header-display":"","ast-banner-title-visibility":"","ast-main-header-display":"","ast-hfb-above-header-display":"","ast-hfb-below-header-display":"","ast-hfb-mobile-header-display":"","site-post-title":"","ast-breadcrumbs-content":"","ast-featured-img":"","footer-sml-layout":"","ast-disable-related-posts":"","theme-transparent-header-meta":"","adv-header-id-meta":"","stick-header-meta":"","header-above-stick-meta":"","header-main-stick-meta":"","header-below-stick-meta":"","astra-migrate-meta-layouts":"default","ast-page-background-enabled":"default","ast-page-background-meta":{"desktop":{"background-color":"","background-image":"","background-repeat":"repeat","background-position":"center center","background-size":"auto","background-attachment":"scroll","background-type":"","background-media":"","overlay-type":"","overlay-color":"","overlay-opacity":"","overlay-gradient":""},"tablet":{"background-color":"","background-image":"","background-repeat":"repeat","background-position":"center center","background-size":"auto","background-attachment":"scroll","background-type":"","background-media":"","overlay-type":"","overlay-color":"","overlay-opacity":"","overlay-gradient":""},"mobile":{"background-color":"","background-image":"","background-repeat":"repeat","background-position":"center center","background-size":"auto","background-attachment":"scroll","background-type":"","background-media":"","overlay-type":"","overlay-color":"","overlay-opacity":"","overlay-gradient":""}},"ast-content-background-meta":{"desktop":{"background-color":"var(--ast-global-color-5)","background-image":"","background-repeat":"repeat","background-position":"center center","background-size":"auto","background-attachment":"scroll","background-type":"","background-media":"","overlay-type":"","overlay-color":"","overlay-opacity":"","overlay-gradient":""},"tablet":{"background-color":"var(--ast-global-color-5)","background-image":"","background-repeat":"repeat","background-position":"center center","background-size":"auto","background-attachment":"scroll","background-type":"","background-media":"","overlay-type":"","overlay-color":"","overlay-opacity":"","overlay-gradient":""},"mobile":{"background-color":"var(--ast-global-color-5)","background-image":"","background-repeat":"repeat","background-position":"center center","background-size":"auto","background-attachment":"scroll","background-type":"","background-media":"","overlay-type":"","overlay-color":"","overlay-opacity":"","overlay-gradient":""}},"footnotes":""},"class_list":["post-16832","page","type-page","status-publish","hentry"],"acf":[],"yoast_head":"<!-- This site is optimized with the Yoast SEO plugin v27.2 - https:\/\/yoast.com\/product\/yoast-seo-wordpress\/ -->\n<title>Nutzungsbedingungen - NoFloods<\/title>\n<meta name=\"robots\" content=\"index, follow, max-snippet:-1, max-image-preview:large, max-video-preview:-1\" \/>\n<link rel=\"canonical\" href=\"https:\/\/nofloods.com\/de\/terms-and-use\/\" \/>\n<meta property=\"og:locale\" content=\"de_DE\" \/>\n<meta property=\"og:type\" content=\"article\" \/>\n<meta property=\"og:title\" content=\"Nutzungsbedingungen - NoFloods\" \/>\n<meta property=\"og:description\" content=\"Nutzungsbedingungen Home &gt; \u00dcBER DIESE NUTZUNGSBEDINGUNGEN Wir bitten Sie, diese Bedingungen sorgf\u00e4ltig zu lesen, bevor Sie unsere Website nutzen. Diese [&hellip;]\" \/>\n<meta property=\"og:url\" content=\"https:\/\/nofloods.com\/de\/terms-and-use\/\" \/>\n<meta property=\"og:site_name\" content=\"NoFloods\" \/>\n<meta property=\"article:publisher\" content=\"https:\/\/www.facebook.com\/environmentsolutions\/\" \/>\n<meta property=\"article:modified_time\" content=\"2025-10-10T18:15:17+00:00\" \/>\n<meta name=\"twitter:card\" content=\"summary_large_image\" \/>\n<meta name=\"twitter:site\" content=\"@NoFloodsBarrier\" \/>\n<meta name=\"twitter:label1\" content=\"Gesch\u00e4tzte Lesezeit\" \/>\n\t<meta name=\"twitter:data1\" content=\"5\u00a0Minuten\" \/>\n<script type=\"application\/ld+json\" class=\"yoast-schema-graph\">{\"@context\":\"https:\/\/schema.org\",\"@graph\":[{\"@type\":\"WebPage\",\"@id\":\"https:\/\/nofloods.com\/de\/terms-and-use\/\",\"url\":\"https:\/\/nofloods.com\/de\/terms-and-use\/\",\"name\":\"Nutzungsbedingungen - NoFloods\",\"isPartOf\":{\"@id\":\"https:\/\/nofloods.com\/de\/#website\"},\"datePublished\":\"2025-09-05T09:51:14+00:00\",\"dateModified\":\"2025-10-10T18:15:17+00:00\",\"breadcrumb\":{\"@id\":\"https:\/\/nofloods.com\/de\/terms-and-use\/#breadcrumb\"},\"inLanguage\":\"de\",\"potentialAction\":[{\"@type\":\"ReadAction\",\"target\":[\"https:\/\/nofloods.com\/de\/terms-and-use\/\"]}]},{\"@type\":\"BreadcrumbList\",\"@id\":\"https:\/\/nofloods.com\/de\/terms-and-use\/#breadcrumb\",\"itemListElement\":[{\"@type\":\"ListItem\",\"position\":1,\"name\":\"Home\",\"item\":\"https:\/\/nofloods.com\/de\/\"},{\"@type\":\"ListItem\",\"position\":2,\"name\":\"Nutzungsbedingungen\"}]},{\"@type\":\"WebSite\",\"@id\":\"https:\/\/nofloods.com\/de\/#website\",\"url\":\"https:\/\/nofloods.com\/de\/\",\"name\":\"NoFloods\",\"description\":\"By Environment Solutions\",\"publisher\":{\"@id\":\"https:\/\/nofloods.com\/de\/#organization\"},\"potentialAction\":[{\"@type\":\"SearchAction\",\"target\":{\"@type\":\"EntryPoint\",\"urlTemplate\":\"https:\/\/nofloods.com\/de\/?s={search_term_string}\"},\"query-input\":{\"@type\":\"PropertyValueSpecification\",\"valueRequired\":true,\"valueName\":\"search_term_string\"}}],\"inLanguage\":\"de\"},{\"@type\":\"Organization\",\"@id\":\"https:\/\/nofloods.com\/de\/#organization\",\"name\":\"NoFloods\",\"url\":\"https:\/\/nofloods.com\/de\/\",\"logo\":{\"@type\":\"ImageObject\",\"inLanguage\":\"de\",\"@id\":\"https:\/\/nofloods.com\/de\/#\/schema\/logo\/image\/\",\"url\":\"https:\/\/nofloods.com\/wp-content\/uploads\/2025\/05\/NoFloods-EasyWall-Logo.webp?wsr\",\"contentUrl\":\"https:\/\/nofloods.com\/wp-content\/uploads\/2025\/05\/NoFloods-EasyWall-Logo.webp?wsr\",\"width\":340,\"height\":70,\"caption\":\"NoFloods\"},\"image\":{\"@id\":\"https:\/\/nofloods.com\/de\/#\/schema\/logo\/image\/\"},\"sameAs\":[\"https:\/\/www.facebook.com\/environmentsolutions\/\",\"https:\/\/x.com\/NoFloodsBarrier\",\"https:\/\/www.linkedin.com\/company\/environment-solutions-aps\"]}]}<\/script>\n<!-- \/ Yoast SEO plugin. -->","yoast_head_json":{"title":"Nutzungsbedingungen - NoFloods","robots":{"index":"index","follow":"follow","max-snippet":"max-snippet:-1","max-image-preview":"max-image-preview:large","max-video-preview":"max-video-preview:-1"},"canonical":"https:\/\/nofloods.com\/de\/terms-and-use\/","og_locale":"de_DE","og_type":"article","og_title":"Nutzungsbedingungen - NoFloods","og_description":"Nutzungsbedingungen Home &gt; \u00dcBER DIESE NUTZUNGSBEDINGUNGEN Wir bitten Sie, diese Bedingungen sorgf\u00e4ltig zu lesen, bevor Sie unsere Website nutzen. Diese [&hellip;]","og_url":"https:\/\/nofloods.com\/de\/terms-and-use\/","og_site_name":"NoFloods","article_publisher":"https:\/\/www.facebook.com\/environmentsolutions\/","article_modified_time":"2025-10-10T18:15:17+00:00","twitter_card":"summary_large_image","twitter_site":"@NoFloodsBarrier","twitter_misc":{"Gesch\u00e4tzte Lesezeit":"5\u00a0Minuten"},"schema":{"@context":"https:\/\/schema.org","@graph":[{"@type":"WebPage","@id":"https:\/\/nofloods.com\/de\/terms-and-use\/","url":"https:\/\/nofloods.com\/de\/terms-and-use\/","name":"Nutzungsbedingungen - NoFloods","isPartOf":{"@id":"https:\/\/nofloods.com\/de\/#website"},"datePublished":"2025-09-05T09:51:14+00:00","dateModified":"2025-10-10T18:15:17+00:00","breadcrumb":{"@id":"https:\/\/nofloods.com\/de\/terms-and-use\/#breadcrumb"},"inLanguage":"de","potentialAction":[{"@type":"ReadAction","target":["https:\/\/nofloods.com\/de\/terms-and-use\/"]}]},{"@type":"BreadcrumbList","@id":"https:\/\/nofloods.com\/de\/terms-and-use\/#breadcrumb","itemListElement":[{"@type":"ListItem","position":1,"name":"Home","item":"https:\/\/nofloods.com\/de\/"},{"@type":"ListItem","position":2,"name":"Nutzungsbedingungen"}]},{"@type":"WebSite","@id":"https:\/\/nofloods.com\/de\/#website","url":"https:\/\/nofloods.com\/de\/","name":"NoFloods","description":"By Environment Solutions","publisher":{"@id":"https:\/\/nofloods.com\/de\/#organization"},"potentialAction":[{"@type":"SearchAction","target":{"@type":"EntryPoint","urlTemplate":"https:\/\/nofloods.com\/de\/?s={search_term_string}"},"query-input":{"@type":"PropertyValueSpecification","valueRequired":true,"valueName":"search_term_string"}}],"inLanguage":"de"},{"@type":"Organization","@id":"https:\/\/nofloods.com\/de\/#organization","name":"NoFloods","url":"https:\/\/nofloods.com\/de\/","logo":{"@type":"ImageObject","inLanguage":"de","@id":"https:\/\/nofloods.com\/de\/#\/schema\/logo\/image\/","url":"https:\/\/nofloods.com\/wp-content\/uploads\/2025\/05\/NoFloods-EasyWall-Logo.webp?wsr","contentUrl":"https:\/\/nofloods.com\/wp-content\/uploads\/2025\/05\/NoFloods-EasyWall-Logo.webp?wsr","width":340,"height":70,"caption":"NoFloods"},"image":{"@id":"https:\/\/nofloods.com\/de\/#\/schema\/logo\/image\/"},"sameAs":["https:\/\/www.facebook.com\/environmentsolutions\/","https:\/\/x.com\/NoFloodsBarrier","https:\/\/www.linkedin.com\/company\/environment-solutions-aps"]}]}},"rttpg_featured_image_url":null,"rttpg_author":{"display_name":"nofloods_admin","author_link":"https:\/\/nofloods.com\/de\/author\/nofloods_admin\/"},"rttpg_comment":0,"rttpg_category":" <a href=\"https:\/\/nofloods.com\/de\/?taxonomy=translation_priority&#038;term=optional-de\" rel=\"tag\">Optional<\/a>","rttpg_excerpt":"Nutzungsbedingungen Home &gt; \u00dcBER DIESE NUTZUNGSBEDINGUNGEN Wir bitten Sie, diese Bedingungen sorgf\u00e4ltig zu lesen, bevor Sie unsere Website nutzen. Diese [&hellip;]","_links":{"self":[{"href":"https:\/\/nofloods.com\/de\/wp-json\/wp\/v2\/pages\/16832","targetHints":{"allow":["GET"]}}],"collection":[{"href":"https:\/\/nofloods.com\/de\/wp-json\/wp\/v2\/pages"}],"about":[{"href":"https:\/\/nofloods.com\/de\/wp-json\/wp\/v2\/types\/page"}],"author":[{"embeddable":true,"href":"https:\/\/nofloods.com\/de\/wp-json\/wp\/v2\/users\/1"}],"replies":[{"embeddable":true,"href":"https:\/\/nofloods.com\/de\/wp-json\/wp\/v2\/comments?post=16832"}],"version-history":[{"count":9,"href":"https:\/\/nofloods.com\/de\/wp-json\/wp\/v2\/pages\/16832\/revisions"}],"predecessor-version":[{"id":26407,"href":"https:\/\/nofloods.com\/de\/wp-json\/wp\/v2\/pages\/16832\/revisions\/26407"}],"wp:attachment":[{"href":"https:\/\/nofloods.com\/de\/wp-json\/wp\/v2\/media?parent=16832"}],"curies":[{"name":"wp","href":"https:\/\/api.w.org\/{rel}","templated":true}]}}