{"id":16847,"date":"2025-09-05T09:56:14","date_gmt":"2025-09-05T09:56:14","guid":{"rendered":"https:\/\/flood-protection.org\/cookie-richtlinie\/"},"modified":"2025-09-08T14:33:10","modified_gmt":"2025-09-08T14:33:10","slug":"cookie-richtlinie","status":"publish","type":"page","link":"https:\/\/nofloods.com\/de\/cookie-richtlinie\/","title":{"rendered":"Cookie-Richtlinie"},"content":{"rendered":"\t\t<div data-elementor-type=\"wp-page\" data-elementor-id=\"16847\" class=\"elementor elementor-16847 elementor-12734\">\n\t\t\t\t<div class=\"elementor-element elementor-element-853fd1f e-flex e-con-boxed e-con e-parent\" data-id=\"853fd1f\" data-element_type=\"container\" data-e-type=\"container\" data-settings=\"{&quot;background_background&quot;:&quot;classic&quot;}\">\n\t\t\t\t\t<div class=\"e-con-inner\">\n\t\t<div class=\"elementor-element elementor-element-5bd29bb e-con-full e-flex e-con e-child\" data-id=\"5bd29bb\" data-element_type=\"container\" data-e-type=\"container\" data-settings=\"{&quot;background_background&quot;:&quot;classic&quot;}\">\n\t\t\t\t<div class=\"elementor-element elementor-element-8cfa58a elementor-widget elementor-widget-heading\" data-id=\"8cfa58a\" data-element_type=\"widget\" data-e-type=\"widget\" data-widget_type=\"heading.default\">\n\t\t\t\t<div class=\"elementor-widget-container\">\n\t\t\t\t\t<h1 class=\"elementor-heading-title elementor-size-default\">Cookie-Richtlinie<\/h1>\t\t\t\t<\/div>\n\t\t\t\t<\/div>\n\t\t\t\t<div class=\"elementor-element elementor-element-1b24f59 elementor-widget elementor-widget-eael-breadcrumbs\" data-id=\"1b24f59\" data-element_type=\"widget\" data-e-type=\"widget\" data-widget_type=\"eael-breadcrumbs.default\">\n\t\t\t\t<div class=\"elementor-widget-container\">\n\t\t\t\t\t\t\t<div class=\"eael-breadcrumbs\">\n\t\t\t<div class=\"eael-breadcrumbs__content\"><a href=\"https:\/\/nofloods.com\/de\/\">Home<\/a> <span class=\"eael-breadcrumb-separator\">&gt;<\/span> <span class = \"eael-current\">Seite<\/span><\/div>\t\t<\/div>\n\t\t\t\t\t\t<\/div>\n\t\t\t\t<\/div>\n\t\t\t\t<\/div>\n\t\t\t\t\t<\/div>\n\t\t\t\t<\/div>\n\t\t<div class=\"elementor-element elementor-element-4a0067a e-flex e-con-boxed e-con e-parent\" data-id=\"4a0067a\" data-element_type=\"container\" data-e-type=\"container\" data-settings=\"{&quot;background_background&quot;:&quot;classic&quot;}\">\n\t\t\t\t\t<div class=\"e-con-inner\">\n\t\t\t\t<div class=\"elementor-element elementor-element-9ad7b4a elementor-widget elementor-widget-text-editor\" data-id=\"9ad7b4a\" data-element_type=\"widget\" data-e-type=\"widget\" data-widget_type=\"text-editor.default\">\n\t\t\t\t<div class=\"elementor-widget-container\">\n\t\t\t\t\t\t\t\t\t<h4><strong>\u00dcBER DIESE COOKIE-RICHTLINIE<\/strong><\/h4>\n<div><strong>&nbsp;<\/strong><\/div>\n<p>Diese Cookie-Richtlinie erl\u00e4utert, was Cookies sind und wie wir sie auf unserer Website verwenden. Sie sollten diese Richtlinie lesen, damit Sie verstehen, welche Arten von Cookies wir verwenden, welche Informationen wir mithilfe der Cookies sammeln und wie diese Informationen verwendet werden. Durch die Nutzung unserer Website erkl\u00e4ren Sie sich damit einverstanden, dass wir Cookies in \u00dcbereinstimmung mit dieser Richtlinie verwenden d\u00fcrfen.  <\/p>\n<h4><strong>Was sind Cookies?<\/strong><\/h4>\n<div><strong>&nbsp;<\/strong><\/div>\n<p>Cookies sind Dateien, die eine kleine Menge an Informationen enthalten. Cookies werden im Browser oder auf der Festplatte Ihres Computers oder Ger\u00e4ts gespeichert. <\/p>\n<h4><strong>Wie verwenden wir Cookies?<\/strong><\/h4>\n<div><strong>&nbsp;<\/strong><\/div>\n<p>Wir verwenden Cookies, um Sie von anderen Nutzern unserer Website zu unterscheiden und Ihnen ein individuelles Surferlebnis zu bieten. Cookies werden von uns verwendet, damit sich unsere Website daran erinnern kann, was Sie beim Surfen getan haben, z. B. Ihre Anmeldedaten, wie weit Sie mit einer Bestellung fortgeschritten sind und was sich in Ihrem Warenkorb befindet. <\/p>\n<h4><strong>Welche Arten von Cookies verwenden wir?<\/strong><\/h4>\n<div><strong>&nbsp;<\/strong><\/div>\n<p>Cookies k\u00f6nnen in Form von Sitzungscookies oder dauerhaften Cookies vorliegen. Sitzungscookies werden von Ihrem Computer oder Ger\u00e4t gel\u00f6scht, wenn Sie Ihren Webbrowser schlie\u00dfen. Dauerhafte Cookies verbleiben auf Ihrem Computer oder Ger\u00e4t gespeichert, bis sie gel\u00f6scht werden oder ihr Ablaufdatum erreicht ist. Wir verwenden die folgenden Cookies:   <\/p>\n<p>Analyse-\/Performance-Cookies. Diese Cookies erm\u00f6glichen es uns, die Anzahl der Besucher unserer Website zu erkennen und zu z\u00e4hlen und zu sehen, wie sich die Besucher bei der Nutzung der Website bewegen. Dies hilft uns, die Funktionsweise unserer Website zu verbessern, indem wir beispielsweise sicherstellen, dass die Nutzer leicht finden, wonach sie suchen.  <\/p>\n<p>Funktionalit\u00e4ts-Cookies. Diese Cookies werden verwendet, um Sie wiederzuerkennen, wenn Sie auf unsere Website zur\u00fcckkehren. Dies erm\u00f6glicht es uns, unsere Inhalte f\u00fcr Sie zu personalisieren, z. B. indem wir Sie mit Ihrem Namen begr\u00fc\u00dfen und uns Ihre Pr\u00e4ferenzen merken. Sie erm\u00f6glichen auch Live-Chat-Support w\u00e4hrend Ihres Surferlebnisses.   <\/p>\n<p>Targeting-Cookies. Diese Cookies zeichnen Ihren Besuch auf unserer Website, die von Ihnen besuchten Seiten und die von Ihnen verfolgten Links auf. Wir verwenden diese Informationen, um unsere Website und die darauf angezeigte Werbung f\u00fcr Ihre Interessen relevanter zu gestalten. Wir k\u00f6nnen diese Informationen auch an Dritte zu diesem Zweck weitergeben. Diese Cookies erm\u00f6glichen es Ihnen, Informationen an andere Websites weiterzugeben und zu senden.    <\/p>\n<h4><strong>Welche Art von Informationen sammeln wir durch die Verwendung von Cookies?<\/strong><\/h4>\n<div><strong>&nbsp;<\/strong><\/div>\n<p>Wenn Sie unsere Website besuchen, k\u00f6nnen wir automatisch die folgenden Arten von Informationen von Ihnen sammeln: Ihre Internetprotokoll(IP)-Adresse, Ihre Anmeldeinformationen, Zeitzoneneinstellung, Betriebssystem und Plattform, Informationen \u00fcber Ihre Besuche, einschlie\u00dflich der URL, von der Sie gekommen sind, Ihr Land, die Suchbegriffe, die Sie auf unserer Website verwendet haben, Produkte, die Sie angesehen oder gesucht haben, Seitenreaktionszeiten, Downloadfehler, Dauer der Besuche auf bestimmten Seiten, Seiteninteraktionsinformationen (wie Scrollen, Klicken und Mouse-Overs) und die Methoden, die verwendet wurden, um von der Seite wegzunavigieren.<\/p>\n<h4><strong>Wie blockieren Sie Cookies?<\/strong><\/h4>\n<div><strong>&nbsp;<\/strong><\/div>\n<p>Die meisten Browser erlauben es Ihnen, Cookies abzulehnen. Sie k\u00f6nnen unsere Cookies blockieren, indem Sie die Einstellung in Ihrem Browser aktivieren, die es Ihnen erlaubt, die Setzung aller oder einiger Cookies abzulehnen. Weitere Informationen \u00fcber Cookies und wie Sie diese l\u00f6schen und kontrollieren k\u00f6nnen, finden Sie unter www.aboutcookies.org oder klicken Sie auf Hilfe in Ihrem Browsermen\u00fc.  <\/p>\n<p>Wenn Sie unsere Verwendung von Cookies blockieren, k\u00f6nnen Sie m\u00f6glicherweise nicht auf bestimmte Bereiche unserer Website zugreifen und bestimmte Funktionen und Seiten funktionieren nicht wie gewohnt. Zum Beispiel k\u00f6nnen Sie die Einkaufslistenfunktion nicht nutzen oder online einkaufen. <\/p>\n<h4><strong>Wie <em>ENVIRONMENT SOLUTIONS APS<\/em> die Cookie-Richtlinie \u00e4ndern kann<\/strong><\/h4><div><strong><br><\/strong><\/div>\n<p>Wir k\u00f6nnen diese Richtlinie von Zeit zu Zeit aktualisieren. \u00c4nderungen in der Technologie, Gesetzgebung und den Richtlinien der Beh\u00f6rden k\u00f6nnen es erforderlich machen, dass wir Sie \u00fcber die Aktivit\u00e4ten informieren, die wir durchf\u00fchren, wenn diese Ihre Datenschutzrechte beeintr\u00e4chtigen. Sie sollten diese Seite gelegentlich \u00fcberpr\u00fcfen, um sicherzustellen, dass Sie mit allen \u00c4nderungen vertraut sind.  <\/p>\t\t\t\t\t\t\t\t<\/div>\n\t\t\t\t<\/div>\n\t\t\t\t\t<\/div>\n\t\t\t\t<\/div>\n\t\t\t\t<\/div>\n\t\t","protected":false},"excerpt":{"rendered":"<p>Cookie-Richtlinie Home &gt; \u00dcBER DIESE COOKIE-RICHTLINIE &nbsp; Diese Cookie-Richtlinie erl\u00e4utert, was Cookies sind und wie wir sie auf unserer Website [&hellip;]<\/p>\n","protected":false},"author":1,"featured_media":0,"parent":0,"menu_order":0,"comment_status":"closed","ping_status":"closed","template":"elementor_header_footer","meta":{"_acf_changed":false,"site-sidebar-layout":"default","site-content-layout":"","ast-site-content-layout":"default","site-content-style":"default","site-sidebar-style":"default","ast-global-header-display":"","ast-banner-title-visibility":"","ast-main-header-display":"","ast-hfb-above-header-display":"","ast-hfb-below-header-display":"","ast-hfb-mobile-header-display":"","site-post-title":"","ast-breadcrumbs-content":"","ast-featured-img":"","footer-sml-layout":"","ast-disable-related-posts":"","theme-transparent-header-meta":"","adv-header-id-meta":"","stick-header-meta":"","header-above-stick-meta":"","header-main-stick-meta":"","header-below-stick-meta":"","astra-migrate-meta-layouts":"default","ast-page-background-enabled":"default","ast-page-background-meta":{"desktop":{"background-color":"","background-image":"","background-repeat":"repeat","background-position":"center center","background-size":"auto","background-attachment":"scroll","background-type":"","background-media":"","overlay-type":"","overlay-color":"","overlay-opacity":"","overlay-gradient":""},"tablet":{"background-color":"","background-image":"","background-repeat":"repeat","background-position":"center center","background-size":"auto","background-attachment":"scroll","background-type":"","background-media":"","overlay-type":"","overlay-color":"","overlay-opacity":"","overlay-gradient":""},"mobile":{"background-color":"","background-image":"","background-repeat":"repeat","background-position":"center center","background-size":"auto","background-attachment":"scroll","background-type":"","background-media":"","overlay-type":"","overlay-color":"","overlay-opacity":"","overlay-gradient":""}},"ast-content-background-meta":{"desktop":{"background-color":"var(--ast-global-color-5)","background-image":"","background-repeat":"repeat","background-position":"center center","background-size":"auto","background-attachment":"scroll","background-type":"","background-media":"","overlay-type":"","overlay-color":"","overlay-opacity":"","overlay-gradient":""},"tablet":{"background-color":"var(--ast-global-color-5)","background-image":"","background-repeat":"repeat","background-position":"center center","background-size":"auto","background-attachment":"scroll","background-type":"","background-media":"","overlay-type":"","overlay-color":"","overlay-opacity":"","overlay-gradient":""},"mobile":{"background-color":"var(--ast-global-color-5)","background-image":"","background-repeat":"repeat","background-position":"center center","background-size":"auto","background-attachment":"scroll","background-type":"","background-media":"","overlay-type":"","overlay-color":"","overlay-opacity":"","overlay-gradient":""}},"footnotes":""},"class_list":["post-16847","page","type-page","status-publish","hentry"],"acf":[],"yoast_head":"<!-- This site is optimized with the Yoast SEO plugin v27.2 - https:\/\/yoast.com\/product\/yoast-seo-wordpress\/ -->\n<title>Cookie-Richtlinie - NoFloods<\/title>\n<meta name=\"robots\" content=\"index, follow, max-snippet:-1, max-image-preview:large, max-video-preview:-1\" \/>\n<link rel=\"canonical\" href=\"https:\/\/nofloods.com\/de\/cookie-richtlinie\/\" \/>\n<meta property=\"og:locale\" content=\"de_DE\" \/>\n<meta property=\"og:type\" content=\"article\" \/>\n<meta property=\"og:title\" content=\"Cookie-Richtlinie - NoFloods\" \/>\n<meta property=\"og:description\" content=\"Cookie-Richtlinie Home &gt; \u00dcBER DIESE COOKIE-RICHTLINIE &nbsp; Diese Cookie-Richtlinie erl\u00e4utert, was Cookies sind und wie wir sie auf unserer Website [&hellip;]\" \/>\n<meta property=\"og:url\" content=\"https:\/\/nofloods.com\/de\/cookie-richtlinie\/\" \/>\n<meta property=\"og:site_name\" content=\"NoFloods\" \/>\n<meta property=\"article:publisher\" content=\"https:\/\/www.facebook.com\/environmentsolutions\/\" \/>\n<meta property=\"article:modified_time\" content=\"2025-09-08T14:33:10+00:00\" \/>\n<meta name=\"twitter:card\" content=\"summary_large_image\" \/>\n<meta name=\"twitter:site\" content=\"@NoFloodsBarrier\" \/>\n<meta name=\"twitter:label1\" content=\"Gesch\u00e4tzte Lesezeit\" \/>\n\t<meta name=\"twitter:data1\" content=\"3\u00a0Minuten\" \/>\n<script type=\"application\/ld+json\" class=\"yoast-schema-graph\">{\"@context\":\"https:\/\/schema.org\",\"@graph\":[{\"@type\":\"WebPage\",\"@id\":\"https:\/\/nofloods.com\/de\/cookie-richtlinie\/\",\"url\":\"https:\/\/nofloods.com\/de\/cookie-richtlinie\/\",\"name\":\"Cookie-Richtlinie - NoFloods\",\"isPartOf\":{\"@id\":\"https:\/\/nofloods.com\/de\/#website\"},\"datePublished\":\"2025-09-05T09:56:14+00:00\",\"dateModified\":\"2025-09-08T14:33:10+00:00\",\"breadcrumb\":{\"@id\":\"https:\/\/nofloods.com\/de\/cookie-richtlinie\/#breadcrumb\"},\"inLanguage\":\"de\",\"potentialAction\":[{\"@type\":\"ReadAction\",\"target\":[\"https:\/\/nofloods.com\/de\/cookie-richtlinie\/\"]}]},{\"@type\":\"BreadcrumbList\",\"@id\":\"https:\/\/nofloods.com\/de\/cookie-richtlinie\/#breadcrumb\",\"itemListElement\":[{\"@type\":\"ListItem\",\"position\":1,\"name\":\"Home\",\"item\":\"https:\/\/nofloods.com\/de\/\"},{\"@type\":\"ListItem\",\"position\":2,\"name\":\"Cookie-Richtlinie\"}]},{\"@type\":\"WebSite\",\"@id\":\"https:\/\/nofloods.com\/de\/#website\",\"url\":\"https:\/\/nofloods.com\/de\/\",\"name\":\"NoFloods\",\"description\":\"By Environment Solutions\",\"publisher\":{\"@id\":\"https:\/\/nofloods.com\/de\/#organization\"},\"potentialAction\":[{\"@type\":\"SearchAction\",\"target\":{\"@type\":\"EntryPoint\",\"urlTemplate\":\"https:\/\/nofloods.com\/de\/?s={search_term_string}\"},\"query-input\":{\"@type\":\"PropertyValueSpecification\",\"valueRequired\":true,\"valueName\":\"search_term_string\"}}],\"inLanguage\":\"de\"},{\"@type\":\"Organization\",\"@id\":\"https:\/\/nofloods.com\/de\/#organization\",\"name\":\"NoFloods\",\"url\":\"https:\/\/nofloods.com\/de\/\",\"logo\":{\"@type\":\"ImageObject\",\"inLanguage\":\"de\",\"@id\":\"https:\/\/nofloods.com\/de\/#\/schema\/logo\/image\/\",\"url\":\"https:\/\/nofloods.com\/wp-content\/uploads\/2025\/05\/NoFloods-EasyWall-Logo.webp?wsr\",\"contentUrl\":\"https:\/\/nofloods.com\/wp-content\/uploads\/2025\/05\/NoFloods-EasyWall-Logo.webp?wsr\",\"width\":340,\"height\":70,\"caption\":\"NoFloods\"},\"image\":{\"@id\":\"https:\/\/nofloods.com\/de\/#\/schema\/logo\/image\/\"},\"sameAs\":[\"https:\/\/www.facebook.com\/environmentsolutions\/\",\"https:\/\/x.com\/NoFloodsBarrier\",\"https:\/\/www.linkedin.com\/company\/environment-solutions-aps\"]}]}<\/script>\n<!-- \/ Yoast SEO plugin. -->","yoast_head_json":{"title":"Cookie-Richtlinie - NoFloods","robots":{"index":"index","follow":"follow","max-snippet":"max-snippet:-1","max-image-preview":"max-image-preview:large","max-video-preview":"max-video-preview:-1"},"canonical":"https:\/\/nofloods.com\/de\/cookie-richtlinie\/","og_locale":"de_DE","og_type":"article","og_title":"Cookie-Richtlinie - NoFloods","og_description":"Cookie-Richtlinie Home &gt; \u00dcBER DIESE COOKIE-RICHTLINIE &nbsp; Diese Cookie-Richtlinie erl\u00e4utert, was Cookies sind und wie wir sie auf unserer Website [&hellip;]","og_url":"https:\/\/nofloods.com\/de\/cookie-richtlinie\/","og_site_name":"NoFloods","article_publisher":"https:\/\/www.facebook.com\/environmentsolutions\/","article_modified_time":"2025-09-08T14:33:10+00:00","twitter_card":"summary_large_image","twitter_site":"@NoFloodsBarrier","twitter_misc":{"Gesch\u00e4tzte Lesezeit":"3\u00a0Minuten"},"schema":{"@context":"https:\/\/schema.org","@graph":[{"@type":"WebPage","@id":"https:\/\/nofloods.com\/de\/cookie-richtlinie\/","url":"https:\/\/nofloods.com\/de\/cookie-richtlinie\/","name":"Cookie-Richtlinie - NoFloods","isPartOf":{"@id":"https:\/\/nofloods.com\/de\/#website"},"datePublished":"2025-09-05T09:56:14+00:00","dateModified":"2025-09-08T14:33:10+00:00","breadcrumb":{"@id":"https:\/\/nofloods.com\/de\/cookie-richtlinie\/#breadcrumb"},"inLanguage":"de","potentialAction":[{"@type":"ReadAction","target":["https:\/\/nofloods.com\/de\/cookie-richtlinie\/"]}]},{"@type":"BreadcrumbList","@id":"https:\/\/nofloods.com\/de\/cookie-richtlinie\/#breadcrumb","itemListElement":[{"@type":"ListItem","position":1,"name":"Home","item":"https:\/\/nofloods.com\/de\/"},{"@type":"ListItem","position":2,"name":"Cookie-Richtlinie"}]},{"@type":"WebSite","@id":"https:\/\/nofloods.com\/de\/#website","url":"https:\/\/nofloods.com\/de\/","name":"NoFloods","description":"By Environment Solutions","publisher":{"@id":"https:\/\/nofloods.com\/de\/#organization"},"potentialAction":[{"@type":"SearchAction","target":{"@type":"EntryPoint","urlTemplate":"https:\/\/nofloods.com\/de\/?s={search_term_string}"},"query-input":{"@type":"PropertyValueSpecification","valueRequired":true,"valueName":"search_term_string"}}],"inLanguage":"de"},{"@type":"Organization","@id":"https:\/\/nofloods.com\/de\/#organization","name":"NoFloods","url":"https:\/\/nofloods.com\/de\/","logo":{"@type":"ImageObject","inLanguage":"de","@id":"https:\/\/nofloods.com\/de\/#\/schema\/logo\/image\/","url":"https:\/\/nofloods.com\/wp-content\/uploads\/2025\/05\/NoFloods-EasyWall-Logo.webp?wsr","contentUrl":"https:\/\/nofloods.com\/wp-content\/uploads\/2025\/05\/NoFloods-EasyWall-Logo.webp?wsr","width":340,"height":70,"caption":"NoFloods"},"image":{"@id":"https:\/\/nofloods.com\/de\/#\/schema\/logo\/image\/"},"sameAs":["https:\/\/www.facebook.com\/environmentsolutions\/","https:\/\/x.com\/NoFloodsBarrier","https:\/\/www.linkedin.com\/company\/environment-solutions-aps"]}]}},"rttpg_featured_image_url":null,"rttpg_author":{"display_name":"nofloods_admin","author_link":"https:\/\/nofloods.com\/de\/author\/nofloods_admin\/"},"rttpg_comment":0,"rttpg_category":" <a href=\"https:\/\/nofloods.com\/de\/?taxonomy=translation_priority&#038;term=optional-de\" rel=\"tag\">Optional<\/a>","rttpg_excerpt":"Cookie-Richtlinie Home &gt; \u00dcBER DIESE COOKIE-RICHTLINIE &nbsp; Diese Cookie-Richtlinie erl\u00e4utert, was Cookies sind und wie wir sie auf unserer Website [&hellip;]","_links":{"self":[{"href":"https:\/\/nofloods.com\/de\/wp-json\/wp\/v2\/pages\/16847","targetHints":{"allow":["GET"]}}],"collection":[{"href":"https:\/\/nofloods.com\/de\/wp-json\/wp\/v2\/pages"}],"about":[{"href":"https:\/\/nofloods.com\/de\/wp-json\/wp\/v2\/types\/page"}],"author":[{"embeddable":true,"href":"https:\/\/nofloods.com\/de\/wp-json\/wp\/v2\/users\/1"}],"replies":[{"embeddable":true,"href":"https:\/\/nofloods.com\/de\/wp-json\/wp\/v2\/comments?post=16847"}],"version-history":[{"count":1,"href":"https:\/\/nofloods.com\/de\/wp-json\/wp\/v2\/pages\/16847\/revisions"}],"predecessor-version":[{"id":16849,"href":"https:\/\/nofloods.com\/de\/wp-json\/wp\/v2\/pages\/16847\/revisions\/16849"}],"wp:attachment":[{"href":"https:\/\/nofloods.com\/de\/wp-json\/wp\/v2\/media?parent=16847"}],"curies":[{"name":"wp","href":"https:\/\/api.w.org\/{rel}","templated":true}]}}