{"id":16828,"date":"2025-09-05T09:51:14","date_gmt":"2025-09-05T09:51:14","guid":{"rendered":"https:\/\/flood-protection.org\/terminos-y-condiciones-de-uso\/"},"modified":"2025-10-10T18:15:10","modified_gmt":"2025-10-10T18:15:10","slug":"terms-and-use","status":"publish","type":"page","link":"https:\/\/nofloods.com\/es\/terms-and-use\/","title":{"rendered":"Condiciones de uso"},"content":{"rendered":"\t\t<div data-elementor-type=\"wp-page\" data-elementor-id=\"16828\" class=\"elementor elementor-16828 elementor-12711\">\n\t\t\t\t<div class=\"elementor-element elementor-element-853fd1f e-flex e-con-boxed e-con e-parent\" data-id=\"853fd1f\" data-element_type=\"container\" data-e-type=\"container\" data-settings=\"{&quot;background_background&quot;:&quot;classic&quot;}\">\n\t\t\t\t\t<div class=\"e-con-inner\">\n\t\t<div class=\"elementor-element elementor-element-5bd29bb e-con-full e-flex e-con e-child\" data-id=\"5bd29bb\" data-element_type=\"container\" data-e-type=\"container\" data-settings=\"{&quot;background_background&quot;:&quot;classic&quot;}\">\n\t\t\t\t<div class=\"elementor-element elementor-element-8cfa58a elementor-widget elementor-widget-heading\" data-id=\"8cfa58a\" data-element_type=\"widget\" data-e-type=\"widget\" data-widget_type=\"heading.default\">\n\t\t\t\t<div class=\"elementor-widget-container\">\n\t\t\t\t\t<h1 class=\"elementor-heading-title elementor-size-default\">Condiciones de uso<\/h1>\t\t\t\t<\/div>\n\t\t\t\t<\/div>\n\t\t\t\t<div class=\"elementor-element elementor-element-1b24f59 elementor-widget elementor-widget-eael-breadcrumbs\" data-id=\"1b24f59\" data-element_type=\"widget\" data-e-type=\"widget\" data-widget_type=\"eael-breadcrumbs.default\">\n\t\t\t\t<div class=\"elementor-widget-container\">\n\t\t\t\t\t\t\t<div class=\"eael-breadcrumbs\">\n\t\t\t<div class=\"eael-breadcrumbs__content\"><a href=\"https:\/\/nofloods.com\/es\/\">Home<\/a> <span class=\"eael-breadcrumb-separator\">&gt;<\/span> <span class = \"eael-current\">P\u00e1gina<\/span><\/div>\t\t<\/div>\n\t\t\t\t\t\t<\/div>\n\t\t\t\t<\/div>\n\t\t\t\t<\/div>\n\t\t\t\t\t<\/div>\n\t\t\t\t<\/div>\n\t\t<div class=\"elementor-element elementor-element-4a0067a e-flex e-con-boxed e-con e-parent\" data-id=\"4a0067a\" data-element_type=\"container\" data-e-type=\"container\" data-settings=\"{&quot;background_background&quot;:&quot;classic&quot;}\">\n\t\t\t\t\t<div class=\"e-con-inner\">\n\t\t\t\t<div class=\"elementor-element elementor-element-9ad7b4a elementor-widget elementor-widget-text-editor\" data-id=\"9ad7b4a\" data-element_type=\"widget\" data-e-type=\"widget\" data-widget_type=\"text-editor.default\">\n\t\t\t\t<div class=\"elementor-widget-container\">\n\t\t\t\t\t\t\t\t\t<h4><strong>ACERCA DE ESTAS CONDICIONES DE USO<\/strong><\/h4><div><strong> <\/strong><\/div><p>Le rogamos que lea atentamente estas condiciones antes de utilizar nuestro sitio web. Estas condiciones de uso le informan sobre la forma en que puede utilizar nuestro sitio web. Al continuar navegando por nuestro sitio web, acepta estos t\u00e9rminos y condiciones.  <\/p><h4><strong>SU INFORMACI\u00d3N PERSONAL<\/strong><\/h4><div><strong> <\/strong><\/div><p>Procesamos todos los datos personales que nos proporciona en nuestro sitio web de acuerdo con los t\u00e9rminos de nuestra Pol\u00edtica de Privacidad. Por favor, aseg\u00farese de que toda la informaci\u00f3n que nos proporciona en nuestro sitio web, incluyendo cualquier nombre de usuario y contrase\u00f1a, se mantiene segura y confidencial. <\/p><h4><strong>LA INFORMACI\u00d3N DE NUESTRO SITIO WEB<\/strong><\/h4><div><strong> <\/strong><\/div><p>Hacemos todo lo posible para asegurar que nuestro sitio web funcione correctamente en todo momento, pero no ofrecemos ninguna garant\u00eda en cuanto a la disponibilidad o accesibilidad de nuestro sitio web, y (excepto como se establece aqu\u00ed) no seremos responsables de ning\u00fan da\u00f1o, p\u00e9rdida, coste o gasto incurrido por usted como resultado de cualquier falta de disponibilidad o accesibilidad de nuestro sitio web. Si nuestros precios se muestran incorrectamente, nos reservamos el derecho de rectificar los precios y no venderle el producto al precio que vio originalmente en nuestro sitio web. <\/p><h4><strong>ENLACES Y COMPARTIR<\/strong><\/h4><div><strong> <\/strong><\/div><p>Cualquier enlace u oportunidad de compartir (a trav\u00e9s de redes sociales, blogs y sitios y servicios de comunicaci\u00f3n similares) en nuestro sitio web se proporciona \u00fanicamente para su uso y conveniencia. El enlace no representa ninguna aprobaci\u00f3n o recomendaci\u00f3n por nuestra parte y no significa que tengamos alguna asociaci\u00f3n con el sitio web enlazado. No somos responsables del contenido de ning\u00fan sitio web que est\u00e9 enlazado a o desde nuestro sitio web ni de las consecuencias legales de su entrada en cualquier contrato con los terceros que proporcionan estos sitios web enlazados y no aceptamos ninguna responsabilidad por cualquier p\u00e9rdida, da\u00f1o, gasto, coste o responsabilidad de cualquier tipo incurrida por usted como resultado.  <\/p><p>Tenga en cuenta que si comparte contenido en otras plataformas, puede haber t\u00e9rminos y condiciones separados relacionados con la organizaci\u00f3n que le permite compartir. Por favor, compruebe los t\u00e9rminos y condiciones de cualquier sitio en el que tenga la intenci\u00f3n de compartir. Algunos t\u00e9rminos y condiciones pueden prohibirle compartir nuestro contenido.  <\/p><p>No seremos responsables de ninguna p\u00e9rdida, da\u00f1o, gasto, coste, retraso u otra responsabilidad de cualquier tipo (incluyendo, sin limitaci\u00f3n, cualquier p\u00e9rdida financiera como la p\u00e9rdida de beneficios) en la que pueda incurrir como resultado de cualquier evento fuera de nuestro control razonable (incluyendo, sin limitaci\u00f3n, cualquier fallo de transmisi\u00f3n, comunicaci\u00f3n, ordenador u otras instalaciones o su incapacidad para acceder al sitio web por cualquier raz\u00f3n o cualquier fallo, error o retraso en el env\u00edo o recepci\u00f3n de cualquier aviso o comunicaci\u00f3n o instrucci\u00f3n a trav\u00e9s del correo o cualquier medio electr\u00f3nico).<\/p><h4><strong>DERECHOS DE AUTOR<\/strong><\/h4><div><strong> <\/strong><\/div><p>El contenido de todas las partes del sitio web pertenece a <strong>ENVIRONMENT SOLUTIONS APS<\/strong>. Esto incluye los derechos de autor de todo el texto, las descripciones y las im\u00e1genes. Tambi\u00e9n incluye las marcas comerciales de nuestro nombre y logotipos.  <\/p><p>Puede descargar en un disco duro local e imprimir extractos de nuestro sitio web para su uso personal. Tambi\u00e9n puede volver a copiar los extractos descargados a otros siempre que no lo haga con fines de lucro. <\/p><p>Se proh\u00edbe la reproducci\u00f3n de parte o de la totalidad de los contenidos en cualquier forma, salvo para uso personal. Ninguno de los contenidos de nuestro sitio web puede ser copiado o incorporado o almacenado de otro modo en ning\u00fan otro sitio web, sistema de recuperaci\u00f3n electr\u00f3nica, publicaci\u00f3n u otro trabajo en cualquier forma (ya sea en copia impresa, electr\u00f3nica o de otro tipo). <\/p><p>Si desea utilizar alguno de nuestros contenidos para cualquier prop\u00f3sito que no sea el establecido anteriormente (lo que incluye el enmarcado del sitio web), debe ponerse en contacto con nosotros y obtener nuestro permiso.<\/p><h4><strong>ASEG\u00daRESE DE ESTAR AL D\u00cdA<\/strong><\/h4><div><strong> <\/strong><\/div><p>Nos reservamos el derecho de cambiar los t\u00e9rminos en los que se ofrecen nuestro sitio web y nuestros productos en cualquier momento. Cualquier cambio en nuestros t\u00e9rminos y condiciones legales entrar\u00e1 en vigor inmediatamente cuando se publiquen en nuestro sitio web, y se aplicar\u00e1 a todo uso futuro de nuestro sitio web. Debe consultar regularmente las Condiciones Generales y nuestras pol\u00edticas publicadas en nuestro sitio web, ya que pueden haber cambiado desde su \u00faltima visita.  <\/p><h4><strong>LO QUE NO PUEDE HACER EN NUESTRO SITIO WEB<\/strong><\/h4><div><strong> <\/strong><\/div><p>Al utilizar nuestro sitio web, no puede: (1) interferir o deshabilitar cualquier funci\u00f3n de seguridad relacionada con el sitio o las funciones que impiden o restringen el uso o la copia del contenido accesible a trav\u00e9s del sitio; (2) dar informaci\u00f3n falsa en los datos de su cuenta; (3) tomar la identidad de otra persona sin el permiso de esa persona o tergiversar que est\u00e1 actuando en nombre de una persona, entidad u organizaci\u00f3n; (4) utilizar el sitio si le hemos suspendido o prohibido su uso; (5) enviar mensajes basura, spam o repetitivos; (6) participar en cualquier conducta ilegal o il\u00edcita; (7) modificar, interferir, interceptar, interrumpir o piratear el sitio; (8) hacer un uso indebido del sitio introduciendo a sabiendas virus, troyanos, gusanos, bombas l\u00f3gicas u otro material similar o realizando cualquier otra acci\u00f3n que da\u00f1e el sitio, el equipo de cualquier usuario del sitio o tenga un impacto perjudicial en la experiencia de cualquier usuario del sitio al utilizar el sitio; (9) recopilar cualquier dato del sitio que no est\u00e9 de acuerdo con estas Condiciones de Uso; (10) enviar o contribuir con cualquier contenido que sea abusivo, amenazante, obsceno, falso, impactante u ofensivo; (11) abusar, da\u00f1ar o intimidar a otro usuario del sitio, miembro de nuestro personal o persona; (12) enviar o contribuir con cualquier Contenido de Usuario sin el permiso del propietario del contenido o infringir de otro modo los derechos de autor, la marca comercial u otros derechos de terceros; o (13) enviar o contribuir con cualquier informaci\u00f3n o comentario sobre otra persona que sea falso, privado, confidencial o difamatorio (incluyendo la acusaci\u00f3n personal a otra persona de criminalidad no probada o de faltas graves que puedan da\u00f1ar su reputaci\u00f3n a los ojos de cualquier persona que lea su comentario).<\/p><p>Si incumple alguna de estas Condiciones de Uso, podemos impedirle utilizar este sitio web de forma permanente o temporal. Tambi\u00e9n podemos tomar otras medidas, incluyendo, pero no limitado a, denunciarle a la polic\u00eda u otro organismo encargado de hacer cumplir la ley, emitir una advertencia o emprender acciones legales contra usted y perseguir cualquier coste en el que incurramos como resultado de hacer esto. <\/p><h4><strong>\u00bfALGUNA PREGUNTA?<\/strong><\/h4><div><strong> <\/strong><\/div><p>Si tiene alguna pregunta sobre cualquier cosa en este sitio web, por favor, p\u00f3ngase en contacto con nosotros.<\/p>\t\t\t\t\t\t\t\t<\/div>\n\t\t\t\t<\/div>\n\t\t\t\t\t<\/div>\n\t\t\t\t<\/div>\n\t\t\t\t<\/div>\n\t\t","protected":false},"excerpt":{"rendered":"<p>Condiciones de uso Home &gt; ACERCA DE ESTAS CONDICIONES DE USO Le rogamos que lea atentamente estas condiciones antes de [&hellip;]<\/p>\n","protected":false},"author":1,"featured_media":0,"parent":0,"menu_order":0,"comment_status":"closed","ping_status":"closed","template":"elementor_header_footer","meta":{"_acf_changed":false,"site-sidebar-layout":"default","site-content-layout":"","ast-site-content-layout":"default","site-content-style":"default","site-sidebar-style":"default","ast-global-header-display":"","ast-banner-title-visibility":"","ast-main-header-display":"","ast-hfb-above-header-display":"","ast-hfb-below-header-display":"","ast-hfb-mobile-header-display":"","site-post-title":"","ast-breadcrumbs-content":"","ast-featured-img":"","footer-sml-layout":"","ast-disable-related-posts":"","theme-transparent-header-meta":"","adv-header-id-meta":"","stick-header-meta":"","header-above-stick-meta":"","header-main-stick-meta":"","header-below-stick-meta":"","astra-migrate-meta-layouts":"default","ast-page-background-enabled":"default","ast-page-background-meta":{"desktop":{"background-color":"","background-image":"","background-repeat":"repeat","background-position":"center center","background-size":"auto","background-attachment":"scroll","background-type":"","background-media":"","overlay-type":"","overlay-color":"","overlay-opacity":"","overlay-gradient":""},"tablet":{"background-color":"","background-image":"","background-repeat":"repeat","background-position":"center center","background-size":"auto","background-attachment":"scroll","background-type":"","background-media":"","overlay-type":"","overlay-color":"","overlay-opacity":"","overlay-gradient":""},"mobile":{"background-color":"","background-image":"","background-repeat":"repeat","background-position":"center center","background-size":"auto","background-attachment":"scroll","background-type":"","background-media":"","overlay-type":"","overlay-color":"","overlay-opacity":"","overlay-gradient":""}},"ast-content-background-meta":{"desktop":{"background-color":"var(--ast-global-color-5)","background-image":"","background-repeat":"repeat","background-position":"center center","background-size":"auto","background-attachment":"scroll","background-type":"","background-media":"","overlay-type":"","overlay-color":"","overlay-opacity":"","overlay-gradient":""},"tablet":{"background-color":"var(--ast-global-color-5)","background-image":"","background-repeat":"repeat","background-position":"center center","background-size":"auto","background-attachment":"scroll","background-type":"","background-media":"","overlay-type":"","overlay-color":"","overlay-opacity":"","overlay-gradient":""},"mobile":{"background-color":"var(--ast-global-color-5)","background-image":"","background-repeat":"repeat","background-position":"center center","background-size":"auto","background-attachment":"scroll","background-type":"","background-media":"","overlay-type":"","overlay-color":"","overlay-opacity":"","overlay-gradient":""}},"footnotes":""},"class_list":["post-16828","page","type-page","status-publish","hentry"],"acf":[],"yoast_head":"<!-- This site is optimized with the Yoast SEO plugin v27.2 - https:\/\/yoast.com\/product\/yoast-seo-wordpress\/ -->\n<title>Condiciones de uso - NoFloods<\/title>\n<meta name=\"robots\" content=\"index, follow, max-snippet:-1, max-image-preview:large, max-video-preview:-1\" \/>\n<link rel=\"canonical\" href=\"https:\/\/nofloods.com\/es\/terms-and-use\/\" \/>\n<meta property=\"og:locale\" content=\"es_ES\" \/>\n<meta property=\"og:type\" content=\"article\" \/>\n<meta property=\"og:title\" content=\"Condiciones de uso - NoFloods\" \/>\n<meta property=\"og:description\" content=\"Condiciones de uso Home &gt; ACERCA DE ESTAS CONDICIONES DE USO Le rogamos que lea atentamente estas condiciones antes de [&hellip;]\" \/>\n<meta property=\"og:url\" content=\"https:\/\/nofloods.com\/es\/terms-and-use\/\" \/>\n<meta property=\"og:site_name\" content=\"NoFloods\" \/>\n<meta property=\"article:publisher\" content=\"https:\/\/www.facebook.com\/environmentsolutions\/\" \/>\n<meta property=\"article:modified_time\" content=\"2025-10-10T18:15:10+00:00\" \/>\n<meta name=\"twitter:card\" content=\"summary_large_image\" \/>\n<meta name=\"twitter:site\" content=\"@NoFloodsBarrier\" \/>\n<meta name=\"twitter:label1\" content=\"Tiempo de lectura\" \/>\n\t<meta name=\"twitter:data1\" content=\"6 minutos\" \/>\n<script type=\"application\/ld+json\" class=\"yoast-schema-graph\">{\"@context\":\"https:\/\/schema.org\",\"@graph\":[{\"@type\":\"WebPage\",\"@id\":\"https:\/\/nofloods.com\/es\/terms-and-use\/\",\"url\":\"https:\/\/nofloods.com\/es\/terms-and-use\/\",\"name\":\"Condiciones de uso - NoFloods\",\"isPartOf\":{\"@id\":\"https:\/\/nofloods.com\/es\/#website\"},\"datePublished\":\"2025-09-05T09:51:14+00:00\",\"dateModified\":\"2025-10-10T18:15:10+00:00\",\"breadcrumb\":{\"@id\":\"https:\/\/nofloods.com\/es\/terms-and-use\/#breadcrumb\"},\"inLanguage\":\"es\",\"potentialAction\":[{\"@type\":\"ReadAction\",\"target\":[\"https:\/\/nofloods.com\/es\/terms-and-use\/\"]}]},{\"@type\":\"BreadcrumbList\",\"@id\":\"https:\/\/nofloods.com\/es\/terms-and-use\/#breadcrumb\",\"itemListElement\":[{\"@type\":\"ListItem\",\"position\":1,\"name\":\"Home\",\"item\":\"https:\/\/nofloods.com\/es\/\"},{\"@type\":\"ListItem\",\"position\":2,\"name\":\"Condiciones de uso\"}]},{\"@type\":\"WebSite\",\"@id\":\"https:\/\/nofloods.com\/es\/#website\",\"url\":\"https:\/\/nofloods.com\/es\/\",\"name\":\"NoFloods\",\"description\":\"By Environment Solutions\",\"publisher\":{\"@id\":\"https:\/\/nofloods.com\/es\/#organization\"},\"potentialAction\":[{\"@type\":\"SearchAction\",\"target\":{\"@type\":\"EntryPoint\",\"urlTemplate\":\"https:\/\/nofloods.com\/es\/?s={search_term_string}\"},\"query-input\":{\"@type\":\"PropertyValueSpecification\",\"valueRequired\":true,\"valueName\":\"search_term_string\"}}],\"inLanguage\":\"es\"},{\"@type\":\"Organization\",\"@id\":\"https:\/\/nofloods.com\/es\/#organization\",\"name\":\"NoFloods\",\"url\":\"https:\/\/nofloods.com\/es\/\",\"logo\":{\"@type\":\"ImageObject\",\"inLanguage\":\"es\",\"@id\":\"https:\/\/nofloods.com\/es\/#\/schema\/logo\/image\/\",\"url\":\"https:\/\/nofloods.com\/wp-content\/uploads\/2025\/05\/NoFloods-EasyWall-Logo.webp?wsr\",\"contentUrl\":\"https:\/\/nofloods.com\/wp-content\/uploads\/2025\/05\/NoFloods-EasyWall-Logo.webp?wsr\",\"width\":340,\"height\":70,\"caption\":\"NoFloods\"},\"image\":{\"@id\":\"https:\/\/nofloods.com\/es\/#\/schema\/logo\/image\/\"},\"sameAs\":[\"https:\/\/www.facebook.com\/environmentsolutions\/\",\"https:\/\/x.com\/NoFloodsBarrier\",\"https:\/\/www.linkedin.com\/company\/environment-solutions-aps\"]}]}<\/script>\n<!-- \/ Yoast SEO plugin. -->","yoast_head_json":{"title":"Condiciones de uso - NoFloods","robots":{"index":"index","follow":"follow","max-snippet":"max-snippet:-1","max-image-preview":"max-image-preview:large","max-video-preview":"max-video-preview:-1"},"canonical":"https:\/\/nofloods.com\/es\/terms-and-use\/","og_locale":"es_ES","og_type":"article","og_title":"Condiciones de uso - NoFloods","og_description":"Condiciones de uso Home &gt; ACERCA DE ESTAS CONDICIONES DE USO Le rogamos que lea atentamente estas condiciones antes de [&hellip;]","og_url":"https:\/\/nofloods.com\/es\/terms-and-use\/","og_site_name":"NoFloods","article_publisher":"https:\/\/www.facebook.com\/environmentsolutions\/","article_modified_time":"2025-10-10T18:15:10+00:00","twitter_card":"summary_large_image","twitter_site":"@NoFloodsBarrier","twitter_misc":{"Tiempo de lectura":"6 minutos"},"schema":{"@context":"https:\/\/schema.org","@graph":[{"@type":"WebPage","@id":"https:\/\/nofloods.com\/es\/terms-and-use\/","url":"https:\/\/nofloods.com\/es\/terms-and-use\/","name":"Condiciones de uso - NoFloods","isPartOf":{"@id":"https:\/\/nofloods.com\/es\/#website"},"datePublished":"2025-09-05T09:51:14+00:00","dateModified":"2025-10-10T18:15:10+00:00","breadcrumb":{"@id":"https:\/\/nofloods.com\/es\/terms-and-use\/#breadcrumb"},"inLanguage":"es","potentialAction":[{"@type":"ReadAction","target":["https:\/\/nofloods.com\/es\/terms-and-use\/"]}]},{"@type":"BreadcrumbList","@id":"https:\/\/nofloods.com\/es\/terms-and-use\/#breadcrumb","itemListElement":[{"@type":"ListItem","position":1,"name":"Home","item":"https:\/\/nofloods.com\/es\/"},{"@type":"ListItem","position":2,"name":"Condiciones de uso"}]},{"@type":"WebSite","@id":"https:\/\/nofloods.com\/es\/#website","url":"https:\/\/nofloods.com\/es\/","name":"NoFloods","description":"By Environment Solutions","publisher":{"@id":"https:\/\/nofloods.com\/es\/#organization"},"potentialAction":[{"@type":"SearchAction","target":{"@type":"EntryPoint","urlTemplate":"https:\/\/nofloods.com\/es\/?s={search_term_string}"},"query-input":{"@type":"PropertyValueSpecification","valueRequired":true,"valueName":"search_term_string"}}],"inLanguage":"es"},{"@type":"Organization","@id":"https:\/\/nofloods.com\/es\/#organization","name":"NoFloods","url":"https:\/\/nofloods.com\/es\/","logo":{"@type":"ImageObject","inLanguage":"es","@id":"https:\/\/nofloods.com\/es\/#\/schema\/logo\/image\/","url":"https:\/\/nofloods.com\/wp-content\/uploads\/2025\/05\/NoFloods-EasyWall-Logo.webp?wsr","contentUrl":"https:\/\/nofloods.com\/wp-content\/uploads\/2025\/05\/NoFloods-EasyWall-Logo.webp?wsr","width":340,"height":70,"caption":"NoFloods"},"image":{"@id":"https:\/\/nofloods.com\/es\/#\/schema\/logo\/image\/"},"sameAs":["https:\/\/www.facebook.com\/environmentsolutions\/","https:\/\/x.com\/NoFloodsBarrier","https:\/\/www.linkedin.com\/company\/environment-solutions-aps"]}]}},"rttpg_featured_image_url":null,"rttpg_author":{"display_name":"nofloods_admin","author_link":"https:\/\/nofloods.com\/es\/author\/nofloods_admin\/"},"rttpg_comment":0,"rttpg_category":" <a href=\"https:\/\/nofloods.com\/es\/?taxonomy=translation_priority&#038;term=opcional\" rel=\"tag\">Opcional<\/a>","rttpg_excerpt":"Condiciones de uso Home &gt; ACERCA DE ESTAS CONDICIONES DE USO Le rogamos que lea atentamente estas condiciones antes de [&hellip;]","_links":{"self":[{"href":"https:\/\/nofloods.com\/es\/wp-json\/wp\/v2\/pages\/16828","targetHints":{"allow":["GET"]}}],"collection":[{"href":"https:\/\/nofloods.com\/es\/wp-json\/wp\/v2\/pages"}],"about":[{"href":"https:\/\/nofloods.com\/es\/wp-json\/wp\/v2\/types\/page"}],"author":[{"embeddable":true,"href":"https:\/\/nofloods.com\/es\/wp-json\/wp\/v2\/users\/1"}],"replies":[{"embeddable":true,"href":"https:\/\/nofloods.com\/es\/wp-json\/wp\/v2\/comments?post=16828"}],"version-history":[{"count":5,"href":"https:\/\/nofloods.com\/es\/wp-json\/wp\/v2\/pages\/16828\/revisions"}],"predecessor-version":[{"id":26401,"href":"https:\/\/nofloods.com\/es\/wp-json\/wp\/v2\/pages\/16828\/revisions\/26401"}],"wp:attachment":[{"href":"https:\/\/nofloods.com\/es\/wp-json\/wp\/v2\/media?parent=16828"}],"curies":[{"name":"wp","href":"https:\/\/api.w.org\/{rel}","templated":true}]}}