{"id":16866,"date":"2025-09-05T09:56:14","date_gmt":"2025-09-05T09:56:14","guid":{"rendered":"https:\/\/flood-protection.org\/politica-de-cookies\/"},"modified":"2025-09-08T14:33:26","modified_gmt":"2025-09-08T14:33:26","slug":"politica-de-cookies","status":"publish","type":"page","link":"https:\/\/nofloods.com\/es\/politica-de-cookies\/","title":{"rendered":"Pol\u00edtica de cookies"},"content":{"rendered":"\t\t<div data-elementor-type=\"wp-page\" data-elementor-id=\"16866\" class=\"elementor elementor-16866 elementor-12734\">\n\t\t\t\t<div class=\"elementor-element elementor-element-853fd1f e-flex e-con-boxed e-con e-parent\" data-id=\"853fd1f\" data-element_type=\"container\" data-e-type=\"container\" data-settings=\"{&quot;background_background&quot;:&quot;classic&quot;}\">\n\t\t\t\t\t<div class=\"e-con-inner\">\n\t\t<div class=\"elementor-element elementor-element-5bd29bb e-con-full e-flex e-con e-child\" data-id=\"5bd29bb\" data-element_type=\"container\" data-e-type=\"container\" data-settings=\"{&quot;background_background&quot;:&quot;classic&quot;}\">\n\t\t\t\t<div class=\"elementor-element elementor-element-8cfa58a elementor-widget elementor-widget-heading\" data-id=\"8cfa58a\" data-element_type=\"widget\" data-e-type=\"widget\" data-widget_type=\"heading.default\">\n\t\t\t\t<div class=\"elementor-widget-container\">\n\t\t\t\t\t<h1 class=\"elementor-heading-title elementor-size-default\">Pol\u00edtica de cookies<\/h1>\t\t\t\t<\/div>\n\t\t\t\t<\/div>\n\t\t\t\t<div class=\"elementor-element elementor-element-1b24f59 elementor-widget elementor-widget-eael-breadcrumbs\" data-id=\"1b24f59\" data-element_type=\"widget\" data-e-type=\"widget\" data-widget_type=\"eael-breadcrumbs.default\">\n\t\t\t\t<div class=\"elementor-widget-container\">\n\t\t\t\t\t\t\t<div class=\"eael-breadcrumbs\">\n\t\t\t<div class=\"eael-breadcrumbs__content\"><a href=\"https:\/\/nofloods.com\/es\/\">Home<\/a> <span class=\"eael-breadcrumb-separator\">&gt;<\/span> <span class = \"eael-current\">P\u00e1gina<\/span><\/div>\t\t<\/div>\n\t\t\t\t\t\t<\/div>\n\t\t\t\t<\/div>\n\t\t\t\t<\/div>\n\t\t\t\t\t<\/div>\n\t\t\t\t<\/div>\n\t\t<div class=\"elementor-element elementor-element-4a0067a e-flex e-con-boxed e-con e-parent\" data-id=\"4a0067a\" data-element_type=\"container\" data-e-type=\"container\" data-settings=\"{&quot;background_background&quot;:&quot;classic&quot;}\">\n\t\t\t\t\t<div class=\"e-con-inner\">\n\t\t\t\t<div class=\"elementor-element elementor-element-9ad7b4a elementor-widget elementor-widget-text-editor\" data-id=\"9ad7b4a\" data-element_type=\"widget\" data-e-type=\"widget\" data-widget_type=\"text-editor.default\">\n\t\t\t\t<div class=\"elementor-widget-container\">\n\t\t\t\t\t\t\t\t\t<h4><strong>ACERCA DE ESTA POL\u00cdTICA DE COOKIES<\/strong><\/h4>\n<div><strong>&nbsp;<\/strong><\/div>\n<p>Esta pol\u00edtica de cookies explica qu\u00e9 son las cookies y c\u00f3mo las utilizamos en nuestro sitio web. Le recomendamos que lea esta pol\u00edtica para que pueda comprender qu\u00e9 tipo de cookies utilizamos, la informaci\u00f3n que recopilamos mediante las cookies y c\u00f3mo se utiliza esa informaci\u00f3n. Al utilizar nuestro sitio web, acepta que podemos utilizar cookies de acuerdo con esta pol\u00edtica.  <\/p>\n<h4><strong>\u00bfQu\u00e9 son las cookies?<\/strong><\/h4>\n<div><strong>&nbsp;<\/strong><\/div>\n<p>Las cookies son archivos que contienen una peque\u00f1a cantidad de informaci\u00f3n. Las cookies se almacenan en el navegador o en el disco duro de su ordenador o dispositivo. <\/p>\n<h4><strong>\u00bfC\u00f3mo utilizamos las cookies?<\/strong><\/h4>\n<div><strong>&nbsp;<\/strong><\/div>\n<p>Utilizamos cookies para distinguirlo de otros usuarios de nuestro sitio web y para proporcionarle una experiencia de navegaci\u00f3n \u00fanica. Nosotros utilizamos cookies para que nuestro sitio web pueda recordar lo que ha hecho mientras navegaba, por ejemplo, sus datos de inicio de sesi\u00f3n, cu\u00e1nto ha avanzado con un pedido y lo que hay en su carrito de compra. <\/p>\n<h4><strong>\u00bfQu\u00e9 tipo de cookies utilizamos?<\/strong><\/h4>\n<div><strong>&nbsp;<\/strong><\/div>\n<p>Las cookies pueden ser cookies de sesi\u00f3n o cookies persistentes. Las cookies de sesi\u00f3n se eliminan de su ordenador o dispositivo cuando cierra su navegador web. Las cookies persistentes permanecer\u00e1n almacenadas en su ordenador o dispositivo hasta que se eliminen o hasta que alcancen su fecha de caducidad. Utilizamos las siguientes cookies:   <\/p>\n<p>Cookies anal\u00edticas\/de rendimiento. Estas cookies nos permiten reconocer y contar el n\u00famero de visitantes de nuestro sitio web y ver c\u00f3mo se mueven los visitantes cuando lo est\u00e1n utilizando. Esto nos ayuda a mejorar el funcionamiento de nuestro sitio web, por ejemplo, asegur\u00e1ndonos de que los usuarios encuentren f\u00e1cilmente lo que buscan.  <\/p>\n<p>Cookies de funcionalidad. Estas cookies se utilizan para reconocerlo cuando regresa a nuestro sitio web. Esto nos permite personalizar nuestro contenido para usted, como saludarlo por su nombre y recordar sus preferencias. Tambi\u00e9n permite la asistencia por chat en vivo durante su experiencia de navegaci\u00f3n.   <\/p>\n<p>Cookies de segmentaci\u00f3n. Estas cookies registran su visita a nuestro sitio web, las p\u00e1ginas que ha visitado y los enlaces que ha seguido. Utilizaremos esta informaci\u00f3n para que nuestro sitio web y la publicidad que se muestra en \u00e9l sean m\u00e1s relevantes para sus intereses. Tambi\u00e9n podemos compartir esta informaci\u00f3n con terceros para este fin. Estas cookies le permiten compartir y enviar informaci\u00f3n a otros sitios web.    <\/p>\n<h4><strong>\u00bfQu\u00e9 tipo de informaci\u00f3n recopilamos mediante el uso de cookies?<\/strong><\/h4>\n<div><strong>&nbsp;<\/strong><\/div>\n<p>Cuando visita nuestro sitio web, podemos recopilar autom\u00e1ticamente los siguientes tipos de informaci\u00f3n: su direcci\u00f3n de protocolo de Internet (IP), su informaci\u00f3n de inicio de sesi\u00f3n, la configuraci\u00f3n de la zona horaria, el sistema operativo y la plataforma, informaci\u00f3n sobre sus visitas, incluida la URL de la que procede, su pa\u00eds, los t\u00e9rminos de b\u00fasqueda que utiliz\u00f3 en nuestro sitio web, los productos que vio o busc\u00f3, los tiempos de respuesta de la p\u00e1gina, los errores de descarga, la duraci\u00f3n de las visitas a determinadas p\u00e1ginas, la informaci\u00f3n de interacci\u00f3n de la p\u00e1gina (como el desplazamiento, los clics y los movimientos del rat\u00f3n) y los m\u00e9todos utilizados para abandonar la p\u00e1gina.<\/p>\n<h4><strong>\u00bfC\u00f3mo se bloquean las cookies?<\/strong><\/h4>\n<div><strong>&nbsp;<\/strong><\/div>\n<p>La mayor\u00eda de los navegadores le permiten rechazar las cookies. Puede bloquear nuestras cookies activando la configuraci\u00f3n de su navegador que le permite rechazar la configuraci\u00f3n de todas o algunas cookies. Puede obtener m\u00e1s informaci\u00f3n sobre las cookies y c\u00f3mo eliminarlas y controlarlas en www.aboutcookies.org o hacer clic en Ayuda en el men\u00fa de su navegador.  <\/p>\n<p>Si bloquea nuestro uso de cookies, es posible que no pueda acceder a ciertas \u00e1reas de nuestro sitio web y ciertas funciones y p\u00e1ginas no funcionar\u00e1n de la forma habitual. Por ejemplo, no podr\u00e1 utilizar la funci\u00f3n de lista de la compra ni comprar en l\u00ednea. <\/p>\n<h4><strong>C\u00f3mo puede <em>ENVIRONMENT SOLUTIONS APS<\/em> cambiar la pol\u00edtica de cookies<\/strong><\/h4><div><strong><br><\/strong><\/div>\n<p>Es posible que actualicemos esta pol\u00edtica de vez en cuando. Los cambios en la tecnolog\u00eda, la legislaci\u00f3n y las directrices de las autoridades pueden obligarnos a informarle de las actividades que llevamos a cabo cuando afecten a sus derechos de privacidad. Le recomendamos que consulte esta p\u00e1gina de vez en cuando para asegurarse de que est\u00e1 familiarizado con cualquier cambio.  <\/p>\t\t\t\t\t\t\t\t<\/div>\n\t\t\t\t<\/div>\n\t\t\t\t\t<\/div>\n\t\t\t\t<\/div>\n\t\t\t\t<\/div>\n\t\t","protected":false},"excerpt":{"rendered":"<p>Pol\u00edtica de cookies Home &gt; ACERCA DE ESTA POL\u00cdTICA DE COOKIES &nbsp; Esta pol\u00edtica de cookies explica qu\u00e9 son las [&hellip;]<\/p>\n","protected":false},"author":1,"featured_media":0,"parent":0,"menu_order":0,"comment_status":"closed","ping_status":"closed","template":"elementor_header_footer","meta":{"_acf_changed":false,"site-sidebar-layout":"default","site-content-layout":"","ast-site-content-layout":"default","site-content-style":"default","site-sidebar-style":"default","ast-global-header-display":"","ast-banner-title-visibility":"","ast-main-header-display":"","ast-hfb-above-header-display":"","ast-hfb-below-header-display":"","ast-hfb-mobile-header-display":"","site-post-title":"","ast-breadcrumbs-content":"","ast-featured-img":"","footer-sml-layout":"","ast-disable-related-posts":"","theme-transparent-header-meta":"","adv-header-id-meta":"","stick-header-meta":"","header-above-stick-meta":"","header-main-stick-meta":"","header-below-stick-meta":"","astra-migrate-meta-layouts":"default","ast-page-background-enabled":"default","ast-page-background-meta":{"desktop":{"background-color":"","background-image":"","background-repeat":"repeat","background-position":"center center","background-size":"auto","background-attachment":"scroll","background-type":"","background-media":"","overlay-type":"","overlay-color":"","overlay-opacity":"","overlay-gradient":""},"tablet":{"background-color":"","background-image":"","background-repeat":"repeat","background-position":"center center","background-size":"auto","background-attachment":"scroll","background-type":"","background-media":"","overlay-type":"","overlay-color":"","overlay-opacity":"","overlay-gradient":""},"mobile":{"background-color":"","background-image":"","background-repeat":"repeat","background-position":"center center","background-size":"auto","background-attachment":"scroll","background-type":"","background-media":"","overlay-type":"","overlay-color":"","overlay-opacity":"","overlay-gradient":""}},"ast-content-background-meta":{"desktop":{"background-color":"var(--ast-global-color-5)","background-image":"","background-repeat":"repeat","background-position":"center center","background-size":"auto","background-attachment":"scroll","background-type":"","background-media":"","overlay-type":"","overlay-color":"","overlay-opacity":"","overlay-gradient":""},"tablet":{"background-color":"var(--ast-global-color-5)","background-image":"","background-repeat":"repeat","background-position":"center center","background-size":"auto","background-attachment":"scroll","background-type":"","background-media":"","overlay-type":"","overlay-color":"","overlay-opacity":"","overlay-gradient":""},"mobile":{"background-color":"var(--ast-global-color-5)","background-image":"","background-repeat":"repeat","background-position":"center center","background-size":"auto","background-attachment":"scroll","background-type":"","background-media":"","overlay-type":"","overlay-color":"","overlay-opacity":"","overlay-gradient":""}},"footnotes":""},"class_list":["post-16866","page","type-page","status-publish","hentry"],"acf":[],"yoast_head":"<!-- This site is optimized with the Yoast SEO plugin v27.2 - https:\/\/yoast.com\/product\/yoast-seo-wordpress\/ -->\n<title>Pol\u00edtica de cookies - NoFloods<\/title>\n<meta name=\"robots\" content=\"index, follow, max-snippet:-1, max-image-preview:large, max-video-preview:-1\" \/>\n<link rel=\"canonical\" href=\"https:\/\/nofloods.com\/es\/politica-de-cookies\/\" \/>\n<meta property=\"og:locale\" content=\"es_ES\" \/>\n<meta property=\"og:type\" content=\"article\" \/>\n<meta property=\"og:title\" content=\"Pol\u00edtica de cookies - NoFloods\" \/>\n<meta property=\"og:description\" content=\"Pol\u00edtica de cookies Home &gt; ACERCA DE ESTA POL\u00cdTICA DE COOKIES &nbsp; Esta pol\u00edtica de cookies explica qu\u00e9 son las [&hellip;]\" \/>\n<meta property=\"og:url\" content=\"https:\/\/nofloods.com\/es\/politica-de-cookies\/\" \/>\n<meta property=\"og:site_name\" content=\"NoFloods\" \/>\n<meta property=\"article:publisher\" content=\"https:\/\/www.facebook.com\/environmentsolutions\/\" \/>\n<meta property=\"article:modified_time\" content=\"2025-09-08T14:33:26+00:00\" \/>\n<meta name=\"twitter:card\" content=\"summary_large_image\" \/>\n<meta name=\"twitter:site\" content=\"@NoFloodsBarrier\" \/>\n<meta name=\"twitter:label1\" content=\"Tiempo de lectura\" \/>\n\t<meta name=\"twitter:data1\" content=\"4 minutos\" \/>\n<script type=\"application\/ld+json\" class=\"yoast-schema-graph\">{\"@context\":\"https:\/\/schema.org\",\"@graph\":[{\"@type\":\"WebPage\",\"@id\":\"https:\/\/nofloods.com\/es\/politica-de-cookies\/\",\"url\":\"https:\/\/nofloods.com\/es\/politica-de-cookies\/\",\"name\":\"Pol\u00edtica de cookies - NoFloods\",\"isPartOf\":{\"@id\":\"https:\/\/nofloods.com\/es\/#website\"},\"datePublished\":\"2025-09-05T09:56:14+00:00\",\"dateModified\":\"2025-09-08T14:33:26+00:00\",\"breadcrumb\":{\"@id\":\"https:\/\/nofloods.com\/es\/politica-de-cookies\/#breadcrumb\"},\"inLanguage\":\"es\",\"potentialAction\":[{\"@type\":\"ReadAction\",\"target\":[\"https:\/\/nofloods.com\/es\/politica-de-cookies\/\"]}]},{\"@type\":\"BreadcrumbList\",\"@id\":\"https:\/\/nofloods.com\/es\/politica-de-cookies\/#breadcrumb\",\"itemListElement\":[{\"@type\":\"ListItem\",\"position\":1,\"name\":\"Home\",\"item\":\"https:\/\/nofloods.com\/es\/\"},{\"@type\":\"ListItem\",\"position\":2,\"name\":\"Pol\u00edtica de cookies\"}]},{\"@type\":\"WebSite\",\"@id\":\"https:\/\/nofloods.com\/es\/#website\",\"url\":\"https:\/\/nofloods.com\/es\/\",\"name\":\"NoFloods\",\"description\":\"By Environment Solutions\",\"publisher\":{\"@id\":\"https:\/\/nofloods.com\/es\/#organization\"},\"potentialAction\":[{\"@type\":\"SearchAction\",\"target\":{\"@type\":\"EntryPoint\",\"urlTemplate\":\"https:\/\/nofloods.com\/es\/?s={search_term_string}\"},\"query-input\":{\"@type\":\"PropertyValueSpecification\",\"valueRequired\":true,\"valueName\":\"search_term_string\"}}],\"inLanguage\":\"es\"},{\"@type\":\"Organization\",\"@id\":\"https:\/\/nofloods.com\/es\/#organization\",\"name\":\"NoFloods\",\"url\":\"https:\/\/nofloods.com\/es\/\",\"logo\":{\"@type\":\"ImageObject\",\"inLanguage\":\"es\",\"@id\":\"https:\/\/nofloods.com\/es\/#\/schema\/logo\/image\/\",\"url\":\"https:\/\/nofloods.com\/wp-content\/uploads\/2025\/05\/NoFloods-EasyWall-Logo.webp?wsr\",\"contentUrl\":\"https:\/\/nofloods.com\/wp-content\/uploads\/2025\/05\/NoFloods-EasyWall-Logo.webp?wsr\",\"width\":340,\"height\":70,\"caption\":\"NoFloods\"},\"image\":{\"@id\":\"https:\/\/nofloods.com\/es\/#\/schema\/logo\/image\/\"},\"sameAs\":[\"https:\/\/www.facebook.com\/environmentsolutions\/\",\"https:\/\/x.com\/NoFloodsBarrier\",\"https:\/\/www.linkedin.com\/company\/environment-solutions-aps\"]}]}<\/script>\n<!-- \/ Yoast SEO plugin. -->","yoast_head_json":{"title":"Pol\u00edtica de cookies - NoFloods","robots":{"index":"index","follow":"follow","max-snippet":"max-snippet:-1","max-image-preview":"max-image-preview:large","max-video-preview":"max-video-preview:-1"},"canonical":"https:\/\/nofloods.com\/es\/politica-de-cookies\/","og_locale":"es_ES","og_type":"article","og_title":"Pol\u00edtica de cookies - NoFloods","og_description":"Pol\u00edtica de cookies Home &gt; ACERCA DE ESTA POL\u00cdTICA DE COOKIES &nbsp; Esta pol\u00edtica de cookies explica qu\u00e9 son las [&hellip;]","og_url":"https:\/\/nofloods.com\/es\/politica-de-cookies\/","og_site_name":"NoFloods","article_publisher":"https:\/\/www.facebook.com\/environmentsolutions\/","article_modified_time":"2025-09-08T14:33:26+00:00","twitter_card":"summary_large_image","twitter_site":"@NoFloodsBarrier","twitter_misc":{"Tiempo de lectura":"4 minutos"},"schema":{"@context":"https:\/\/schema.org","@graph":[{"@type":"WebPage","@id":"https:\/\/nofloods.com\/es\/politica-de-cookies\/","url":"https:\/\/nofloods.com\/es\/politica-de-cookies\/","name":"Pol\u00edtica de cookies - NoFloods","isPartOf":{"@id":"https:\/\/nofloods.com\/es\/#website"},"datePublished":"2025-09-05T09:56:14+00:00","dateModified":"2025-09-08T14:33:26+00:00","breadcrumb":{"@id":"https:\/\/nofloods.com\/es\/politica-de-cookies\/#breadcrumb"},"inLanguage":"es","potentialAction":[{"@type":"ReadAction","target":["https:\/\/nofloods.com\/es\/politica-de-cookies\/"]}]},{"@type":"BreadcrumbList","@id":"https:\/\/nofloods.com\/es\/politica-de-cookies\/#breadcrumb","itemListElement":[{"@type":"ListItem","position":1,"name":"Home","item":"https:\/\/nofloods.com\/es\/"},{"@type":"ListItem","position":2,"name":"Pol\u00edtica de cookies"}]},{"@type":"WebSite","@id":"https:\/\/nofloods.com\/es\/#website","url":"https:\/\/nofloods.com\/es\/","name":"NoFloods","description":"By Environment Solutions","publisher":{"@id":"https:\/\/nofloods.com\/es\/#organization"},"potentialAction":[{"@type":"SearchAction","target":{"@type":"EntryPoint","urlTemplate":"https:\/\/nofloods.com\/es\/?s={search_term_string}"},"query-input":{"@type":"PropertyValueSpecification","valueRequired":true,"valueName":"search_term_string"}}],"inLanguage":"es"},{"@type":"Organization","@id":"https:\/\/nofloods.com\/es\/#organization","name":"NoFloods","url":"https:\/\/nofloods.com\/es\/","logo":{"@type":"ImageObject","inLanguage":"es","@id":"https:\/\/nofloods.com\/es\/#\/schema\/logo\/image\/","url":"https:\/\/nofloods.com\/wp-content\/uploads\/2025\/05\/NoFloods-EasyWall-Logo.webp?wsr","contentUrl":"https:\/\/nofloods.com\/wp-content\/uploads\/2025\/05\/NoFloods-EasyWall-Logo.webp?wsr","width":340,"height":70,"caption":"NoFloods"},"image":{"@id":"https:\/\/nofloods.com\/es\/#\/schema\/logo\/image\/"},"sameAs":["https:\/\/www.facebook.com\/environmentsolutions\/","https:\/\/x.com\/NoFloodsBarrier","https:\/\/www.linkedin.com\/company\/environment-solutions-aps"]}]}},"rttpg_featured_image_url":null,"rttpg_author":{"display_name":"nofloods_admin","author_link":"https:\/\/nofloods.com\/es\/author\/nofloods_admin\/"},"rttpg_comment":0,"rttpg_category":" <a href=\"https:\/\/nofloods.com\/es\/?taxonomy=translation_priority&#038;term=opcional\" rel=\"tag\">Opcional<\/a>","rttpg_excerpt":"Pol\u00edtica de cookies Home &gt; ACERCA DE ESTA POL\u00cdTICA DE COOKIES &nbsp; Esta pol\u00edtica de cookies explica qu\u00e9 son las [&hellip;]","_links":{"self":[{"href":"https:\/\/nofloods.com\/es\/wp-json\/wp\/v2\/pages\/16866","targetHints":{"allow":["GET"]}}],"collection":[{"href":"https:\/\/nofloods.com\/es\/wp-json\/wp\/v2\/pages"}],"about":[{"href":"https:\/\/nofloods.com\/es\/wp-json\/wp\/v2\/types\/page"}],"author":[{"embeddable":true,"href":"https:\/\/nofloods.com\/es\/wp-json\/wp\/v2\/users\/1"}],"replies":[{"embeddable":true,"href":"https:\/\/nofloods.com\/es\/wp-json\/wp\/v2\/comments?post=16866"}],"version-history":[{"count":1,"href":"https:\/\/nofloods.com\/es\/wp-json\/wp\/v2\/pages\/16866\/revisions"}],"predecessor-version":[{"id":16870,"href":"https:\/\/nofloods.com\/es\/wp-json\/wp\/v2\/pages\/16866\/revisions\/16870"}],"wp:attachment":[{"href":"https:\/\/nofloods.com\/es\/wp-json\/wp\/v2\/media?parent=16866"}],"curies":[{"name":"wp","href":"https:\/\/api.w.org\/{rel}","templated":true}]}}