{"id":16846,"date":"2025-09-05T09:51:14","date_gmt":"2025-09-05T09:51:14","guid":{"rendered":"https:\/\/flood-protection.org\/kayttoehdot\/"},"modified":"2025-10-10T18:14:57","modified_gmt":"2025-10-10T18:14:57","slug":"terms-and-use","status":"publish","type":"page","link":"https:\/\/nofloods.com\/fi\/terms-and-use\/","title":{"rendered":"K\u00e4ytt\u00f6ehdot"},"content":{"rendered":"\t\t<div data-elementor-type=\"wp-page\" data-elementor-id=\"16846\" class=\"elementor elementor-16846 elementor-12711\">\n\t\t\t\t<div class=\"elementor-element elementor-element-853fd1f e-flex e-con-boxed e-con e-parent\" data-id=\"853fd1f\" data-element_type=\"container\" data-e-type=\"container\" data-settings=\"{&quot;background_background&quot;:&quot;classic&quot;}\">\n\t\t\t\t\t<div class=\"e-con-inner\">\n\t\t<div class=\"elementor-element elementor-element-5bd29bb e-con-full e-flex e-con e-child\" data-id=\"5bd29bb\" data-element_type=\"container\" data-e-type=\"container\" data-settings=\"{&quot;background_background&quot;:&quot;classic&quot;}\">\n\t\t\t\t<div class=\"elementor-element elementor-element-8cfa58a elementor-widget elementor-widget-heading\" data-id=\"8cfa58a\" data-element_type=\"widget\" data-e-type=\"widget\" data-widget_type=\"heading.default\">\n\t\t\t\t<div class=\"elementor-widget-container\">\n\t\t\t\t\t<h1 class=\"elementor-heading-title elementor-size-default\">K\u00e4ytt\u00f6ehdot<\/h1>\t\t\t\t<\/div>\n\t\t\t\t<\/div>\n\t\t\t\t<div class=\"elementor-element elementor-element-1b24f59 elementor-widget elementor-widget-eael-breadcrumbs\" data-id=\"1b24f59\" data-element_type=\"widget\" data-e-type=\"widget\" data-widget_type=\"eael-breadcrumbs.default\">\n\t\t\t\t<div class=\"elementor-widget-container\">\n\t\t\t\t\t\t\t<div class=\"eael-breadcrumbs\">\n\t\t\t<div class=\"eael-breadcrumbs__content\"><a href=\"https:\/\/nofloods.com\/fi\/\">Home<\/a> <span class=\"eael-breadcrumb-separator\">&gt;<\/span> <span class = \"eael-current\">Sivu<\/span><\/div>\t\t<\/div>\n\t\t\t\t\t\t<\/div>\n\t\t\t\t<\/div>\n\t\t\t\t<\/div>\n\t\t\t\t\t<\/div>\n\t\t\t\t<\/div>\n\t\t<div class=\"elementor-element elementor-element-4a0067a e-flex e-con-boxed e-con e-parent\" data-id=\"4a0067a\" data-element_type=\"container\" data-e-type=\"container\" data-settings=\"{&quot;background_background&quot;:&quot;classic&quot;}\">\n\t\t\t\t\t<div class=\"e-con-inner\">\n\t\t\t\t<div class=\"elementor-element elementor-element-9ad7b4a elementor-widget elementor-widget-text-editor\" data-id=\"9ad7b4a\" data-element_type=\"widget\" data-e-type=\"widget\" data-widget_type=\"text-editor.default\">\n\t\t\t\t<div class=\"elementor-widget-container\">\n\t\t\t\t\t\t\t\t\t<h4><strong>N\u00c4IST\u00c4 K\u00c4YTT\u00d6EHDOISTA<\/strong><\/h4><div><strong> <\/strong><\/div><p>Pyyd\u00e4mme, ett\u00e4 luet n\u00e4m\u00e4 ehdot huolellisesti ennen verkkosivustomme k\u00e4ytt\u00f6\u00e4. N\u00e4m\u00e4 k\u00e4ytt\u00f6ehdot kertovat, miten voit k\u00e4ytt\u00e4\u00e4 verkkosivustoamme. Jatkamalla verkkosivustomme selaamista hyv\u00e4ksyt n\u00e4m\u00e4 ehdot.  <\/p><h4><strong>HENKIL\u00d6TIETOSI<\/strong><\/h4><div><strong> <\/strong><\/div><p>K\u00e4sittelemme kaikkia verkkosivustollamme antamiasi henkil\u00f6tietoja tietosuojak\u00e4yt\u00e4nt\u00f6mme mukaisesti. Varmista, ett\u00e4 kaikki verkkosivustollamme antamasi tiedot, mukaan lukien k\u00e4ytt\u00e4j\u00e4tunnus ja salasana, pidet\u00e4\u00e4n turvassa, suojattuna ja luottamuksellisena. <\/p><h4><strong>VERKKOSIVUSTOMME TIEDOT<\/strong><\/h4><div><strong> <\/strong><\/div><p>Teemme parhaamme varmistaaksemme, ett\u00e4 verkkosivustomme toimii oikein koko ajan, mutta emme anna mit\u00e4\u00e4n takuita verkkosivustomme saatavuudesta tai saavutettavuudesta, emmek\u00e4 (paitsi t\u00e4ss\u00e4 mainituissa tapauksissa) ole vastuussa mist\u00e4\u00e4n vahingoista, menetyksist\u00e4, kustannuksista tai kuluista, jotka aiheutuvat sinulle verkkosivustomme saatavuuden tai saavutettavuuden puutteesta. Jos hintamme on esitetty v\u00e4\u00e4rin, pid\u00e4t\u00e4mme oikeuden korjata hinnat emmek\u00e4 myy sinulle tuotetta alkuper\u00e4isell\u00e4 verkkosivustollamme n\u00e4kem\u00e4ll\u00e4si hinnalla. <\/p><h4><strong>LINKIT JA JAKAMINEN<\/strong><\/h4><div><strong> <\/strong><\/div><p>Kaikki linkit tai mahdollisuudet jakaa (sosiaalisen median, blogien ja vastaavien sivustojen ja viestint\u00e4palveluiden kautta) verkkosivustollamme on tarjottu yksinomaan sinun k\u00e4ytt\u00f6\u00f6si ja mukavuudeksesi. Linkki ei edusta mit\u00e4\u00e4n suositusta tai suositusta meilt\u00e4 eik\u00e4 tarkoita, ett\u00e4 meill\u00e4 olisi mit\u00e4\u00e4n yhteytt\u00e4 linkitettyyn verkkosivustoon. Emme ole vastuussa mink\u00e4\u00e4n verkkosivuston sis\u00e4ll\u00f6st\u00e4, joka on linkitetty verkkosivustollemme tai sielt\u00e4, emmek\u00e4 ole vastuussa mist\u00e4\u00e4n oikeudellisista seurauksista, jotka aiheutuvat sopimusten tekemisest\u00e4 kolmansien osapuolten kanssa, jotka tarjoavat n\u00e4it\u00e4 linkitettyj\u00e4 verkkosivustoja, emmek\u00e4 hyv\u00e4ksy mit\u00e4\u00e4n vastuuta mist\u00e4\u00e4n menetyksist\u00e4, vahingoista, kuluista, kustannuksista tai vastuista, jotka aiheutuvat sinulle.  <\/p><p>Huomaa, ett\u00e4 jos jaat sis\u00e4lt\u00f6\u00e4 muille alustoille, saattaa olla erillisi\u00e4 ehtoja ja edellytyksi\u00e4, jotka liittyv\u00e4t organisaatioon, joka sallii sinun jakaa. Tarkista niiden sivustojen ehdot ja edellytykset, joille aiot jakaa. Jotkut ehdot ja edellytykset saattavat kielt\u00e4\u00e4 sinua jakamasta sis\u00e4lt\u00f6\u00e4mme.  <\/p><p>Emme ole vastuussa mist\u00e4\u00e4n menetyksist\u00e4, vahingoista, kuluista, viiv\u00e4styksist\u00e4 tai muista vastuista (mukaan lukien rajoituksetta taloudelliset menetykset, kuten voiton menetys), jotka saattavat aiheutua sinulle mist\u00e4 tahansa tapahtumasta, joka on kohtuullisen hallintamme ulkopuolella (mukaan lukien rajoituksetta mink\u00e4 tahansa l\u00e4hetyksen, viestinn\u00e4n, tietokoneen tai muiden tilojen ep\u00e4onnistuminen tai kyvytt\u00f6myytesi p\u00e4\u00e4st\u00e4 verkkosivustolle mist\u00e4 tahansa syyst\u00e4 tai mink\u00e4 tahansa ilmoituksen tai viestinn\u00e4n tai ohjeen l\u00e4hett\u00e4misen tai vastaanottamisen ep\u00e4onnistuminen, virhe tai viive postitse tai mill\u00e4 tahansa s\u00e4hk\u00f6isell\u00e4 v\u00e4lineell\u00e4).<\/p><h4><strong>TEKIJ\u00c4NOIKEUS<\/strong><\/h4><div><strong> <\/strong><\/div><p>Verkkosivuston kaikkien osien sis\u00e4lt\u00f6 kuuluu<strong> ENVIRONMENT SOLUTIONS APS:lle<\/strong>. T\u00e4m\u00e4 sis\u00e4lt\u00e4\u00e4 tekij\u00e4noikeudet kaikkeen tekstiin, kuvauksiin ja kuviin. Se sis\u00e4lt\u00e4\u00e4 my\u00f6s tavaramerkit nimess\u00e4mme ja logoissamme.  <\/p><p>Voit ladata paikalliselle kiintolevylle ja tulostaa otteita verkkosivustoltamme henkil\u00f6kohtaiseen k\u00e4ytt\u00f6\u00f6n. Voit my\u00f6s kopioida ladattuja otteita muille, kunhan et tee sit\u00e4 voittoa tavoitellen. <\/p><p>Osan tai koko sis\u00e4ll\u00f6n j\u00e4ljent\u00e4minen miss\u00e4 tahansa muodossa on kielletty, ellei se ole henkil\u00f6kohtaiseen k\u00e4ytt\u00f6\u00f6n. Mik\u00e4\u00e4n verkkosivustomme sis\u00e4ll\u00f6st\u00e4 ei saa kopioida tai muuten sis\u00e4llytt\u00e4\u00e4 tai tallentaa mihink\u00e4\u00e4n muuhun verkkosivustoon, s\u00e4hk\u00f6iseen hakuj\u00e4rjestelm\u00e4\u00e4n, julkaisuun tai muuhun teokseen miss\u00e4\u00e4n muodossa (olipa se sitten paperikopio, s\u00e4hk\u00f6inen tai muu). <\/p><p>Jos haluat k\u00e4ytt\u00e4\u00e4 mit\u00e4 tahansa sis\u00e4lt\u00f6\u00e4mme muuhun tarkoitukseen kuin edell\u00e4 mainittuun (mukaan lukien verkkosivuston kehyst\u00e4minen), sinun on ensin otettava meihin yhteytt\u00e4 ja saatava lupa.<\/p><h4><strong>VARMISTA, ETT\u00c4 OLET AJANTASALLA<\/strong><\/h4><div><strong> <\/strong><\/div><p>Pid\u00e4t\u00e4mme oikeuden muuttaa verkkosivustomme ja tuotteidemme tarjoamisen ehtoja milloin tahansa. Kaikki muutokset oikeudellisiin ehtoihimme ja edellytyksiimme tulevat voimaan v\u00e4litt\u00f6m\u00e4sti, kun ne asetetaan verkkosivustollemme, ja ne koskevat kaikkea tulevaa verkkosivustomme k\u00e4ytt\u00f6\u00e4. Sinun tulisi s\u00e4\u00e4nn\u00f6llisesti tarkistaa verkkosivustollamme julkaistut yleiset ehdot ja edellytykset sek\u00e4 k\u00e4yt\u00e4nt\u00f6mme, sill\u00e4 ne saattavat olla muuttuneet viime k\u00e4yntisi j\u00e4lkeen.  <\/p><h4><strong>MIT\u00c4 ET VOI TEHD\u00c4 VERKKOSIVUSTOLLAMME<\/strong><\/h4><div><strong> <\/strong><\/div><p>Kun k\u00e4yt\u00e4t verkkosivustoamme, et voi: (1) h\u00e4irit\u00e4 tai poistaa k\u00e4yt\u00f6st\u00e4 mit\u00e4\u00e4n sivuston turvallisuuteen liittyvi\u00e4 ominaisuuksia tai ominaisuuksia, jotka est\u00e4v\u00e4t tai rajoittavat sivuston kautta saatavan sis\u00e4ll\u00f6n k\u00e4ytt\u00f6\u00e4 tai kopiointia; (2) antaa v\u00e4\u00e4ri\u00e4 tietoja tilitiedoissasi; (3) ottaa toisen henkil\u00f6n identiteetti\u00e4 ilman kyseisen henkil\u00f6n lupaa tai esitt\u00e4\u00e4, ett\u00e4 toimit jonkun henkil\u00f6n, yhteis\u00f6n tai organisaation puolesta; (4) k\u00e4ytt\u00e4\u00e4 sivustoa, jos olemme keskeytt\u00e4neet tai kielt\u00e4neet sinua k\u00e4ytt\u00e4m\u00e4st\u00e4 sit\u00e4; (5) l\u00e4hett\u00e4\u00e4 roskapostia, sp\u00e4mmi\u00e4 tai toistuvia viestej\u00e4; (6) osallistua mihink\u00e4\u00e4n laittomaan tai lainvastaiseen toimintaan; (7) muokata, h\u00e4irit\u00e4, siepata, h\u00e4irit\u00e4 tai hakkeroida sivustoa; (8) k\u00e4ytt\u00e4\u00e4 sivustoa v\u00e4\u00e4rin tietoisesti tuomalla viruksia, troijalaisia, matoja, logiikkapommeja tai muuta vastaavaa materiaalia tai ryhtym\u00e4ll\u00e4 muihin toimiin, jotka vahingoittaisivat sivustoa, mink\u00e4 tahansa sivuston k\u00e4ytt\u00e4j\u00e4n laitteita tai vaikuttaisivat haitallisesti mink\u00e4 tahansa sivuston k\u00e4ytt\u00e4j\u00e4n kokemukseen sivuston k\u00e4yt\u00f6st\u00e4; (9) ker\u00e4t\u00e4 mit\u00e4\u00e4n tietoja sivustolta muutoin kuin n\u00e4iden k\u00e4ytt\u00f6ehtojen mukaisesti; (10) l\u00e4hett\u00e4\u00e4 tai osallistua mink\u00e4\u00e4n sis\u00e4ll\u00f6n, joka on loukkaavaa, uhkaavaa, s\u00e4\u00e4dyt\u00f6nt\u00e4, ep\u00e4totta, j\u00e4rkytt\u00e4v\u00e4\u00e4 tai loukkaavaa; (11) k\u00e4ytt\u00e4\u00e4 v\u00e4\u00e4rin, vahingoittaa tai kiusata toista sivuston k\u00e4ytt\u00e4j\u00e4\u00e4, henkil\u00f6kuntamme j\u00e4sent\u00e4 tai henkil\u00f6\u00e4; (12) l\u00e4hett\u00e4\u00e4 tai osallistua mink\u00e4\u00e4n k\u00e4ytt\u00e4j\u00e4sis\u00e4ll\u00f6n l\u00e4hett\u00e4miseen ilman sis\u00e4ll\u00f6n omistajan lupaa tai muuten loukata kolmansien osapuolten tekij\u00e4noikeuksia, tavaramerkkej\u00e4 tai muita oikeuksia; tai (13) l\u00e4hett\u00e4\u00e4 tai osallistua mink\u00e4\u00e4n toisen henkil\u00f6n koskevan tiedon tai kommentin l\u00e4hett\u00e4miseen, joka on ep\u00e4tosi, yksityinen, luottamuksellinen tai herjaava (mukaan lukien henkil\u00f6kohtaisesti syytt\u00e4minen toista henkil\u00f6\u00e4 todistamattomasta rikollisuudesta tai vakavasta v\u00e4\u00e4rink\u00e4yt\u00f6ksest\u00e4, joka voisi vahingoittaa heid\u00e4n mainettaan kenen tahansa kommenttiasi lukevan silmiss\u00e4).<\/p><p>Jos rikot n\u00e4it\u00e4 k\u00e4ytt\u00f6ehtoja, voimme est\u00e4\u00e4 sinua k\u00e4ytt\u00e4m\u00e4st\u00e4 t\u00e4t\u00e4 verkkosivustoa pysyv\u00e4sti tai v\u00e4liaikaisesti. Voimme ryhty\u00e4 muihin toimiin, mukaan lukien mutta ei rajoittuen ilmoittamalla sinusta poliisille tai muulle lainvalvontaviranomaiselle, antaa varoituksen tai ryhty\u00e4 oikeustoimiin sinua vastaan ja peri\u00e4 kaikki kustannukset, jotka aiheutuvat t\u00e4m\u00e4n tekemisest\u00e4. <\/p><h4><strong>ONKO KYSYTT\u00c4V\u00c4\u00c4?<\/strong><\/h4><div><strong> <\/strong><\/div><p>Jos sinulla on kysytt\u00e4v\u00e4\u00e4 mist\u00e4 tahansa verkkosivustollamme, ota meihin yhteytt\u00e4.<\/p>\t\t\t\t\t\t\t\t<\/div>\n\t\t\t\t<\/div>\n\t\t\t\t\t<\/div>\n\t\t\t\t<\/div>\n\t\t\t\t<\/div>\n\t\t","protected":false},"excerpt":{"rendered":"<p>K\u00e4ytt\u00f6ehdot Home &gt; N\u00c4IST\u00c4 K\u00c4YTT\u00d6EHDOISTA Pyyd\u00e4mme, ett\u00e4 luet n\u00e4m\u00e4 ehdot huolellisesti ennen verkkosivustomme k\u00e4ytt\u00f6\u00e4. N\u00e4m\u00e4 k\u00e4ytt\u00f6ehdot kertovat, miten voit k\u00e4ytt\u00e4\u00e4 [&hellip;]<\/p>\n","protected":false},"author":1,"featured_media":0,"parent":0,"menu_order":0,"comment_status":"closed","ping_status":"closed","template":"elementor_header_footer","meta":{"_acf_changed":false,"site-sidebar-layout":"default","site-content-layout":"","ast-site-content-layout":"default","site-content-style":"default","site-sidebar-style":"default","ast-global-header-display":"","ast-banner-title-visibility":"","ast-main-header-display":"","ast-hfb-above-header-display":"","ast-hfb-below-header-display":"","ast-hfb-mobile-header-display":"","site-post-title":"","ast-breadcrumbs-content":"","ast-featured-img":"","footer-sml-layout":"","ast-disable-related-posts":"","theme-transparent-header-meta":"","adv-header-id-meta":"","stick-header-meta":"","header-above-stick-meta":"","header-main-stick-meta":"","header-below-stick-meta":"","astra-migrate-meta-layouts":"default","ast-page-background-enabled":"default","ast-page-background-meta":{"desktop":{"background-color":"","background-image":"","background-repeat":"repeat","background-position":"center center","background-size":"auto","background-attachment":"scroll","background-type":"","background-media":"","overlay-type":"","overlay-color":"","overlay-opacity":"","overlay-gradient":""},"tablet":{"background-color":"","background-image":"","background-repeat":"repeat","background-position":"center center","background-size":"auto","background-attachment":"scroll","background-type":"","background-media":"","overlay-type":"","overlay-color":"","overlay-opacity":"","overlay-gradient":""},"mobile":{"background-color":"","background-image":"","background-repeat":"repeat","background-position":"center center","background-size":"auto","background-attachment":"scroll","background-type":"","background-media":"","overlay-type":"","overlay-color":"","overlay-opacity":"","overlay-gradient":""}},"ast-content-background-meta":{"desktop":{"background-color":"var(--ast-global-color-5)","background-image":"","background-repeat":"repeat","background-position":"center center","background-size":"auto","background-attachment":"scroll","background-type":"","background-media":"","overlay-type":"","overlay-color":"","overlay-opacity":"","overlay-gradient":""},"tablet":{"background-color":"var(--ast-global-color-5)","background-image":"","background-repeat":"repeat","background-position":"center center","background-size":"auto","background-attachment":"scroll","background-type":"","background-media":"","overlay-type":"","overlay-color":"","overlay-opacity":"","overlay-gradient":""},"mobile":{"background-color":"var(--ast-global-color-5)","background-image":"","background-repeat":"repeat","background-position":"center center","background-size":"auto","background-attachment":"scroll","background-type":"","background-media":"","overlay-type":"","overlay-color":"","overlay-opacity":"","overlay-gradient":""}},"footnotes":""},"class_list":["post-16846","page","type-page","status-publish","hentry"],"acf":[],"yoast_head":"<!-- This site is optimized with the Yoast SEO plugin v27.5 - https:\/\/yoast.com\/product\/yoast-seo-wordpress\/ -->\n<title>K\u00e4ytt\u00f6ehdot - NoFloods<\/title>\n<meta name=\"robots\" content=\"index, follow, max-snippet:-1, max-image-preview:large, max-video-preview:-1\" \/>\n<link rel=\"canonical\" href=\"https:\/\/nofloods.com\/fi\/terms-and-use\/\" \/>\n<meta property=\"og:locale\" content=\"fi_FI\" \/>\n<meta property=\"og:type\" content=\"article\" \/>\n<meta property=\"og:title\" content=\"K\u00e4ytt\u00f6ehdot - NoFloods\" \/>\n<meta property=\"og:description\" content=\"K\u00e4ytt\u00f6ehdot Home &gt; N\u00c4IST\u00c4 K\u00c4YTT\u00d6EHDOISTA Pyyd\u00e4mme, ett\u00e4 luet n\u00e4m\u00e4 ehdot huolellisesti ennen verkkosivustomme k\u00e4ytt\u00f6\u00e4. N\u00e4m\u00e4 k\u00e4ytt\u00f6ehdot kertovat, miten voit k\u00e4ytt\u00e4\u00e4 [&hellip;]\" \/>\n<meta property=\"og:url\" content=\"https:\/\/nofloods.com\/fi\/terms-and-use\/\" \/>\n<meta property=\"og:site_name\" content=\"NoFloods\" \/>\n<meta property=\"article:publisher\" content=\"https:\/\/www.facebook.com\/environmentsolutions\/\" \/>\n<meta property=\"article:modified_time\" content=\"2025-10-10T18:14:57+00:00\" \/>\n<meta name=\"twitter:card\" content=\"summary_large_image\" \/>\n<meta name=\"twitter:site\" content=\"@NoFloodsBarrier\" \/>\n<meta name=\"twitter:label1\" content=\"Arvioitu lukuaika\" \/>\n\t<meta name=\"twitter:data1\" content=\"5 minuuttia\" \/>\n<script type=\"application\/ld+json\" class=\"yoast-schema-graph\">{\"@context\":\"https:\\\/\\\/schema.org\",\"@graph\":[{\"@type\":\"WebPage\",\"@id\":\"https:\\\/\\\/nofloods.com\\\/fi\\\/terms-and-use\\\/\",\"url\":\"https:\\\/\\\/nofloods.com\\\/fi\\\/terms-and-use\\\/\",\"name\":\"K\u00e4ytt\u00f6ehdot - NoFloods\",\"isPartOf\":{\"@id\":\"https:\\\/\\\/nofloods.com\\\/fi\\\/#website\"},\"datePublished\":\"2025-09-05T09:51:14+00:00\",\"dateModified\":\"2025-10-10T18:14:57+00:00\",\"breadcrumb\":{\"@id\":\"https:\\\/\\\/nofloods.com\\\/fi\\\/terms-and-use\\\/#breadcrumb\"},\"inLanguage\":\"fi\",\"potentialAction\":[{\"@type\":\"ReadAction\",\"target\":[\"https:\\\/\\\/nofloods.com\\\/fi\\\/terms-and-use\\\/\"]}]},{\"@type\":\"BreadcrumbList\",\"@id\":\"https:\\\/\\\/nofloods.com\\\/fi\\\/terms-and-use\\\/#breadcrumb\",\"itemListElement\":[{\"@type\":\"ListItem\",\"position\":1,\"name\":\"Home\",\"item\":\"https:\\\/\\\/nofloods.com\\\/fi\\\/\"},{\"@type\":\"ListItem\",\"position\":2,\"name\":\"K\u00e4ytt\u00f6ehdot\"}]},{\"@type\":\"WebSite\",\"@id\":\"https:\\\/\\\/nofloods.com\\\/fi\\\/#website\",\"url\":\"https:\\\/\\\/nofloods.com\\\/fi\\\/\",\"name\":\"NoFloods\",\"description\":\"By Environment Solutions\",\"publisher\":{\"@id\":\"https:\\\/\\\/nofloods.com\\\/fi\\\/#organization\"},\"potentialAction\":[{\"@type\":\"SearchAction\",\"target\":{\"@type\":\"EntryPoint\",\"urlTemplate\":\"https:\\\/\\\/nofloods.com\\\/fi\\\/?s={search_term_string}\"},\"query-input\":{\"@type\":\"PropertyValueSpecification\",\"valueRequired\":true,\"valueName\":\"search_term_string\"}}],\"inLanguage\":\"fi\"},{\"@type\":\"Organization\",\"@id\":\"https:\\\/\\\/nofloods.com\\\/fi\\\/#organization\",\"name\":\"NoFloods\",\"url\":\"https:\\\/\\\/nofloods.com\\\/fi\\\/\",\"logo\":{\"@type\":\"ImageObject\",\"inLanguage\":\"fi\",\"@id\":\"https:\\\/\\\/nofloods.com\\\/fi\\\/#\\\/schema\\\/logo\\\/image\\\/\",\"url\":\"https:\\\/\\\/nofloods.com\\\/wp-content\\\/uploads\\\/2025\\\/05\\\/NoFloods-EasyWall-Logo.webp?wsr\",\"contentUrl\":\"https:\\\/\\\/nofloods.com\\\/wp-content\\\/uploads\\\/2025\\\/05\\\/NoFloods-EasyWall-Logo.webp?wsr\",\"width\":340,\"height\":70,\"caption\":\"NoFloods\"},\"image\":{\"@id\":\"https:\\\/\\\/nofloods.com\\\/fi\\\/#\\\/schema\\\/logo\\\/image\\\/\"},\"sameAs\":[\"https:\\\/\\\/www.facebook.com\\\/environmentsolutions\\\/\",\"https:\\\/\\\/x.com\\\/NoFloodsBarrier\",\"https:\\\/\\\/www.linkedin.com\\\/company\\\/environment-solutions-aps\"]}]}<\/script>\n<!-- \/ Yoast SEO plugin. -->","yoast_head_json":{"title":"K\u00e4ytt\u00f6ehdot - NoFloods","robots":{"index":"index","follow":"follow","max-snippet":"max-snippet:-1","max-image-preview":"max-image-preview:large","max-video-preview":"max-video-preview:-1"},"canonical":"https:\/\/nofloods.com\/fi\/terms-and-use\/","og_locale":"fi_FI","og_type":"article","og_title":"K\u00e4ytt\u00f6ehdot - NoFloods","og_description":"K\u00e4ytt\u00f6ehdot Home &gt; N\u00c4IST\u00c4 K\u00c4YTT\u00d6EHDOISTA Pyyd\u00e4mme, ett\u00e4 luet n\u00e4m\u00e4 ehdot huolellisesti ennen verkkosivustomme k\u00e4ytt\u00f6\u00e4. N\u00e4m\u00e4 k\u00e4ytt\u00f6ehdot kertovat, miten voit k\u00e4ytt\u00e4\u00e4 [&hellip;]","og_url":"https:\/\/nofloods.com\/fi\/terms-and-use\/","og_site_name":"NoFloods","article_publisher":"https:\/\/www.facebook.com\/environmentsolutions\/","article_modified_time":"2025-10-10T18:14:57+00:00","twitter_card":"summary_large_image","twitter_site":"@NoFloodsBarrier","twitter_misc":{"Arvioitu lukuaika":"5 minuuttia"},"schema":{"@context":"https:\/\/schema.org","@graph":[{"@type":"WebPage","@id":"https:\/\/nofloods.com\/fi\/terms-and-use\/","url":"https:\/\/nofloods.com\/fi\/terms-and-use\/","name":"K\u00e4ytt\u00f6ehdot - NoFloods","isPartOf":{"@id":"https:\/\/nofloods.com\/fi\/#website"},"datePublished":"2025-09-05T09:51:14+00:00","dateModified":"2025-10-10T18:14:57+00:00","breadcrumb":{"@id":"https:\/\/nofloods.com\/fi\/terms-and-use\/#breadcrumb"},"inLanguage":"fi","potentialAction":[{"@type":"ReadAction","target":["https:\/\/nofloods.com\/fi\/terms-and-use\/"]}]},{"@type":"BreadcrumbList","@id":"https:\/\/nofloods.com\/fi\/terms-and-use\/#breadcrumb","itemListElement":[{"@type":"ListItem","position":1,"name":"Home","item":"https:\/\/nofloods.com\/fi\/"},{"@type":"ListItem","position":2,"name":"K\u00e4ytt\u00f6ehdot"}]},{"@type":"WebSite","@id":"https:\/\/nofloods.com\/fi\/#website","url":"https:\/\/nofloods.com\/fi\/","name":"NoFloods","description":"By Environment Solutions","publisher":{"@id":"https:\/\/nofloods.com\/fi\/#organization"},"potentialAction":[{"@type":"SearchAction","target":{"@type":"EntryPoint","urlTemplate":"https:\/\/nofloods.com\/fi\/?s={search_term_string}"},"query-input":{"@type":"PropertyValueSpecification","valueRequired":true,"valueName":"search_term_string"}}],"inLanguage":"fi"},{"@type":"Organization","@id":"https:\/\/nofloods.com\/fi\/#organization","name":"NoFloods","url":"https:\/\/nofloods.com\/fi\/","logo":{"@type":"ImageObject","inLanguage":"fi","@id":"https:\/\/nofloods.com\/fi\/#\/schema\/logo\/image\/","url":"https:\/\/nofloods.com\/wp-content\/uploads\/2025\/05\/NoFloods-EasyWall-Logo.webp?wsr","contentUrl":"https:\/\/nofloods.com\/wp-content\/uploads\/2025\/05\/NoFloods-EasyWall-Logo.webp?wsr","width":340,"height":70,"caption":"NoFloods"},"image":{"@id":"https:\/\/nofloods.com\/fi\/#\/schema\/logo\/image\/"},"sameAs":["https:\/\/www.facebook.com\/environmentsolutions\/","https:\/\/x.com\/NoFloodsBarrier","https:\/\/www.linkedin.com\/company\/environment-solutions-aps"]}]}},"rttpg_featured_image_url":null,"rttpg_author":{"display_name":"nofloods_admin","author_link":"https:\/\/nofloods.com\/fi\/author\/nofloods_admin\/"},"rttpg_comment":0,"rttpg_category":" <a href=\"https:\/\/nofloods.com\/fi\/?taxonomy=translation_priority&#038;term=optional-fi\" rel=\"tag\">Optional<\/a>","rttpg_excerpt":"K\u00e4ytt\u00f6ehdot Home &gt; N\u00c4IST\u00c4 K\u00c4YTT\u00d6EHDOISTA Pyyd\u00e4mme, ett\u00e4 luet n\u00e4m\u00e4 ehdot huolellisesti ennen verkkosivustomme k\u00e4ytt\u00f6\u00e4. N\u00e4m\u00e4 k\u00e4ytt\u00f6ehdot kertovat, miten voit k\u00e4ytt\u00e4\u00e4 [&hellip;]","_links":{"self":[{"href":"https:\/\/nofloods.com\/fi\/wp-json\/wp\/v2\/pages\/16846","targetHints":{"allow":["GET"]}}],"collection":[{"href":"https:\/\/nofloods.com\/fi\/wp-json\/wp\/v2\/pages"}],"about":[{"href":"https:\/\/nofloods.com\/fi\/wp-json\/wp\/v2\/types\/page"}],"author":[{"embeddable":true,"href":"https:\/\/nofloods.com\/fi\/wp-json\/wp\/v2\/users\/1"}],"replies":[{"embeddable":true,"href":"https:\/\/nofloods.com\/fi\/wp-json\/wp\/v2\/comments?post=16846"}],"version-history":[{"count":5,"href":"https:\/\/nofloods.com\/fi\/wp-json\/wp\/v2\/pages\/16846\/revisions"}],"predecessor-version":[{"id":26375,"href":"https:\/\/nofloods.com\/fi\/wp-json\/wp\/v2\/pages\/16846\/revisions\/26375"}],"wp:attachment":[{"href":"https:\/\/nofloods.com\/fi\/wp-json\/wp\/v2\/media?parent=16846"}],"curies":[{"name":"wp","href":"https:\/\/api.w.org\/{rel}","templated":true}]}}