{"id":16886,"date":"2025-09-05T09:56:14","date_gmt":"2025-09-05T09:56:14","guid":{"rendered":"https:\/\/flood-protection.org\/evastekaytanto\/"},"modified":"2025-09-08T14:33:25","modified_gmt":"2025-09-08T14:33:25","slug":"evastekaytanto","status":"publish","type":"page","link":"https:\/\/nofloods.com\/fi\/evastekaytanto\/","title":{"rendered":"Ev\u00e4stek\u00e4yt\u00e4nt\u00f6"},"content":{"rendered":"\t\t<div data-elementor-type=\"wp-page\" data-elementor-id=\"16886\" class=\"elementor elementor-16886 elementor-12734\">\n\t\t\t\t<div class=\"elementor-element elementor-element-853fd1f e-flex e-con-boxed e-con e-parent\" data-id=\"853fd1f\" data-element_type=\"container\" data-e-type=\"container\" data-settings=\"{&quot;background_background&quot;:&quot;classic&quot;}\">\n\t\t\t\t\t<div class=\"e-con-inner\">\n\t\t<div class=\"elementor-element elementor-element-5bd29bb e-con-full e-flex e-con e-child\" data-id=\"5bd29bb\" data-element_type=\"container\" data-e-type=\"container\" data-settings=\"{&quot;background_background&quot;:&quot;classic&quot;}\">\n\t\t\t\t<div class=\"elementor-element elementor-element-8cfa58a elementor-widget elementor-widget-heading\" data-id=\"8cfa58a\" data-element_type=\"widget\" data-e-type=\"widget\" data-widget_type=\"heading.default\">\n\t\t\t\t<div class=\"elementor-widget-container\">\n\t\t\t\t\t<h1 class=\"elementor-heading-title elementor-size-default\">Ev\u00e4stek\u00e4yt\u00e4nt\u00f6<\/h1>\t\t\t\t<\/div>\n\t\t\t\t<\/div>\n\t\t\t\t<div class=\"elementor-element elementor-element-1b24f59 elementor-widget elementor-widget-eael-breadcrumbs\" data-id=\"1b24f59\" data-element_type=\"widget\" data-e-type=\"widget\" data-widget_type=\"eael-breadcrumbs.default\">\n\t\t\t\t<div class=\"elementor-widget-container\">\n\t\t\t\t\t\t\t<div class=\"eael-breadcrumbs\">\n\t\t\t<div class=\"eael-breadcrumbs__content\"><a href=\"https:\/\/nofloods.com\/fi\/\">Home<\/a> <span class=\"eael-breadcrumb-separator\">&gt;<\/span> <span class = \"eael-current\">Sivu<\/span><\/div>\t\t<\/div>\n\t\t\t\t\t\t<\/div>\n\t\t\t\t<\/div>\n\t\t\t\t<\/div>\n\t\t\t\t\t<\/div>\n\t\t\t\t<\/div>\n\t\t<div class=\"elementor-element elementor-element-4a0067a e-flex e-con-boxed e-con e-parent\" data-id=\"4a0067a\" data-element_type=\"container\" data-e-type=\"container\" data-settings=\"{&quot;background_background&quot;:&quot;classic&quot;}\">\n\t\t\t\t\t<div class=\"e-con-inner\">\n\t\t\t\t<div class=\"elementor-element elementor-element-9ad7b4a elementor-widget elementor-widget-text-editor\" data-id=\"9ad7b4a\" data-element_type=\"widget\" data-e-type=\"widget\" data-widget_type=\"text-editor.default\">\n\t\t\t\t<div class=\"elementor-widget-container\">\n\t\t\t\t\t\t\t\t\t<h4><strong>TIETOA T\u00c4ST\u00c4 EV\u00c4STEK\u00c4YT\u00c4NN\u00d6ST\u00c4<\/strong><\/h4>\n<div><strong>&nbsp;<\/strong><\/div>\n<p>T\u00e4m\u00e4 ev\u00e4stek\u00e4yt\u00e4nt\u00f6 selitt\u00e4\u00e4, mit\u00e4 ev\u00e4steet ovat ja miten k\u00e4yt\u00e4mme niit\u00e4 verkkosivustollamme. Sinun tulisi lukea t\u00e4m\u00e4 k\u00e4yt\u00e4nt\u00f6, jotta ymm\u00e4rr\u00e4t, millaisia ev\u00e4steit\u00e4 k\u00e4yt\u00e4mme, mit\u00e4 tietoja ker\u00e4\u00e4mme ev\u00e4steiden avulla ja miten n\u00e4it\u00e4 tietoja k\u00e4ytet\u00e4\u00e4n. K\u00e4ytt\u00e4m\u00e4ll\u00e4 verkkosivustoamme hyv\u00e4ksyt, ett\u00e4 voimme k\u00e4ytt\u00e4\u00e4 ev\u00e4steit\u00e4 t\u00e4m\u00e4n k\u00e4yt\u00e4nn\u00f6n mukaisesti.  <\/p>\n<h4><strong>Mit\u00e4 ev\u00e4steet ovat?<\/strong><\/h4>\n<div><strong>&nbsp;<\/strong><\/div>\n<p>Ev\u00e4steet ovat tiedostoja, jotka sis\u00e4lt\u00e4v\u00e4t pienen m\u00e4\u00e4r\u00e4n tietoa. Ev\u00e4steet tallennetaan tietokoneesi tai laitteesi selaimeen tai kiintolevylle. <\/p>\n<h4><strong>Miten k\u00e4yt\u00e4mme ev\u00e4steit\u00e4?<\/strong><\/h4>\n<div><strong>&nbsp;<\/strong><\/div>\n<p>K\u00e4yt\u00e4mme ev\u00e4steit\u00e4 erottaaksemme sinut muista verkkosivustomme k\u00e4ytt\u00e4jist\u00e4 ja tarjotaksemme sinulle ainutlaatuisen selauskokemuksen. Ev\u00e4steit\u00e4 k\u00e4ytet\u00e4\u00e4n, jotta verkkosivustomme voi muistaa, mit\u00e4 olet tehnyt selaamisen aikana, esimerkiksi kirjautumistietosi, kuinka pitk\u00e4lle olet edennyt tilauksen kanssa ja mit\u00e4 ostoskorissasi on. <\/p>\n<h4><strong>Millaisia ev\u00e4steit\u00e4 k\u00e4yt\u00e4mme?<\/strong><\/h4>\n<div><strong>&nbsp;<\/strong><\/div>\n<p>Ev\u00e4steet voivat olla istuntoev\u00e4steit\u00e4 tai pysyvi\u00e4 ev\u00e4steit\u00e4. Istuntoev\u00e4steet poistetaan tietokoneeltasi tai laitteeltasi, kun suljet verkkoselaimesi. Pysyv\u00e4t ev\u00e4steet s\u00e4ilyv\u00e4t tallennettuna tietokoneellasi tai laitteellasi, kunnes ne poistetaan tai niiden voimassaoloaika p\u00e4\u00e4ttyy. K\u00e4yt\u00e4mme seuraavia ev\u00e4steit\u00e4:   <\/p>\n<p>Analyyttiset\/suorituskykyev\u00e4steet. N\u00e4m\u00e4 ev\u00e4steet auttavat meit\u00e4 tunnistamaan ja laskemaan verkkosivustomme k\u00e4vij\u00f6iden m\u00e4\u00e4r\u00e4n sek\u00e4 n\u00e4kem\u00e4\u00e4n, miten k\u00e4vij\u00e4t liikkuvat sivustolla. T\u00e4m\u00e4 auttaa meit\u00e4 parantamaan verkkosivustomme toimintaa, esimerkiksi varmistamalla, ett\u00e4 k\u00e4ytt\u00e4j\u00e4t l\u00f6yt\u00e4v\u00e4t helposti etsim\u00e4ns\u00e4.  <\/p>\n<p>Toiminnallisuusev\u00e4steet. N\u00e4it\u00e4 ev\u00e4steit\u00e4 k\u00e4ytet\u00e4\u00e4n tunnistamaan sinut, kun palaat verkkosivustollemme. T\u00e4m\u00e4 mahdollistaa sis\u00e4ll\u00f6n personoinnin sinulle, kuten tervehtimisen nimell\u00e4si ja mieltymystesi muistamisen. Se mahdollistaa my\u00f6s live-chat-tuen selauskokemuksesi aikana.   <\/p>\n<p>Kohdistusev\u00e4steet. N\u00e4m\u00e4 ev\u00e4steet tallentavat vierailusi verkkosivustollamme, vierailemasi sivut ja seuraamasi linkit. K\u00e4yt\u00e4mme n\u00e4it\u00e4 tietoja tehd\u00e4ksemme verkkosivustostamme ja siin\u00e4 n\u00e4ytett\u00e4v\u00e4st\u00e4 mainonnasta sinulle kiinnostavampaa. Saatamme my\u00f6s jakaa n\u00e4it\u00e4 tietoja kolmansille osapuolille t\u00e4t\u00e4 tarkoitusta varten. N\u00e4m\u00e4 ev\u00e4steet mahdollistavat tietojen jakamisen ja l\u00e4hett\u00e4misen muille verkkosivustoille.    <\/p>\n<h4><strong>Millaista tietoa ker\u00e4\u00e4mme ev\u00e4steiden avulla?<\/strong><\/h4>\n<div><strong>&nbsp;<\/strong><\/div>\n<p>Kun vierailet verkkosivustollamme, saatamme automaattisesti ker\u00e4t\u00e4 sinulta seuraavanlaisia tietoja: Internet-protokolla (IP) -osoitteesi, kirjautumistietosi, aikavy\u00f6hykkeen asetukset, k\u00e4ytt\u00f6j\u00e4rjestelm\u00e4 ja alusta, tiedot vierailuistasi, mukaan lukien URL-osoite, josta tulit, maasi, hakutermit, joita k\u00e4ytit verkkosivustollamme, tuotteet, joita katsoit tai etsit, sivun vastausajat, latausvirheet, vierailujen kesto tietyill\u00e4 sivuilla, sivun vuorovaikutustiedot (kuten vieritys, klikkaukset ja hiiren ylitykset) sek\u00e4 menetelm\u00e4t, joilla siirryit pois sivulta.<\/p>\n<h4><strong>Miten voit est\u00e4\u00e4 ev\u00e4steet?<\/strong><\/h4>\n<div><strong>&nbsp;<\/strong><\/div>\n<p>Useimmat selaimet sallivat ev\u00e4steiden est\u00e4misen. Voit est\u00e4\u00e4 ev\u00e4steemme aktivoimalla selaimesi asetuksen, joka sallii kaikkien tai joidenkin ev\u00e4steiden est\u00e4misen. Voit lukea lis\u00e4\u00e4 ev\u00e4steist\u00e4 ja niiden poistamisesta ja hallinnasta osoitteessa www.aboutcookies.org tai klikkaamalla selaimesi valikosta apua.  <\/p>\n<p>Jos est\u00e4t ev\u00e4steidemme k\u00e4yt\u00f6n, et v\u00e4ltt\u00e4m\u00e4tt\u00e4 p\u00e4\u00e4se tietyille verkkosivustomme alueille, ja tietyt toiminnot ja sivut eiv\u00e4t toimi tavalliseen tapaan. Esimerkiksi et voi k\u00e4ytt\u00e4\u00e4 ostoslistatoimintoa tai tehd\u00e4 ostoksia verkossa. <\/p>\n<h4><strong>Miten <em>ENVIRONMENT SOLUTIONS APS<\/em> voi muuttaa ev\u00e4stek\u00e4yt\u00e4nt\u00f6\u00e4<\/strong><\/h4><div><strong><br><\/strong><\/div>\n<p>Saatamme p\u00e4ivitt\u00e4\u00e4 t\u00e4t\u00e4 k\u00e4yt\u00e4nt\u00f6\u00e4 ajoittain. Teknologian, lains\u00e4\u00e4d\u00e4nn\u00f6n ja viranomaisten ohjeiden muutokset saattavat vaatia meit\u00e4 ilmoittamaan sinulle toimista, jotka vaikuttavat yksityisyysoikeuksiisi. Sinun tulisi tarkistaa t\u00e4m\u00e4 sivu ajoittain varmistaaksesi, ett\u00e4 olet tietoinen mahdollisista muutoksista.  <\/p>\t\t\t\t\t\t\t\t<\/div>\n\t\t\t\t<\/div>\n\t\t\t\t\t<\/div>\n\t\t\t\t<\/div>\n\t\t\t\t<\/div>\n\t\t","protected":false},"excerpt":{"rendered":"<p>Ev\u00e4stek\u00e4yt\u00e4nt\u00f6 Home &gt; TIETOA T\u00c4ST\u00c4 EV\u00c4STEK\u00c4YT\u00c4NN\u00d6ST\u00c4 &nbsp; T\u00e4m\u00e4 ev\u00e4stek\u00e4yt\u00e4nt\u00f6 selitt\u00e4\u00e4, mit\u00e4 ev\u00e4steet ovat ja miten k\u00e4yt\u00e4mme niit\u00e4 verkkosivustollamme. Sinun tulisi [&hellip;]<\/p>\n","protected":false},"author":1,"featured_media":0,"parent":0,"menu_order":0,"comment_status":"closed","ping_status":"closed","template":"elementor_header_footer","meta":{"_acf_changed":false,"site-sidebar-layout":"default","site-content-layout":"","ast-site-content-layout":"default","site-content-style":"default","site-sidebar-style":"default","ast-global-header-display":"","ast-banner-title-visibility":"","ast-main-header-display":"","ast-hfb-above-header-display":"","ast-hfb-below-header-display":"","ast-hfb-mobile-header-display":"","site-post-title":"","ast-breadcrumbs-content":"","ast-featured-img":"","footer-sml-layout":"","ast-disable-related-posts":"","theme-transparent-header-meta":"","adv-header-id-meta":"","stick-header-meta":"","header-above-stick-meta":"","header-main-stick-meta":"","header-below-stick-meta":"","astra-migrate-meta-layouts":"default","ast-page-background-enabled":"default","ast-page-background-meta":{"desktop":{"background-color":"","background-image":"","background-repeat":"repeat","background-position":"center center","background-size":"auto","background-attachment":"scroll","background-type":"","background-media":"","overlay-type":"","overlay-color":"","overlay-opacity":"","overlay-gradient":""},"tablet":{"background-color":"","background-image":"","background-repeat":"repeat","background-position":"center center","background-size":"auto","background-attachment":"scroll","background-type":"","background-media":"","overlay-type":"","overlay-color":"","overlay-opacity":"","overlay-gradient":""},"mobile":{"background-color":"","background-image":"","background-repeat":"repeat","background-position":"center center","background-size":"auto","background-attachment":"scroll","background-type":"","background-media":"","overlay-type":"","overlay-color":"","overlay-opacity":"","overlay-gradient":""}},"ast-content-background-meta":{"desktop":{"background-color":"var(--ast-global-color-5)","background-image":"","background-repeat":"repeat","background-position":"center center","background-size":"auto","background-attachment":"scroll","background-type":"","background-media":"","overlay-type":"","overlay-color":"","overlay-opacity":"","overlay-gradient":""},"tablet":{"background-color":"var(--ast-global-color-5)","background-image":"","background-repeat":"repeat","background-position":"center center","background-size":"auto","background-attachment":"scroll","background-type":"","background-media":"","overlay-type":"","overlay-color":"","overlay-opacity":"","overlay-gradient":""},"mobile":{"background-color":"var(--ast-global-color-5)","background-image":"","background-repeat":"repeat","background-position":"center center","background-size":"auto","background-attachment":"scroll","background-type":"","background-media":"","overlay-type":"","overlay-color":"","overlay-opacity":"","overlay-gradient":""}},"footnotes":""},"class_list":["post-16886","page","type-page","status-publish","hentry"],"acf":[],"yoast_head":"<!-- This site is optimized with the Yoast SEO plugin v27.2 - https:\/\/yoast.com\/product\/yoast-seo-wordpress\/ -->\n<title>Ev\u00e4stek\u00e4yt\u00e4nt\u00f6 - NoFloods<\/title>\n<meta name=\"robots\" content=\"index, follow, max-snippet:-1, max-image-preview:large, max-video-preview:-1\" \/>\n<link rel=\"canonical\" href=\"https:\/\/nofloods.com\/fi\/evastekaytanto\/\" \/>\n<meta property=\"og:locale\" content=\"fi_FI\" \/>\n<meta property=\"og:type\" content=\"article\" \/>\n<meta property=\"og:title\" content=\"Ev\u00e4stek\u00e4yt\u00e4nt\u00f6 - NoFloods\" \/>\n<meta property=\"og:description\" content=\"Ev\u00e4stek\u00e4yt\u00e4nt\u00f6 Home &gt; TIETOA T\u00c4ST\u00c4 EV\u00c4STEK\u00c4YT\u00c4NN\u00d6ST\u00c4 &nbsp; T\u00e4m\u00e4 ev\u00e4stek\u00e4yt\u00e4nt\u00f6 selitt\u00e4\u00e4, mit\u00e4 ev\u00e4steet ovat ja miten k\u00e4yt\u00e4mme niit\u00e4 verkkosivustollamme. Sinun tulisi [&hellip;]\" \/>\n<meta property=\"og:url\" content=\"https:\/\/nofloods.com\/fi\/evastekaytanto\/\" \/>\n<meta property=\"og:site_name\" content=\"NoFloods\" \/>\n<meta property=\"article:publisher\" content=\"https:\/\/www.facebook.com\/environmentsolutions\/\" \/>\n<meta property=\"article:modified_time\" content=\"2025-09-08T14:33:25+00:00\" \/>\n<meta name=\"twitter:card\" content=\"summary_large_image\" \/>\n<meta name=\"twitter:site\" content=\"@NoFloodsBarrier\" \/>\n<meta name=\"twitter:label1\" content=\"Arvioitu lukuaika\" \/>\n\t<meta name=\"twitter:data1\" content=\"3 minuuttia\" \/>\n<script type=\"application\/ld+json\" class=\"yoast-schema-graph\">{\"@context\":\"https:\/\/schema.org\",\"@graph\":[{\"@type\":\"WebPage\",\"@id\":\"https:\/\/nofloods.com\/fi\/evastekaytanto\/\",\"url\":\"https:\/\/nofloods.com\/fi\/evastekaytanto\/\",\"name\":\"Ev\u00e4stek\u00e4yt\u00e4nt\u00f6 - NoFloods\",\"isPartOf\":{\"@id\":\"https:\/\/nofloods.com\/fi\/#website\"},\"datePublished\":\"2025-09-05T09:56:14+00:00\",\"dateModified\":\"2025-09-08T14:33:25+00:00\",\"breadcrumb\":{\"@id\":\"https:\/\/nofloods.com\/fi\/evastekaytanto\/#breadcrumb\"},\"inLanguage\":\"fi\",\"potentialAction\":[{\"@type\":\"ReadAction\",\"target\":[\"https:\/\/nofloods.com\/fi\/evastekaytanto\/\"]}]},{\"@type\":\"BreadcrumbList\",\"@id\":\"https:\/\/nofloods.com\/fi\/evastekaytanto\/#breadcrumb\",\"itemListElement\":[{\"@type\":\"ListItem\",\"position\":1,\"name\":\"Home\",\"item\":\"https:\/\/nofloods.com\/fi\/\"},{\"@type\":\"ListItem\",\"position\":2,\"name\":\"Ev\u00e4stek\u00e4yt\u00e4nt\u00f6\"}]},{\"@type\":\"WebSite\",\"@id\":\"https:\/\/nofloods.com\/fi\/#website\",\"url\":\"https:\/\/nofloods.com\/fi\/\",\"name\":\"NoFloods\",\"description\":\"By Environment Solutions\",\"publisher\":{\"@id\":\"https:\/\/nofloods.com\/fi\/#organization\"},\"potentialAction\":[{\"@type\":\"SearchAction\",\"target\":{\"@type\":\"EntryPoint\",\"urlTemplate\":\"https:\/\/nofloods.com\/fi\/?s={search_term_string}\"},\"query-input\":{\"@type\":\"PropertyValueSpecification\",\"valueRequired\":true,\"valueName\":\"search_term_string\"}}],\"inLanguage\":\"fi\"},{\"@type\":\"Organization\",\"@id\":\"https:\/\/nofloods.com\/fi\/#organization\",\"name\":\"NoFloods\",\"url\":\"https:\/\/nofloods.com\/fi\/\",\"logo\":{\"@type\":\"ImageObject\",\"inLanguage\":\"fi\",\"@id\":\"https:\/\/nofloods.com\/fi\/#\/schema\/logo\/image\/\",\"url\":\"https:\/\/nofloods.com\/wp-content\/uploads\/2025\/05\/NoFloods-EasyWall-Logo.webp?wsr\",\"contentUrl\":\"https:\/\/nofloods.com\/wp-content\/uploads\/2025\/05\/NoFloods-EasyWall-Logo.webp?wsr\",\"width\":340,\"height\":70,\"caption\":\"NoFloods\"},\"image\":{\"@id\":\"https:\/\/nofloods.com\/fi\/#\/schema\/logo\/image\/\"},\"sameAs\":[\"https:\/\/www.facebook.com\/environmentsolutions\/\",\"https:\/\/x.com\/NoFloodsBarrier\",\"https:\/\/www.linkedin.com\/company\/environment-solutions-aps\"]}]}<\/script>\n<!-- \/ Yoast SEO plugin. -->","yoast_head_json":{"title":"Ev\u00e4stek\u00e4yt\u00e4nt\u00f6 - NoFloods","robots":{"index":"index","follow":"follow","max-snippet":"max-snippet:-1","max-image-preview":"max-image-preview:large","max-video-preview":"max-video-preview:-1"},"canonical":"https:\/\/nofloods.com\/fi\/evastekaytanto\/","og_locale":"fi_FI","og_type":"article","og_title":"Ev\u00e4stek\u00e4yt\u00e4nt\u00f6 - NoFloods","og_description":"Ev\u00e4stek\u00e4yt\u00e4nt\u00f6 Home &gt; TIETOA T\u00c4ST\u00c4 EV\u00c4STEK\u00c4YT\u00c4NN\u00d6ST\u00c4 &nbsp; T\u00e4m\u00e4 ev\u00e4stek\u00e4yt\u00e4nt\u00f6 selitt\u00e4\u00e4, mit\u00e4 ev\u00e4steet ovat ja miten k\u00e4yt\u00e4mme niit\u00e4 verkkosivustollamme. Sinun tulisi [&hellip;]","og_url":"https:\/\/nofloods.com\/fi\/evastekaytanto\/","og_site_name":"NoFloods","article_publisher":"https:\/\/www.facebook.com\/environmentsolutions\/","article_modified_time":"2025-09-08T14:33:25+00:00","twitter_card":"summary_large_image","twitter_site":"@NoFloodsBarrier","twitter_misc":{"Arvioitu lukuaika":"3 minuuttia"},"schema":{"@context":"https:\/\/schema.org","@graph":[{"@type":"WebPage","@id":"https:\/\/nofloods.com\/fi\/evastekaytanto\/","url":"https:\/\/nofloods.com\/fi\/evastekaytanto\/","name":"Ev\u00e4stek\u00e4yt\u00e4nt\u00f6 - NoFloods","isPartOf":{"@id":"https:\/\/nofloods.com\/fi\/#website"},"datePublished":"2025-09-05T09:56:14+00:00","dateModified":"2025-09-08T14:33:25+00:00","breadcrumb":{"@id":"https:\/\/nofloods.com\/fi\/evastekaytanto\/#breadcrumb"},"inLanguage":"fi","potentialAction":[{"@type":"ReadAction","target":["https:\/\/nofloods.com\/fi\/evastekaytanto\/"]}]},{"@type":"BreadcrumbList","@id":"https:\/\/nofloods.com\/fi\/evastekaytanto\/#breadcrumb","itemListElement":[{"@type":"ListItem","position":1,"name":"Home","item":"https:\/\/nofloods.com\/fi\/"},{"@type":"ListItem","position":2,"name":"Ev\u00e4stek\u00e4yt\u00e4nt\u00f6"}]},{"@type":"WebSite","@id":"https:\/\/nofloods.com\/fi\/#website","url":"https:\/\/nofloods.com\/fi\/","name":"NoFloods","description":"By Environment Solutions","publisher":{"@id":"https:\/\/nofloods.com\/fi\/#organization"},"potentialAction":[{"@type":"SearchAction","target":{"@type":"EntryPoint","urlTemplate":"https:\/\/nofloods.com\/fi\/?s={search_term_string}"},"query-input":{"@type":"PropertyValueSpecification","valueRequired":true,"valueName":"search_term_string"}}],"inLanguage":"fi"},{"@type":"Organization","@id":"https:\/\/nofloods.com\/fi\/#organization","name":"NoFloods","url":"https:\/\/nofloods.com\/fi\/","logo":{"@type":"ImageObject","inLanguage":"fi","@id":"https:\/\/nofloods.com\/fi\/#\/schema\/logo\/image\/","url":"https:\/\/nofloods.com\/wp-content\/uploads\/2025\/05\/NoFloods-EasyWall-Logo.webp?wsr","contentUrl":"https:\/\/nofloods.com\/wp-content\/uploads\/2025\/05\/NoFloods-EasyWall-Logo.webp?wsr","width":340,"height":70,"caption":"NoFloods"},"image":{"@id":"https:\/\/nofloods.com\/fi\/#\/schema\/logo\/image\/"},"sameAs":["https:\/\/www.facebook.com\/environmentsolutions\/","https:\/\/x.com\/NoFloodsBarrier","https:\/\/www.linkedin.com\/company\/environment-solutions-aps"]}]}},"rttpg_featured_image_url":null,"rttpg_author":{"display_name":"nofloods_admin","author_link":"https:\/\/nofloods.com\/fi\/author\/nofloods_admin\/"},"rttpg_comment":0,"rttpg_category":" <a href=\"https:\/\/nofloods.com\/fi\/?taxonomy=translation_priority&#038;term=optional-fi\" rel=\"tag\">Optional<\/a>","rttpg_excerpt":"Ev\u00e4stek\u00e4yt\u00e4nt\u00f6 Home &gt; TIETOA T\u00c4ST\u00c4 EV\u00c4STEK\u00c4YT\u00c4NN\u00d6ST\u00c4 &nbsp; T\u00e4m\u00e4 ev\u00e4stek\u00e4yt\u00e4nt\u00f6 selitt\u00e4\u00e4, mit\u00e4 ev\u00e4steet ovat ja miten k\u00e4yt\u00e4mme niit\u00e4 verkkosivustollamme. Sinun tulisi [&hellip;]","_links":{"self":[{"href":"https:\/\/nofloods.com\/fi\/wp-json\/wp\/v2\/pages\/16886","targetHints":{"allow":["GET"]}}],"collection":[{"href":"https:\/\/nofloods.com\/fi\/wp-json\/wp\/v2\/pages"}],"about":[{"href":"https:\/\/nofloods.com\/fi\/wp-json\/wp\/v2\/types\/page"}],"author":[{"embeddable":true,"href":"https:\/\/nofloods.com\/fi\/wp-json\/wp\/v2\/users\/1"}],"replies":[{"embeddable":true,"href":"https:\/\/nofloods.com\/fi\/wp-json\/wp\/v2\/comments?post=16886"}],"version-history":[{"count":1,"href":"https:\/\/nofloods.com\/fi\/wp-json\/wp\/v2\/pages\/16886\/revisions"}],"predecessor-version":[{"id":16888,"href":"https:\/\/nofloods.com\/fi\/wp-json\/wp\/v2\/pages\/16886\/revisions\/16888"}],"wp:attachment":[{"href":"https:\/\/nofloods.com\/fi\/wp-json\/wp\/v2\/media?parent=16886"}],"curies":[{"name":"wp","href":"https:\/\/api.w.org\/{rel}","templated":true}]}}