{"id":16917,"date":"2025-09-05T09:56:14","date_gmt":"2025-09-05T09:56:14","guid":{"rendered":"https:\/\/flood-protection.org\/politique-de-cookies\/"},"modified":"2025-09-08T14:33:39","modified_gmt":"2025-09-08T14:33:39","slug":"politique-de-cookies","status":"publish","type":"page","link":"https:\/\/nofloods.com\/fr\/politique-de-cookies\/","title":{"rendered":"Politique de cookies"},"content":{"rendered":"\t\t<div data-elementor-type=\"wp-page\" data-elementor-id=\"16917\" class=\"elementor elementor-16917 elementor-12734\">\n\t\t\t\t<div class=\"elementor-element elementor-element-853fd1f e-flex e-con-boxed e-con e-parent\" data-id=\"853fd1f\" data-element_type=\"container\" data-e-type=\"container\" data-settings=\"{&quot;background_background&quot;:&quot;classic&quot;}\">\n\t\t\t\t\t<div class=\"e-con-inner\">\n\t\t<div class=\"elementor-element elementor-element-5bd29bb e-con-full e-flex e-con e-child\" data-id=\"5bd29bb\" data-element_type=\"container\" data-e-type=\"container\" data-settings=\"{&quot;background_background&quot;:&quot;classic&quot;}\">\n\t\t\t\t<div class=\"elementor-element elementor-element-8cfa58a elementor-widget elementor-widget-heading\" data-id=\"8cfa58a\" data-element_type=\"widget\" data-e-type=\"widget\" data-widget_type=\"heading.default\">\n\t\t\t\t<div class=\"elementor-widget-container\">\n\t\t\t\t\t<h1 class=\"elementor-heading-title elementor-size-default\">Politique de cookies<\/h1>\t\t\t\t<\/div>\n\t\t\t\t<\/div>\n\t\t\t\t<div class=\"elementor-element elementor-element-1b24f59 elementor-widget elementor-widget-eael-breadcrumbs\" data-id=\"1b24f59\" data-element_type=\"widget\" data-e-type=\"widget\" data-widget_type=\"eael-breadcrumbs.default\">\n\t\t\t\t<div class=\"elementor-widget-container\">\n\t\t\t\t\t\t\t<div class=\"eael-breadcrumbs\">\n\t\t\t<div class=\"eael-breadcrumbs__content\"><a href=\"https:\/\/nofloods.com\/fr\/\">Home<\/a> <span class=\"eael-breadcrumb-separator\">&gt;<\/span> <span class = \"eael-current\">Page<\/span><\/div>\t\t<\/div>\n\t\t\t\t\t\t<\/div>\n\t\t\t\t<\/div>\n\t\t\t\t<\/div>\n\t\t\t\t\t<\/div>\n\t\t\t\t<\/div>\n\t\t<div class=\"elementor-element elementor-element-4a0067a e-flex e-con-boxed e-con e-parent\" data-id=\"4a0067a\" data-element_type=\"container\" data-e-type=\"container\" data-settings=\"{&quot;background_background&quot;:&quot;classic&quot;}\">\n\t\t\t\t\t<div class=\"e-con-inner\">\n\t\t\t\t<div class=\"elementor-element elementor-element-9ad7b4a elementor-widget elementor-widget-text-editor\" data-id=\"9ad7b4a\" data-element_type=\"widget\" data-e-type=\"widget\" data-widget_type=\"text-editor.default\">\n\t\t\t\t<div class=\"elementor-widget-container\">\n\t\t\t\t\t\t\t\t\t<h4><strong>\u00c0 PROPOS DE CETTE POLITIQUE DE COOKIES<\/strong><\/h4>\n<div><strong>&nbsp;<\/strong><\/div>\n<p>Cette politique de cookies explique ce que sont les cookies et comment nous les utilisons sur notre site web. Vous devriez lire cette politique afin de comprendre quel type de cookies nous utilisons, les informations que nous collectons \u00e0 l&rsquo;aide des cookies et comment ces informations sont utilis\u00e9es. En utilisant notre site web, vous acceptez que nous puissions utiliser des cookies conform\u00e9ment \u00e0 cette politique.  <\/p>\n<h4><strong>Que sont les cookies ?<\/strong><\/h4>\n<div><strong>&nbsp;<\/strong><\/div>\n<p>Les cookies sont des fichiers qui contiennent une petite quantit\u00e9 d&rsquo;informations. Les cookies sont stock\u00e9s sur le navigateur ou le disque dur de votre ordinateur ou appareil. <\/p>\n<h4><strong>Comment utilisons-nous les cookies ?<\/strong><\/h4>\n<div><strong>&nbsp;<\/strong><\/div>\n<p>Nous utilisons des cookies pour vous distinguer des autres utilisateurs de notre site web et pour vous offrir une exp\u00e9rience de navigation unique. Les cookies sont utilis\u00e9s par nous pour que notre site web puisse se souvenir de ce que vous avez fait pendant votre navigation, par exemple, vos d\u00e9tails de connexion, votre progression dans une commande et le contenu de votre panier. <\/p>\n<h4><strong>Quels types de cookies utilisons-nous ?<\/strong><\/h4>\n<div><strong>&nbsp;<\/strong><\/div>\n<p>Les cookies peuvent \u00eatre sous forme de cookies de session ou de cookies persistants. Les cookies de session sont supprim\u00e9s de votre ordinateur ou appareil lorsque vous fermez votre navigateur web. Les cookies persistants resteront stock\u00e9s sur votre ordinateur ou appareil jusqu&rsquo;\u00e0 ce qu&rsquo;ils soient supprim\u00e9s ou qu&rsquo;ils atteignent leur date d&rsquo;expiration. Nous utilisons les cookies suivants :   <\/p>\n<p>Cookies analytiques\/de performance. Ces cookies nous permettent de reconna\u00eetre et de compter le nombre de visiteurs sur notre site web et de voir comment les visiteurs se d\u00e9placent lorsqu&rsquo;ils l&rsquo;utilisent. Cela nous aide \u00e0 am\u00e9liorer le fonctionnement de notre site web, par exemple, en nous assurant que les utilisateurs trouvent facilement ce qu&rsquo;ils recherchent.  <\/p>\n<p>Cookies de fonctionnalit\u00e9. Ces cookies sont utilis\u00e9s pour vous reconna\u00eetre lorsque vous revenez sur notre site web. Cela nous permet de personnaliser notre contenu pour vous, comme vous saluer par votre nom et m\u00e9moriser vos pr\u00e9f\u00e9rences. Cela permet \u00e9galement un support de chat en direct pendant votre exp\u00e9rience de navigation.   <\/p>\n<p>Cookies de ciblage. Ces cookies enregistrent votre visite sur notre site web, les pages que vous avez visit\u00e9es et les liens que vous avez suivis. Nous utiliserons ces informations pour rendre notre site web et la publicit\u00e9 qui y est affich\u00e9e plus pertinents par rapport \u00e0 vos int\u00e9r\u00eats. Nous pouvons \u00e9galement partager ces informations avec des tiers \u00e0 cette fin. Ces cookies vous permettent de partager et d&rsquo;envoyer des informations \u00e0 d&rsquo;autres sites web.    <\/p>\n<h4><strong>Quel type d&rsquo;informations collectons-nous en utilisant des cookies ?<\/strong><\/h4>\n<div><strong>&nbsp;<\/strong><\/div>\n<p>Lorsque vous visitez notre site web, nous pouvons automatiquement collecter les types d&rsquo;informations suivants vous concernant : Votre adresse de protocole Internet (IP), vos informations de connexion, le r\u00e9glage du fuseau horaire, le syst\u00e8me d&rsquo;exploitation et la plateforme, des informations sur vos visites, y compris l&rsquo;URL d&rsquo;o\u00f9 vous venez, votre pays, les termes de recherche que vous avez utilis\u00e9s sur notre site web, les produits que vous avez consult\u00e9s ou recherch\u00e9s, les temps de r\u00e9ponse des pages, les erreurs de t\u00e9l\u00e9chargement, la dur\u00e9e des visites sur certaines pages, les informations d&rsquo;interaction avec les pages (telles que le d\u00e9filement, les clics et les survols de souris) et les m\u00e9thodes utilis\u00e9es pour quitter la page.<\/p>\n<h4><strong>Comment bloquer les cookies ?<\/strong><\/h4>\n<div><strong>&nbsp;<\/strong><\/div>\n<p>La plupart des navigateurs vous permettent de refuser les cookies. Vous pouvez bloquer nos cookies en activant le param\u00e8tre de votre navigateur qui permet de refuser la configuration de tous ou de certains cookies. Vous pouvez en savoir plus sur les cookies et sur la fa\u00e7on de les supprimer et de les contr\u00f4ler sur www.aboutcookies.org ou en cliquant sur l&rsquo;aide dans le menu de votre navigateur.  <\/p>\n<p>Si vous bloquez notre utilisation des cookies, vous pourriez ne pas pouvoir acc\u00e9der \u00e0 certaines zones de notre site web et certaines fonctions et pages ne fonctionneront pas de la mani\u00e8re habituelle. Par exemple, vous ne pourrez pas utiliser la fonction de liste d&rsquo;achats ou faire des achats en ligne. <\/p>\n<h4><strong>Comment <em>ENVIRONMENT SOLUTIONS APS<\/em> peut modifier la politique de cookies<\/strong><\/h4><div><strong><br><\/strong><\/div>\n<p>Nous pouvons mettre \u00e0 jour cette politique de temps \u00e0 autre. Les changements dans la technologie, la l\u00e9gislation et les directives des autorit\u00e9s peuvent nous obliger \u00e0 vous informer des activit\u00e9s que nous entreprenons lorsqu&rsquo;elles affectent vos droits \u00e0 la vie priv\u00e9e. Vous devriez v\u00e9rifier cette page occasionnellement pour vous assurer que vous \u00eates familier avec les changements \u00e9ventuels.  <\/p>\t\t\t\t\t\t\t\t<\/div>\n\t\t\t\t<\/div>\n\t\t\t\t\t<\/div>\n\t\t\t\t<\/div>\n\t\t\t\t<\/div>\n\t\t","protected":false},"excerpt":{"rendered":"<p>Politique de cookies Home &gt; \u00c0 PROPOS DE CETTE POLITIQUE DE COOKIES &nbsp; Cette politique de cookies explique ce que [&hellip;]<\/p>\n","protected":false},"author":1,"featured_media":0,"parent":0,"menu_order":0,"comment_status":"closed","ping_status":"closed","template":"elementor_header_footer","meta":{"_acf_changed":false,"site-sidebar-layout":"default","site-content-layout":"","ast-site-content-layout":"default","site-content-style":"default","site-sidebar-style":"default","ast-global-header-display":"","ast-banner-title-visibility":"","ast-main-header-display":"","ast-hfb-above-header-display":"","ast-hfb-below-header-display":"","ast-hfb-mobile-header-display":"","site-post-title":"","ast-breadcrumbs-content":"","ast-featured-img":"","footer-sml-layout":"","ast-disable-related-posts":"","theme-transparent-header-meta":"","adv-header-id-meta":"","stick-header-meta":"","header-above-stick-meta":"","header-main-stick-meta":"","header-below-stick-meta":"","astra-migrate-meta-layouts":"default","ast-page-background-enabled":"default","ast-page-background-meta":{"desktop":{"background-color":"","background-image":"","background-repeat":"repeat","background-position":"center center","background-size":"auto","background-attachment":"scroll","background-type":"","background-media":"","overlay-type":"","overlay-color":"","overlay-opacity":"","overlay-gradient":""},"tablet":{"background-color":"","background-image":"","background-repeat":"repeat","background-position":"center center","background-size":"auto","background-attachment":"scroll","background-type":"","background-media":"","overlay-type":"","overlay-color":"","overlay-opacity":"","overlay-gradient":""},"mobile":{"background-color":"","background-image":"","background-repeat":"repeat","background-position":"center center","background-size":"auto","background-attachment":"scroll","background-type":"","background-media":"","overlay-type":"","overlay-color":"","overlay-opacity":"","overlay-gradient":""}},"ast-content-background-meta":{"desktop":{"background-color":"var(--ast-global-color-5)","background-image":"","background-repeat":"repeat","background-position":"center center","background-size":"auto","background-attachment":"scroll","background-type":"","background-media":"","overlay-type":"","overlay-color":"","overlay-opacity":"","overlay-gradient":""},"tablet":{"background-color":"var(--ast-global-color-5)","background-image":"","background-repeat":"repeat","background-position":"center center","background-size":"auto","background-attachment":"scroll","background-type":"","background-media":"","overlay-type":"","overlay-color":"","overlay-opacity":"","overlay-gradient":""},"mobile":{"background-color":"var(--ast-global-color-5)","background-image":"","background-repeat":"repeat","background-position":"center center","background-size":"auto","background-attachment":"scroll","background-type":"","background-media":"","overlay-type":"","overlay-color":"","overlay-opacity":"","overlay-gradient":""}},"footnotes":""},"class_list":["post-16917","page","type-page","status-publish","hentry"],"acf":[],"yoast_head":"<!-- This site is optimized with the Yoast SEO plugin v27.2 - https:\/\/yoast.com\/product\/yoast-seo-wordpress\/ -->\n<title>Politique de cookies - NoFloods<\/title>\n<meta name=\"robots\" content=\"index, follow, max-snippet:-1, max-image-preview:large, max-video-preview:-1\" \/>\n<link rel=\"canonical\" href=\"https:\/\/nofloods.com\/fr\/politique-de-cookies\/\" \/>\n<meta property=\"og:locale\" content=\"fr_FR\" \/>\n<meta property=\"og:type\" content=\"article\" \/>\n<meta property=\"og:title\" content=\"Politique de cookies - NoFloods\" \/>\n<meta property=\"og:description\" content=\"Politique de cookies Home &gt; \u00c0 PROPOS DE CETTE POLITIQUE DE COOKIES &nbsp; Cette politique de cookies explique ce que [&hellip;]\" \/>\n<meta property=\"og:url\" content=\"https:\/\/nofloods.com\/fr\/politique-de-cookies\/\" \/>\n<meta property=\"og:site_name\" content=\"NoFloods\" \/>\n<meta property=\"article:publisher\" content=\"https:\/\/www.facebook.com\/environmentsolutions\/\" \/>\n<meta property=\"article:modified_time\" content=\"2025-09-08T14:33:39+00:00\" \/>\n<meta name=\"twitter:card\" content=\"summary_large_image\" \/>\n<meta name=\"twitter:site\" content=\"@NoFloodsBarrier\" \/>\n<meta name=\"twitter:label1\" content=\"Dur\u00e9e de lecture estim\u00e9e\" \/>\n\t<meta name=\"twitter:data1\" content=\"4 minutes\" \/>\n<script type=\"application\/ld+json\" class=\"yoast-schema-graph\">{\"@context\":\"https:\/\/schema.org\",\"@graph\":[{\"@type\":\"WebPage\",\"@id\":\"https:\/\/nofloods.com\/fr\/politique-de-cookies\/\",\"url\":\"https:\/\/nofloods.com\/fr\/politique-de-cookies\/\",\"name\":\"Politique de cookies - NoFloods\",\"isPartOf\":{\"@id\":\"https:\/\/nofloods.com\/fr\/#website\"},\"datePublished\":\"2025-09-05T09:56:14+00:00\",\"dateModified\":\"2025-09-08T14:33:39+00:00\",\"breadcrumb\":{\"@id\":\"https:\/\/nofloods.com\/fr\/politique-de-cookies\/#breadcrumb\"},\"inLanguage\":\"fr-FR\",\"potentialAction\":[{\"@type\":\"ReadAction\",\"target\":[\"https:\/\/nofloods.com\/fr\/politique-de-cookies\/\"]}]},{\"@type\":\"BreadcrumbList\",\"@id\":\"https:\/\/nofloods.com\/fr\/politique-de-cookies\/#breadcrumb\",\"itemListElement\":[{\"@type\":\"ListItem\",\"position\":1,\"name\":\"Home\",\"item\":\"https:\/\/nofloods.com\/fr\/\"},{\"@type\":\"ListItem\",\"position\":2,\"name\":\"Politique de cookies\"}]},{\"@type\":\"WebSite\",\"@id\":\"https:\/\/nofloods.com\/fr\/#website\",\"url\":\"https:\/\/nofloods.com\/fr\/\",\"name\":\"NoFloods\",\"description\":\"By Environment Solutions\",\"publisher\":{\"@id\":\"https:\/\/nofloods.com\/fr\/#organization\"},\"potentialAction\":[{\"@type\":\"SearchAction\",\"target\":{\"@type\":\"EntryPoint\",\"urlTemplate\":\"https:\/\/nofloods.com\/fr\/?s={search_term_string}\"},\"query-input\":{\"@type\":\"PropertyValueSpecification\",\"valueRequired\":true,\"valueName\":\"search_term_string\"}}],\"inLanguage\":\"fr-FR\"},{\"@type\":\"Organization\",\"@id\":\"https:\/\/nofloods.com\/fr\/#organization\",\"name\":\"NoFloods\",\"url\":\"https:\/\/nofloods.com\/fr\/\",\"logo\":{\"@type\":\"ImageObject\",\"inLanguage\":\"fr-FR\",\"@id\":\"https:\/\/nofloods.com\/fr\/#\/schema\/logo\/image\/\",\"url\":\"https:\/\/nofloods.com\/wp-content\/uploads\/2025\/05\/NoFloods-EasyWall-Logo.webp?wsr\",\"contentUrl\":\"https:\/\/nofloods.com\/wp-content\/uploads\/2025\/05\/NoFloods-EasyWall-Logo.webp?wsr\",\"width\":340,\"height\":70,\"caption\":\"NoFloods\"},\"image\":{\"@id\":\"https:\/\/nofloods.com\/fr\/#\/schema\/logo\/image\/\"},\"sameAs\":[\"https:\/\/www.facebook.com\/environmentsolutions\/\",\"https:\/\/x.com\/NoFloodsBarrier\",\"https:\/\/www.linkedin.com\/company\/environment-solutions-aps\"]}]}<\/script>\n<!-- \/ Yoast SEO plugin. -->","yoast_head_json":{"title":"Politique de cookies - NoFloods","robots":{"index":"index","follow":"follow","max-snippet":"max-snippet:-1","max-image-preview":"max-image-preview:large","max-video-preview":"max-video-preview:-1"},"canonical":"https:\/\/nofloods.com\/fr\/politique-de-cookies\/","og_locale":"fr_FR","og_type":"article","og_title":"Politique de cookies - NoFloods","og_description":"Politique de cookies Home &gt; \u00c0 PROPOS DE CETTE POLITIQUE DE COOKIES &nbsp; Cette politique de cookies explique ce que [&hellip;]","og_url":"https:\/\/nofloods.com\/fr\/politique-de-cookies\/","og_site_name":"NoFloods","article_publisher":"https:\/\/www.facebook.com\/environmentsolutions\/","article_modified_time":"2025-09-08T14:33:39+00:00","twitter_card":"summary_large_image","twitter_site":"@NoFloodsBarrier","twitter_misc":{"Dur\u00e9e de lecture estim\u00e9e":"4 minutes"},"schema":{"@context":"https:\/\/schema.org","@graph":[{"@type":"WebPage","@id":"https:\/\/nofloods.com\/fr\/politique-de-cookies\/","url":"https:\/\/nofloods.com\/fr\/politique-de-cookies\/","name":"Politique de cookies - NoFloods","isPartOf":{"@id":"https:\/\/nofloods.com\/fr\/#website"},"datePublished":"2025-09-05T09:56:14+00:00","dateModified":"2025-09-08T14:33:39+00:00","breadcrumb":{"@id":"https:\/\/nofloods.com\/fr\/politique-de-cookies\/#breadcrumb"},"inLanguage":"fr-FR","potentialAction":[{"@type":"ReadAction","target":["https:\/\/nofloods.com\/fr\/politique-de-cookies\/"]}]},{"@type":"BreadcrumbList","@id":"https:\/\/nofloods.com\/fr\/politique-de-cookies\/#breadcrumb","itemListElement":[{"@type":"ListItem","position":1,"name":"Home","item":"https:\/\/nofloods.com\/fr\/"},{"@type":"ListItem","position":2,"name":"Politique de cookies"}]},{"@type":"WebSite","@id":"https:\/\/nofloods.com\/fr\/#website","url":"https:\/\/nofloods.com\/fr\/","name":"NoFloods","description":"By Environment Solutions","publisher":{"@id":"https:\/\/nofloods.com\/fr\/#organization"},"potentialAction":[{"@type":"SearchAction","target":{"@type":"EntryPoint","urlTemplate":"https:\/\/nofloods.com\/fr\/?s={search_term_string}"},"query-input":{"@type":"PropertyValueSpecification","valueRequired":true,"valueName":"search_term_string"}}],"inLanguage":"fr-FR"},{"@type":"Organization","@id":"https:\/\/nofloods.com\/fr\/#organization","name":"NoFloods","url":"https:\/\/nofloods.com\/fr\/","logo":{"@type":"ImageObject","inLanguage":"fr-FR","@id":"https:\/\/nofloods.com\/fr\/#\/schema\/logo\/image\/","url":"https:\/\/nofloods.com\/wp-content\/uploads\/2025\/05\/NoFloods-EasyWall-Logo.webp?wsr","contentUrl":"https:\/\/nofloods.com\/wp-content\/uploads\/2025\/05\/NoFloods-EasyWall-Logo.webp?wsr","width":340,"height":70,"caption":"NoFloods"},"image":{"@id":"https:\/\/nofloods.com\/fr\/#\/schema\/logo\/image\/"},"sameAs":["https:\/\/www.facebook.com\/environmentsolutions\/","https:\/\/x.com\/NoFloodsBarrier","https:\/\/www.linkedin.com\/company\/environment-solutions-aps"]}]}},"rttpg_featured_image_url":null,"rttpg_author":{"display_name":"nofloods_admin","author_link":"https:\/\/nofloods.com\/fr\/author\/nofloods_admin\/"},"rttpg_comment":0,"rttpg_category":" <a href=\"https:\/\/nofloods.com\/fr\/?taxonomy=translation_priority&#038;term=facultatif\" rel=\"tag\">Facultatif<\/a>","rttpg_excerpt":"Politique de cookies Home &gt; \u00c0 PROPOS DE CETTE POLITIQUE DE COOKIES &nbsp; Cette politique de cookies explique ce que [&hellip;]","_links":{"self":[{"href":"https:\/\/nofloods.com\/fr\/wp-json\/wp\/v2\/pages\/16917","targetHints":{"allow":["GET"]}}],"collection":[{"href":"https:\/\/nofloods.com\/fr\/wp-json\/wp\/v2\/pages"}],"about":[{"href":"https:\/\/nofloods.com\/fr\/wp-json\/wp\/v2\/types\/page"}],"author":[{"embeddable":true,"href":"https:\/\/nofloods.com\/fr\/wp-json\/wp\/v2\/users\/1"}],"replies":[{"embeddable":true,"href":"https:\/\/nofloods.com\/fr\/wp-json\/wp\/v2\/comments?post=16917"}],"version-history":[{"count":1,"href":"https:\/\/nofloods.com\/fr\/wp-json\/wp\/v2\/pages\/16917\/revisions"}],"predecessor-version":[{"id":16918,"href":"https:\/\/nofloods.com\/fr\/wp-json\/wp\/v2\/pages\/16917\/revisions\/16918"}],"wp:attachment":[{"href":"https:\/\/nofloods.com\/fr\/wp-json\/wp\/v2\/media?parent=16917"}],"curies":[{"name":"wp","href":"https:\/\/api.w.org\/{rel}","templated":true}]}}