{"id":18933,"date":"2025-09-05T09:51:14","date_gmt":"2025-09-05T09:51:14","guid":{"rendered":"https:\/\/flood-protection.org\/conditions-dutilisation\/"},"modified":"2025-10-10T18:15:05","modified_gmt":"2025-10-10T18:15:05","slug":"terms-and-use","status":"publish","type":"page","link":"https:\/\/nofloods.com\/fr\/terms-and-use\/","title":{"rendered":"Conditions d&rsquo;utilisation"},"content":{"rendered":"\t\t<div data-elementor-type=\"wp-page\" data-elementor-id=\"18933\" class=\"elementor elementor-18933 elementor-12711\">\n\t\t\t\t<div class=\"elementor-element elementor-element-853fd1f e-flex e-con-boxed e-con e-parent\" data-id=\"853fd1f\" data-element_type=\"container\" data-e-type=\"container\" data-settings=\"{&quot;background_background&quot;:&quot;classic&quot;}\">\n\t\t\t\t\t<div class=\"e-con-inner\">\n\t\t<div class=\"elementor-element elementor-element-5bd29bb e-con-full e-flex e-con e-child\" data-id=\"5bd29bb\" data-element_type=\"container\" data-e-type=\"container\" data-settings=\"{&quot;background_background&quot;:&quot;classic&quot;}\">\n\t\t\t\t<div class=\"elementor-element elementor-element-8cfa58a elementor-widget elementor-widget-heading\" data-id=\"8cfa58a\" data-element_type=\"widget\" data-e-type=\"widget\" data-widget_type=\"heading.default\">\n\t\t\t\t<div class=\"elementor-widget-container\">\n\t\t\t\t\t<h1 class=\"elementor-heading-title elementor-size-default\">Conditions d'utilisation<\/h1>\t\t\t\t<\/div>\n\t\t\t\t<\/div>\n\t\t\t\t<div class=\"elementor-element elementor-element-1b24f59 elementor-widget elementor-widget-eael-breadcrumbs\" data-id=\"1b24f59\" data-element_type=\"widget\" data-e-type=\"widget\" data-widget_type=\"eael-breadcrumbs.default\">\n\t\t\t\t<div class=\"elementor-widget-container\">\n\t\t\t\t\t\t\t<div class=\"eael-breadcrumbs\">\n\t\t\t<div class=\"eael-breadcrumbs__content\"><a href=\"https:\/\/nofloods.com\/fr\/\">Home<\/a> <span class=\"eael-breadcrumb-separator\">&gt;<\/span> <span class = \"eael-current\">Page<\/span><\/div>\t\t<\/div>\n\t\t\t\t\t\t<\/div>\n\t\t\t\t<\/div>\n\t\t\t\t<\/div>\n\t\t\t\t\t<\/div>\n\t\t\t\t<\/div>\n\t\t<div class=\"elementor-element elementor-element-4a0067a e-flex e-con-boxed e-con e-parent\" data-id=\"4a0067a\" data-element_type=\"container\" data-e-type=\"container\" data-settings=\"{&quot;background_background&quot;:&quot;classic&quot;}\">\n\t\t\t\t\t<div class=\"e-con-inner\">\n\t\t\t\t<div class=\"elementor-element elementor-element-9ad7b4a elementor-widget elementor-widget-text-editor\" data-id=\"9ad7b4a\" data-element_type=\"widget\" data-e-type=\"widget\" data-widget_type=\"text-editor.default\">\n\t\t\t\t<div class=\"elementor-widget-container\">\n\t\t\t\t\t\t\t\t\t<h4><strong>\u00c0 PROPOS DE CES CONDITIONS D&rsquo;UTILISATION<\/strong><\/h4><div><strong> <\/strong><\/div><p>Nous vous demandons de lire attentivement ces conditions avant d&rsquo;utiliser notre site web. Ces conditions d&rsquo;utilisation vous informent sur la mani\u00e8re dont vous pouvez utiliser notre site web. En continuant \u00e0 naviguer sur notre site web, vous acceptez ces termes et conditions.  <\/p><h4><strong>VOS INFORMATIONS PERSONNELLES<\/strong><\/h4><div><strong> <\/strong><\/div><p>Nous traitons toutes les donn\u00e9es personnelles que vous nous fournissez sur notre site web conform\u00e9ment aux termes de notre Politique de confidentialit\u00e9. Veuillez vous assurer que toutes les informations que vous nous donnez sur notre site web, y compris tout nom d&rsquo;utilisateur et mot de passe, sont conserv\u00e9es de mani\u00e8re s\u00fbre, s\u00e9curis\u00e9e et confidentielle. <\/p><h4><strong>LES INFORMATIONS SUR NOTRE SITE WEB<\/strong><\/h4><div><strong> <\/strong><\/div><p>Nous faisons de notre mieux pour nous assurer que notre site web fonctionne correctement \u00e0 tout moment, mais nous ne garantissons pas la disponibilit\u00e9 ou l&rsquo;accessibilit\u00e9 de notre site web, et (sauf indication contraire ici) nous ne serons pas responsables des dommages, pertes, co\u00fbts ou d\u00e9penses que vous pourriez encourir en raison d&rsquo;un manque de disponibilit\u00e9 ou d&rsquo;accessibilit\u00e9 de notre site web. Si nos prix sont affich\u00e9s de mani\u00e8re incorrecte, nous nous r\u00e9servons le droit de rectifier les prix et de ne pas vous vendre le produit au prix que vous avez initialement vu sur notre site web. <\/p><h4><strong>LIENS ET PARTAGE<\/strong><\/h4><div><strong> <\/strong><\/div><p>Tous les liens ou opportunit\u00e9s de partage (via les m\u00e9dias sociaux, blogs et sites similaires et services de communication) sur notre site web sont fournis uniquement pour votre utilisation et commodit\u00e9. Le lien ne repr\u00e9sente aucune approbation ou recommandation de notre part et ne signifie pas que nous avons une quelconque association avec le site web li\u00e9. Nous ne sommes pas responsables du contenu des sites web qui sont li\u00e9s \u00e0 ou depuis notre site web ou des cons\u00e9quences juridiques de votre conclusion de contrats avec les tiers qui fournissent ces sites web li\u00e9s et nous n&rsquo;acceptons aucune responsabilit\u00e9 pour toute perte, dommage, d\u00e9pense, co\u00fbts ou responsabilit\u00e9 encourus par vous en cons\u00e9quence.  <\/p><p>Veuillez noter que si vous partagez du contenu sur d&rsquo;autres plateformes, il peut y avoir des conditions g\u00e9n\u00e9rales distinctes li\u00e9es \u00e0 l&rsquo;organisation qui vous permet de partager. Veuillez v\u00e9rifier les conditions g\u00e9n\u00e9rales de tout site sur lequel vous avez l&rsquo;intention de partager. Certaines conditions g\u00e9n\u00e9rales peuvent vous interdire de partager notre contenu.  <\/p><p>Nous ne serons pas responsables de toute perte, dommage, d\u00e9pense, co\u00fbts, retards ou autre responsabilit\u00e9 quelconque (y compris, sans limitation, toute perte financi\u00e8re telle que la perte de profit) que vous pourriez encourir \u00e0 la suite de tout \u00e9v\u00e9nement ind\u00e9pendant de notre contr\u00f4le raisonnable (y compris, sans limitation, toute d\u00e9faillance de transmission, de communication, d&rsquo;installations informatiques ou autres ou votre incapacit\u00e9 \u00e0 acc\u00e9der au site web pour quelque raison que ce soit ou tout \u00e9chec, erreur ou retard dans l&rsquo;envoi ou la r\u00e9ception de tout avis ou communication ou instruction par la poste ou tout moyen \u00e9lectronique).<\/p><h4><strong>DROITS D&rsquo;AUTEUR<\/strong><\/h4><div><strong> <\/strong><\/div><p>Le contenu de toutes les parties du site web appartient \u00e0 <strong>ENVIRONMENT SOLUTIONS APS<\/strong>. Cela inclut les droits d&rsquo;auteur sur tous les textes, descriptions et images. Cela inclut \u00e9galement les marques d\u00e9pos\u00e9es de notre nom et de nos logos.  <\/p><p>Vous pouvez t\u00e9l\u00e9charger sur un disque dur local et imprimer des extraits de notre site web pour votre usage personnel. Vous pouvez \u00e9galement recopier des extraits t\u00e9l\u00e9charg\u00e9s \u00e0 d&rsquo;autres personnes \u00e0 condition de ne pas le faire \u00e0 des fins lucratives. <\/p><p>La reproduction de tout ou partie du contenu sous quelque forme que ce soit est interdite, sauf pour un usage personnel. Aucun contenu de notre site web ne peut \u00eatre copi\u00e9 ou autrement incorpor\u00e9 ou stock\u00e9 dans un autre site web, syst\u00e8me de r\u00e9cup\u00e9ration \u00e9lectronique, publication ou autre travail sous quelque forme que ce soit (que ce soit en copie papier, \u00e9lectronique ou autre). <\/p><p>Si vous souhaitez utiliser notre contenu \u00e0 des fins autres que celles \u00e9nonc\u00e9es ci-dessus (ce qui inclut l&rsquo;encadrement du site web), vous devez d&rsquo;abord nous contacter et obtenir notre autorisation.<\/p><h4><strong>ASSUREZ-VOUS D&rsquo;\u00caTRE \u00c0 JOUR<\/strong><\/h4><div><strong> <\/strong><\/div><p>Nous nous r\u00e9servons le droit de modifier \u00e0 tout moment les conditions d&rsquo;offre de notre site web et de nos produits. Toute modification de nos conditions g\u00e9n\u00e9rales prendra effet imm\u00e9diatement lorsqu&rsquo;elle sera plac\u00e9e sur notre site web et s&rsquo;appliquera \u00e0 toute utilisation future de notre site web. Vous devez r\u00e9guli\u00e8rement v\u00e9rifier les Conditions g\u00e9n\u00e9rales et nos politiques affich\u00e9es sur notre site web car elles peuvent avoir chang\u00e9 depuis votre derni\u00e8re visite.  <\/p><h4><strong>CE QUE VOUS NE POUVEZ PAS FAIRE SUR NOTRE SITE WEB<\/strong><\/h4><div><strong> <\/strong><\/div><p>Lors de l&rsquo;utilisation de notre site web, vous ne pouvez pas : (1) interf\u00e9rer ou d\u00e9sactiver les fonctionnalit\u00e9s de s\u00e9curit\u00e9 du site ou les fonctionnalit\u00e9s qui emp\u00eachent ou restreignent l&rsquo;utilisation ou la copie du contenu accessible via le site ; (2) donner de fausses informations dans les d\u00e9tails de votre compte ; (3) prendre l&rsquo;identit\u00e9 d&rsquo;une autre personne sans sa permission ou pr\u00e9tendre agir au nom d&rsquo;une personne, entit\u00e9 ou organisation ; (4) utiliser le site si nous vous avons suspendu ou interdit de l&rsquo;utiliser ; (5) envoyer des messages ind\u00e9sirables, du spam ou des messages r\u00e9p\u00e9titifs ; (6) s&rsquo;engager dans toute conduite ill\u00e9gale ou illicite ; (7) modifier, interf\u00e9rer, intercepter, perturber ou pirater le site ; (8) utiliser abusivement le site en introduisant sciemment des virus, chevaux de Troie, vers, bombes logiques ou autre mat\u00e9riel similaire ou en entreprenant toute autre action qui nuirait au site, \u00e0 l&rsquo;\u00e9quipement de tout utilisateur du site ou aurait un impact pr\u00e9judiciable sur l&rsquo;exp\u00e9rience de tout utilisateur du site ; (9) collecter des donn\u00e9es du site autrement qu&rsquo;en conformit\u00e9 avec ces Conditions d&rsquo;utilisation ; (10) soumettre ou contribuer \u00e0 tout contenu abusif, mena\u00e7ant, obsc\u00e8ne, faux, choquant ou offensant ; (11) abuser, nuire ou intimider un autre utilisateur du site, un membre de notre personnel ou une personne ; (12) soumettre ou contribuer \u00e0 tout Contenu utilisateur sans la permission du propri\u00e9taire du contenu ou autrement enfreindre les droits d&rsquo;auteur, marques d\u00e9pos\u00e9es ou autres droits de tiers ; ou (13) soumettre ou contribuer \u00e0 toute information ou commentaire sur une autre personne qui est faux, priv\u00e9, confidentiel ou diffamatoire (y compris accuser personnellement une autre personne de criminalit\u00e9 non prouv\u00e9e ou de faute grave qui pourrait nuire \u00e0 sa r\u00e9putation aux yeux de quiconque lisant votre commentaire).<\/p><p>Si vous enfreignez l&rsquo;une de ces Conditions d&rsquo;utilisation, nous pouvons vous emp\u00eacher d&rsquo;utiliser ce site web de mani\u00e8re permanente ou temporaire. Nous pouvons \u00e9galement prendre d&rsquo;autres mesures, y compris, mais sans s&rsquo;y limiter, vous signaler \u00e0 la police ou \u00e0 tout autre organisme d&rsquo;application de la loi, \u00e9mettre un avertissement ou engager des poursuites judiciaires contre vous et r\u00e9clamer tous les co\u00fbts que nous encourons en cons\u00e9quence. <\/p><h4><strong>DES QUESTIONS ?<\/strong><\/h4><div><strong> <\/strong><\/div><p>Si vous avez des questions sur quoi que ce soit sur ce site web, veuillez nous contacter.<\/p>\t\t\t\t\t\t\t\t<\/div>\n\t\t\t\t<\/div>\n\t\t\t\t\t<\/div>\n\t\t\t\t<\/div>\n\t\t\t\t<\/div>\n\t\t","protected":false},"excerpt":{"rendered":"<p>Conditions d&rsquo;utilisation Home &gt; \u00c0 PROPOS DE CES CONDITIONS D&rsquo;UTILISATION Nous vous demandons de lire attentivement ces conditions avant d&rsquo;utiliser [&hellip;]<\/p>\n","protected":false},"author":1,"featured_media":0,"parent":0,"menu_order":0,"comment_status":"closed","ping_status":"closed","template":"elementor_header_footer","meta":{"_acf_changed":false,"site-sidebar-layout":"default","site-content-layout":"","ast-site-content-layout":"default","site-content-style":"default","site-sidebar-style":"default","ast-global-header-display":"","ast-banner-title-visibility":"","ast-main-header-display":"","ast-hfb-above-header-display":"","ast-hfb-below-header-display":"","ast-hfb-mobile-header-display":"","site-post-title":"","ast-breadcrumbs-content":"","ast-featured-img":"","footer-sml-layout":"","ast-disable-related-posts":"","theme-transparent-header-meta":"","adv-header-id-meta":"","stick-header-meta":"","header-above-stick-meta":"","header-main-stick-meta":"","header-below-stick-meta":"","astra-migrate-meta-layouts":"default","ast-page-background-enabled":"default","ast-page-background-meta":{"desktop":{"background-color":"","background-image":"","background-repeat":"repeat","background-position":"center center","background-size":"auto","background-attachment":"scroll","background-type":"","background-media":"","overlay-type":"","overlay-color":"","overlay-opacity":"","overlay-gradient":""},"tablet":{"background-color":"","background-image":"","background-repeat":"repeat","background-position":"center center","background-size":"auto","background-attachment":"scroll","background-type":"","background-media":"","overlay-type":"","overlay-color":"","overlay-opacity":"","overlay-gradient":""},"mobile":{"background-color":"","background-image":"","background-repeat":"repeat","background-position":"center center","background-size":"auto","background-attachment":"scroll","background-type":"","background-media":"","overlay-type":"","overlay-color":"","overlay-opacity":"","overlay-gradient":""}},"ast-content-background-meta":{"desktop":{"background-color":"var(--ast-global-color-5)","background-image":"","background-repeat":"repeat","background-position":"center center","background-size":"auto","background-attachment":"scroll","background-type":"","background-media":"","overlay-type":"","overlay-color":"","overlay-opacity":"","overlay-gradient":""},"tablet":{"background-color":"var(--ast-global-color-5)","background-image":"","background-repeat":"repeat","background-position":"center center","background-size":"auto","background-attachment":"scroll","background-type":"","background-media":"","overlay-type":"","overlay-color":"","overlay-opacity":"","overlay-gradient":""},"mobile":{"background-color":"var(--ast-global-color-5)","background-image":"","background-repeat":"repeat","background-position":"center center","background-size":"auto","background-attachment":"scroll","background-type":"","background-media":"","overlay-type":"","overlay-color":"","overlay-opacity":"","overlay-gradient":""}},"footnotes":""},"class_list":["post-18933","page","type-page","status-publish","hentry"],"acf":[],"yoast_head":"<!-- This site is optimized with the Yoast SEO plugin v27.2 - https:\/\/yoast.com\/product\/yoast-seo-wordpress\/ -->\n<title>Conditions d&#039;utilisation - NoFloods<\/title>\n<meta name=\"robots\" content=\"index, follow, max-snippet:-1, max-image-preview:large, max-video-preview:-1\" \/>\n<link rel=\"canonical\" href=\"https:\/\/nofloods.com\/fr\/terms-and-use\/\" \/>\n<meta property=\"og:locale\" content=\"fr_FR\" \/>\n<meta property=\"og:type\" content=\"article\" \/>\n<meta property=\"og:title\" content=\"Conditions d&#039;utilisation - NoFloods\" \/>\n<meta property=\"og:description\" content=\"Conditions d&rsquo;utilisation Home &gt; \u00c0 PROPOS DE CES CONDITIONS D&rsquo;UTILISATION Nous vous demandons de lire attentivement ces conditions avant d&rsquo;utiliser [&hellip;]\" \/>\n<meta property=\"og:url\" content=\"https:\/\/nofloods.com\/fr\/terms-and-use\/\" \/>\n<meta property=\"og:site_name\" content=\"NoFloods\" \/>\n<meta property=\"article:publisher\" content=\"https:\/\/www.facebook.com\/environmentsolutions\/\" \/>\n<meta property=\"article:modified_time\" content=\"2025-10-10T18:15:05+00:00\" \/>\n<meta name=\"twitter:card\" content=\"summary_large_image\" \/>\n<meta name=\"twitter:site\" content=\"@NoFloodsBarrier\" \/>\n<meta name=\"twitter:label1\" content=\"Dur\u00e9e de lecture estim\u00e9e\" \/>\n\t<meta name=\"twitter:data1\" content=\"6 minutes\" \/>\n<script type=\"application\/ld+json\" class=\"yoast-schema-graph\">{\"@context\":\"https:\/\/schema.org\",\"@graph\":[{\"@type\":\"WebPage\",\"@id\":\"https:\/\/nofloods.com\/fr\/terms-and-use\/\",\"url\":\"https:\/\/nofloods.com\/fr\/terms-and-use\/\",\"name\":\"Conditions d'utilisation - NoFloods\",\"isPartOf\":{\"@id\":\"https:\/\/nofloods.com\/fr\/#website\"},\"datePublished\":\"2025-09-05T09:51:14+00:00\",\"dateModified\":\"2025-10-10T18:15:05+00:00\",\"breadcrumb\":{\"@id\":\"https:\/\/nofloods.com\/fr\/terms-and-use\/#breadcrumb\"},\"inLanguage\":\"fr-FR\",\"potentialAction\":[{\"@type\":\"ReadAction\",\"target\":[\"https:\/\/nofloods.com\/fr\/terms-and-use\/\"]}]},{\"@type\":\"BreadcrumbList\",\"@id\":\"https:\/\/nofloods.com\/fr\/terms-and-use\/#breadcrumb\",\"itemListElement\":[{\"@type\":\"ListItem\",\"position\":1,\"name\":\"Home\",\"item\":\"https:\/\/nofloods.com\/fr\/\"},{\"@type\":\"ListItem\",\"position\":2,\"name\":\"Conditions d&#8217;utilisation\"}]},{\"@type\":\"WebSite\",\"@id\":\"https:\/\/nofloods.com\/fr\/#website\",\"url\":\"https:\/\/nofloods.com\/fr\/\",\"name\":\"NoFloods\",\"description\":\"By Environment Solutions\",\"publisher\":{\"@id\":\"https:\/\/nofloods.com\/fr\/#organization\"},\"potentialAction\":[{\"@type\":\"SearchAction\",\"target\":{\"@type\":\"EntryPoint\",\"urlTemplate\":\"https:\/\/nofloods.com\/fr\/?s={search_term_string}\"},\"query-input\":{\"@type\":\"PropertyValueSpecification\",\"valueRequired\":true,\"valueName\":\"search_term_string\"}}],\"inLanguage\":\"fr-FR\"},{\"@type\":\"Organization\",\"@id\":\"https:\/\/nofloods.com\/fr\/#organization\",\"name\":\"NoFloods\",\"url\":\"https:\/\/nofloods.com\/fr\/\",\"logo\":{\"@type\":\"ImageObject\",\"inLanguage\":\"fr-FR\",\"@id\":\"https:\/\/nofloods.com\/fr\/#\/schema\/logo\/image\/\",\"url\":\"https:\/\/nofloods.com\/wp-content\/uploads\/2025\/05\/NoFloods-EasyWall-Logo.webp?wsr\",\"contentUrl\":\"https:\/\/nofloods.com\/wp-content\/uploads\/2025\/05\/NoFloods-EasyWall-Logo.webp?wsr\",\"width\":340,\"height\":70,\"caption\":\"NoFloods\"},\"image\":{\"@id\":\"https:\/\/nofloods.com\/fr\/#\/schema\/logo\/image\/\"},\"sameAs\":[\"https:\/\/www.facebook.com\/environmentsolutions\/\",\"https:\/\/x.com\/NoFloodsBarrier\",\"https:\/\/www.linkedin.com\/company\/environment-solutions-aps\"]}]}<\/script>\n<!-- \/ Yoast SEO plugin. -->","yoast_head_json":{"title":"Conditions d'utilisation - NoFloods","robots":{"index":"index","follow":"follow","max-snippet":"max-snippet:-1","max-image-preview":"max-image-preview:large","max-video-preview":"max-video-preview:-1"},"canonical":"https:\/\/nofloods.com\/fr\/terms-and-use\/","og_locale":"fr_FR","og_type":"article","og_title":"Conditions d'utilisation - NoFloods","og_description":"Conditions d&rsquo;utilisation Home &gt; \u00c0 PROPOS DE CES CONDITIONS D&rsquo;UTILISATION Nous vous demandons de lire attentivement ces conditions avant d&rsquo;utiliser [&hellip;]","og_url":"https:\/\/nofloods.com\/fr\/terms-and-use\/","og_site_name":"NoFloods","article_publisher":"https:\/\/www.facebook.com\/environmentsolutions\/","article_modified_time":"2025-10-10T18:15:05+00:00","twitter_card":"summary_large_image","twitter_site":"@NoFloodsBarrier","twitter_misc":{"Dur\u00e9e de lecture estim\u00e9e":"6 minutes"},"schema":{"@context":"https:\/\/schema.org","@graph":[{"@type":"WebPage","@id":"https:\/\/nofloods.com\/fr\/terms-and-use\/","url":"https:\/\/nofloods.com\/fr\/terms-and-use\/","name":"Conditions d'utilisation - NoFloods","isPartOf":{"@id":"https:\/\/nofloods.com\/fr\/#website"},"datePublished":"2025-09-05T09:51:14+00:00","dateModified":"2025-10-10T18:15:05+00:00","breadcrumb":{"@id":"https:\/\/nofloods.com\/fr\/terms-and-use\/#breadcrumb"},"inLanguage":"fr-FR","potentialAction":[{"@type":"ReadAction","target":["https:\/\/nofloods.com\/fr\/terms-and-use\/"]}]},{"@type":"BreadcrumbList","@id":"https:\/\/nofloods.com\/fr\/terms-and-use\/#breadcrumb","itemListElement":[{"@type":"ListItem","position":1,"name":"Home","item":"https:\/\/nofloods.com\/fr\/"},{"@type":"ListItem","position":2,"name":"Conditions d&#8217;utilisation"}]},{"@type":"WebSite","@id":"https:\/\/nofloods.com\/fr\/#website","url":"https:\/\/nofloods.com\/fr\/","name":"NoFloods","description":"By Environment Solutions","publisher":{"@id":"https:\/\/nofloods.com\/fr\/#organization"},"potentialAction":[{"@type":"SearchAction","target":{"@type":"EntryPoint","urlTemplate":"https:\/\/nofloods.com\/fr\/?s={search_term_string}"},"query-input":{"@type":"PropertyValueSpecification","valueRequired":true,"valueName":"search_term_string"}}],"inLanguage":"fr-FR"},{"@type":"Organization","@id":"https:\/\/nofloods.com\/fr\/#organization","name":"NoFloods","url":"https:\/\/nofloods.com\/fr\/","logo":{"@type":"ImageObject","inLanguage":"fr-FR","@id":"https:\/\/nofloods.com\/fr\/#\/schema\/logo\/image\/","url":"https:\/\/nofloods.com\/wp-content\/uploads\/2025\/05\/NoFloods-EasyWall-Logo.webp?wsr","contentUrl":"https:\/\/nofloods.com\/wp-content\/uploads\/2025\/05\/NoFloods-EasyWall-Logo.webp?wsr","width":340,"height":70,"caption":"NoFloods"},"image":{"@id":"https:\/\/nofloods.com\/fr\/#\/schema\/logo\/image\/"},"sameAs":["https:\/\/www.facebook.com\/environmentsolutions\/","https:\/\/x.com\/NoFloodsBarrier","https:\/\/www.linkedin.com\/company\/environment-solutions-aps"]}]}},"rttpg_featured_image_url":null,"rttpg_author":{"display_name":"nofloods_admin","author_link":"https:\/\/nofloods.com\/fr\/author\/nofloods_admin\/"},"rttpg_comment":0,"rttpg_category":" <a href=\"https:\/\/nofloods.com\/fr\/?taxonomy=translation_priority&#038;term=facultatif\" rel=\"tag\">Facultatif<\/a>","rttpg_excerpt":"Conditions d&rsquo;utilisation Home &gt; \u00c0 PROPOS DE CES CONDITIONS D&rsquo;UTILISATION Nous vous demandons de lire attentivement ces conditions avant d&rsquo;utiliser [&hellip;]","_links":{"self":[{"href":"https:\/\/nofloods.com\/fr\/wp-json\/wp\/v2\/pages\/18933","targetHints":{"allow":["GET"]}}],"collection":[{"href":"https:\/\/nofloods.com\/fr\/wp-json\/wp\/v2\/pages"}],"about":[{"href":"https:\/\/nofloods.com\/fr\/wp-json\/wp\/v2\/types\/page"}],"author":[{"embeddable":true,"href":"https:\/\/nofloods.com\/fr\/wp-json\/wp\/v2\/users\/1"}],"replies":[{"embeddable":true,"href":"https:\/\/nofloods.com\/fr\/wp-json\/wp\/v2\/comments?post=18933"}],"version-history":[{"count":9,"href":"https:\/\/nofloods.com\/fr\/wp-json\/wp\/v2\/pages\/18933\/revisions"}],"predecessor-version":[{"id":26393,"href":"https:\/\/nofloods.com\/fr\/wp-json\/wp\/v2\/pages\/18933\/revisions\/26393"}],"wp:attachment":[{"href":"https:\/\/nofloods.com\/fr\/wp-json\/wp\/v2\/media?parent=18933"}],"curies":[{"name":"wp","href":"https:\/\/api.w.org\/{rel}","templated":true}]}}