{"id":16862,"date":"2025-09-05T09:51:14","date_gmt":"2025-09-05T09:51:14","guid":{"rendered":"https:\/\/flood-protection.org\/uvjeti-koristenja\/"},"modified":"2025-10-10T18:15:03","modified_gmt":"2025-10-10T18:15:03","slug":"terms-and-use","status":"publish","type":"page","link":"https:\/\/nofloods.com\/hr\/terms-and-use\/","title":{"rendered":"Uvjeti kori\u0161tenja"},"content":{"rendered":"\t\t<div data-elementor-type=\"wp-page\" data-elementor-id=\"16862\" class=\"elementor elementor-16862 elementor-12711\">\n\t\t\t\t<div class=\"elementor-element elementor-element-853fd1f e-flex e-con-boxed e-con e-parent\" data-id=\"853fd1f\" data-element_type=\"container\" data-e-type=\"container\" data-settings=\"{&quot;background_background&quot;:&quot;classic&quot;}\">\n\t\t\t\t\t<div class=\"e-con-inner\">\n\t\t<div class=\"elementor-element elementor-element-5bd29bb e-con-full e-flex e-con e-child\" data-id=\"5bd29bb\" data-element_type=\"container\" data-e-type=\"container\" data-settings=\"{&quot;background_background&quot;:&quot;classic&quot;}\">\n\t\t\t\t<div class=\"elementor-element elementor-element-8cfa58a elementor-widget elementor-widget-heading\" data-id=\"8cfa58a\" data-element_type=\"widget\" data-e-type=\"widget\" data-widget_type=\"heading.default\">\n\t\t\t\t<div class=\"elementor-widget-container\">\n\t\t\t\t\t<h1 class=\"elementor-heading-title elementor-size-default\">Uvjeti kori\u0161tenja<\/h1>\t\t\t\t<\/div>\n\t\t\t\t<\/div>\n\t\t\t\t<div class=\"elementor-element elementor-element-1b24f59 elementor-widget elementor-widget-eael-breadcrumbs\" data-id=\"1b24f59\" data-element_type=\"widget\" data-e-type=\"widget\" data-widget_type=\"eael-breadcrumbs.default\">\n\t\t\t\t<div class=\"elementor-widget-container\">\n\t\t\t\t\t\t\t<div class=\"eael-breadcrumbs\">\n\t\t\t<div class=\"eael-breadcrumbs__content\"><a href=\"https:\/\/nofloods.com\/hr\/\">Home<\/a> <span class=\"eael-breadcrumb-separator\">&gt;<\/span> <span class = \"eael-current\">Stranica<\/span><\/div>\t\t<\/div>\n\t\t\t\t\t\t<\/div>\n\t\t\t\t<\/div>\n\t\t\t\t<\/div>\n\t\t\t\t\t<\/div>\n\t\t\t\t<\/div>\n\t\t<div class=\"elementor-element elementor-element-4a0067a e-flex e-con-boxed e-con e-parent\" data-id=\"4a0067a\" data-element_type=\"container\" data-e-type=\"container\" data-settings=\"{&quot;background_background&quot;:&quot;classic&quot;}\">\n\t\t\t\t\t<div class=\"e-con-inner\">\n\t\t\t\t<div class=\"elementor-element elementor-element-9ad7b4a elementor-widget elementor-widget-text-editor\" data-id=\"9ad7b4a\" data-element_type=\"widget\" data-e-type=\"widget\" data-widget_type=\"text-editor.default\">\n\t\t\t\t<div class=\"elementor-widget-container\">\n\t\t\t\t\t\t\t\t\t<h4><strong>O OVIM UVJETIMA KORI\u0160TENJA<\/strong><\/h4><div><strong> <\/strong><\/div><p>Molimo vas da pa\u017eljivo pro\u010ditate ove uvjete prije kori\u0161tenja na\u0161e web stranice. Ovi uvjeti kori\u0161tenja obja\u0161njavaju na\u010din na koji mo\u017eete koristiti na\u0161u web stranicu. Nastavkom pregledavanja na\u0161e web stranice prihva\u0107ate ove uvjete i odredbe.  <\/p><h4><strong>VA\u0160I OSOBNI PODACI<\/strong><\/h4><div><strong> <\/strong><\/div><p>Obra\u0111ujemo sve osobne podatke koje nam dajete na na\u0161oj web stranici u skladu s uvjetima na\u0161e Politike privatnosti. Molimo vas da osigurate da su svi podaci koje nam dajete na na\u0161oj web stranici, uklju\u010duju\u0107i korisni\u010dko ime i lozinku, sigurni, za\u0161ti\u0107eni i povjerljivi. <\/p><h4><strong>INFORMACIJE NA NA\u0160OJ WEB STRANICI<\/strong><\/h4><div><strong> <\/strong><\/div><p>Trudimo se osigurati da na\u0161a web stranica uvijek ispravno funkcionira, ali ne dajemo jamstva za dostupnost ili pristupa\u010dnost na\u0161e web stranice, i (osim kako je ovdje navedeno) ne\u0107emo biti odgovorni za bilo kakvu \u0161tetu, gubitak, tro\u0161kove ili izdatke koje pretrpite zbog nedostupnosti ili nepristupa\u010dnosti na\u0161e web stranice. Ako su na\u0161e cijene prikazane pogre\u0161no, zadr\u017eavamo pravo ispraviti cijene i ne prodati vam proizvod po cijeni koju ste prvotno vidjeli na na\u0161oj web stranici. <\/p><h4><strong>POVEZNICE I DIJELJENJE<\/strong><\/h4><div><strong> <\/strong><\/div><p>Sve poveznice ili mogu\u0107nosti dijeljenja (putem dru\u0161tvenih mre\u017ea, blogova i sli\u010dnih stranica i komunikacijskih usluga) na na\u0161oj web stranici pru\u017eaju se isklju\u010divo za va\u0161u upotrebu i prakti\u010dnost. Poveznica ne predstavlja nikakvu na\u0161u preporuku ili podr\u0161ku i ne zna\u010di da imamo bilo kakvu povezanost s povezanom web stranicom. Nismo odgovorni za sadr\u017eaj bilo koje web stranice koja je povezana s na\u0161om web stranicom ili s koje je povezana na\u0161a web stranica, niti za pravne posljedice va\u0161eg sklapanja ugovora s tre\u0107im stranama koje pru\u017eaju te povezane web stranice, i ne prihva\u0107amo nikakvu odgovornost za bilo kakav gubitak, \u0161tetu, tro\u0161ak, izdatak ili odgovornost koju pretrpite kao rezultat.  <\/p><p>Napominjemo da ako dijelite sadr\u017eaj na druge platforme, mogu postojati zasebni uvjeti i odredbe povezani s organizacijom koja vam omogu\u0107uje dijeljenje. Provjerite uvjete i odredbe bilo koje stranice na koju namjeravate dijeliti. Neki uvjeti i odredbe mogu vam zabraniti dijeljenje na\u0161eg sadr\u017eaja.  <\/p><p>Ne\u0107emo biti odgovorni za bilo kakav gubitak, \u0161tetu, tro\u0161ak, izdatak, ka\u0161njenje ili drugu odgovornost (uklju\u010duju\u0107i, bez ograni\u010denja, bilo kakve financijske gubitke poput gubitka dobiti) koje mo\u017eete pretrpjeti kao rezultat bilo kojeg doga\u0111aja izvan na\u0161e razumne kontrole (uklju\u010duju\u0107i, bez ograni\u010denja, bilo kakav neuspjeh prijenosa, komunikacije, ra\u010dunalnih ili drugih ure\u0111aja ili va\u0161u nemogu\u0107nost pristupa web stranici iz bilo kojeg razloga ili bilo kakav neuspjeh, pogre\u0161ku ili ka\u0161njenje u slanju ili primanju bilo koje obavijesti ili komunikacije ili upute putem po\u0161te ili bilo kojeg elektroni\u010dkog medija).<\/p><h4><strong>AUTORSKA PRAVA<\/strong><\/h4><div><strong> <\/strong><\/div><p>Sadr\u017eaj svih dijelova web stranice pripada <strong>ENVIRONMENT SOLUTIONS APS<\/strong>. To uklju\u010duje autorska prava na sve tekstove, opise i slike. Tako\u0111er uklju\u010duje za\u0161titne znakove u na\u0161em imenu i logotipima.  <\/p><p>Mo\u017eete preuzeti na lokalni tvrdi disk i ispisati isje\u010dke s na\u0161e web stranice za osobnu upotrebu. Tako\u0111er mo\u017eete ponovno kopirati preuzete isje\u010dke drugima pod uvjetom da to ne \u010dinite radi zarade. <\/p><p>Reprodukcija dijela ili cijelog sadr\u017eaja u bilo kojem obliku zabranjena je osim za osobnu upotrebu. Nijedan sadr\u017eaj na\u0161e web stranice ne smije se kopirati ili na drugi na\u010din uklju\u010diti ili pohraniti u bilo koju drugu web stranicu, elektroni\u010dki sustav za preuzimanje, publikaciju ili drugo djelo u bilo kojem obliku (bilo u tiskanom, elektroni\u010dkom ili drugom obliku). <\/p><p>Ako \u017eelite koristiti bilo koji na\u0161 sadr\u017eaj u bilo koju svrhu osim kako je gore navedeno (\u0161to uklju\u010duje uokvirivanje web stranice), prvo nas morate kontaktirati i dobiti na\u0161e dopu\u0161tenje.<\/p><h4><strong>POBUDITE SE DA STE U TOKU<\/strong><\/h4><div><strong> <\/strong><\/div><p>Zadr\u017eavamo pravo promjene uvjeta pod kojima se na\u0161a web stranica i proizvodi nude u bilo kojem trenutku. Sve promjene na\u0161ih pravnih uvjeta i odredbi stupit \u0107e na snagu odmah kada budu postavljene na na\u0161u web stranicu i primjenjivat \u0107e se na svaku budu\u0107u upotrebu na\u0161e web stranice. Trebali biste redovito provjeravati Op\u0107e uvjete i odredbe i na\u0161e politike objavljene na na\u0161oj web stranici jer su se mo\u017eda promijenili od va\u0161eg posljednjeg posjeta.  <\/p><h4><strong>\u0160TO NE MO\u017dETE RADITI NA NA\u0160OJ WEB STRANICI<\/strong><\/h4><div><strong> <\/strong><\/div><p>Kada koristite na\u0161u web stranicu, ne smijete: (1) ometati ili onemogu\u0107iti bilo koje sigurnosne zna\u010dajke stranice ili zna\u010dajke koje sprje\u010davaju ili ograni\u010davaju upotrebu ili kopiranje sadr\u017eaja dostupnog putem stranice; (2) davati la\u017ene podatke u svojim podacima o ra\u010dunu; (3) preuzeti identitet druge osobe bez dopu\u0161tenja te osobe ili la\u017eno predstavljati da djelujete u ime osobe, entiteta ili organizacije; (4) koristiti stranicu ako smo vas suspendirali ili zabranili kori\u0161tenje; (5) slati ne\u017eeljenu po\u0161tu, spam ili ponavljaju\u0107e poruke; (6) sudjelovati u bilo kakvom nezakonitom ili protupravnom pona\u0161anju; (7) mijenjati, ometati, presretati, ometati ili hakirati stranicu; (8) zloupotrebljavati stranicu svjesnim uno\u0161enjem virusa, trojanaca, crva, logi\u010dkih bombi ili drugog sli\u010dnog materijala ili poduzimanjem bilo koje druge radnje koja bi na\u0161tetila stranici, opremi bilo kojeg korisnika stranice ili imala negativan utjecaj na iskustvo kori\u0161tenja stranice bilo kojeg korisnika; (9) prikupljati bilo kakve podatke sa stranice osim u skladu s ovim Uvjetima kori\u0161tenja; (10) slati ili doprinositi bilo kakvom sadr\u017eaju koji je uvredljiv, prijete\u0107i, opscen, neistinit, \u0161okantan ili uvredljiv; (11) zlostavljati, povrijediti ili maltretirati drugog korisnika stranice, \u010dlana na\u0161eg osoblja ili osobu; (12) slati ili doprinositi bilo kojem Korisni\u010dkom sadr\u017eaju bez dopu\u0161tenja vlasnika sadr\u017eaja ili na drugi na\u010din kr\u0161iti autorska prava, za\u0161titni znak ili druga prava tre\u0107ih strana; ili (13) slati ili doprinositi bilo kakvim informacijama ili komentarima o drugoj osobi koji su neistiniti, privatni, povjerljivi ili klevetni\u010dki (uklju\u010duju\u0107i osobno optu\u017eivanje druge osobe za neprovjerenu kriminalnu aktivnost ili ozbiljno nedoli\u010dno pona\u0161anje koje bi moglo o\u0161tetiti njihov ugled u o\u010dima bilo koga tko \u010dita va\u0161 komentar).<\/p><p>Ako prekr\u0161ite bilo koji od ovih Uvjeta kori\u0161tenja, mo\u017eemo vam trajno ili privremeno zabraniti kori\u0161tenje ove web stranice. Tako\u0111er mo\u017eemo poduzeti druge mjere, uklju\u010duju\u0107i, ali ne ograni\u010davaju\u0107i se na prijavu policiji ili drugom tijelu za provo\u0111enje zakona, izdavanje upozorenja ili poduzimanje pravnih radnji protiv vas i tra\u017eenje bilo kakvih tro\u0161kova koje smo imali kao rezultat toga. <\/p><h4><strong>IMATE LI PITANJA?<\/strong><\/h4><div><strong> <\/strong><\/div><p>Ako imate bilo kakva pitanja o bilo \u010demu na ovoj web stranici, molimo vas da nas kontaktirate.<\/p>\t\t\t\t\t\t\t\t<\/div>\n\t\t\t\t<\/div>\n\t\t\t\t\t<\/div>\n\t\t\t\t<\/div>\n\t\t\t\t<\/div>\n\t\t","protected":false},"excerpt":{"rendered":"<p>Uvjeti kori\u0161tenja Home &gt; O OVIM UVJETIMA KORI\u0160TENJA Molimo vas da pa\u017eljivo pro\u010ditate ove uvjete prije kori\u0161tenja na\u0161e web stranice. [&hellip;]<\/p>\n","protected":false},"author":1,"featured_media":0,"parent":0,"menu_order":0,"comment_status":"closed","ping_status":"closed","template":"elementor_header_footer","meta":{"_acf_changed":false,"site-sidebar-layout":"default","site-content-layout":"","ast-site-content-layout":"default","site-content-style":"default","site-sidebar-style":"default","ast-global-header-display":"","ast-banner-title-visibility":"","ast-main-header-display":"","ast-hfb-above-header-display":"","ast-hfb-below-header-display":"","ast-hfb-mobile-header-display":"","site-post-title":"","ast-breadcrumbs-content":"","ast-featured-img":"","footer-sml-layout":"","ast-disable-related-posts":"","theme-transparent-header-meta":"","adv-header-id-meta":"","stick-header-meta":"","header-above-stick-meta":"","header-main-stick-meta":"","header-below-stick-meta":"","astra-migrate-meta-layouts":"default","ast-page-background-enabled":"default","ast-page-background-meta":{"desktop":{"background-color":"","background-image":"","background-repeat":"repeat","background-position":"center center","background-size":"auto","background-attachment":"scroll","background-type":"","background-media":"","overlay-type":"","overlay-color":"","overlay-opacity":"","overlay-gradient":""},"tablet":{"background-color":"","background-image":"","background-repeat":"repeat","background-position":"center center","background-size":"auto","background-attachment":"scroll","background-type":"","background-media":"","overlay-type":"","overlay-color":"","overlay-opacity":"","overlay-gradient":""},"mobile":{"background-color":"","background-image":"","background-repeat":"repeat","background-position":"center center","background-size":"auto","background-attachment":"scroll","background-type":"","background-media":"","overlay-type":"","overlay-color":"","overlay-opacity":"","overlay-gradient":""}},"ast-content-background-meta":{"desktop":{"background-color":"var(--ast-global-color-5)","background-image":"","background-repeat":"repeat","background-position":"center center","background-size":"auto","background-attachment":"scroll","background-type":"","background-media":"","overlay-type":"","overlay-color":"","overlay-opacity":"","overlay-gradient":""},"tablet":{"background-color":"var(--ast-global-color-5)","background-image":"","background-repeat":"repeat","background-position":"center center","background-size":"auto","background-attachment":"scroll","background-type":"","background-media":"","overlay-type":"","overlay-color":"","overlay-opacity":"","overlay-gradient":""},"mobile":{"background-color":"var(--ast-global-color-5)","background-image":"","background-repeat":"repeat","background-position":"center center","background-size":"auto","background-attachment":"scroll","background-type":"","background-media":"","overlay-type":"","overlay-color":"","overlay-opacity":"","overlay-gradient":""}},"footnotes":""},"class_list":["post-16862","page","type-page","status-publish","hentry"],"acf":[],"yoast_head":"<!-- This site is optimized with the Yoast SEO plugin v27.2 - https:\/\/yoast.com\/product\/yoast-seo-wordpress\/ -->\n<title>Uvjeti kori\u0161tenja - NoFloods<\/title>\n<meta name=\"robots\" content=\"index, follow, max-snippet:-1, max-image-preview:large, max-video-preview:-1\" \/>\n<link rel=\"canonical\" href=\"https:\/\/nofloods.com\/hr\/terms-and-use\/\" \/>\n<meta property=\"og:locale\" content=\"hr_HR\" \/>\n<meta property=\"og:type\" content=\"article\" \/>\n<meta property=\"og:title\" content=\"Uvjeti kori\u0161tenja - NoFloods\" \/>\n<meta property=\"og:description\" content=\"Uvjeti kori\u0161tenja Home &gt; O OVIM UVJETIMA KORI\u0160TENJA Molimo vas da pa\u017eljivo pro\u010ditate ove uvjete prije kori\u0161tenja na\u0161e web stranice. [&hellip;]\" \/>\n<meta property=\"og:url\" content=\"https:\/\/nofloods.com\/hr\/terms-and-use\/\" \/>\n<meta property=\"og:site_name\" content=\"NoFloods\" \/>\n<meta property=\"article:publisher\" content=\"https:\/\/www.facebook.com\/environmentsolutions\/\" \/>\n<meta property=\"article:modified_time\" content=\"2025-10-10T18:15:03+00:00\" \/>\n<meta name=\"twitter:card\" content=\"summary_large_image\" \/>\n<meta name=\"twitter:site\" content=\"@NoFloodsBarrier\" \/>\n<meta name=\"twitter:label1\" content=\"Procijenjeno vrijeme \u010ditanja\" \/>\n\t<meta name=\"twitter:data1\" content=\"6 minuta\" \/>\n<script type=\"application\/ld+json\" class=\"yoast-schema-graph\">{\"@context\":\"https:\/\/schema.org\",\"@graph\":[{\"@type\":\"WebPage\",\"@id\":\"https:\/\/nofloods.com\/hr\/terms-and-use\/\",\"url\":\"https:\/\/nofloods.com\/hr\/terms-and-use\/\",\"name\":\"Uvjeti kori\u0161tenja - NoFloods\",\"isPartOf\":{\"@id\":\"https:\/\/nofloods.com\/hr\/#website\"},\"datePublished\":\"2025-09-05T09:51:14+00:00\",\"dateModified\":\"2025-10-10T18:15:03+00:00\",\"breadcrumb\":{\"@id\":\"https:\/\/nofloods.com\/hr\/terms-and-use\/#breadcrumb\"},\"inLanguage\":\"hr\",\"potentialAction\":[{\"@type\":\"ReadAction\",\"target\":[\"https:\/\/nofloods.com\/hr\/terms-and-use\/\"]}]},{\"@type\":\"BreadcrumbList\",\"@id\":\"https:\/\/nofloods.com\/hr\/terms-and-use\/#breadcrumb\",\"itemListElement\":[{\"@type\":\"ListItem\",\"position\":1,\"name\":\"Home\",\"item\":\"https:\/\/nofloods.com\/hr\/\"},{\"@type\":\"ListItem\",\"position\":2,\"name\":\"Uvjeti kori\u0161tenja\"}]},{\"@type\":\"WebSite\",\"@id\":\"https:\/\/nofloods.com\/hr\/#website\",\"url\":\"https:\/\/nofloods.com\/hr\/\",\"name\":\"NoFloods\",\"description\":\"By Environment Solutions\",\"publisher\":{\"@id\":\"https:\/\/nofloods.com\/hr\/#organization\"},\"potentialAction\":[{\"@type\":\"SearchAction\",\"target\":{\"@type\":\"EntryPoint\",\"urlTemplate\":\"https:\/\/nofloods.com\/hr\/?s={search_term_string}\"},\"query-input\":{\"@type\":\"PropertyValueSpecification\",\"valueRequired\":true,\"valueName\":\"search_term_string\"}}],\"inLanguage\":\"hr\"},{\"@type\":\"Organization\",\"@id\":\"https:\/\/nofloods.com\/hr\/#organization\",\"name\":\"NoFloods\",\"url\":\"https:\/\/nofloods.com\/hr\/\",\"logo\":{\"@type\":\"ImageObject\",\"inLanguage\":\"hr\",\"@id\":\"https:\/\/nofloods.com\/hr\/#\/schema\/logo\/image\/\",\"url\":\"https:\/\/nofloods.com\/wp-content\/uploads\/2025\/05\/NoFloods-EasyWall-Logo.webp?wsr\",\"contentUrl\":\"https:\/\/nofloods.com\/wp-content\/uploads\/2025\/05\/NoFloods-EasyWall-Logo.webp?wsr\",\"width\":340,\"height\":70,\"caption\":\"NoFloods\"},\"image\":{\"@id\":\"https:\/\/nofloods.com\/hr\/#\/schema\/logo\/image\/\"},\"sameAs\":[\"https:\/\/www.facebook.com\/environmentsolutions\/\",\"https:\/\/x.com\/NoFloodsBarrier\",\"https:\/\/www.linkedin.com\/company\/environment-solutions-aps\"]}]}<\/script>\n<!-- \/ Yoast SEO plugin. -->","yoast_head_json":{"title":"Uvjeti kori\u0161tenja - NoFloods","robots":{"index":"index","follow":"follow","max-snippet":"max-snippet:-1","max-image-preview":"max-image-preview:large","max-video-preview":"max-video-preview:-1"},"canonical":"https:\/\/nofloods.com\/hr\/terms-and-use\/","og_locale":"hr_HR","og_type":"article","og_title":"Uvjeti kori\u0161tenja - NoFloods","og_description":"Uvjeti kori\u0161tenja Home &gt; O OVIM UVJETIMA KORI\u0160TENJA Molimo vas da pa\u017eljivo pro\u010ditate ove uvjete prije kori\u0161tenja na\u0161e web stranice. [&hellip;]","og_url":"https:\/\/nofloods.com\/hr\/terms-and-use\/","og_site_name":"NoFloods","article_publisher":"https:\/\/www.facebook.com\/environmentsolutions\/","article_modified_time":"2025-10-10T18:15:03+00:00","twitter_card":"summary_large_image","twitter_site":"@NoFloodsBarrier","twitter_misc":{"Procijenjeno vrijeme \u010ditanja":"6 minuta"},"schema":{"@context":"https:\/\/schema.org","@graph":[{"@type":"WebPage","@id":"https:\/\/nofloods.com\/hr\/terms-and-use\/","url":"https:\/\/nofloods.com\/hr\/terms-and-use\/","name":"Uvjeti kori\u0161tenja - NoFloods","isPartOf":{"@id":"https:\/\/nofloods.com\/hr\/#website"},"datePublished":"2025-09-05T09:51:14+00:00","dateModified":"2025-10-10T18:15:03+00:00","breadcrumb":{"@id":"https:\/\/nofloods.com\/hr\/terms-and-use\/#breadcrumb"},"inLanguage":"hr","potentialAction":[{"@type":"ReadAction","target":["https:\/\/nofloods.com\/hr\/terms-and-use\/"]}]},{"@type":"BreadcrumbList","@id":"https:\/\/nofloods.com\/hr\/terms-and-use\/#breadcrumb","itemListElement":[{"@type":"ListItem","position":1,"name":"Home","item":"https:\/\/nofloods.com\/hr\/"},{"@type":"ListItem","position":2,"name":"Uvjeti kori\u0161tenja"}]},{"@type":"WebSite","@id":"https:\/\/nofloods.com\/hr\/#website","url":"https:\/\/nofloods.com\/hr\/","name":"NoFloods","description":"By Environment Solutions","publisher":{"@id":"https:\/\/nofloods.com\/hr\/#organization"},"potentialAction":[{"@type":"SearchAction","target":{"@type":"EntryPoint","urlTemplate":"https:\/\/nofloods.com\/hr\/?s={search_term_string}"},"query-input":{"@type":"PropertyValueSpecification","valueRequired":true,"valueName":"search_term_string"}}],"inLanguage":"hr"},{"@type":"Organization","@id":"https:\/\/nofloods.com\/hr\/#organization","name":"NoFloods","url":"https:\/\/nofloods.com\/hr\/","logo":{"@type":"ImageObject","inLanguage":"hr","@id":"https:\/\/nofloods.com\/hr\/#\/schema\/logo\/image\/","url":"https:\/\/nofloods.com\/wp-content\/uploads\/2025\/05\/NoFloods-EasyWall-Logo.webp?wsr","contentUrl":"https:\/\/nofloods.com\/wp-content\/uploads\/2025\/05\/NoFloods-EasyWall-Logo.webp?wsr","width":340,"height":70,"caption":"NoFloods"},"image":{"@id":"https:\/\/nofloods.com\/hr\/#\/schema\/logo\/image\/"},"sameAs":["https:\/\/www.facebook.com\/environmentsolutions\/","https:\/\/x.com\/NoFloodsBarrier","https:\/\/www.linkedin.com\/company\/environment-solutions-aps"]}]}},"rttpg_featured_image_url":null,"rttpg_author":{"display_name":"nofloods_admin","author_link":"https:\/\/nofloods.com\/hr\/author\/nofloods_admin\/"},"rttpg_comment":0,"rttpg_category":" <a href=\"https:\/\/nofloods.com\/hr\/?taxonomy=translation_priority&#038;term=optional-hr\" rel=\"tag\">Optional<\/a>","rttpg_excerpt":"Uvjeti kori\u0161tenja Home &gt; O OVIM UVJETIMA KORI\u0160TENJA Molimo vas da pa\u017eljivo pro\u010ditate ove uvjete prije kori\u0161tenja na\u0161e web stranice. [&hellip;]","_links":{"self":[{"href":"https:\/\/nofloods.com\/hr\/wp-json\/wp\/v2\/pages\/16862","targetHints":{"allow":["GET"]}}],"collection":[{"href":"https:\/\/nofloods.com\/hr\/wp-json\/wp\/v2\/pages"}],"about":[{"href":"https:\/\/nofloods.com\/hr\/wp-json\/wp\/v2\/types\/page"}],"author":[{"embeddable":true,"href":"https:\/\/nofloods.com\/hr\/wp-json\/wp\/v2\/users\/1"}],"replies":[{"embeddable":true,"href":"https:\/\/nofloods.com\/hr\/wp-json\/wp\/v2\/comments?post=16862"}],"version-history":[{"count":5,"href":"https:\/\/nofloods.com\/hr\/wp-json\/wp\/v2\/pages\/16862\/revisions"}],"predecessor-version":[{"id":26391,"href":"https:\/\/nofloods.com\/hr\/wp-json\/wp\/v2\/pages\/16862\/revisions\/26391"}],"wp:attachment":[{"href":"https:\/\/nofloods.com\/hr\/wp-json\/wp\/v2\/media?parent=16862"}],"curies":[{"name":"wp","href":"https:\/\/api.w.org\/{rel}","templated":true}]}}