{"id":16884,"date":"2025-09-05T09:56:14","date_gmt":"2025-09-05T09:56:14","guid":{"rendered":"https:\/\/flood-protection.org\/pravila-o-kolacicima\/"},"modified":"2025-09-08T14:33:25","modified_gmt":"2025-09-08T14:33:25","slug":"pravila-o-kolacicima","status":"publish","type":"page","link":"https:\/\/nofloods.com\/hr\/pravila-o-kolacicima\/","title":{"rendered":"Pravila o kola\u010di\u0107ima"},"content":{"rendered":"\t\t<div data-elementor-type=\"wp-page\" data-elementor-id=\"16884\" class=\"elementor elementor-16884 elementor-12734\">\n\t\t\t\t<div class=\"elementor-element elementor-element-853fd1f e-flex e-con-boxed e-con e-parent\" data-id=\"853fd1f\" data-element_type=\"container\" data-e-type=\"container\" data-settings=\"{&quot;background_background&quot;:&quot;classic&quot;}\">\n\t\t\t\t\t<div class=\"e-con-inner\">\n\t\t<div class=\"elementor-element elementor-element-5bd29bb e-con-full e-flex e-con e-child\" data-id=\"5bd29bb\" data-element_type=\"container\" data-e-type=\"container\" data-settings=\"{&quot;background_background&quot;:&quot;classic&quot;}\">\n\t\t\t\t<div class=\"elementor-element elementor-element-8cfa58a elementor-widget elementor-widget-heading\" data-id=\"8cfa58a\" data-element_type=\"widget\" data-e-type=\"widget\" data-widget_type=\"heading.default\">\n\t\t\t\t<div class=\"elementor-widget-container\">\n\t\t\t\t\t<h1 class=\"elementor-heading-title elementor-size-default\">Pravila o kola\u010di\u0107ima<\/h1>\t\t\t\t<\/div>\n\t\t\t\t<\/div>\n\t\t\t\t<div class=\"elementor-element elementor-element-1b24f59 elementor-widget elementor-widget-eael-breadcrumbs\" data-id=\"1b24f59\" data-element_type=\"widget\" data-e-type=\"widget\" data-widget_type=\"eael-breadcrumbs.default\">\n\t\t\t\t<div class=\"elementor-widget-container\">\n\t\t\t\t\t\t\t<div class=\"eael-breadcrumbs\">\n\t\t\t<div class=\"eael-breadcrumbs__content\"><a href=\"https:\/\/nofloods.com\/hr\/\">Home<\/a> <span class=\"eael-breadcrumb-separator\">&gt;<\/span> <span class = \"eael-current\">Stranica<\/span><\/div>\t\t<\/div>\n\t\t\t\t\t\t<\/div>\n\t\t\t\t<\/div>\n\t\t\t\t<\/div>\n\t\t\t\t\t<\/div>\n\t\t\t\t<\/div>\n\t\t<div class=\"elementor-element elementor-element-4a0067a e-flex e-con-boxed e-con e-parent\" data-id=\"4a0067a\" data-element_type=\"container\" data-e-type=\"container\" data-settings=\"{&quot;background_background&quot;:&quot;classic&quot;}\">\n\t\t\t\t\t<div class=\"e-con-inner\">\n\t\t\t\t<div class=\"elementor-element elementor-element-9ad7b4a elementor-widget elementor-widget-text-editor\" data-id=\"9ad7b4a\" data-element_type=\"widget\" data-e-type=\"widget\" data-widget_type=\"text-editor.default\">\n\t\t\t\t<div class=\"elementor-widget-container\">\n\t\t\t\t\t\t\t\t\t<h4><strong>O OVIM PRAVILIMA O KOLA\u010cI\u0106IMA<\/strong><\/h4>\n<div><strong>&nbsp;<\/strong><\/div>\n<p>Ova pravila o kola\u010di\u0107ima obja\u0161njavaju \u0161to su kola\u010di\u0107i i kako ih koristimo na na\u0161oj web stranici. Trebali biste pro\u010ditati ova pravila kako biste razumjeli koju vrstu kola\u010di\u0107a koristimo, koje informacije prikupljamo pomo\u0107u kola\u010di\u0107a i kako se te informacije koriste. Kori\u0161tenjem na\u0161e web stranice pristajete na to da mo\u017eemo koristiti kola\u010di\u0107e u skladu s ovim pravilima.  <\/p>\n<h4><strong>\u0160to su kola\u010di\u0107i?<\/strong><\/h4>\n<div><strong>&nbsp;<\/strong><\/div>\n<p>Kola\u010di\u0107i su datoteke koje sadr\u017ee malu koli\u010dinu informacija. Kola\u010di\u0107i se pohranjuju na pregledniku ili tvrdom disku va\u0161eg ra\u010dunala ili ure\u0111aja. <\/p>\n<h4><strong>Kako koristimo kola\u010di\u0107e?<\/strong><\/h4>\n<div><strong>&nbsp;<\/strong><\/div>\n<p>Koristimo kola\u010di\u0107e kako bismo vas razlikovali od drugih korisnika na\u0161e web stranice i kako bismo vam pru\u017eili jedinstveno iskustvo pregledavanja. Kola\u010di\u0107i se koriste kako bi na\u0161a web stranica mogla zapamtiti \u0161to ste radili tijekom pregledavanja, na primjer, va\u0161e podatke za prijavu, koliko ste daleko stigli s narud\u017ebom i \u0161to se nalazi u va\u0161oj ko\u0161arici. <\/p>\n<h4><strong>Koju vrstu kola\u010di\u0107a koristimo?<\/strong><\/h4>\n<div><strong>&nbsp;<\/strong><\/div>\n<p>Kola\u010di\u0107i mogu biti u obliku sesijskih kola\u010di\u0107a ili trajnih kola\u010di\u0107a. Sesijski kola\u010di\u0107i se bri\u0161u s va\u0161eg ra\u010dunala ili ure\u0111aja kada zatvorite svoj web preglednik. Trajni kola\u010di\u0107i ostaju pohranjeni na va\u0161em ra\u010dunalu ili ure\u0111aju dok se ne izbri\u0161u ili dok ne dosegnu datum isteka. Koristimo sljede\u0107e kola\u010di\u0107e:   <\/p>\n<p>Analiti\u010dki\/kola\u010di\u0107i za izvedbu. Ovi kola\u010di\u0107i omogu\u0107uju nam prepoznavanje i brojanje broja posjetitelja na\u0161e web stranice te uvid u to kako se posjetitelji kre\u0107u dok je koriste. To nam poma\u017ee pobolj\u0161ati na\u010din na koji na\u0161a web stranica funkcionira, na primjer, osiguravaju\u0107i da korisnici lako prona\u0111u ono \u0161to tra\u017ee.  <\/p>\n<p>Funkcionalni kola\u010di\u0107i. Ovi kola\u010di\u0107i se koriste za prepoznavanje kada se vratite na na\u0161u web stranicu. To nam omogu\u0107uje personalizaciju na\u0161eg sadr\u017eaja za vas, kao \u0161to je pozdravljanje po imenu i pam\u0107enje va\u0161ih preferencija. Tako\u0111er omogu\u0107uje podr\u0161ku putem live chata tijekom va\u0161eg iskustva pregledavanja.   <\/p>\n<p>Kola\u010di\u0107i za ciljanje. Ovi kola\u010di\u0107i bilje\u017ee va\u0161u posjetu na\u0161oj web stranici, stranice koje ste posjetili i poveznice koje ste slijedili. Ove informacije koristit \u0107emo kako bismo na\u0161u web stranicu i ogla\u0161avanje prikazano na njoj u\u010dinili relevantnijima za va\u0161e interese. Tako\u0111er mo\u017eemo podijeliti ove informacije s tre\u0107im stranama u tu svrhu. Ovi kola\u010di\u0107i omogu\u0107uju vam dijeljenje i slanje informacija na druge web stranice.    <\/p>\n<h4><strong>Koje vrste informacija prikupljamo kori\u0161tenjem kola\u010di\u0107a?<\/strong><\/h4>\n<div><strong>&nbsp;<\/strong><\/div>\n<p>Kada posjetite na\u0161u web stranicu, mo\u017eemo automatski prikupiti sljede\u0107e vrste informacija od vas: Va\u0161u internetsku protokol (IP) adresu, va\u0161e podatke za prijavu, postavke vremenske zone, operativni sustav i platformu, informacije o va\u0161im posjetima uklju\u010duju\u0107i URL s kojeg ste do\u0161li, va\u0161u zemlju, pojmove za pretra\u017eivanje koje ste koristili na na\u0161oj web stranici, proizvode koje ste pregledali ili pretra\u017eivali, vrijeme odziva stranice, pogre\u0161ke pri preuzimanju, duljinu posjeta odre\u0111enim stranicama, informacije o interakciji sa stranicom (kao \u0161to su pomicanje, klikovi i prelazi mi\u0161em) i metode kori\u0161tene za napu\u0161tanje stranice.<\/p>\n<h4><strong>Kako blokirati kola\u010di\u0107e?<\/strong><\/h4>\n<div><strong>&nbsp;<\/strong><\/div>\n<p>Ve\u0107ina preglednika omogu\u0107uje odbijanje kola\u010di\u0107a. Mo\u017eete blokirati na\u0161e kola\u010di\u0107e aktiviranjem postavke u va\u0161em pregledniku koja vam omogu\u0107uje odbijanje postavljanja svih ili nekih kola\u010di\u0107a. Vi\u0161e o kola\u010di\u0107ima i kako ih izbrisati i kontrolirati mo\u017eete saznati na www.aboutcookies.org ili klikom na pomo\u0107 u izborniku va\u0161eg preglednika.  <\/p>\n<p>Ako blokirate na\u0161u upotrebu kola\u010di\u0107a, mo\u017eda ne\u0107ete mo\u0107i pristupiti odre\u0111enim podru\u010djima na\u0161e web stranice i odre\u0111ene funkcije i stranice ne\u0107e raditi na uobi\u010dajen na\u010din. Na primjer, ne\u0107ete mo\u0107i koristiti zna\u010dajku popisa za kupnju ili kupovati online. <\/p>\n<h4><strong>Kako <em>ENVIRONMENT SOLUTIONS APS<\/em> mo\u017ee promijeniti pravila o kola\u010di\u0107ima<\/strong><\/h4><div><strong><br><\/strong><\/div>\n<p>Mo\u017eemo povremeno a\u017eurirati ova pravila. Promjene u tehnologiji, zakonodavstvu i smjernicama vlasti mogu zahtijevati da vas obavijestimo o aktivnostima koje poduzimamo kada to utje\u010de na va\u0161a prava na privatnost. Povremeno biste trebali provjeriti ovu stranicu kako biste bili upoznati s eventualnim promjenama.  <\/p>\t\t\t\t\t\t\t\t<\/div>\n\t\t\t\t<\/div>\n\t\t\t\t\t<\/div>\n\t\t\t\t<\/div>\n\t\t\t\t<\/div>\n\t\t","protected":false},"excerpt":{"rendered":"<p>Pravila o kola\u010di\u0107ima Home &gt; O OVIM PRAVILIMA O KOLA\u010cI\u0106IMA &nbsp; Ova pravila o kola\u010di\u0107ima obja\u0161njavaju \u0161to su kola\u010di\u0107i i [&hellip;]<\/p>\n","protected":false},"author":1,"featured_media":0,"parent":0,"menu_order":0,"comment_status":"closed","ping_status":"closed","template":"elementor_header_footer","meta":{"_acf_changed":false,"site-sidebar-layout":"default","site-content-layout":"","ast-site-content-layout":"default","site-content-style":"default","site-sidebar-style":"default","ast-global-header-display":"","ast-banner-title-visibility":"","ast-main-header-display":"","ast-hfb-above-header-display":"","ast-hfb-below-header-display":"","ast-hfb-mobile-header-display":"","site-post-title":"","ast-breadcrumbs-content":"","ast-featured-img":"","footer-sml-layout":"","ast-disable-related-posts":"","theme-transparent-header-meta":"","adv-header-id-meta":"","stick-header-meta":"","header-above-stick-meta":"","header-main-stick-meta":"","header-below-stick-meta":"","astra-migrate-meta-layouts":"default","ast-page-background-enabled":"default","ast-page-background-meta":{"desktop":{"background-color":"","background-image":"","background-repeat":"repeat","background-position":"center center","background-size":"auto","background-attachment":"scroll","background-type":"","background-media":"","overlay-type":"","overlay-color":"","overlay-opacity":"","overlay-gradient":""},"tablet":{"background-color":"","background-image":"","background-repeat":"repeat","background-position":"center center","background-size":"auto","background-attachment":"scroll","background-type":"","background-media":"","overlay-type":"","overlay-color":"","overlay-opacity":"","overlay-gradient":""},"mobile":{"background-color":"","background-image":"","background-repeat":"repeat","background-position":"center center","background-size":"auto","background-attachment":"scroll","background-type":"","background-media":"","overlay-type":"","overlay-color":"","overlay-opacity":"","overlay-gradient":""}},"ast-content-background-meta":{"desktop":{"background-color":"var(--ast-global-color-5)","background-image":"","background-repeat":"repeat","background-position":"center center","background-size":"auto","background-attachment":"scroll","background-type":"","background-media":"","overlay-type":"","overlay-color":"","overlay-opacity":"","overlay-gradient":""},"tablet":{"background-color":"var(--ast-global-color-5)","background-image":"","background-repeat":"repeat","background-position":"center center","background-size":"auto","background-attachment":"scroll","background-type":"","background-media":"","overlay-type":"","overlay-color":"","overlay-opacity":"","overlay-gradient":""},"mobile":{"background-color":"var(--ast-global-color-5)","background-image":"","background-repeat":"repeat","background-position":"center center","background-size":"auto","background-attachment":"scroll","background-type":"","background-media":"","overlay-type":"","overlay-color":"","overlay-opacity":"","overlay-gradient":""}},"footnotes":""},"class_list":["post-16884","page","type-page","status-publish","hentry"],"acf":[],"yoast_head":"<!-- This site is optimized with the Yoast SEO plugin v27.2 - https:\/\/yoast.com\/product\/yoast-seo-wordpress\/ -->\n<title>Pravila o kola\u010di\u0107ima - NoFloods<\/title>\n<meta name=\"robots\" content=\"index, follow, max-snippet:-1, max-image-preview:large, max-video-preview:-1\" \/>\n<link rel=\"canonical\" href=\"https:\/\/nofloods.com\/hr\/pravila-o-kolacicima\/\" \/>\n<meta property=\"og:locale\" content=\"hr_HR\" \/>\n<meta property=\"og:type\" content=\"article\" \/>\n<meta property=\"og:title\" content=\"Pravila o kola\u010di\u0107ima - NoFloods\" \/>\n<meta property=\"og:description\" content=\"Pravila o kola\u010di\u0107ima Home &gt; O OVIM PRAVILIMA O KOLA\u010cI\u0106IMA &nbsp; Ova pravila o kola\u010di\u0107ima obja\u0161njavaju \u0161to su kola\u010di\u0107i i [&hellip;]\" \/>\n<meta property=\"og:url\" content=\"https:\/\/nofloods.com\/hr\/pravila-o-kolacicima\/\" \/>\n<meta property=\"og:site_name\" content=\"NoFloods\" \/>\n<meta property=\"article:publisher\" content=\"https:\/\/www.facebook.com\/environmentsolutions\/\" \/>\n<meta property=\"article:modified_time\" content=\"2025-09-08T14:33:25+00:00\" \/>\n<meta name=\"twitter:card\" content=\"summary_large_image\" \/>\n<meta name=\"twitter:site\" content=\"@NoFloodsBarrier\" \/>\n<meta name=\"twitter:label1\" content=\"Procijenjeno vrijeme \u010ditanja\" \/>\n\t<meta name=\"twitter:data1\" content=\"4 minute\" \/>\n<script type=\"application\/ld+json\" class=\"yoast-schema-graph\">{\"@context\":\"https:\/\/schema.org\",\"@graph\":[{\"@type\":\"WebPage\",\"@id\":\"https:\/\/nofloods.com\/hr\/pravila-o-kolacicima\/\",\"url\":\"https:\/\/nofloods.com\/hr\/pravila-o-kolacicima\/\",\"name\":\"Pravila o kola\u010di\u0107ima - NoFloods\",\"isPartOf\":{\"@id\":\"https:\/\/nofloods.com\/hr\/#website\"},\"datePublished\":\"2025-09-05T09:56:14+00:00\",\"dateModified\":\"2025-09-08T14:33:25+00:00\",\"breadcrumb\":{\"@id\":\"https:\/\/nofloods.com\/hr\/pravila-o-kolacicima\/#breadcrumb\"},\"inLanguage\":\"hr\",\"potentialAction\":[{\"@type\":\"ReadAction\",\"target\":[\"https:\/\/nofloods.com\/hr\/pravila-o-kolacicima\/\"]}]},{\"@type\":\"BreadcrumbList\",\"@id\":\"https:\/\/nofloods.com\/hr\/pravila-o-kolacicima\/#breadcrumb\",\"itemListElement\":[{\"@type\":\"ListItem\",\"position\":1,\"name\":\"Home\",\"item\":\"https:\/\/nofloods.com\/hr\/\"},{\"@type\":\"ListItem\",\"position\":2,\"name\":\"Pravila o kola\u010di\u0107ima\"}]},{\"@type\":\"WebSite\",\"@id\":\"https:\/\/nofloods.com\/hr\/#website\",\"url\":\"https:\/\/nofloods.com\/hr\/\",\"name\":\"NoFloods\",\"description\":\"By Environment Solutions\",\"publisher\":{\"@id\":\"https:\/\/nofloods.com\/hr\/#organization\"},\"potentialAction\":[{\"@type\":\"SearchAction\",\"target\":{\"@type\":\"EntryPoint\",\"urlTemplate\":\"https:\/\/nofloods.com\/hr\/?s={search_term_string}\"},\"query-input\":{\"@type\":\"PropertyValueSpecification\",\"valueRequired\":true,\"valueName\":\"search_term_string\"}}],\"inLanguage\":\"hr\"},{\"@type\":\"Organization\",\"@id\":\"https:\/\/nofloods.com\/hr\/#organization\",\"name\":\"NoFloods\",\"url\":\"https:\/\/nofloods.com\/hr\/\",\"logo\":{\"@type\":\"ImageObject\",\"inLanguage\":\"hr\",\"@id\":\"https:\/\/nofloods.com\/hr\/#\/schema\/logo\/image\/\",\"url\":\"https:\/\/nofloods.com\/wp-content\/uploads\/2025\/05\/NoFloods-EasyWall-Logo.webp?wsr\",\"contentUrl\":\"https:\/\/nofloods.com\/wp-content\/uploads\/2025\/05\/NoFloods-EasyWall-Logo.webp?wsr\",\"width\":340,\"height\":70,\"caption\":\"NoFloods\"},\"image\":{\"@id\":\"https:\/\/nofloods.com\/hr\/#\/schema\/logo\/image\/\"},\"sameAs\":[\"https:\/\/www.facebook.com\/environmentsolutions\/\",\"https:\/\/x.com\/NoFloodsBarrier\",\"https:\/\/www.linkedin.com\/company\/environment-solutions-aps\"]}]}<\/script>\n<!-- \/ Yoast SEO plugin. -->","yoast_head_json":{"title":"Pravila o kola\u010di\u0107ima - NoFloods","robots":{"index":"index","follow":"follow","max-snippet":"max-snippet:-1","max-image-preview":"max-image-preview:large","max-video-preview":"max-video-preview:-1"},"canonical":"https:\/\/nofloods.com\/hr\/pravila-o-kolacicima\/","og_locale":"hr_HR","og_type":"article","og_title":"Pravila o kola\u010di\u0107ima - NoFloods","og_description":"Pravila o kola\u010di\u0107ima Home &gt; O OVIM PRAVILIMA O KOLA\u010cI\u0106IMA &nbsp; Ova pravila o kola\u010di\u0107ima obja\u0161njavaju \u0161to su kola\u010di\u0107i i [&hellip;]","og_url":"https:\/\/nofloods.com\/hr\/pravila-o-kolacicima\/","og_site_name":"NoFloods","article_publisher":"https:\/\/www.facebook.com\/environmentsolutions\/","article_modified_time":"2025-09-08T14:33:25+00:00","twitter_card":"summary_large_image","twitter_site":"@NoFloodsBarrier","twitter_misc":{"Procijenjeno vrijeme \u010ditanja":"4 minute"},"schema":{"@context":"https:\/\/schema.org","@graph":[{"@type":"WebPage","@id":"https:\/\/nofloods.com\/hr\/pravila-o-kolacicima\/","url":"https:\/\/nofloods.com\/hr\/pravila-o-kolacicima\/","name":"Pravila o kola\u010di\u0107ima - NoFloods","isPartOf":{"@id":"https:\/\/nofloods.com\/hr\/#website"},"datePublished":"2025-09-05T09:56:14+00:00","dateModified":"2025-09-08T14:33:25+00:00","breadcrumb":{"@id":"https:\/\/nofloods.com\/hr\/pravila-o-kolacicima\/#breadcrumb"},"inLanguage":"hr","potentialAction":[{"@type":"ReadAction","target":["https:\/\/nofloods.com\/hr\/pravila-o-kolacicima\/"]}]},{"@type":"BreadcrumbList","@id":"https:\/\/nofloods.com\/hr\/pravila-o-kolacicima\/#breadcrumb","itemListElement":[{"@type":"ListItem","position":1,"name":"Home","item":"https:\/\/nofloods.com\/hr\/"},{"@type":"ListItem","position":2,"name":"Pravila o kola\u010di\u0107ima"}]},{"@type":"WebSite","@id":"https:\/\/nofloods.com\/hr\/#website","url":"https:\/\/nofloods.com\/hr\/","name":"NoFloods","description":"By Environment Solutions","publisher":{"@id":"https:\/\/nofloods.com\/hr\/#organization"},"potentialAction":[{"@type":"SearchAction","target":{"@type":"EntryPoint","urlTemplate":"https:\/\/nofloods.com\/hr\/?s={search_term_string}"},"query-input":{"@type":"PropertyValueSpecification","valueRequired":true,"valueName":"search_term_string"}}],"inLanguage":"hr"},{"@type":"Organization","@id":"https:\/\/nofloods.com\/hr\/#organization","name":"NoFloods","url":"https:\/\/nofloods.com\/hr\/","logo":{"@type":"ImageObject","inLanguage":"hr","@id":"https:\/\/nofloods.com\/hr\/#\/schema\/logo\/image\/","url":"https:\/\/nofloods.com\/wp-content\/uploads\/2025\/05\/NoFloods-EasyWall-Logo.webp?wsr","contentUrl":"https:\/\/nofloods.com\/wp-content\/uploads\/2025\/05\/NoFloods-EasyWall-Logo.webp?wsr","width":340,"height":70,"caption":"NoFloods"},"image":{"@id":"https:\/\/nofloods.com\/hr\/#\/schema\/logo\/image\/"},"sameAs":["https:\/\/www.facebook.com\/environmentsolutions\/","https:\/\/x.com\/NoFloodsBarrier","https:\/\/www.linkedin.com\/company\/environment-solutions-aps"]}]}},"rttpg_featured_image_url":null,"rttpg_author":{"display_name":"nofloods_admin","author_link":"https:\/\/nofloods.com\/hr\/author\/nofloods_admin\/"},"rttpg_comment":0,"rttpg_category":" <a href=\"https:\/\/nofloods.com\/hr\/?taxonomy=translation_priority&#038;term=optional-hr\" rel=\"tag\">Optional<\/a>","rttpg_excerpt":"Pravila o kola\u010di\u0107ima Home &gt; O OVIM PRAVILIMA O KOLA\u010cI\u0106IMA &nbsp; Ova pravila o kola\u010di\u0107ima obja\u0161njavaju \u0161to su kola\u010di\u0107i i [&hellip;]","_links":{"self":[{"href":"https:\/\/nofloods.com\/hr\/wp-json\/wp\/v2\/pages\/16884","targetHints":{"allow":["GET"]}}],"collection":[{"href":"https:\/\/nofloods.com\/hr\/wp-json\/wp\/v2\/pages"}],"about":[{"href":"https:\/\/nofloods.com\/hr\/wp-json\/wp\/v2\/types\/page"}],"author":[{"embeddable":true,"href":"https:\/\/nofloods.com\/hr\/wp-json\/wp\/v2\/users\/1"}],"replies":[{"embeddable":true,"href":"https:\/\/nofloods.com\/hr\/wp-json\/wp\/v2\/comments?post=16884"}],"version-history":[{"count":1,"href":"https:\/\/nofloods.com\/hr\/wp-json\/wp\/v2\/pages\/16884\/revisions"}],"predecessor-version":[{"id":16885,"href":"https:\/\/nofloods.com\/hr\/wp-json\/wp\/v2\/pages\/16884\/revisions\/16885"}],"wp:attachment":[{"href":"https:\/\/nofloods.com\/hr\/wp-json\/wp\/v2\/media?parent=16884"}],"curies":[{"name":"wp","href":"https:\/\/api.w.org\/{rel}","templated":true}]}}