{"id":16824,"date":"2025-09-05T09:51:14","date_gmt":"2025-09-05T09:51:14","guid":{"rendered":"https:\/\/flood-protection.org\/termini-e-condizioni-duso\/"},"modified":"2025-10-10T18:15:07","modified_gmt":"2025-10-10T18:15:07","slug":"terms-and-use","status":"publish","type":"page","link":"https:\/\/nofloods.com\/it\/terms-and-use\/","title":{"rendered":"Condizioni d&#8217;uso"},"content":{"rendered":"\t\t<div data-elementor-type=\"wp-page\" data-elementor-id=\"16824\" class=\"elementor elementor-16824 elementor-12711\">\n\t\t\t\t<div class=\"elementor-element elementor-element-853fd1f e-flex e-con-boxed e-con e-parent\" data-id=\"853fd1f\" data-element_type=\"container\" data-e-type=\"container\" data-settings=\"{&quot;background_background&quot;:&quot;classic&quot;}\">\n\t\t\t\t\t<div class=\"e-con-inner\">\n\t\t<div class=\"elementor-element elementor-element-5bd29bb e-con-full e-flex e-con e-child\" data-id=\"5bd29bb\" data-element_type=\"container\" data-e-type=\"container\" data-settings=\"{&quot;background_background&quot;:&quot;classic&quot;}\">\n\t\t\t\t<div class=\"elementor-element elementor-element-8cfa58a elementor-widget elementor-widget-heading\" data-id=\"8cfa58a\" data-element_type=\"widget\" data-e-type=\"widget\" data-widget_type=\"heading.default\">\n\t\t\t\t<div class=\"elementor-widget-container\">\n\t\t\t\t\t<h1 class=\"elementor-heading-title elementor-size-default\">Condizioni d'uso<\/h1>\t\t\t\t<\/div>\n\t\t\t\t<\/div>\n\t\t\t\t<div class=\"elementor-element elementor-element-1b24f59 elementor-widget elementor-widget-eael-breadcrumbs\" data-id=\"1b24f59\" data-element_type=\"widget\" data-e-type=\"widget\" data-widget_type=\"eael-breadcrumbs.default\">\n\t\t\t\t<div class=\"elementor-widget-container\">\n\t\t\t\t\t\t\t<div class=\"eael-breadcrumbs\">\n\t\t\t<div class=\"eael-breadcrumbs__content\"><a href=\"https:\/\/nofloods.com\/it\/\">Home<\/a> <span class=\"eael-breadcrumb-separator\">&gt;<\/span> <span class = \"eael-current\">Pagina<\/span><\/div>\t\t<\/div>\n\t\t\t\t\t\t<\/div>\n\t\t\t\t<\/div>\n\t\t\t\t<\/div>\n\t\t\t\t\t<\/div>\n\t\t\t\t<\/div>\n\t\t<div class=\"elementor-element elementor-element-4a0067a e-flex e-con-boxed e-con e-parent\" data-id=\"4a0067a\" data-element_type=\"container\" data-e-type=\"container\" data-settings=\"{&quot;background_background&quot;:&quot;classic&quot;}\">\n\t\t\t\t\t<div class=\"e-con-inner\">\n\t\t\t\t<div class=\"elementor-element elementor-element-9ad7b4a elementor-widget elementor-widget-text-editor\" data-id=\"9ad7b4a\" data-element_type=\"widget\" data-e-type=\"widget\" data-widget_type=\"text-editor.default\">\n\t\t\t\t<div class=\"elementor-widget-container\">\n\t\t\t\t\t\t\t\t\t<h4><strong>INFORMAZIONI SU QUESTI TERMINI DI UTILIZZO<\/strong><\/h4><div><strong> <\/strong><\/div><p>Ti chiediamo di leggere attentamente questi termini prima di utilizzare il nostro sito web. Questi termini di utilizzo ti informano su come puoi utilizzare il nostro sito web. Continuando a navigare sul nostro sito web, accetti questi termini e condizioni.  <\/p><h4><strong>LE TUE INFORMAZIONI PERSONALI<\/strong><\/h4><div><strong> <\/strong><\/div><p>Trattiamo tutti i dati personali che ci fornisci sul nostro sito web in conformit\u00e0 con i termini della nostra Informativa sulla privacy. Assicurati che tutte le informazioni che ci fornisci sul nostro sito web, inclusi nome utente e password, siano conservate in modo sicuro e riservato. <\/p><h4><strong>LE INFORMAZIONI SUL NOSTRO SITO WEB<\/strong><\/h4><div><strong> <\/strong><\/div><p>Facciamo del nostro meglio per garantire che il nostro sito web funzioni correttamente in ogni momento, ma non forniamo alcuna garanzia sulla disponibilit\u00e0 o accessibilit\u00e0 del nostro sito web e (salvo quanto qui indicato) non saremo responsabili per eventuali danni, perdite, costi o spese sostenute dall&#8217;utente a seguito di qualsiasi mancanza di disponibilit\u00e0 o accessibilit\u00e0 del nostro sito web. Se i nostri prezzi vengono visualizzati in modo errato, ci riserviamo il diritto di rettificare i prezzi e di non venderti il prodotto al prezzo che hai visto originariamente sul nostro sito web. <\/p><h4><strong>LINK E CONDIVISIONE<\/strong><\/h4><div><strong> <\/strong><\/div><p>Eventuali link o opportunit\u00e0 di condivisione (tramite social media, blog e siti e servizi di comunicazione simili) sul nostro sito web sono forniti esclusivamente per tuo uso e comodit\u00e0. Il link non rappresenta alcuna approvazione o raccomandazione da parte nostra e non significa che abbiamo alcuna associazione con il sito web collegato. Non siamo responsabili per il contenuto di qualsiasi sito web collegato al nostro sito web o per le conseguenze legali della stipula di contratti con terze parti che forniscono questi siti web collegati e non accettiamo alcuna responsabilit\u00e0 per eventuali perdite, danni, spese, costi o responsabilit\u00e0 di qualsiasi tipo sostenuti dall&#8217;utente a seguito di ci\u00f2.  <\/p><p>Tieni presente che se condividi contenuti su altre piattaforme, potrebbero esserci termini e condizioni separati relativi all&#8217;organizzazione che ti consente di condividere. Si prega di controllare i termini e le condizioni di qualsiasi sito su cui si intende condividere. Alcuni termini e condizioni potrebbero vietarti di condividere i nostri contenuti.  <\/p><p>Non saremo responsabili per eventuali perdite, danni, spese, costi, ritardi o altre responsabilit\u00e0 di qualsiasi tipo (inclusi, a titolo esemplificativo, eventuali perdite finanziarie come la perdita di profitto) che potresti subire a seguito di qualsiasi evento al di fuori del nostro ragionevole controllo (inclusi, a titolo esemplificativo, eventuali guasti di trasmissione, comunicazione, computer o altre strutture o la tua incapacit\u00e0 di accedere al sito web per qualsiasi motivo o qualsiasi guasto, errore o ritardo nell&#8217;invio o nella ricezione di qualsiasi avviso o comunicazione o istruzione tramite posta o qualsiasi mezzo elettronico).<\/p><h4><strong>COPYRIGHT<\/strong><\/h4><div><strong> <\/strong><\/div><p>Il contenuto di tutte le parti del sito web appartiene a <strong>ENVIRONMENT SOLUTIONS APS<\/strong>. Ci\u00f2 include il copyright su tutti i testi, le descrizioni e le immagini. Include anche marchi commerciali nel nostro nome e nei nostri loghi.  <\/p><p>Puoi scaricare su un disco rigido locale e stampare estratti dal nostro sito web per uso personale. Puoi anche ricopiare gli estratti scaricati ad altri a condizione che tu non lo faccia a scopo di lucro. <\/p><p>La riproduzione di parte o di tutto il contenuto in qualsiasi forma \u00e8 vietata se non per uso personale. Nessuno dei contenuti del nostro sito web pu\u00f2 essere copiato o altrimenti incorporato o archiviato in qualsiasi altro sito web, sistema di recupero elettronico, pubblicazione o altra opera in qualsiasi forma (sia cartacea, elettronica o di altro tipo). <\/p><p>Se desideri utilizzare qualsiasi nostro contenuto per scopi diversi da quelli sopra indicati (che include l&#8217;inquadratura del sito web), devi prima contattarci e ottenere la nostra autorizzazione.<\/p><h4><strong>ASSICURATI DI ESSERE AGGIORNATO<\/strong><\/h4><div><strong> <\/strong><\/div><p>Ci riserviamo il diritto di modificare i termini in base ai quali vengono offerti il nostro sito web e i nostri prodotti in qualsiasi momento. Eventuali modifiche ai nostri termini e condizioni legali avranno effetto immediatamente quando vengono pubblicate sul nostro sito web e si applicheranno a tutti gli usi futuri del nostro sito web. \u00c8 necessario controllare regolarmente i Termini e condizioni generali e le nostre politiche pubblicate sul nostro sito web poich\u00e9 potrebbero essere cambiate dalla tua ultima visita.  <\/p><h4><strong>COSA NON PUOI FARE SUL NOSTRO SITO WEB<\/strong><\/h4><div><strong> <\/strong><\/div><p>Quando utilizzi il nostro sito web non puoi: (1) interferire o disabilitare alcuna funzionalit\u00e0 relativa alla sicurezza del sito o funzionalit\u00e0 che impediscono o limitano l&#8217;uso o la copia del contenuto accessibile tramite il sito; (2) fornire informazioni false nei dettagli del tuo account; (3) assumere l&#8217;identit\u00e0 di un&#8217;altra persona senza il permesso di quella persona o dichiarare falsamente di agire per conto di una persona, entit\u00e0 o organizzazione; (4) utilizzare il sito se ti abbiamo sospeso o vietato di utilizzarlo; (5) inviare messaggi indesiderati, spam o ripetitivi; (6) intraprendere qualsiasi condotta illegale o illecita; (7) modificare, interferire, intercettare, interrompere o hackerare il sito; (8) utilizzare in modo improprio il sito introducendo consapevolmente virus, trojan, worm, bombe logiche o altro materiale simile o intraprendendo qualsiasi altra azione che danneggerebbe il sito, l&#8217;apparecchiatura di qualsiasi utente del sito o avrebbe un impatto negativo sull&#8217;esperienza di qualsiasi utente del sito nell&#8217;utilizzo del sito; (9) raccogliere dati dal sito se non in conformit\u00e0 con questi Termini di utilizzo; (10) inviare o contribuire con qualsiasi contenuto che sia offensivo, minaccioso, osceno, falso, scioccante o offensivo; (11) abusare, danneggiare o intimidire un altro utente del sito, un membro del nostro staff o una persona; (12) inviare o contribuire con qualsiasi Contenuto utente senza il permesso del proprietario del contenuto o altrimenti violare il copyright, il marchio o altri diritti di terzi; o (13) inviare o contribuire con qualsiasi informazione o commento su un&#8217;altra persona che sia falso, privato, riservato o diffamatorio (incluso accusare personalmente un&#8217;altra persona di criminalit\u00e0 non provata o gravi illeciti che potrebbero danneggiare la loro reputazione agli occhi di chiunque legga il tuo commento).<\/p><p>Se violi uno qualsiasi di questi Termini di utilizzo, potremmo impedirti di utilizzare questo sito web in modo permanente o temporaneo. Possiamo anche intraprendere altre azioni, tra cui, a titolo esemplificativo, segnalarti alla polizia o ad altro organo di applicazione della legge, emettere un avvertimento o intraprendere azioni legali contro di te e perseguire eventuali costi che sosteniamo a seguito di ci\u00f2. <\/p><h4><strong>QUALCHE DOMANDA?<\/strong><\/h4><div><strong> <\/strong><\/div><p>In caso di domande su qualsiasi cosa presente su questo sito web, contattaci.<\/p>\t\t\t\t\t\t\t\t<\/div>\n\t\t\t\t<\/div>\n\t\t\t\t\t<\/div>\n\t\t\t\t<\/div>\n\t\t\t\t<\/div>\n\t\t","protected":false},"excerpt":{"rendered":"<p>Condizioni d&#8217;uso Home &gt; INFORMAZIONI SU QUESTI TERMINI DI UTILIZZO Ti chiediamo di leggere attentamente questi termini prima di utilizzare [&hellip;]<\/p>\n","protected":false},"author":1,"featured_media":0,"parent":0,"menu_order":0,"comment_status":"closed","ping_status":"closed","template":"elementor_header_footer","meta":{"_acf_changed":false,"site-sidebar-layout":"default","site-content-layout":"","ast-site-content-layout":"default","site-content-style":"default","site-sidebar-style":"default","ast-global-header-display":"","ast-banner-title-visibility":"","ast-main-header-display":"","ast-hfb-above-header-display":"","ast-hfb-below-header-display":"","ast-hfb-mobile-header-display":"","site-post-title":"","ast-breadcrumbs-content":"","ast-featured-img":"","footer-sml-layout":"","ast-disable-related-posts":"","theme-transparent-header-meta":"","adv-header-id-meta":"","stick-header-meta":"","header-above-stick-meta":"","header-main-stick-meta":"","header-below-stick-meta":"","astra-migrate-meta-layouts":"default","ast-page-background-enabled":"default","ast-page-background-meta":{"desktop":{"background-color":"","background-image":"","background-repeat":"repeat","background-position":"center center","background-size":"auto","background-attachment":"scroll","background-type":"","background-media":"","overlay-type":"","overlay-color":"","overlay-opacity":"","overlay-gradient":""},"tablet":{"background-color":"","background-image":"","background-repeat":"repeat","background-position":"center center","background-size":"auto","background-attachment":"scroll","background-type":"","background-media":"","overlay-type":"","overlay-color":"","overlay-opacity":"","overlay-gradient":""},"mobile":{"background-color":"","background-image":"","background-repeat":"repeat","background-position":"center center","background-size":"auto","background-attachment":"scroll","background-type":"","background-media":"","overlay-type":"","overlay-color":"","overlay-opacity":"","overlay-gradient":""}},"ast-content-background-meta":{"desktop":{"background-color":"var(--ast-global-color-5)","background-image":"","background-repeat":"repeat","background-position":"center center","background-size":"auto","background-attachment":"scroll","background-type":"","background-media":"","overlay-type":"","overlay-color":"","overlay-opacity":"","overlay-gradient":""},"tablet":{"background-color":"var(--ast-global-color-5)","background-image":"","background-repeat":"repeat","background-position":"center center","background-size":"auto","background-attachment":"scroll","background-type":"","background-media":"","overlay-type":"","overlay-color":"","overlay-opacity":"","overlay-gradient":""},"mobile":{"background-color":"var(--ast-global-color-5)","background-image":"","background-repeat":"repeat","background-position":"center center","background-size":"auto","background-attachment":"scroll","background-type":"","background-media":"","overlay-type":"","overlay-color":"","overlay-opacity":"","overlay-gradient":""}},"footnotes":""},"class_list":["post-16824","page","type-page","status-publish","hentry"],"acf":[],"yoast_head":"<!-- This site is optimized with the Yoast SEO plugin v27.2 - https:\/\/yoast.com\/product\/yoast-seo-wordpress\/ -->\n<title>Condizioni d&#039;uso - NoFloods<\/title>\n<meta name=\"robots\" content=\"index, follow, max-snippet:-1, max-image-preview:large, max-video-preview:-1\" \/>\n<link rel=\"canonical\" href=\"https:\/\/nofloods.com\/it\/terms-and-use\/\" \/>\n<meta property=\"og:locale\" content=\"it_IT\" \/>\n<meta property=\"og:type\" content=\"article\" \/>\n<meta property=\"og:title\" content=\"Condizioni d&#039;uso - NoFloods\" \/>\n<meta property=\"og:description\" content=\"Condizioni d&#8217;uso Home &gt; INFORMAZIONI SU QUESTI TERMINI DI UTILIZZO Ti chiediamo di leggere attentamente questi termini prima di utilizzare [&hellip;]\" \/>\n<meta property=\"og:url\" content=\"https:\/\/nofloods.com\/it\/terms-and-use\/\" \/>\n<meta property=\"og:site_name\" content=\"NoFloods\" \/>\n<meta property=\"article:publisher\" content=\"https:\/\/www.facebook.com\/environmentsolutions\/\" \/>\n<meta property=\"article:modified_time\" content=\"2025-10-10T18:15:07+00:00\" \/>\n<meta name=\"twitter:card\" content=\"summary_large_image\" \/>\n<meta name=\"twitter:site\" content=\"@NoFloodsBarrier\" \/>\n<meta name=\"twitter:label1\" content=\"Tempo di lettura stimato\" \/>\n\t<meta name=\"twitter:data1\" content=\"5 minuti\" \/>\n<script type=\"application\/ld+json\" class=\"yoast-schema-graph\">{\"@context\":\"https:\/\/schema.org\",\"@graph\":[{\"@type\":\"WebPage\",\"@id\":\"https:\/\/nofloods.com\/it\/terms-and-use\/\",\"url\":\"https:\/\/nofloods.com\/it\/terms-and-use\/\",\"name\":\"Condizioni d'uso - NoFloods\",\"isPartOf\":{\"@id\":\"https:\/\/nofloods.com\/it\/#website\"},\"datePublished\":\"2025-09-05T09:51:14+00:00\",\"dateModified\":\"2025-10-10T18:15:07+00:00\",\"breadcrumb\":{\"@id\":\"https:\/\/nofloods.com\/it\/terms-and-use\/#breadcrumb\"},\"inLanguage\":\"it-IT\",\"potentialAction\":[{\"@type\":\"ReadAction\",\"target\":[\"https:\/\/nofloods.com\/it\/terms-and-use\/\"]}]},{\"@type\":\"BreadcrumbList\",\"@id\":\"https:\/\/nofloods.com\/it\/terms-and-use\/#breadcrumb\",\"itemListElement\":[{\"@type\":\"ListItem\",\"position\":1,\"name\":\"Home\",\"item\":\"https:\/\/nofloods.com\/it\/\"},{\"@type\":\"ListItem\",\"position\":2,\"name\":\"Condizioni d&#8217;uso\"}]},{\"@type\":\"WebSite\",\"@id\":\"https:\/\/nofloods.com\/it\/#website\",\"url\":\"https:\/\/nofloods.com\/it\/\",\"name\":\"NoFloods\",\"description\":\"By Environment Solutions\",\"publisher\":{\"@id\":\"https:\/\/nofloods.com\/it\/#organization\"},\"potentialAction\":[{\"@type\":\"SearchAction\",\"target\":{\"@type\":\"EntryPoint\",\"urlTemplate\":\"https:\/\/nofloods.com\/it\/?s={search_term_string}\"},\"query-input\":{\"@type\":\"PropertyValueSpecification\",\"valueRequired\":true,\"valueName\":\"search_term_string\"}}],\"inLanguage\":\"it-IT\"},{\"@type\":\"Organization\",\"@id\":\"https:\/\/nofloods.com\/it\/#organization\",\"name\":\"NoFloods\",\"url\":\"https:\/\/nofloods.com\/it\/\",\"logo\":{\"@type\":\"ImageObject\",\"inLanguage\":\"it-IT\",\"@id\":\"https:\/\/nofloods.com\/it\/#\/schema\/logo\/image\/\",\"url\":\"https:\/\/nofloods.com\/wp-content\/uploads\/2025\/05\/NoFloods-EasyWall-Logo.webp?wsr\",\"contentUrl\":\"https:\/\/nofloods.com\/wp-content\/uploads\/2025\/05\/NoFloods-EasyWall-Logo.webp?wsr\",\"width\":340,\"height\":70,\"caption\":\"NoFloods\"},\"image\":{\"@id\":\"https:\/\/nofloods.com\/it\/#\/schema\/logo\/image\/\"},\"sameAs\":[\"https:\/\/www.facebook.com\/environmentsolutions\/\",\"https:\/\/x.com\/NoFloodsBarrier\",\"https:\/\/www.linkedin.com\/company\/environment-solutions-aps\"]}]}<\/script>\n<!-- \/ Yoast SEO plugin. -->","yoast_head_json":{"title":"Condizioni d'uso - NoFloods","robots":{"index":"index","follow":"follow","max-snippet":"max-snippet:-1","max-image-preview":"max-image-preview:large","max-video-preview":"max-video-preview:-1"},"canonical":"https:\/\/nofloods.com\/it\/terms-and-use\/","og_locale":"it_IT","og_type":"article","og_title":"Condizioni d'uso - NoFloods","og_description":"Condizioni d&#8217;uso Home &gt; INFORMAZIONI SU QUESTI TERMINI DI UTILIZZO Ti chiediamo di leggere attentamente questi termini prima di utilizzare [&hellip;]","og_url":"https:\/\/nofloods.com\/it\/terms-and-use\/","og_site_name":"NoFloods","article_publisher":"https:\/\/www.facebook.com\/environmentsolutions\/","article_modified_time":"2025-10-10T18:15:07+00:00","twitter_card":"summary_large_image","twitter_site":"@NoFloodsBarrier","twitter_misc":{"Tempo di lettura stimato":"5 minuti"},"schema":{"@context":"https:\/\/schema.org","@graph":[{"@type":"WebPage","@id":"https:\/\/nofloods.com\/it\/terms-and-use\/","url":"https:\/\/nofloods.com\/it\/terms-and-use\/","name":"Condizioni d'uso - NoFloods","isPartOf":{"@id":"https:\/\/nofloods.com\/it\/#website"},"datePublished":"2025-09-05T09:51:14+00:00","dateModified":"2025-10-10T18:15:07+00:00","breadcrumb":{"@id":"https:\/\/nofloods.com\/it\/terms-and-use\/#breadcrumb"},"inLanguage":"it-IT","potentialAction":[{"@type":"ReadAction","target":["https:\/\/nofloods.com\/it\/terms-and-use\/"]}]},{"@type":"BreadcrumbList","@id":"https:\/\/nofloods.com\/it\/terms-and-use\/#breadcrumb","itemListElement":[{"@type":"ListItem","position":1,"name":"Home","item":"https:\/\/nofloods.com\/it\/"},{"@type":"ListItem","position":2,"name":"Condizioni d&#8217;uso"}]},{"@type":"WebSite","@id":"https:\/\/nofloods.com\/it\/#website","url":"https:\/\/nofloods.com\/it\/","name":"NoFloods","description":"By Environment Solutions","publisher":{"@id":"https:\/\/nofloods.com\/it\/#organization"},"potentialAction":[{"@type":"SearchAction","target":{"@type":"EntryPoint","urlTemplate":"https:\/\/nofloods.com\/it\/?s={search_term_string}"},"query-input":{"@type":"PropertyValueSpecification","valueRequired":true,"valueName":"search_term_string"}}],"inLanguage":"it-IT"},{"@type":"Organization","@id":"https:\/\/nofloods.com\/it\/#organization","name":"NoFloods","url":"https:\/\/nofloods.com\/it\/","logo":{"@type":"ImageObject","inLanguage":"it-IT","@id":"https:\/\/nofloods.com\/it\/#\/schema\/logo\/image\/","url":"https:\/\/nofloods.com\/wp-content\/uploads\/2025\/05\/NoFloods-EasyWall-Logo.webp?wsr","contentUrl":"https:\/\/nofloods.com\/wp-content\/uploads\/2025\/05\/NoFloods-EasyWall-Logo.webp?wsr","width":340,"height":70,"caption":"NoFloods"},"image":{"@id":"https:\/\/nofloods.com\/it\/#\/schema\/logo\/image\/"},"sameAs":["https:\/\/www.facebook.com\/environmentsolutions\/","https:\/\/x.com\/NoFloodsBarrier","https:\/\/www.linkedin.com\/company\/environment-solutions-aps"]}]}},"rttpg_featured_image_url":null,"rttpg_author":{"display_name":"nofloods_admin","author_link":"https:\/\/nofloods.com\/it\/author\/nofloods_admin\/"},"rttpg_comment":0,"rttpg_category":" <a href=\"https:\/\/nofloods.com\/it\/?taxonomy=translation_priority&#038;term=opzionale\" rel=\"tag\">Opzionale<\/a>","rttpg_excerpt":"Condizioni d&#8217;uso Home &gt; INFORMAZIONI SU QUESTI TERMINI DI UTILIZZO Ti chiediamo di leggere attentamente questi termini prima di utilizzare [&hellip;]","_links":{"self":[{"href":"https:\/\/nofloods.com\/it\/wp-json\/wp\/v2\/pages\/16824","targetHints":{"allow":["GET"]}}],"collection":[{"href":"https:\/\/nofloods.com\/it\/wp-json\/wp\/v2\/pages"}],"about":[{"href":"https:\/\/nofloods.com\/it\/wp-json\/wp\/v2\/types\/page"}],"author":[{"embeddable":true,"href":"https:\/\/nofloods.com\/it\/wp-json\/wp\/v2\/users\/1"}],"replies":[{"embeddable":true,"href":"https:\/\/nofloods.com\/it\/wp-json\/wp\/v2\/comments?post=16824"}],"version-history":[{"count":7,"href":"https:\/\/nofloods.com\/it\/wp-json\/wp\/v2\/pages\/16824\/revisions"}],"predecessor-version":[{"id":26397,"href":"https:\/\/nofloods.com\/it\/wp-json\/wp\/v2\/pages\/16824\/revisions\/26397"}],"wp:attachment":[{"href":"https:\/\/nofloods.com\/it\/wp-json\/wp\/v2\/media?parent=16824"}],"curies":[{"name":"wp","href":"https:\/\/api.w.org\/{rel}","templated":true}]}}