{"id":16880,"date":"2025-09-05T09:56:14","date_gmt":"2025-09-05T09:56:14","guid":{"rendered":"https:\/\/flood-protection.org\/informativa-sui-cookie\/"},"modified":"2025-09-08T14:33:25","modified_gmt":"2025-09-08T14:33:25","slug":"informativa-sui-cookie","status":"publish","type":"page","link":"https:\/\/nofloods.com\/it\/informativa-sui-cookie\/","title":{"rendered":"Informativa sui cookie"},"content":{"rendered":"\t\t<div data-elementor-type=\"wp-page\" data-elementor-id=\"16880\" class=\"elementor elementor-16880 elementor-12734\">\n\t\t\t\t<div class=\"elementor-element elementor-element-853fd1f e-flex e-con-boxed e-con e-parent\" data-id=\"853fd1f\" data-element_type=\"container\" data-e-type=\"container\" data-settings=\"{&quot;background_background&quot;:&quot;classic&quot;}\">\n\t\t\t\t\t<div class=\"e-con-inner\">\n\t\t<div class=\"elementor-element elementor-element-5bd29bb e-con-full e-flex e-con e-child\" data-id=\"5bd29bb\" data-element_type=\"container\" data-e-type=\"container\" data-settings=\"{&quot;background_background&quot;:&quot;classic&quot;}\">\n\t\t\t\t<div class=\"elementor-element elementor-element-8cfa58a elementor-widget elementor-widget-heading\" data-id=\"8cfa58a\" data-element_type=\"widget\" data-e-type=\"widget\" data-widget_type=\"heading.default\">\n\t\t\t\t<div class=\"elementor-widget-container\">\n\t\t\t\t\t<h1 class=\"elementor-heading-title elementor-size-default\">Informativa sui cookie<\/h1>\t\t\t\t<\/div>\n\t\t\t\t<\/div>\n\t\t\t\t<div class=\"elementor-element elementor-element-1b24f59 elementor-widget elementor-widget-eael-breadcrumbs\" data-id=\"1b24f59\" data-element_type=\"widget\" data-e-type=\"widget\" data-widget_type=\"eael-breadcrumbs.default\">\n\t\t\t\t<div class=\"elementor-widget-container\">\n\t\t\t\t\t\t\t<div class=\"eael-breadcrumbs\">\n\t\t\t<div class=\"eael-breadcrumbs__content\"><a href=\"https:\/\/nofloods.com\/it\/\">Home<\/a> <span class=\"eael-breadcrumb-separator\">&gt;<\/span> <span class = \"eael-current\">Pagina<\/span><\/div>\t\t<\/div>\n\t\t\t\t\t\t<\/div>\n\t\t\t\t<\/div>\n\t\t\t\t<\/div>\n\t\t\t\t\t<\/div>\n\t\t\t\t<\/div>\n\t\t<div class=\"elementor-element elementor-element-4a0067a e-flex e-con-boxed e-con e-parent\" data-id=\"4a0067a\" data-element_type=\"container\" data-e-type=\"container\" data-settings=\"{&quot;background_background&quot;:&quot;classic&quot;}\">\n\t\t\t\t\t<div class=\"e-con-inner\">\n\t\t\t\t<div class=\"elementor-element elementor-element-9ad7b4a elementor-widget elementor-widget-text-editor\" data-id=\"9ad7b4a\" data-element_type=\"widget\" data-e-type=\"widget\" data-widget_type=\"text-editor.default\">\n\t\t\t\t<div class=\"elementor-widget-container\">\n\t\t\t\t\t\t\t\t\t<h4><strong>INFORMAZIONI SU QUESTA INFORMATIVA SUI COOKIE<\/strong><\/h4>\n<div><strong>&nbsp;<\/strong><\/div>\n<p>Questa informativa sui cookie spiega cosa sono i cookie e come li utilizziamo sul nostro sito web. \u00c8 necessario leggere questa informativa per comprendere il tipo di cookie che utilizziamo, le informazioni che raccogliamo tramite i cookie e come vengono utilizzate tali informazioni. Utilizzando il nostro sito web, accetti che possiamo utilizzare i cookie in conformit\u00e0 con questa informativa.  <\/p>\n<h4><strong>Cosa sono i cookie?<\/strong><\/h4>\n<div><strong>&nbsp;<\/strong><\/div>\n<p>I cookie sono file che contengono una piccola quantit\u00e0 di informazioni. I cookie sono memorizzati nel browser o sul disco rigido del tuo computer o dispositivo. <\/p>\n<h4><strong>Come utilizziamo i cookie?<\/strong><\/h4>\n<div><strong>&nbsp;<\/strong><\/div>\n<p>Utilizziamo i cookie per distinguerti dagli altri utenti del nostro sito web e per fornirti un&#8217;esperienza di navigazione unica. I cookie vengono utilizzati da noi in modo che il nostro sito web possa ricordare cosa hai fatto durante la navigazione, ad esempio, i tuoi dettagli di accesso, a che punto sei con un ordine e cosa c&#8217;\u00e8 nel tuo carrello. <\/p>\n<h4><strong>Che tipo di cookie utilizziamo?<\/strong><\/h4>\n<div><strong>&nbsp;<\/strong><\/div>\n<p>I cookie possono essere sotto forma di cookie di sessione o cookie persistenti. I cookie di sessione vengono eliminati dal tuo computer o dispositivo quando chiudi il browser web. I cookie persistenti rimarranno memorizzati sul tuo computer o dispositivo fino a quando non vengono eliminati o fino a quando non raggiungono la data di scadenza. Utilizziamo i seguenti cookie:   <\/p>\n<p>Cookie analitici\/di performance. Questi cookie ci consentono di riconoscere e contare il numero di visitatori del nostro sito web e di vedere come si muovono i visitatori quando lo utilizzano. Questo ci aiuta a migliorare il modo in cui funziona il nostro sito web, ad esempio, assicurandoci che gli utenti trovino facilmente ci\u00f2 che stanno cercando.  <\/p>\n<p>Cookie di funzionalit\u00e0. Questi cookie vengono utilizzati per riconoscerti quando ritorni sul nostro sito web. Questo ci consente di personalizzare i nostri contenuti per te, come salutarti per nome e ricordare le tue preferenze. Consente inoltre il supporto tramite live chat durante la tua esperienza di navigazione.   <\/p>\n<p>Cookie di targeting. Questi cookie registrano la tua visita al nostro sito web, le pagine che hai visitato e i link che hai seguito. Utilizzeremo queste informazioni per rendere il nostro sito web e la pubblicit\u00e0 visualizzata su di esso pi\u00f9 pertinenti ai tuoi interessi. Potremmo anche condividere queste informazioni con terze parti per questo scopo. Questi cookie ti consentono di condividere e inviare informazioni ad altri siti web.    <\/p>\n<h4><strong>Che tipo di informazioni raccogliamo utilizzando i cookie?<\/strong><\/h4>\n<div><strong>&nbsp;<\/strong><\/div>\n<p>Quando visiti il nostro sito web, potremmo raccogliere automaticamente i seguenti tipi di informazioni da te: il tuo indirizzo IP (Internet Protocol), le tue informazioni di accesso, l&#8217;impostazione del fuso orario, il sistema operativo e la piattaforma, informazioni sulle tue visite, incluso l&#8217;URL da cui provieni, il tuo paese, i termini di ricerca che hai utilizzato nel nostro sito web, i prodotti che hai visualizzato o cercato, i tempi di risposta della pagina, gli errori di download, la durata delle visite a determinate pagine, le informazioni sull&#8217;interazione con la pagina (come lo scorrimento, i clic e i passaggi del mouse) e i metodi utilizzati per abbandonare la pagina.<\/p>\n<h4><strong>Come bloccare i cookie?<\/strong><\/h4>\n<div><strong>&nbsp;<\/strong><\/div>\n<p>La maggior parte dei browser ti consente di rifiutare i cookie. Puoi bloccare i nostri cookie attivando l&#8217;impostazione sul tuo browser che ti consente di rifiutare l&#8217;impostazione di tutti o alcuni cookie. Puoi trovare maggiori informazioni sui cookie e su come eliminarli e controllarli su www.aboutcookies.org o fare clic su Guida nel menu del tuo browser.  <\/p>\n<p>Se blocchi il nostro utilizzo dei cookie, potresti non essere in grado di accedere a determinate aree del nostro sito web e determinate funzioni e pagine non funzioneranno nel modo consueto. Ad esempio, non sarai in grado di utilizzare la funzione della lista della spesa o fare acquisti online. <\/p>\n<h4><strong>Come <em>ENVIRONMENT SOLUTIONS APS<\/em> pu\u00f2 modificare l&#8217;informativa sui cookie<\/strong><\/h4><div><strong><br><\/strong><\/div>\n<p>Potremmo aggiornare questa informativa di volta in volta. Le modifiche nella tecnologia, nella legislazione e nelle linee guida delle autorit\u00e0 potrebbero richiederci di informarti delle attivit\u00e0 che intraprendiamo laddove ci\u00f2 influisca sui tuoi diritti alla privacy. Dovresti controllare questa pagina occasionalmente per assicurarti di essere a conoscenza di eventuali modifiche.  <\/p>\t\t\t\t\t\t\t\t<\/div>\n\t\t\t\t<\/div>\n\t\t\t\t\t<\/div>\n\t\t\t\t<\/div>\n\t\t\t\t<\/div>\n\t\t","protected":false},"excerpt":{"rendered":"<p>Informativa sui cookie Home &gt; INFORMAZIONI SU QUESTA INFORMATIVA SUI COOKIE &nbsp; Questa informativa sui cookie spiega cosa sono i [&hellip;]<\/p>\n","protected":false},"author":1,"featured_media":0,"parent":0,"menu_order":0,"comment_status":"closed","ping_status":"closed","template":"elementor_header_footer","meta":{"_acf_changed":false,"site-sidebar-layout":"default","site-content-layout":"","ast-site-content-layout":"default","site-content-style":"default","site-sidebar-style":"default","ast-global-header-display":"","ast-banner-title-visibility":"","ast-main-header-display":"","ast-hfb-above-header-display":"","ast-hfb-below-header-display":"","ast-hfb-mobile-header-display":"","site-post-title":"","ast-breadcrumbs-content":"","ast-featured-img":"","footer-sml-layout":"","ast-disable-related-posts":"","theme-transparent-header-meta":"","adv-header-id-meta":"","stick-header-meta":"","header-above-stick-meta":"","header-main-stick-meta":"","header-below-stick-meta":"","astra-migrate-meta-layouts":"default","ast-page-background-enabled":"default","ast-page-background-meta":{"desktop":{"background-color":"","background-image":"","background-repeat":"repeat","background-position":"center center","background-size":"auto","background-attachment":"scroll","background-type":"","background-media":"","overlay-type":"","overlay-color":"","overlay-opacity":"","overlay-gradient":""},"tablet":{"background-color":"","background-image":"","background-repeat":"repeat","background-position":"center center","background-size":"auto","background-attachment":"scroll","background-type":"","background-media":"","overlay-type":"","overlay-color":"","overlay-opacity":"","overlay-gradient":""},"mobile":{"background-color":"","background-image":"","background-repeat":"repeat","background-position":"center center","background-size":"auto","background-attachment":"scroll","background-type":"","background-media":"","overlay-type":"","overlay-color":"","overlay-opacity":"","overlay-gradient":""}},"ast-content-background-meta":{"desktop":{"background-color":"var(--ast-global-color-5)","background-image":"","background-repeat":"repeat","background-position":"center center","background-size":"auto","background-attachment":"scroll","background-type":"","background-media":"","overlay-type":"","overlay-color":"","overlay-opacity":"","overlay-gradient":""},"tablet":{"background-color":"var(--ast-global-color-5)","background-image":"","background-repeat":"repeat","background-position":"center center","background-size":"auto","background-attachment":"scroll","background-type":"","background-media":"","overlay-type":"","overlay-color":"","overlay-opacity":"","overlay-gradient":""},"mobile":{"background-color":"var(--ast-global-color-5)","background-image":"","background-repeat":"repeat","background-position":"center center","background-size":"auto","background-attachment":"scroll","background-type":"","background-media":"","overlay-type":"","overlay-color":"","overlay-opacity":"","overlay-gradient":""}},"footnotes":""},"class_list":["post-16880","page","type-page","status-publish","hentry"],"acf":[],"yoast_head":"<!-- This site is optimized with the Yoast SEO plugin v27.2 - https:\/\/yoast.com\/product\/yoast-seo-wordpress\/ -->\n<title>Informativa sui cookie - NoFloods<\/title>\n<meta name=\"robots\" content=\"index, follow, max-snippet:-1, max-image-preview:large, max-video-preview:-1\" \/>\n<link rel=\"canonical\" href=\"https:\/\/nofloods.com\/it\/informativa-sui-cookie\/\" \/>\n<meta property=\"og:locale\" content=\"it_IT\" \/>\n<meta property=\"og:type\" content=\"article\" \/>\n<meta property=\"og:title\" content=\"Informativa sui cookie - NoFloods\" \/>\n<meta property=\"og:description\" content=\"Informativa sui cookie Home &gt; INFORMAZIONI SU QUESTA INFORMATIVA SUI COOKIE &nbsp; Questa informativa sui cookie spiega cosa sono i [&hellip;]\" \/>\n<meta property=\"og:url\" content=\"https:\/\/nofloods.com\/it\/informativa-sui-cookie\/\" \/>\n<meta property=\"og:site_name\" content=\"NoFloods\" \/>\n<meta property=\"article:publisher\" content=\"https:\/\/www.facebook.com\/environmentsolutions\/\" \/>\n<meta property=\"article:modified_time\" content=\"2025-09-08T14:33:25+00:00\" \/>\n<meta name=\"twitter:card\" content=\"summary_large_image\" \/>\n<meta name=\"twitter:site\" content=\"@NoFloodsBarrier\" \/>\n<meta name=\"twitter:label1\" content=\"Tempo di lettura stimato\" \/>\n\t<meta name=\"twitter:data1\" content=\"3 minuti\" \/>\n<script type=\"application\/ld+json\" class=\"yoast-schema-graph\">{\"@context\":\"https:\/\/schema.org\",\"@graph\":[{\"@type\":\"WebPage\",\"@id\":\"https:\/\/nofloods.com\/it\/informativa-sui-cookie\/\",\"url\":\"https:\/\/nofloods.com\/it\/informativa-sui-cookie\/\",\"name\":\"Informativa sui cookie - NoFloods\",\"isPartOf\":{\"@id\":\"https:\/\/nofloods.com\/it\/#website\"},\"datePublished\":\"2025-09-05T09:56:14+00:00\",\"dateModified\":\"2025-09-08T14:33:25+00:00\",\"breadcrumb\":{\"@id\":\"https:\/\/nofloods.com\/it\/informativa-sui-cookie\/#breadcrumb\"},\"inLanguage\":\"it-IT\",\"potentialAction\":[{\"@type\":\"ReadAction\",\"target\":[\"https:\/\/nofloods.com\/it\/informativa-sui-cookie\/\"]}]},{\"@type\":\"BreadcrumbList\",\"@id\":\"https:\/\/nofloods.com\/it\/informativa-sui-cookie\/#breadcrumb\",\"itemListElement\":[{\"@type\":\"ListItem\",\"position\":1,\"name\":\"Home\",\"item\":\"https:\/\/nofloods.com\/it\/\"},{\"@type\":\"ListItem\",\"position\":2,\"name\":\"Informativa sui cookie\"}]},{\"@type\":\"WebSite\",\"@id\":\"https:\/\/nofloods.com\/it\/#website\",\"url\":\"https:\/\/nofloods.com\/it\/\",\"name\":\"NoFloods\",\"description\":\"By Environment Solutions\",\"publisher\":{\"@id\":\"https:\/\/nofloods.com\/it\/#organization\"},\"potentialAction\":[{\"@type\":\"SearchAction\",\"target\":{\"@type\":\"EntryPoint\",\"urlTemplate\":\"https:\/\/nofloods.com\/it\/?s={search_term_string}\"},\"query-input\":{\"@type\":\"PropertyValueSpecification\",\"valueRequired\":true,\"valueName\":\"search_term_string\"}}],\"inLanguage\":\"it-IT\"},{\"@type\":\"Organization\",\"@id\":\"https:\/\/nofloods.com\/it\/#organization\",\"name\":\"NoFloods\",\"url\":\"https:\/\/nofloods.com\/it\/\",\"logo\":{\"@type\":\"ImageObject\",\"inLanguage\":\"it-IT\",\"@id\":\"https:\/\/nofloods.com\/it\/#\/schema\/logo\/image\/\",\"url\":\"https:\/\/nofloods.com\/wp-content\/uploads\/2025\/05\/NoFloods-EasyWall-Logo.webp?wsr\",\"contentUrl\":\"https:\/\/nofloods.com\/wp-content\/uploads\/2025\/05\/NoFloods-EasyWall-Logo.webp?wsr\",\"width\":340,\"height\":70,\"caption\":\"NoFloods\"},\"image\":{\"@id\":\"https:\/\/nofloods.com\/it\/#\/schema\/logo\/image\/\"},\"sameAs\":[\"https:\/\/www.facebook.com\/environmentsolutions\/\",\"https:\/\/x.com\/NoFloodsBarrier\",\"https:\/\/www.linkedin.com\/company\/environment-solutions-aps\"]}]}<\/script>\n<!-- \/ Yoast SEO plugin. -->","yoast_head_json":{"title":"Informativa sui cookie - NoFloods","robots":{"index":"index","follow":"follow","max-snippet":"max-snippet:-1","max-image-preview":"max-image-preview:large","max-video-preview":"max-video-preview:-1"},"canonical":"https:\/\/nofloods.com\/it\/informativa-sui-cookie\/","og_locale":"it_IT","og_type":"article","og_title":"Informativa sui cookie - NoFloods","og_description":"Informativa sui cookie Home &gt; INFORMAZIONI SU QUESTA INFORMATIVA SUI COOKIE &nbsp; Questa informativa sui cookie spiega cosa sono i [&hellip;]","og_url":"https:\/\/nofloods.com\/it\/informativa-sui-cookie\/","og_site_name":"NoFloods","article_publisher":"https:\/\/www.facebook.com\/environmentsolutions\/","article_modified_time":"2025-09-08T14:33:25+00:00","twitter_card":"summary_large_image","twitter_site":"@NoFloodsBarrier","twitter_misc":{"Tempo di lettura stimato":"3 minuti"},"schema":{"@context":"https:\/\/schema.org","@graph":[{"@type":"WebPage","@id":"https:\/\/nofloods.com\/it\/informativa-sui-cookie\/","url":"https:\/\/nofloods.com\/it\/informativa-sui-cookie\/","name":"Informativa sui cookie - NoFloods","isPartOf":{"@id":"https:\/\/nofloods.com\/it\/#website"},"datePublished":"2025-09-05T09:56:14+00:00","dateModified":"2025-09-08T14:33:25+00:00","breadcrumb":{"@id":"https:\/\/nofloods.com\/it\/informativa-sui-cookie\/#breadcrumb"},"inLanguage":"it-IT","potentialAction":[{"@type":"ReadAction","target":["https:\/\/nofloods.com\/it\/informativa-sui-cookie\/"]}]},{"@type":"BreadcrumbList","@id":"https:\/\/nofloods.com\/it\/informativa-sui-cookie\/#breadcrumb","itemListElement":[{"@type":"ListItem","position":1,"name":"Home","item":"https:\/\/nofloods.com\/it\/"},{"@type":"ListItem","position":2,"name":"Informativa sui cookie"}]},{"@type":"WebSite","@id":"https:\/\/nofloods.com\/it\/#website","url":"https:\/\/nofloods.com\/it\/","name":"NoFloods","description":"By Environment Solutions","publisher":{"@id":"https:\/\/nofloods.com\/it\/#organization"},"potentialAction":[{"@type":"SearchAction","target":{"@type":"EntryPoint","urlTemplate":"https:\/\/nofloods.com\/it\/?s={search_term_string}"},"query-input":{"@type":"PropertyValueSpecification","valueRequired":true,"valueName":"search_term_string"}}],"inLanguage":"it-IT"},{"@type":"Organization","@id":"https:\/\/nofloods.com\/it\/#organization","name":"NoFloods","url":"https:\/\/nofloods.com\/it\/","logo":{"@type":"ImageObject","inLanguage":"it-IT","@id":"https:\/\/nofloods.com\/it\/#\/schema\/logo\/image\/","url":"https:\/\/nofloods.com\/wp-content\/uploads\/2025\/05\/NoFloods-EasyWall-Logo.webp?wsr","contentUrl":"https:\/\/nofloods.com\/wp-content\/uploads\/2025\/05\/NoFloods-EasyWall-Logo.webp?wsr","width":340,"height":70,"caption":"NoFloods"},"image":{"@id":"https:\/\/nofloods.com\/it\/#\/schema\/logo\/image\/"},"sameAs":["https:\/\/www.facebook.com\/environmentsolutions\/","https:\/\/x.com\/NoFloodsBarrier","https:\/\/www.linkedin.com\/company\/environment-solutions-aps"]}]}},"rttpg_featured_image_url":null,"rttpg_author":{"display_name":"nofloods_admin","author_link":"https:\/\/nofloods.com\/it\/author\/nofloods_admin\/"},"rttpg_comment":0,"rttpg_category":" <a href=\"https:\/\/nofloods.com\/it\/?taxonomy=translation_priority&#038;term=opzionale\" rel=\"tag\">Opzionale<\/a>","rttpg_excerpt":"Informativa sui cookie Home &gt; INFORMAZIONI SU QUESTA INFORMATIVA SUI COOKIE &nbsp; Questa informativa sui cookie spiega cosa sono i [&hellip;]","_links":{"self":[{"href":"https:\/\/nofloods.com\/it\/wp-json\/wp\/v2\/pages\/16880","targetHints":{"allow":["GET"]}}],"collection":[{"href":"https:\/\/nofloods.com\/it\/wp-json\/wp\/v2\/pages"}],"about":[{"href":"https:\/\/nofloods.com\/it\/wp-json\/wp\/v2\/types\/page"}],"author":[{"embeddable":true,"href":"https:\/\/nofloods.com\/it\/wp-json\/wp\/v2\/users\/1"}],"replies":[{"embeddable":true,"href":"https:\/\/nofloods.com\/it\/wp-json\/wp\/v2\/comments?post=16880"}],"version-history":[{"count":1,"href":"https:\/\/nofloods.com\/it\/wp-json\/wp\/v2\/pages\/16880\/revisions"}],"predecessor-version":[{"id":16882,"href":"https:\/\/nofloods.com\/it\/wp-json\/wp\/v2\/pages\/16880\/revisions\/16882"}],"wp:attachment":[{"href":"https:\/\/nofloods.com\/it\/wp-json\/wp\/v2\/media?parent=16880"}],"curies":[{"name":"wp","href":"https:\/\/api.w.org\/{rel}","templated":true}]}}