{"id":18936,"date":"2025-09-05T09:39:05","date_gmt":"2025-09-05T09:39:05","guid":{"rendered":"https:\/\/flood-protection.org\/privacy-privacy\/"},"modified":"2025-09-16T15:51:28","modified_gmt":"2025-09-16T15:51:28","slug":"privacy-privacy","status":"publish","type":"page","link":"https:\/\/nofloods.com\/it\/privacy-privacy\/","title":{"rendered":"Privacy privacy"},"content":{"rendered":"\t\t<div data-elementor-type=\"wp-page\" data-elementor-id=\"18936\" class=\"elementor elementor-18936 elementor-12693\">\n\t\t\t\t<div class=\"elementor-element elementor-element-853fd1f e-flex e-con-boxed e-con e-parent\" data-id=\"853fd1f\" data-element_type=\"container\" data-e-type=\"container\" data-settings=\"{&quot;background_background&quot;:&quot;classic&quot;}\">\n\t\t\t\t\t<div class=\"e-con-inner\">\n\t\t<div class=\"elementor-element elementor-element-5bd29bb e-con-full e-flex e-con e-child\" data-id=\"5bd29bb\" data-element_type=\"container\" data-e-type=\"container\" data-settings=\"{&quot;background_background&quot;:&quot;classic&quot;}\">\n\t\t\t\t<div class=\"elementor-element elementor-element-8cfa58a elementor-widget elementor-widget-heading\" data-id=\"8cfa58a\" data-element_type=\"widget\" data-e-type=\"widget\" data-widget_type=\"heading.default\">\n\t\t\t\t<div class=\"elementor-widget-container\">\n\t\t\t\t\t<h1 class=\"elementor-heading-title elementor-size-default\">Informativa sulla privacy<\/h1>\t\t\t\t<\/div>\n\t\t\t\t<\/div>\n\t\t\t\t<div class=\"elementor-element elementor-element-1b24f59 elementor-widget elementor-widget-eael-breadcrumbs\" data-id=\"1b24f59\" data-element_type=\"widget\" data-e-type=\"widget\" data-widget_type=\"eael-breadcrumbs.default\">\n\t\t\t\t<div class=\"elementor-widget-container\">\n\t\t\t\t\t\t\t<div class=\"eael-breadcrumbs\">\n\t\t\t<div class=\"eael-breadcrumbs__content\"><a href=\"https:\/\/nofloods.com\/it\/\">Home<\/a> <span class=\"eael-breadcrumb-separator\">&gt;<\/span> <span class = \"eael-current\">Pagina<\/span><\/div>\t\t<\/div>\n\t\t\t\t\t\t<\/div>\n\t\t\t\t<\/div>\n\t\t\t\t<\/div>\n\t\t\t\t\t<\/div>\n\t\t\t\t<\/div>\n\t\t<div class=\"elementor-element elementor-element-4a0067a e-flex e-con-boxed e-con e-parent\" data-id=\"4a0067a\" data-element_type=\"container\" data-e-type=\"container\" data-settings=\"{&quot;background_background&quot;:&quot;classic&quot;}\">\n\t\t\t\t\t<div class=\"e-con-inner\">\n\t\t\t\t<div class=\"elementor-element elementor-element-80666f1 elementor-widget elementor-widget-heading\" data-id=\"80666f1\" data-element_type=\"widget\" data-e-type=\"widget\" data-widget_type=\"heading.default\">\n\t\t\t\t<div class=\"elementor-widget-container\">\n\t\t\t\t\t<h2 class=\"elementor-heading-title elementor-size-default\">Informativa sulla privacy di Environment solutions ApS<\/h2>\t\t\t\t<\/div>\n\t\t\t\t<\/div>\n\t\t\t\t<div class=\"elementor-element elementor-element-9ad7b4a elementor-widget elementor-widget-text-editor\" data-id=\"9ad7b4a\" data-element_type=\"widget\" data-e-type=\"widget\" data-widget_type=\"text-editor.default\">\n\t\t\t\t<div class=\"elementor-widget-container\">\n\t\t\t\t\t\t\t\t\t<h4><strong>Informazioni su questa Informativa sulla privacy<\/strong><\/h4>\n<div><strong> <\/strong><\/div>\n<p>Sappiamo quanto sia importante per te capire come utilizziamo i tuoi dati. Questa Informativa sulla privacy stabilisce come e perch\u00e9 raccogliamo, archiviamo, elaboriamo e condividiamo i tuoi dati personali. Saremo sempre trasparenti con te su cosa facciamo con i tuoi dati personali.  <\/p>\n<p>Questa Informativa ti dice anche quali sono i tuoi diritti in relazione ai dati personali che ci fornisci. In caso di domande sulla presente Informativa sulla privacy o sui tuoi diritti ai sensi della stessa, contatta: <\/p>\n<p><strong>Indirizzo:<\/strong> universitetsparken 7, 4000 Roskilde, Danimarca<\/p>\n<p><strong>Telefono:<\/strong> +45 70 707 482<\/p>\n<p><strong>E-mail:<\/strong> gdpr@environmentsolutions.dk<\/p>\n<p>Siamo Environment Solutions ApS (numero di societ\u00e0: 3407 8033) (\u201cEnvironment Solutions ApS\u201d) e la nostra sede legale \u00e8 Universitetsparken 7, 4000 Roskilde, Danimarca. <strong>ENVIRONMENT SOLUTIONS APS<\/strong> \u00e8 il \u201ctitolare del trattamento\u201d di qualsiasi dato personale che possa raccogliere, elaborare e detenere su di te, a meno che non ti informiamo diversamente.<\/p>\n<h4><strong>1. 1. Quali dati personali raccogliamo?<\/strong><\/h4>\n<div><strong> <\/strong><\/div>\n<p>I dati personali che raccogliamo direttamente da te possono includere il tuo nome, indirizzo e-mail, numero di telefono cellulare\/fisso, data di nascita, indirizzo, la tua attivit\u00e0 di acquisto, la tua carta di credito o debito o altre informazioni di pagamento e le informazioni che ci fornisci quando contatti il nostro team di assistenza clienti, quando interagisci con la nostra piattaforma di social media (ad esempio taggandoci in un post su Instagram) o quando ti iscrivi a <strong>ENVIRONMENT SOLUTIONS APS<\/strong>.<\/p>\n<p>Se stai utilizzando un dispositivo mobile e fai acquisti online con noi o navighi sul nostro sito web, potremmo raccogliere il tuo indirizzo IP o un altro identificatore del dispositivo, il tipo e la versione del browser, l&#8217;impostazione del fuso orario, i tipi e le versioni dei plug-in del browser, il sistema operativo e la piattaforma e altre informazioni sul dispositivo portatile.<\/p>\n<p>Laddove utilizzi un dispositivo mobile mentre sei in negozio con la funzionalit\u00e0 WiFi attivata o hai accesso al nostro WiFi gratuito in negozio, potremmo inoltre raccogliere il tuo indirizzo MAC e i dati sulla posizione mentre ti trovi all&#8217;interno del negozio <strong>ENVIRONMENT SOLUTIONS APS<\/strong> o immediatamente entro i suoi perimetri.* Se non desideri che tracciamo il tuo dispositivo o utilizziamo le tue informazioni in questo modo, disattiva la funzionalit\u00e0 WiFi sul tuo telefono o altro dispositivo elettronico nelle impostazioni.<\/p>\n<p>Potremmo, laddove abbiamo una base legale per farlo, raccogliere anche dati personali su di te da terze parti che ci forniscono ulteriori informazioni pubblicamente disponibili su di te.<\/p>\n<p>*Utilizziamo queste informazioni in forma anonima e non le utilizzeremo mai per identificare un particolare utente. Non saremo in grado di collegare questi dati ad altri dati che deteniamo su di te e lo scopo della raccolta di questi dati \u00e8 quello di eseguire analisi e aiutarci a identificare i flussi di persone nei nostri negozi per massimizzare l&#8217;efficienza del design del nostro negozio. <\/p>\n<p>Torna all&#8217;inizio<\/p>\n<h4><strong>2. 2. Quando raccogliamo i tuoi dati personali?<\/strong><\/h4>\n<p> <\/p>\n<p>Quando accedi al nostro sito web o utilizzi una qualsiasi delle nostre app mobili. Il nostro sito web utilizza anche i cookie; per saperne di pi\u00f9 sull&#8217;uso dei cookie e su come puoi gestirli, leggi la nostra Informativa sui cookie <\/p>\n<p>Quando ci contatti o ti contattiamo per partecipare a sondaggi, concorsi o promozioni<\/p>\n<p>Quando contatti il nostro team di assistenza clienti in negozio, online o per telefono<\/p>\n<p>Quando interagisci con noi sui social media (menzionandoci\/taggandoci o contattandoci direttamente)<\/p>\n<p>Torna all&#8217;inizio<\/p>\n<h4><strong>3. 3. Come utilizziamo i tuoi dati personali e quali sono le nostre giustificazioni legali per farlo?<\/strong><\/h4>\n<p> <\/p>\n<p>Per rendere disponibili i nostri prodotti e servizi a te<\/p>\n<p>Utilizziamo i tuoi dati personali per fornirti le informazioni, i prodotti e i servizi che richiedi o acquisti da noi (ovvero per completare determinate attivit\u00e0, processi o ordini sul nostro sito web o all&#8217;interno delle nostre app, effettuare pagamenti online (ove applicabile) e consegnare i tuoi prodotti o servizi) e per comunicare con te in merito a tali prodotti e servizi che acquisti da noi e rispondere alle tue domande e commenti;<\/p>\n<p>Potremmo anche utilizzare i tuoi dati personali per misurare quanto sono soddisfatti i nostri clienti e fornire assistenza clienti (inclusa la risoluzione dei problemi in relazione agli acquisti o alle tue richieste di servizi o quando ci poni domande sui social media);<\/p>\n<p>Ci affidiamo ai nostri accordi contrattuali con te come base legale su cui raccogliamo ed elaboriamo i tuoi dati personali quando effettui un ordine di prodotti e servizi. In alternativa, in alcuni casi, ci affidiamo ai nostri legittimi interessi come azienda (ad esempio, per misurare la soddisfazione del cliente e risolvere i problemi dei clienti). Laddove ci affidiamo ai nostri legittimi interessi, ci assicureremo sempre di bilanciare questi interessi con i tuoi diritti.  <\/p>\n<p>Per scopi amministrativi e aziendali interni<\/p>\n<p>Potremmo utilizzare i tuoi dati personali per i nostri scopi aziendali interni, come migliorare il nostro sito, migliorare i nostri servizi e prodotti e identificare le tendenze di utilizzo. Potremmo anche utilizzare i tuoi dati per monitorare l&#8217;uso del nostro sito web e garantire che il nostro sito web sia presentato nel modo pi\u00f9 efficace e pertinente per te e il tuo dispositivo e impostare le opzioni predefinite per te (come la lingua e la posizione del negozio); <\/p>\n<p>\u00c8 nel nostro legittimo interesse come azienda utilizzare i tuoi dati personali in questo modo. Ad esempio, vogliamo garantire che il nostro sito web sia di facile utilizzo e funzioni correttamente e che i nostri prodotti e servizi siano efficienti e di alta qualit\u00e0. Vogliamo anche rendere facile per te interagire con noi. Laddove ci affidiamo ai nostri legittimi interessi, ci assicureremo sempre di bilanciare questi interessi con i tuoi diritti.   <\/p>\n<p>Per motivi di sicurezza e legali<\/p>\n<p><strong>Utilizziamo i tuoi dati personali per:<\/strong><\/p>\n<p>garantire che le informazioni personali e finanziarie che ci fornisci siano accurate;<\/p>\n<p>condurre controlli antifrode o prevenire altre attivit\u00e0 illegali;<\/p>\n<p>proteggere i nostri diritti o propriet\u00e0 (o quelli di altri); e<\/p>\n<p>adempiere ai nostri obblighi legali e di conformit\u00e0.<\/p>\n<p>In alcuni casi utilizzeremo i tuoi dati personali perch\u00e9 \u00e8 necessario per noi adempiere a un obbligo legale (ad esempio, se riceviamo una richiesta legittima da un&#8217;agenzia di applicazione della legge). In altri casi (come l&#8217;individuazione di frodi) ci affideremo ai nostri legittimi interessi come azienda per utilizzare i tuoi dati personali in questo modo. Laddove ci affidiamo ai nostri legittimi interessi, ci assicureremo sempre di bilanciare questi interessi con i tuoi diritti.  <\/p>\n<p>In relazione alla tua adesione a <strong>ENVIRONMENT SOLUTIONS APS FAMILY<\/strong><\/p>\n<p>Utilizziamo i tuoi dati personali per personalizzare la tua esperienza con <strong>ENVIRONMENT SOLUTIONS APS<\/strong> per:<\/p>\n<p>fornirti materiale di marketing via SMS, posta ed e-mail se ci hai dato il tuo consenso a questo;<\/p>\n<p>elaborare i dettagli della tua registrazione, l&#8217;attivit\u00e0 dell&#8217;account e la cronologia degli acquisti per analizzare come fai acquisti e cosa acquisti. Ci\u00f2 pu\u00f2 includere informazioni sui prodotti che hai visualizzato, transazioni storiche e prodotti che hai aggiunto al tuo carrello online. Questo ci consente di fornire un&#8217;esperienza di navigazione pertinente per te;  <\/p>\n<p>in alcuni casi, invieremo offerte specifiche ai nostri membri in base alla loro spesa in negozio o in un&#8217;occasione speciale come quando sappiamo che \u00e8 il tuo compleanno;<\/p>\n<p>misurare l&#8217;efficacia delle nostre campagne di marketing e della nostra pubblicit\u00e0;<\/p>\n<p>effettuare un processo decisionale automatizzato limitato in base alle informazioni che ci hai fornito quando segmentiamo il nostro database <strong>ENVIRONMENT SOLUTIONS APS FAMILY<\/strong> per determinare quali offerte potrebbero interessarti.<\/p>\n<p>Ci affidiamo al tuo consenso per inviarti messaggi di marketing diretti via SMS, posta ed e-mail come membro di <strong>ENVIRONMENT SOLUTIONS APS FAMILY<\/strong> in base al consenso che abbiamo acquisito da te quando ti sei registrato, come modificato da te di volta in volta.<\/p>\n<p>In altri casi (ad esempio, misurare l&#8217;efficacia del nostro marketing), ci affideremo ai nostri legittimi interessi come azienda per comunicare con i nostri membri di <strong>ENVIRONMENT SOLUTIONS APS FAMILY<\/strong> in modo coinvolgente ed efficiente. Laddove ci affidiamo ai nostri legittimi interessi, ci assicureremo sempre di bilanciare questi interessi con i tuoi diritti. <\/p>\n<p>Per personalizzare la tua esperienza di acquisto e migliorare le nostre operazioni<\/p>\n<p><strong>Utilizziamo i tuoi dati personali per:<\/strong><\/p>\n<p>consentirti di creare un profilo sul nostro sito web che ti consenta di acquistare prodotti e servizi <strong>ENVIRONMENT SOLUTIONS APS<\/strong> online senza dover inserire i tuoi dati personali ogni volta che fai acquisti online con noi;<\/p>\n<p>fornirti materiale di marketing via SMS ed e-mail;<\/p>\n<p>analizzare come fai acquisti e cosa acquisti. Ci\u00f2 pu\u00f2 includere informazioni sui prodotti che hai visualizzato, transazioni storiche e prodotti che hai aggiunto al tuo carrello online. Questo ci consente di fornire un&#8217;esperienza di navigazione pertinente per te.  <\/p>\n<p>\u00c8 nel nostro legittimo interesse come azienda utilizzare i tuoi dati in questo modo e lo facciamo per migliorare la tua esperienza di acquisto con noi. Questo ci consente di aiutarti a trovare i prodotti e i servizi che potresti cercare ed evita che tu debba sfogliare prodotti o servizi che non sono rilevanti per te. <\/p>\n<p>Quando ti inviamo materiale di marketing via SMS ed e-mail, ci affideremo ai nostri legittimi interessi come azienda, assicurandoci sempre che i tuoi diritti siano protetti.<\/p>\n<p>Per informazioni su come utilizziamo i cookie, consulta la nostra Informativa sui cookie.<\/p>\n<h4><strong>4. 4. Con chi condividiamo i tuoi dati personali?<\/strong><\/h4>\n<p> <\/p>\n<p>Non venderemo mai nessuno dei tuoi dati personali a terzi. Tuttavia, affinch\u00e9 possiamo fornirti i nostri servizi, condividiamo i tuoi dati personali con i nostri fornitori di servizi terzi di fiducia o con le societ\u00e0 del nostro gruppo, come indicato di seguito. Ogni volta che condividiamo i tuoi dati personali, mettiamo in atto delle misure di sicurezza che richiedono a queste organizzazioni di mantenere i tuoi dati al sicuro e di garantire che non utilizzino i tuoi dati personali per i propri scopi di marketing.  <\/p>\n<p><strong>Fornitori di servizi terzi<\/strong><\/p>\n<p><strong>Per evadere gli ordini di prodotti e servizi<\/strong><\/p>\n<p>Lavoriamo con una serie di fornitori di servizi di fiducia che svolgono servizi per nostro conto. Quando acquisti prodotti e servizi da noi, i servizi forniti da queste organizzazioni includono la consegna, l&#8217;assemblaggio e l&#8217;installazione del prodotto, la rimozione dei rifiuti e l&#8217;elaborazione dei pagamenti. \u00c8 nel nostro legittimo interesse come azienda lavorare con questi fornitori di servizi poich\u00e9 potremmo non avere le capacit\u00e0 per fornire questi servizi noi stessi. In ogni caso, ci assicureremo che il fornitore di servizi sia autorizzato a utilizzare i tuoi dati personali solo per fornire i servizi a noi e per nessun altro scopo.   <\/p>\n<p><strong>Per prevenire la criminalit\u00e0 e rispettare le leggi<\/strong><\/p>\n<p>Condividiamo le tue informazioni finanziarie, inclusi i dati della tua carta di credito, debito o altre informazioni di pagamento, con terze parti per garantire che il tuo pagamento sia sicuro e che i tuoi dati non vengano utilizzati in modo fraudolento. Questa condivisione dei dati ci consente di condurre analisi antifrode che garantiscono che ci vengano forniti dettagli di pagamento autentici e accurati per qualsiasi acquisto. Potremmo condividere i tuoi dati personali con agenzie di credito se stai richiedendo un credito.  <\/p>\n<p>Potrebbero esserci altri scenari in cui siamo soggetti a un obbligo legale di condividere o divulgare i tuoi dati personali, ad esempio con le forze dell&#8217;ordine o le autorit\u00e0 pubbliche al fine di prevenire o individuare crimini o adempiere a un requisito legale.<\/p>\n<p><strong>Altri servizi professionali<\/strong><\/p>\t\t\t\t\t\t\t\t<\/div>\n\t\t\t\t<\/div>\n\t\t\t\t\t<\/div>\n\t\t\t\t<\/div>\n\t\t\t\t<\/div>\n\t\t","protected":false},"excerpt":{"rendered":"<p>Informativa sulla privacy Home &gt; Informativa sulla privacy di Environment solutions ApS Informazioni su questa Informativa sulla privacy Sappiamo quanto [&hellip;]<\/p>\n","protected":false},"author":1,"featured_media":0,"parent":0,"menu_order":0,"comment_status":"closed","ping_status":"closed","template":"elementor_header_footer","meta":{"_acf_changed":false,"site-sidebar-layout":"default","site-content-layout":"","ast-site-content-layout":"default","site-content-style":"default","site-sidebar-style":"default","ast-global-header-display":"","ast-banner-title-visibility":"","ast-main-header-display":"","ast-hfb-above-header-display":"","ast-hfb-below-header-display":"","ast-hfb-mobile-header-display":"","site-post-title":"","ast-breadcrumbs-content":"","ast-featured-img":"","footer-sml-layout":"","ast-disable-related-posts":"","theme-transparent-header-meta":"","adv-header-id-meta":"","stick-header-meta":"","header-above-stick-meta":"","header-main-stick-meta":"","header-below-stick-meta":"","astra-migrate-meta-layouts":"default","ast-page-background-enabled":"default","ast-page-background-meta":{"desktop":{"background-color":"","background-image":"","background-repeat":"repeat","background-position":"center center","background-size":"auto","background-attachment":"scroll","background-type":"","background-media":"","overlay-type":"","overlay-color":"","overlay-opacity":"","overlay-gradient":""},"tablet":{"background-color":"","background-image":"","background-repeat":"repeat","background-position":"center center","background-size":"auto","background-attachment":"scroll","background-type":"","background-media":"","overlay-type":"","overlay-color":"","overlay-opacity":"","overlay-gradient":""},"mobile":{"background-color":"","background-image":"","background-repeat":"repeat","background-position":"center center","background-size":"auto","background-attachment":"scroll","background-type":"","background-media":"","overlay-type":"","overlay-color":"","overlay-opacity":"","overlay-gradient":""}},"ast-content-background-meta":{"desktop":{"background-color":"var(--ast-global-color-5)","background-image":"","background-repeat":"repeat","background-position":"center center","background-size":"auto","background-attachment":"scroll","background-type":"","background-media":"","overlay-type":"","overlay-color":"","overlay-opacity":"","overlay-gradient":""},"tablet":{"background-color":"var(--ast-global-color-5)","background-image":"","background-repeat":"repeat","background-position":"center center","background-size":"auto","background-attachment":"scroll","background-type":"","background-media":"","overlay-type":"","overlay-color":"","overlay-opacity":"","overlay-gradient":""},"mobile":{"background-color":"var(--ast-global-color-5)","background-image":"","background-repeat":"repeat","background-position":"center center","background-size":"auto","background-attachment":"scroll","background-type":"","background-media":"","overlay-type":"","overlay-color":"","overlay-opacity":"","overlay-gradient":""}},"footnotes":""},"class_list":["post-18936","page","type-page","status-publish","hentry"],"acf":[],"yoast_head":"<!-- This site is optimized with the Yoast SEO plugin v27.2 - https:\/\/yoast.com\/product\/yoast-seo-wordpress\/ -->\n<title>Privacy privacy - NoFloods<\/title>\n<meta name=\"robots\" content=\"index, follow, max-snippet:-1, max-image-preview:large, max-video-preview:-1\" \/>\n<link rel=\"canonical\" href=\"https:\/\/nofloods.com\/it\/privacy-privacy\/\" \/>\n<meta property=\"og:locale\" content=\"it_IT\" \/>\n<meta property=\"og:type\" content=\"article\" \/>\n<meta property=\"og:title\" content=\"Privacy privacy - NoFloods\" \/>\n<meta property=\"og:description\" content=\"Informativa sulla privacy Home &gt; Informativa sulla privacy di Environment solutions ApS Informazioni su questa Informativa sulla privacy Sappiamo quanto [&hellip;]\" \/>\n<meta property=\"og:url\" content=\"https:\/\/nofloods.com\/it\/privacy-privacy\/\" \/>\n<meta property=\"og:site_name\" content=\"NoFloods\" \/>\n<meta property=\"article:publisher\" content=\"https:\/\/www.facebook.com\/environmentsolutions\/\" \/>\n<meta property=\"article:modified_time\" content=\"2025-09-16T15:51:28+00:00\" \/>\n<meta name=\"twitter:card\" content=\"summary_large_image\" \/>\n<meta name=\"twitter:site\" content=\"@NoFloodsBarrier\" \/>\n<meta name=\"twitter:label1\" content=\"Tempo di lettura stimato\" \/>\n\t<meta name=\"twitter:data1\" content=\"9 minuti\" \/>\n<script type=\"application\/ld+json\" class=\"yoast-schema-graph\">{\"@context\":\"https:\/\/schema.org\",\"@graph\":[{\"@type\":\"WebPage\",\"@id\":\"https:\/\/nofloods.com\/it\/privacy-privacy\/\",\"url\":\"https:\/\/nofloods.com\/it\/privacy-privacy\/\",\"name\":\"Privacy privacy - NoFloods\",\"isPartOf\":{\"@id\":\"https:\/\/nofloods.com\/it\/#website\"},\"datePublished\":\"2025-09-05T09:39:05+00:00\",\"dateModified\":\"2025-09-16T15:51:28+00:00\",\"breadcrumb\":{\"@id\":\"https:\/\/nofloods.com\/it\/privacy-privacy\/#breadcrumb\"},\"inLanguage\":\"it-IT\",\"potentialAction\":[{\"@type\":\"ReadAction\",\"target\":[\"https:\/\/nofloods.com\/it\/privacy-privacy\/\"]}]},{\"@type\":\"BreadcrumbList\",\"@id\":\"https:\/\/nofloods.com\/it\/privacy-privacy\/#breadcrumb\",\"itemListElement\":[{\"@type\":\"ListItem\",\"position\":1,\"name\":\"Home\",\"item\":\"https:\/\/nofloods.com\/it\/\"},{\"@type\":\"ListItem\",\"position\":2,\"name\":\"Privacy privacy\"}]},{\"@type\":\"WebSite\",\"@id\":\"https:\/\/nofloods.com\/it\/#website\",\"url\":\"https:\/\/nofloods.com\/it\/\",\"name\":\"NoFloods\",\"description\":\"By Environment Solutions\",\"publisher\":{\"@id\":\"https:\/\/nofloods.com\/it\/#organization\"},\"potentialAction\":[{\"@type\":\"SearchAction\",\"target\":{\"@type\":\"EntryPoint\",\"urlTemplate\":\"https:\/\/nofloods.com\/it\/?s={search_term_string}\"},\"query-input\":{\"@type\":\"PropertyValueSpecification\",\"valueRequired\":true,\"valueName\":\"search_term_string\"}}],\"inLanguage\":\"it-IT\"},{\"@type\":\"Organization\",\"@id\":\"https:\/\/nofloods.com\/it\/#organization\",\"name\":\"NoFloods\",\"url\":\"https:\/\/nofloods.com\/it\/\",\"logo\":{\"@type\":\"ImageObject\",\"inLanguage\":\"it-IT\",\"@id\":\"https:\/\/nofloods.com\/it\/#\/schema\/logo\/image\/\",\"url\":\"https:\/\/nofloods.com\/wp-content\/uploads\/2025\/05\/NoFloods-EasyWall-Logo.webp?wsr\",\"contentUrl\":\"https:\/\/nofloods.com\/wp-content\/uploads\/2025\/05\/NoFloods-EasyWall-Logo.webp?wsr\",\"width\":340,\"height\":70,\"caption\":\"NoFloods\"},\"image\":{\"@id\":\"https:\/\/nofloods.com\/it\/#\/schema\/logo\/image\/\"},\"sameAs\":[\"https:\/\/www.facebook.com\/environmentsolutions\/\",\"https:\/\/x.com\/NoFloodsBarrier\",\"https:\/\/www.linkedin.com\/company\/environment-solutions-aps\"]}]}<\/script>\n<!-- \/ Yoast SEO plugin. -->","yoast_head_json":{"title":"Privacy privacy - NoFloods","robots":{"index":"index","follow":"follow","max-snippet":"max-snippet:-1","max-image-preview":"max-image-preview:large","max-video-preview":"max-video-preview:-1"},"canonical":"https:\/\/nofloods.com\/it\/privacy-privacy\/","og_locale":"it_IT","og_type":"article","og_title":"Privacy privacy - NoFloods","og_description":"Informativa sulla privacy Home &gt; Informativa sulla privacy di Environment solutions ApS Informazioni su questa Informativa sulla privacy Sappiamo quanto [&hellip;]","og_url":"https:\/\/nofloods.com\/it\/privacy-privacy\/","og_site_name":"NoFloods","article_publisher":"https:\/\/www.facebook.com\/environmentsolutions\/","article_modified_time":"2025-09-16T15:51:28+00:00","twitter_card":"summary_large_image","twitter_site":"@NoFloodsBarrier","twitter_misc":{"Tempo di lettura stimato":"9 minuti"},"schema":{"@context":"https:\/\/schema.org","@graph":[{"@type":"WebPage","@id":"https:\/\/nofloods.com\/it\/privacy-privacy\/","url":"https:\/\/nofloods.com\/it\/privacy-privacy\/","name":"Privacy privacy - NoFloods","isPartOf":{"@id":"https:\/\/nofloods.com\/it\/#website"},"datePublished":"2025-09-05T09:39:05+00:00","dateModified":"2025-09-16T15:51:28+00:00","breadcrumb":{"@id":"https:\/\/nofloods.com\/it\/privacy-privacy\/#breadcrumb"},"inLanguage":"it-IT","potentialAction":[{"@type":"ReadAction","target":["https:\/\/nofloods.com\/it\/privacy-privacy\/"]}]},{"@type":"BreadcrumbList","@id":"https:\/\/nofloods.com\/it\/privacy-privacy\/#breadcrumb","itemListElement":[{"@type":"ListItem","position":1,"name":"Home","item":"https:\/\/nofloods.com\/it\/"},{"@type":"ListItem","position":2,"name":"Privacy privacy"}]},{"@type":"WebSite","@id":"https:\/\/nofloods.com\/it\/#website","url":"https:\/\/nofloods.com\/it\/","name":"NoFloods","description":"By Environment Solutions","publisher":{"@id":"https:\/\/nofloods.com\/it\/#organization"},"potentialAction":[{"@type":"SearchAction","target":{"@type":"EntryPoint","urlTemplate":"https:\/\/nofloods.com\/it\/?s={search_term_string}"},"query-input":{"@type":"PropertyValueSpecification","valueRequired":true,"valueName":"search_term_string"}}],"inLanguage":"it-IT"},{"@type":"Organization","@id":"https:\/\/nofloods.com\/it\/#organization","name":"NoFloods","url":"https:\/\/nofloods.com\/it\/","logo":{"@type":"ImageObject","inLanguage":"it-IT","@id":"https:\/\/nofloods.com\/it\/#\/schema\/logo\/image\/","url":"https:\/\/nofloods.com\/wp-content\/uploads\/2025\/05\/NoFloods-EasyWall-Logo.webp?wsr","contentUrl":"https:\/\/nofloods.com\/wp-content\/uploads\/2025\/05\/NoFloods-EasyWall-Logo.webp?wsr","width":340,"height":70,"caption":"NoFloods"},"image":{"@id":"https:\/\/nofloods.com\/it\/#\/schema\/logo\/image\/"},"sameAs":["https:\/\/www.facebook.com\/environmentsolutions\/","https:\/\/x.com\/NoFloodsBarrier","https:\/\/www.linkedin.com\/company\/environment-solutions-aps"]}]}},"rttpg_featured_image_url":null,"rttpg_author":{"display_name":"nofloods_admin","author_link":"https:\/\/nofloods.com\/it\/author\/nofloods_admin\/"},"rttpg_comment":0,"rttpg_category":" <a href=\"https:\/\/nofloods.com\/it\/?taxonomy=translation_priority&#038;term=opzionale\" rel=\"tag\">Opzionale<\/a>","rttpg_excerpt":"Informativa sulla privacy Home &gt; Informativa sulla privacy di Environment solutions ApS Informazioni su questa Informativa sulla privacy Sappiamo quanto [&hellip;]","_links":{"self":[{"href":"https:\/\/nofloods.com\/it\/wp-json\/wp\/v2\/pages\/18936","targetHints":{"allow":["GET"]}}],"collection":[{"href":"https:\/\/nofloods.com\/it\/wp-json\/wp\/v2\/pages"}],"about":[{"href":"https:\/\/nofloods.com\/it\/wp-json\/wp\/v2\/types\/page"}],"author":[{"embeddable":true,"href":"https:\/\/nofloods.com\/it\/wp-json\/wp\/v2\/users\/1"}],"replies":[{"embeddable":true,"href":"https:\/\/nofloods.com\/it\/wp-json\/wp\/v2\/comments?post=18936"}],"version-history":[{"count":1,"href":"https:\/\/nofloods.com\/it\/wp-json\/wp\/v2\/pages\/18936\/revisions"}],"predecessor-version":[{"id":18937,"href":"https:\/\/nofloods.com\/it\/wp-json\/wp\/v2\/pages\/18936\/revisions\/18937"}],"wp:attachment":[{"href":"https:\/\/nofloods.com\/it\/wp-json\/wp\/v2\/media?parent=18936"}],"curies":[{"name":"wp","href":"https:\/\/api.w.org\/{rel}","templated":true}]}}