{"id":36035,"date":"2025-09-05T09:56:14","date_gmt":"2025-09-05T09:56:14","guid":{"rendered":"https:\/\/nofloods.com\/cookie-policy\/"},"modified":"2025-12-01T06:58:26","modified_gmt":"2025-12-01T06:58:26","slug":"cookie-policy","status":"publish","type":"page","link":"https:\/\/nofloods.com\/pl\/cookie-policy\/","title":{"rendered":"Polityka plik\u00f3w cookie"},"content":{"rendered":"\t\t<div data-elementor-type=\"wp-page\" data-elementor-id=\"36035\" class=\"elementor elementor-36035 elementor-12734\">\n\t\t\t\t<div class=\"elementor-element elementor-element-853fd1f e-flex e-con-boxed e-con e-parent\" data-id=\"853fd1f\" data-element_type=\"container\" data-e-type=\"container\" data-settings=\"{&quot;background_background&quot;:&quot;classic&quot;}\">\n\t\t\t\t\t<div class=\"e-con-inner\">\n\t\t<div class=\"elementor-element elementor-element-5bd29bb e-con-full e-flex e-con e-child\" data-id=\"5bd29bb\" data-element_type=\"container\" data-e-type=\"container\" data-settings=\"{&quot;background_background&quot;:&quot;classic&quot;}\">\n\t\t\t\t<div class=\"elementor-element elementor-element-8cfa58a elementor-widget elementor-widget-heading\" data-id=\"8cfa58a\" data-element_type=\"widget\" data-e-type=\"widget\" data-widget_type=\"heading.default\">\n\t\t\t\t<div class=\"elementor-widget-container\">\n\t\t\t\t\t<h1 class=\"elementor-heading-title elementor-size-default\">Polityka plik\u00f3w cookie<\/h1>\t\t\t\t<\/div>\n\t\t\t\t<\/div>\n\t\t\t\t<div class=\"elementor-element elementor-element-1b24f59 elementor-widget elementor-widget-eael-breadcrumbs\" data-id=\"1b24f59\" data-element_type=\"widget\" data-e-type=\"widget\" data-widget_type=\"eael-breadcrumbs.default\">\n\t\t\t\t<div class=\"elementor-widget-container\">\n\t\t\t\t\t\t\t<div class=\"eael-breadcrumbs\">\n\t\t\t<div class=\"eael-breadcrumbs__content\"><a href=\"https:\/\/nofloods.com\/pl\/\">Home<\/a> <span class=\"eael-breadcrumb-separator\">&gt;<\/span> <span class = \"eael-current\">Strona<\/span><\/div>\t\t<\/div>\n\t\t\t\t\t\t<\/div>\n\t\t\t\t<\/div>\n\t\t\t\t<\/div>\n\t\t\t\t\t<\/div>\n\t\t\t\t<\/div>\n\t\t<div class=\"elementor-element elementor-element-4a0067a e-flex e-con-boxed e-con e-parent\" data-id=\"4a0067a\" data-element_type=\"container\" data-e-type=\"container\" data-settings=\"{&quot;background_background&quot;:&quot;classic&quot;}\">\n\t\t\t\t\t<div class=\"e-con-inner\">\n\t\t\t\t<div class=\"elementor-element elementor-element-9ad7b4a elementor-widget elementor-widget-text-editor\" data-id=\"9ad7b4a\" data-element_type=\"widget\" data-e-type=\"widget\" data-widget_type=\"text-editor.default\">\n\t\t\t\t<div class=\"elementor-widget-container\">\n\t\t\t\t\t\t\t\t\t<h4><strong>O TEJ POLITYCE PLIK\u00d3W COOKIE<\/strong><\/h4>\n<div><strong>&nbsp;<\/strong><\/div>\n<p>Niniejsza polityka plik\u00f3w cookie wyja\u015bnia, czym s\u0105 pliki cookie i jak wykorzystujemy je na naszej stronie internetowej. Nale\u017cy zapozna\u0107 si\u0119 z t\u0105 polityk\u0105, aby zrozumie\u0107, jakie rodzaje plik\u00f3w cookie stosujemy, jakie informacje gromadzimy za pomoc\u0105 plik\u00f3w cookie i jak te informacje s\u0105 wykorzystywane. Korzystaj\u0105c z naszej strony internetowej, wyra\u017casz zgod\u0119 na u\u017cywanie przez nas plik\u00f3w cookie zgodnie z niniejsz\u0105 polityk\u0105.  <\/p>\n<h4><strong>Czym s\u0105 pliki cookie?<\/strong><\/h4>\n<div><strong>&nbsp;<\/strong><\/div>\n<p>Pliki cookie to pliki zawieraj\u0105ce niewielk\u0105 ilo\u015b\u0107 informacji. Pliki cookie s\u0105 przechowywane w przegl\u0105darce lub na dysku twardym komputera lub urz\u0105dzenia. <\/p>\n<h4><strong>Jak wykorzystujemy pliki cookie?<\/strong><\/h4>\n<div><strong>&nbsp;<\/strong><\/div>\n<p>U\u017cywamy plik\u00f3w cookie, aby odr\u00f3\u017cni\u0107 Ci\u0119 od innych u\u017cytkownik\u00f3w naszej strony internetowej i zapewni\u0107 unikalne do\u015bwiadczenie podczas przegl\u0105dania. Pliki cookie s\u0105 przez nas wykorzystywane, aby nasza strona internetowa mog\u0142a zapami\u0119ta\u0107, co robi\u0142e\u015b podczas przegl\u0105dania, na przyk\u0142ad Twoje dane logowania, post\u0119p w sk\u0142adaniu zam\u00f3wienia oraz zawarto\u015b\u0107 koszyka. <\/p>\n<h4><strong>Jakich rodzaj\u00f3w plik\u00f3w cookie u\u017cywamy?<\/strong><\/h4>\n<div><strong>&nbsp;<\/strong><\/div>\n<p>Pliki cookie mog\u0105 wyst\u0119powa\u0107 w formie plik\u00f3w sesyjnych lub trwa\u0142ych. Pliki cookie sesji s\u0105 usuwane z komputera lub urz\u0105dzenia po zamkni\u0119ciu przegl\u0105darki internetowej. Trwa\u0142e pliki cookie pozostan\u0105 zapisane na komputerze lub urz\u0105dzeniu do momentu ich usuni\u0119cia lub do up\u0142ywu terminu wa\u017cno\u015bci. U\u017cywamy nast\u0119puj\u0105cych plik\u00f3w cookie:   <\/p>\n<p>Analityczne\/wydajno\u015bciowe pliki cookie. Te pliki cookie pozwalaj\u0105 nam rozpoznawa\u0107 i zlicza\u0107 liczb\u0119 odwiedzaj\u0105cych nasz\u0105 stron\u0119 internetow\u0105 oraz \u015bledzi\u0107 spos\u00f3b poruszania si\u0119 u\u017cytkownik\u00f3w podczas korzystania z niej. Pomaga nam to poprawi\u0107 spos\u00f3b dzia\u0142ania naszej strony internetowej, na przyk\u0142ad poprzez zapewnienie, \u017ce u\u017cytkownicy \u0142atwo znajduj\u0105 to, czego szukaj\u0105.  <\/p>\n<p>Funkcjonalne pliki cookie. Te pliki cookie s\u0142u\u017c\u0105 do rozpoznawania Ci\u0119, gdy wracasz na nasz\u0105 stron\u0119 internetow\u0105. Umo\u017cliwia nam to personalizacj\u0119 tre\u015bci, na przyk\u0142ad witanie Ci\u0119 po imieniu i zapami\u0119tywanie Twoich preferencji. Umo\u017cliwia r\u00f3wnie\u017c wsparcie poprzez czat na \u017cywo podczas przegl\u0105dania.   <\/p>\n<p>Pliki cookie targetowania. Te pliki cookie rejestruj\u0105 Twoj\u0105 wizyt\u0119 na naszej stronie internetowej, odwiedzone strony i klikni\u0119te linki. Wykorzystamy te informacje, aby dostosowa\u0107 nasz\u0105 stron\u0119 internetow\u0105 i wy\u015bwietlane na niej reklamy do Twoich zainteresowa\u0144. Mo\u017cemy r\u00f3wnie\u017c udost\u0119pnia\u0107 te informacje osobom trzecim w tym celu. Te pliki cookie pozwalaj\u0105 na udost\u0119pnianie i przesy\u0142anie informacji do innych stron internetowych.    <\/p>\n<h4><strong>Jakie rodzaje informacji gromadzimy za pomoc\u0105 plik\u00f3w cookie?<\/strong><\/h4>\n<div><strong>&nbsp;<\/strong><\/div>\n<p>Gdy odwiedzasz nasz\u0105 stron\u0119 internetow\u0105, mo\u017cemy automatycznie gromadzi\u0107 nast\u0119puj\u0105ce rodzaje informacji: Tw\u00f3j adres protoko\u0142u internetowego (IP), informacje o logowaniu, ustawienia strefy czasowej, system operacyjny i platforma, informacje o wizytach, w tym adres URL, z kt\u00f3rego przyszed\u0142e\u015b, Tw\u00f3j kraj, wyszukiwane has\u0142a na naszej stronie, przegl\u0105dane lub wyszukiwane produkty, czasy odpowiedzi stron, b\u0142\u0119dy pobierania, d\u0142ugo\u015b\u0107 wizyt na okre\u015blonych stronach, informacje o interakcji na stronie (takie jak przewijanie, klikni\u0119cia i ruchy myszk\u0105) oraz metody u\u017cywane do opuszczenia strony.<\/p>\n<h4><strong>Jak zablokowa\u0107 pliki cookie?<\/strong><\/h4>\n<div><strong>&nbsp;<\/strong><\/div>\n<p>Wi\u0119kszo\u015b\u0107 przegl\u0105darek umo\u017cliwia odmow\u0119 przyjmowania plik\u00f3w cookie. Mo\u017cesz zablokowa\u0107 nasze pliki cookie, aktywuj\u0105c w przegl\u0105darce ustawienie pozwalaj\u0105ce na odmow\u0119 wszystkich lub niekt\u00f3rych plik\u00f3w cookie. Wi\u0119cej informacji o plikach cookie oraz o tym, jak je usuwa\u0107 i kontrolowa\u0107, znajdziesz na stronie www.aboutcookies.org lub klikaj\u0105c menu pomocy w przegl\u0105darce.  <\/p>\n<p>Je\u015bli zablokujesz nasze pliki cookie, mo\u017cesz nie mie\u0107 dost\u0119pu do niekt\u00f3rych obszar\u00f3w naszej strony internetowej, a niekt\u00f3re funkcje i strony nie b\u0119d\u0105 dzia\u0142a\u0107 w zwyk\u0142y spos\u00f3b. Na przyk\u0142ad, nie b\u0119dziesz m\u00f3g\u0142 korzysta\u0107 z funkcji listy zakup\u00f3w ani robi\u0107 zakup\u00f3w online. <\/p>\n<h4><strong>Jak <em>ENVIRONMENT SOLUTIONS APS<\/em> mo\u017ce zmieni\u0107 Polityk\u0119 plik\u00f3w cookie<\/strong><\/h4><div><strong><br><\/strong><\/div>\n<p>Mo\u017cemy okresowo aktualizowa\u0107 t\u0119 polityk\u0119. Zmiany w technologii, przepisach prawnych i wytycznych organ\u00f3w mog\u0105 wymaga\u0107 od nas informowania o podejmowanych dzia\u0142aniach, kt\u00f3re wp\u0142ywaj\u0105 na Twoje prawa do prywatno\u015bci. Powiniene\u015b od czasu do czasu sprawdza\u0107 t\u0119 stron\u0119, aby upewni\u0107 si\u0119, \u017ce znasz wszelkie zmiany.  <\/p>\t\t\t\t\t\t\t\t<\/div>\n\t\t\t\t<\/div>\n\t\t\t\t\t<\/div>\n\t\t\t\t<\/div>\n\t\t\t\t<\/div>\n\t\t","protected":false},"excerpt":{"rendered":"<p>Polityka plik\u00f3w cookie Home &gt; O TEJ POLITYCE PLIK\u00d3W COOKIE &nbsp; Niniejsza polityka plik\u00f3w cookie wyja\u015bnia, czym s\u0105 pliki cookie [&hellip;]<\/p>\n","protected":false},"author":1,"featured_media":0,"parent":0,"menu_order":0,"comment_status":"closed","ping_status":"closed","template":"elementor_header_footer","meta":{"_acf_changed":false,"site-sidebar-layout":"default","site-content-layout":"","ast-site-content-layout":"default","site-content-style":"default","site-sidebar-style":"default","ast-global-header-display":"","ast-banner-title-visibility":"","ast-main-header-display":"","ast-hfb-above-header-display":"","ast-hfb-below-header-display":"","ast-hfb-mobile-header-display":"","site-post-title":"","ast-breadcrumbs-content":"","ast-featured-img":"","footer-sml-layout":"","ast-disable-related-posts":"","theme-transparent-header-meta":"","adv-header-id-meta":"","stick-header-meta":"","header-above-stick-meta":"","header-main-stick-meta":"","header-below-stick-meta":"","astra-migrate-meta-layouts":"default","ast-page-background-enabled":"default","ast-page-background-meta":{"desktop":{"background-color":"","background-image":"","background-repeat":"repeat","background-position":"center center","background-size":"auto","background-attachment":"scroll","background-type":"","background-media":"","overlay-type":"","overlay-color":"","overlay-opacity":"","overlay-gradient":""},"tablet":{"background-color":"","background-image":"","background-repeat":"repeat","background-position":"center center","background-size":"auto","background-attachment":"scroll","background-type":"","background-media":"","overlay-type":"","overlay-color":"","overlay-opacity":"","overlay-gradient":""},"mobile":{"background-color":"","background-image":"","background-repeat":"repeat","background-position":"center center","background-size":"auto","background-attachment":"scroll","background-type":"","background-media":"","overlay-type":"","overlay-color":"","overlay-opacity":"","overlay-gradient":""}},"ast-content-background-meta":{"desktop":{"background-color":"var(--ast-global-color-5)","background-image":"","background-repeat":"repeat","background-position":"center center","background-size":"auto","background-attachment":"scroll","background-type":"","background-media":"","overlay-type":"","overlay-color":"","overlay-opacity":"","overlay-gradient":""},"tablet":{"background-color":"var(--ast-global-color-5)","background-image":"","background-repeat":"repeat","background-position":"center center","background-size":"auto","background-attachment":"scroll","background-type":"","background-media":"","overlay-type":"","overlay-color":"","overlay-opacity":"","overlay-gradient":""},"mobile":{"background-color":"var(--ast-global-color-5)","background-image":"","background-repeat":"repeat","background-position":"center center","background-size":"auto","background-attachment":"scroll","background-type":"","background-media":"","overlay-type":"","overlay-color":"","overlay-opacity":"","overlay-gradient":""}},"footnotes":""},"class_list":["post-36035","page","type-page","status-publish","hentry"],"acf":[],"yoast_head":"<!-- This site is optimized with the Yoast SEO plugin v27.2 - https:\/\/yoast.com\/product\/yoast-seo-wordpress\/ -->\n<title>Polityka plik\u00f3w cookie - NoFloods<\/title>\n<meta name=\"robots\" content=\"index, follow, max-snippet:-1, max-image-preview:large, max-video-preview:-1\" \/>\n<link rel=\"canonical\" href=\"https:\/\/nofloods.com\/pl\/cookie-policy\/\" \/>\n<meta property=\"og:locale\" content=\"pl_PL\" \/>\n<meta property=\"og:type\" content=\"article\" \/>\n<meta property=\"og:title\" content=\"Polityka plik\u00f3w cookie - NoFloods\" \/>\n<meta property=\"og:description\" content=\"Polityka plik\u00f3w cookie Home &gt; O TEJ POLITYCE PLIK\u00d3W COOKIE &nbsp; Niniejsza polityka plik\u00f3w cookie wyja\u015bnia, czym s\u0105 pliki cookie [&hellip;]\" \/>\n<meta property=\"og:url\" content=\"https:\/\/nofloods.com\/pl\/cookie-policy\/\" \/>\n<meta property=\"og:site_name\" content=\"NoFloods\" \/>\n<meta property=\"article:publisher\" content=\"https:\/\/www.facebook.com\/environmentsolutions\/\" \/>\n<meta property=\"article:modified_time\" content=\"2025-12-01T06:58:26+00:00\" \/>\n<meta name=\"twitter:card\" content=\"summary_large_image\" \/>\n<meta name=\"twitter:site\" content=\"@NoFloodsBarrier\" \/>\n<meta name=\"twitter:label1\" content=\"Szacowany czas czytania\" \/>\n\t<meta name=\"twitter:data1\" content=\"3 minuty\" \/>\n<script type=\"application\/ld+json\" class=\"yoast-schema-graph\">{\"@context\":\"https:\/\/schema.org\",\"@graph\":[{\"@type\":\"WebPage\",\"@id\":\"https:\/\/nofloods.com\/pl\/cookie-policy\/\",\"url\":\"https:\/\/nofloods.com\/pl\/cookie-policy\/\",\"name\":\"Polityka plik\u00f3w cookie - NoFloods\",\"isPartOf\":{\"@id\":\"https:\/\/nofloods.com\/pl\/#website\"},\"datePublished\":\"2025-09-05T09:56:14+00:00\",\"dateModified\":\"2025-12-01T06:58:26+00:00\",\"breadcrumb\":{\"@id\":\"https:\/\/nofloods.com\/pl\/cookie-policy\/#breadcrumb\"},\"inLanguage\":\"pl-PL\",\"potentialAction\":[{\"@type\":\"ReadAction\",\"target\":[\"https:\/\/nofloods.com\/pl\/cookie-policy\/\"]}]},{\"@type\":\"BreadcrumbList\",\"@id\":\"https:\/\/nofloods.com\/pl\/cookie-policy\/#breadcrumb\",\"itemListElement\":[{\"@type\":\"ListItem\",\"position\":1,\"name\":\"Home\",\"item\":\"https:\/\/nofloods.com\/pl\/home\/\"},{\"@type\":\"ListItem\",\"position\":2,\"name\":\"Polityka plik\u00f3w cookie\"}]},{\"@type\":\"WebSite\",\"@id\":\"https:\/\/nofloods.com\/pl\/#website\",\"url\":\"https:\/\/nofloods.com\/pl\/\",\"name\":\"NoFloods\",\"description\":\"By Environment Solutions\",\"publisher\":{\"@id\":\"https:\/\/nofloods.com\/pl\/#organization\"},\"potentialAction\":[{\"@type\":\"SearchAction\",\"target\":{\"@type\":\"EntryPoint\",\"urlTemplate\":\"https:\/\/nofloods.com\/pl\/?s={search_term_string}\"},\"query-input\":{\"@type\":\"PropertyValueSpecification\",\"valueRequired\":true,\"valueName\":\"search_term_string\"}}],\"inLanguage\":\"pl-PL\"},{\"@type\":\"Organization\",\"@id\":\"https:\/\/nofloods.com\/pl\/#organization\",\"name\":\"NoFloods\",\"url\":\"https:\/\/nofloods.com\/pl\/\",\"logo\":{\"@type\":\"ImageObject\",\"inLanguage\":\"pl-PL\",\"@id\":\"https:\/\/nofloods.com\/pl\/#\/schema\/logo\/image\/\",\"url\":\"https:\/\/nofloods.com\/wp-content\/uploads\/2025\/05\/NoFloods-EasyWall-Logo.webp?wsr\",\"contentUrl\":\"https:\/\/nofloods.com\/wp-content\/uploads\/2025\/05\/NoFloods-EasyWall-Logo.webp?wsr\",\"width\":340,\"height\":70,\"caption\":\"NoFloods\"},\"image\":{\"@id\":\"https:\/\/nofloods.com\/pl\/#\/schema\/logo\/image\/\"},\"sameAs\":[\"https:\/\/www.facebook.com\/environmentsolutions\/\",\"https:\/\/x.com\/NoFloodsBarrier\",\"https:\/\/www.linkedin.com\/company\/environment-solutions-aps\"]}]}<\/script>\n<!-- \/ Yoast SEO plugin. -->","yoast_head_json":{"title":"Polityka plik\u00f3w cookie - NoFloods","robots":{"index":"index","follow":"follow","max-snippet":"max-snippet:-1","max-image-preview":"max-image-preview:large","max-video-preview":"max-video-preview:-1"},"canonical":"https:\/\/nofloods.com\/pl\/cookie-policy\/","og_locale":"pl_PL","og_type":"article","og_title":"Polityka plik\u00f3w cookie - NoFloods","og_description":"Polityka plik\u00f3w cookie Home &gt; O TEJ POLITYCE PLIK\u00d3W COOKIE &nbsp; Niniejsza polityka plik\u00f3w cookie wyja\u015bnia, czym s\u0105 pliki cookie [&hellip;]","og_url":"https:\/\/nofloods.com\/pl\/cookie-policy\/","og_site_name":"NoFloods","article_publisher":"https:\/\/www.facebook.com\/environmentsolutions\/","article_modified_time":"2025-12-01T06:58:26+00:00","twitter_card":"summary_large_image","twitter_site":"@NoFloodsBarrier","twitter_misc":{"Szacowany czas czytania":"3 minuty"},"schema":{"@context":"https:\/\/schema.org","@graph":[{"@type":"WebPage","@id":"https:\/\/nofloods.com\/pl\/cookie-policy\/","url":"https:\/\/nofloods.com\/pl\/cookie-policy\/","name":"Polityka plik\u00f3w cookie - NoFloods","isPartOf":{"@id":"https:\/\/nofloods.com\/pl\/#website"},"datePublished":"2025-09-05T09:56:14+00:00","dateModified":"2025-12-01T06:58:26+00:00","breadcrumb":{"@id":"https:\/\/nofloods.com\/pl\/cookie-policy\/#breadcrumb"},"inLanguage":"pl-PL","potentialAction":[{"@type":"ReadAction","target":["https:\/\/nofloods.com\/pl\/cookie-policy\/"]}]},{"@type":"BreadcrumbList","@id":"https:\/\/nofloods.com\/pl\/cookie-policy\/#breadcrumb","itemListElement":[{"@type":"ListItem","position":1,"name":"Home","item":"https:\/\/nofloods.com\/pl\/home\/"},{"@type":"ListItem","position":2,"name":"Polityka plik\u00f3w cookie"}]},{"@type":"WebSite","@id":"https:\/\/nofloods.com\/pl\/#website","url":"https:\/\/nofloods.com\/pl\/","name":"NoFloods","description":"By Environment Solutions","publisher":{"@id":"https:\/\/nofloods.com\/pl\/#organization"},"potentialAction":[{"@type":"SearchAction","target":{"@type":"EntryPoint","urlTemplate":"https:\/\/nofloods.com\/pl\/?s={search_term_string}"},"query-input":{"@type":"PropertyValueSpecification","valueRequired":true,"valueName":"search_term_string"}}],"inLanguage":"pl-PL"},{"@type":"Organization","@id":"https:\/\/nofloods.com\/pl\/#organization","name":"NoFloods","url":"https:\/\/nofloods.com\/pl\/","logo":{"@type":"ImageObject","inLanguage":"pl-PL","@id":"https:\/\/nofloods.com\/pl\/#\/schema\/logo\/image\/","url":"https:\/\/nofloods.com\/wp-content\/uploads\/2025\/05\/NoFloods-EasyWall-Logo.webp?wsr","contentUrl":"https:\/\/nofloods.com\/wp-content\/uploads\/2025\/05\/NoFloods-EasyWall-Logo.webp?wsr","width":340,"height":70,"caption":"NoFloods"},"image":{"@id":"https:\/\/nofloods.com\/pl\/#\/schema\/logo\/image\/"},"sameAs":["https:\/\/www.facebook.com\/environmentsolutions\/","https:\/\/x.com\/NoFloodsBarrier","https:\/\/www.linkedin.com\/company\/environment-solutions-aps"]}]}},"rttpg_featured_image_url":null,"rttpg_author":{"display_name":"nofloods_admin","author_link":"https:\/\/nofloods.com\/pl\/author\/nofloods_admin\/"},"rttpg_comment":0,"rttpg_category":" <a href=\"https:\/\/nofloods.com\/pl\/?taxonomy=translation_priority&#038;term=opcjonalne\" rel=\"tag\">Opcjonalne<\/a>","rttpg_excerpt":"Polityka plik\u00f3w cookie Home &gt; O TEJ POLITYCE PLIK\u00d3W COOKIE &nbsp; Niniejsza polityka plik\u00f3w cookie wyja\u015bnia, czym s\u0105 pliki cookie [&hellip;]","_links":{"self":[{"href":"https:\/\/nofloods.com\/pl\/wp-json\/wp\/v2\/pages\/36035","targetHints":{"allow":["GET"]}}],"collection":[{"href":"https:\/\/nofloods.com\/pl\/wp-json\/wp\/v2\/pages"}],"about":[{"href":"https:\/\/nofloods.com\/pl\/wp-json\/wp\/v2\/types\/page"}],"author":[{"embeddable":true,"href":"https:\/\/nofloods.com\/pl\/wp-json\/wp\/v2\/users\/1"}],"replies":[{"embeddable":true,"href":"https:\/\/nofloods.com\/pl\/wp-json\/wp\/v2\/comments?post=36035"}],"version-history":[{"count":1,"href":"https:\/\/nofloods.com\/pl\/wp-json\/wp\/v2\/pages\/36035\/revisions"}],"predecessor-version":[{"id":36036,"href":"https:\/\/nofloods.com\/pl\/wp-json\/wp\/v2\/pages\/36035\/revisions\/36036"}],"wp:attachment":[{"href":"https:\/\/nofloods.com\/pl\/wp-json\/wp\/v2\/media?parent=36035"}],"curies":[{"name":"wp","href":"https:\/\/api.w.org\/{rel}","templated":true}]}}