{"id":36056,"date":"2025-09-05T09:51:14","date_gmt":"2025-09-05T09:51:14","guid":{"rendered":"https:\/\/nofloods.com\/terms-and-use\/"},"modified":"2025-12-01T06:58:48","modified_gmt":"2025-12-01T06:58:48","slug":"terms-and-use","status":"publish","type":"page","link":"https:\/\/nofloods.com\/pl\/terms-and-use\/","title":{"rendered":"Warunki u\u017cytkowania"},"content":{"rendered":"\t\t<div data-elementor-type=\"wp-page\" data-elementor-id=\"36056\" class=\"elementor elementor-36056 elementor-12711\">\n\t\t\t\t<div class=\"elementor-element elementor-element-853fd1f e-flex e-con-boxed e-con e-parent\" data-id=\"853fd1f\" data-element_type=\"container\" data-e-type=\"container\" data-settings=\"{&quot;background_background&quot;:&quot;classic&quot;}\">\n\t\t\t\t\t<div class=\"e-con-inner\">\n\t\t<div class=\"elementor-element elementor-element-5bd29bb e-con-full e-flex e-con e-child\" data-id=\"5bd29bb\" data-element_type=\"container\" data-e-type=\"container\" data-settings=\"{&quot;background_background&quot;:&quot;classic&quot;}\">\n\t\t\t\t<div class=\"elementor-element elementor-element-8cfa58a elementor-widget elementor-widget-heading\" data-id=\"8cfa58a\" data-element_type=\"widget\" data-e-type=\"widget\" data-widget_type=\"heading.default\">\n\t\t\t\t<div class=\"elementor-widget-container\">\n\t\t\t\t\t<h1 class=\"elementor-heading-title elementor-size-default\">Warunki u\u017cytkowania<\/h1>\t\t\t\t<\/div>\n\t\t\t\t<\/div>\n\t\t\t\t<div class=\"elementor-element elementor-element-1b24f59 elementor-widget elementor-widget-eael-breadcrumbs\" data-id=\"1b24f59\" data-element_type=\"widget\" data-e-type=\"widget\" data-widget_type=\"eael-breadcrumbs.default\">\n\t\t\t\t<div class=\"elementor-widget-container\">\n\t\t\t\t\t\t\t<div class=\"eael-breadcrumbs\">\n\t\t\t<div class=\"eael-breadcrumbs__content\"><a href=\"https:\/\/nofloods.com\/pl\/\">Home<\/a> <span class=\"eael-breadcrumb-separator\">&gt;<\/span> <span class = \"eael-current\">Strona<\/span><\/div>\t\t<\/div>\n\t\t\t\t\t\t<\/div>\n\t\t\t\t<\/div>\n\t\t\t\t<\/div>\n\t\t\t\t\t<\/div>\n\t\t\t\t<\/div>\n\t\t<div class=\"elementor-element elementor-element-4a0067a e-flex e-con-boxed e-con e-parent\" data-id=\"4a0067a\" data-element_type=\"container\" data-e-type=\"container\" data-settings=\"{&quot;background_background&quot;:&quot;classic&quot;}\">\n\t\t\t\t\t<div class=\"e-con-inner\">\n\t\t\t\t<div class=\"elementor-element elementor-element-9ad7b4a elementor-widget elementor-widget-text-editor\" data-id=\"9ad7b4a\" data-element_type=\"widget\" data-e-type=\"widget\" data-widget_type=\"text-editor.default\">\n\t\t\t\t<div class=\"elementor-widget-container\">\n\t\t\t\t\t\t\t\t\t<h4><strong>INFORMACJE O WARUNKACH U\u017bYTKOWANIA<\/strong><\/h4><div><strong> <\/strong><\/div><p>Prosimy o uwa\u017cne zapoznanie si\u0119 z tymi warunkami przed rozpocz\u0119ciem korzystania z naszej strony internetowej. Niniejsze warunki u\u017cytkowania informuj\u0105 o sposobie korzystania z naszej strony. Kontynuuj\u0105c przegl\u0105danie naszej strony, akceptujesz niniejsze warunki.  <\/p><h4><strong>TWOJE DANE OSOBOWE<\/strong><\/h4><div><strong> <\/strong><\/div><p>Przetwarzamy wszystkie dane osobowe, kt\u00f3re przekazujesz nam na naszej stronie internetowej, zgodnie z warunkami naszej Polityki Prywatno\u015bci. Prosimy o zapewnienie, \u017ce wszystkie informacje przekazywane nam na naszej stronie internetowej, w tym nazwa u\u017cytkownika i has\u0142o, s\u0105 przechowywane w spos\u00f3b bezpieczny i poufny. <\/p><h4><strong>INFORMACJE NA NASZEJ STRONIE INTERNETOWEJ<\/strong><\/h4><div><strong> <\/strong><\/div><p>Dok\u0142adamy wszelkich stara\u0144, aby nasza strona dzia\u0142a\u0142a prawid\u0142owo przez ca\u0142y czas, jednak nie udzielamy \u017cadnych gwarancji dotycz\u0105cych dost\u0119pno\u015bci naszej strony internetowej i (z wyj\u0105tkiem przypadk\u00f3w okre\u015blonych w niniejszym dokumencie) nie ponosimy odpowiedzialno\u015bci za jakiekolwiek szkody, straty, koszty lub wydatki poniesione przez Pa\u0144stwa w wyniku braku dost\u0119pno\u015bci naszej strony. Je\u015bli nasze ceny s\u0105 wy\u015bwietlane nieprawid\u0142owo, zastrzegamy sobie prawo do ich skorygowania i odmowy sprzeda\u017cy produktu po cenie pierwotnie wy\u015bwietlonej na naszej stronie. <\/p><h4><strong>LINKI I UDOST\u0118PNIANIE<\/strong><\/h4><div><strong> <\/strong><\/div><p>Wszelkie linki lub mo\u017cliwo\u015bci udost\u0119pniania (poprzez media spo\u0142eczno\u015bciowe, blogi i podobne strony oraz us\u0142ugi komunikacyjne) na naszej stronie internetowej s\u0105 udost\u0119pniane wy\u0142\u0105cznie do Pa\u0144stwa u\u017cytku i wygody. Link nie stanowi \u017cadnego poparcia ani rekomendacji z naszej strony i nie oznacza, \u017ce mamy jakikolwiek zwi\u0105zek z po\u0142\u0105czon\u0105 stron\u0105 internetow\u0105. Nie ponosimy odpowiedzialno\u015bci za zawarto\u015b\u0107 jakichkolwiek stron internetowych, kt\u00f3re s\u0105 po\u0142\u0105czone z nasz\u0105 stron\u0105 lub z niej wychodz\u0105, ani za prawne konsekwencje zawierania przez Pa\u0144stwa um\u00f3w z osobami trzecimi, kt\u00f3re udost\u0119pniaj\u0105 te po\u0142\u0105czone strony internetowe, i nie przyjmujemy \u017cadnej odpowiedzialno\u015bci za jakiekolwiek straty, szkody, wydatki, koszty lub zobowi\u0105zania poniesione przez Pa\u0144stwa w wyniku takich dzia\u0142a\u0144.  <\/p><p>Nale\u017cy pami\u0119ta\u0107, \u017ce w przypadku udost\u0119pniania tre\u015bci na innych platformach mog\u0105 obowi\u0105zywa\u0107 oddzielne warunki zwi\u0105zane z organizacj\u0105 umo\u017cliwiaj\u0105c\u0105 udost\u0119pnianie. Prosimy o sprawdzenie warunk\u00f3w korzystania z ka\u017cdej strony, na kt\u00f3rej zamierzaj\u0105 Pa\u0144stwo udost\u0119pnia\u0107 tre\u015bci. Niekt\u00f3re warunki mog\u0105 zabrania\u0107 udost\u0119pniania naszych tre\u015bci.  <\/p><p>Nie ponosimy odpowiedzialno\u015bci za jakiekolwiek straty, szkody, wydatki, koszty, op\u00f3\u017anienia lub inne zobowi\u0105zania (w tym mi\u0119dzy innymi straty finansowe, takie jak utrata zysku), kt\u00f3re mog\u0105 Pa\u0144stwo ponie\u015b\u0107 w wyniku jakiegokolwiek zdarzenia pozostaj\u0105cego poza nasz\u0105 uzasadnion\u0105 kontrol\u0105 (w tym mi\u0119dzy innymi awarii transmisji, komunikacji, system\u00f3w komputerowych lub innych urz\u0105dze\u0144, lub niemo\u017cno\u015bci dost\u0119pu do strony internetowej z jakiegokolwiek powodu, lub jakiejkolwiek awarii, b\u0142\u0119du lub op\u00f3\u017anienia w wysy\u0142aniu lub odbieraniu jakiegokolwiek zawiadomienia lub komunikatu lub instrukcji za po\u015brednictwem poczty lub \u015brodk\u00f3w elektronicznych).<\/p><h4><strong>PRAWA AUTORSKIE<\/strong><\/h4><div><strong> <\/strong><\/div><p>Zawarto\u015b\u0107 wszystkich cz\u0119\u015bci strony internetowej nale\u017cy do <strong>ENVIRONMENT SOLUTIONS APS<\/strong>. Obejmuje to prawa autorskie do wszystkich tekst\u00f3w, opis\u00f3w i obraz\u00f3w. Obejmuje to r\u00f3wnie\u017c znaki towarowe w naszej nazwie i logotypach.  <\/p><p>Mog\u0105 Pa\u0144stwo pobiera\u0107 na lokalny dysk twardy i drukowa\u0107 fragmenty z naszej strony internetowej do u\u017cytku osobistego. Mog\u0105 Pa\u0144stwo r\u00f3wnie\u017c przekazywa\u0107 pobrane fragmenty innym osobom, pod warunkiem, \u017ce nie b\u0119dzie to robione w celach zarobkowych. <\/p><p>Reprodukcja cz\u0119\u015bci lub ca\u0142o\u015bci zawarto\u015bci w jakiejkolwiek formie jest zabroniona, chyba \u017ce s\u0142u\u017cy do u\u017cytku osobistego. \u017badna cz\u0119\u015b\u0107 zawarto\u015bci naszej strony internetowej nie mo\u017ce by\u0107 kopiowana ani w inny spos\u00f3b w\u0142\u0105czana lub przechowywana na jakiejkolwiek innej stronie internetowej, w systemie wyszukiwania elektronicznego, publikacji lub innym dziele w jakiejkolwiek formie (zar\u00f3wno w formie drukowanej, elektronicznej, jak i innej). <\/p><p>Je\u015bli chc\u0105 Pa\u0144stwo wykorzysta\u0107 jak\u0105kolwiek nasz\u0105 tre\u015b\u0107 w celu innym ni\u017c okre\u015blony powy\u017cej (co obejmuje tak\u017ce umieszczanie strony w ramkach), nale\u017cy najpierw skontaktowa\u0107 si\u0119 z nami i uzyska\u0107 nasz\u0105 zgod\u0119.<\/p><h4><strong>UPEWNIJ SI\u0118, \u017bE POSIADASZ AKTUALNE INFORMACJE<\/strong><\/h4><div><strong> <\/strong><\/div><p>Zastrzegamy sobie prawo do zmiany warunk\u00f3w, na jakich oferowana jest nasza strona internetowa i produkty, w dowolnym czasie. Wszelkie zmiany w naszych warunkach prawnych wchodz\u0105 w \u017cycie natychmiast po umieszczeniu ich na naszej stronie internetowej i b\u0119d\u0105 mia\u0142y zastosowanie do wszystkich przysz\u0142ych przypadk\u00f3w korzystania z naszej strony. Nale\u017cy regularnie sprawdza\u0107 Og\u00f3lne Warunki oraz nasze polityki zamieszczone na naszej stronie internetowej, poniewa\u017c mog\u0142y one ulec zmianie od ostatniej wizyty.  <\/p><h4><strong>CZEGO NIE WOLNO ROBI\u0106 NA NASZEJ STRONIE<\/strong><\/h4><div><strong> <\/strong><\/div><p>Podczas korzystania z naszej strony internetowej nie wolno: (1) ingerowa\u0107 w funkcje bezpiecze\u0144stwa strony ani je wy\u0142\u0105cza\u0107, ani w funkcje zapobiegaj\u0105ce lub ograniczaj\u0105ce wykorzystanie lub kopiowanie tre\u015bci dost\u0119pnych za po\u015brednictwem strony; (2) podawa\u0107 fa\u0142szywych informacji w szczeg\u00f3\u0142ach konta; (3) podszywa\u0107 si\u0119 pod inn\u0105 osob\u0119 bez jej zgody lub fa\u0142szywie przedstawia\u0107 si\u0119 jako dzia\u0142aj\u0105cy w imieniu osoby, podmiotu lub organizacji; (4) korzysta\u0107 ze strony, je\u015bli zawiesili\u015bmy lub zabronili\u015bmy korzystania z niej; (5) wysy\u0142a\u0107 niechcianych, spamowych lub powtarzaj\u0105cych si\u0119 wiadomo\u015bci; (6) anga\u017cowa\u0107 si\u0119 w jakiekolwiek nielegalne lub bezprawne dzia\u0142ania; (7) modyfikowa\u0107, ingerowa\u0107, przechwytywa\u0107, zak\u0142\u00f3ca\u0107 lub hakowa\u0107 stron\u0119; (8) niew\u0142a\u015bciwie u\u017cywa\u0107 strony poprzez \u015bwiadome wprowadzanie wirus\u00f3w, koni troja\u0144skich, robak\u00f3w, bomb logicznych lub innych podobnych materia\u0142\u00f3w lub poprzez podejmowanie jakichkolwiek innych dzia\u0142a\u0144, kt\u00f3re mog\u0142yby zaszkodzi\u0107 stronie, sprz\u0119towi jakiegokolwiek u\u017cytkownika strony lub mie\u0107 negatywny wp\u0142yw na do\u015bwiadczenie jakiegokolwiek u\u017cytkownika strony; (9) zbiera\u0107 jakichkolwiek danych ze strony w spos\u00f3b niezgodny z niniejszymi Warunkami U\u017cytkowania; (10) przesy\u0142a\u0107 lub zamieszcza\u0107 tre\u015bci obra\u017aliwe, zawieraj\u0105ce gro\u017aby, obsceniczne, nieprawdziwe, szokuj\u0105ce lub obra\u017aliwe; (11) nadu\u017cywa\u0107, krzywdzi\u0107 lub n\u0119ka\u0107 innego u\u017cytkownika strony, cz\u0142onka naszego personelu lub inn\u0105 osob\u0119; (12) przesy\u0142a\u0107 lub zamieszcza\u0107 jakiekolwiek Tre\u015bci U\u017cytkownika bez zgody w\u0142a\u015bciciela tre\u015bci lub w inny spos\u00f3b narusza\u0107 prawa autorskie, znaki towarowe lub inne prawa os\u00f3b trzecich; lub (13) przesy\u0142a\u0107 lub zamieszcza\u0107 jakiekolwiek informacje lub komentarze o innej osobie, kt\u00f3re s\u0105 nieprawdziwe, prywatne, poufne lub znies\u0142awiaj\u0105ce (w tym osobiste oskar\u017canie innej osoby o nieudowodnione przest\u0119pstwo lub powa\u017cne wykroczenie, kt\u00f3re mog\u0142oby zaszkodzi\u0107 jej reputacji w oczach os\u00f3b czytaj\u0105cych komentarz).<\/p><p>W przypadku naruszenia kt\u00f3regokolwiek z niniejszych Warunk\u00f3w U\u017cytkowania mo\u017cemy uniemo\u017cliwi\u0107 korzystanie z tej strony internetowej na sta\u0142e lub tymczasowo. Mo\u017cemy podj\u0105\u0107 r\u00f3wnie\u017c inne dzia\u0142ania, w tym mi\u0119dzy innymi zg\u0142oszenie sprawy policji lub innym organom \u015bcigania, wystosowanie ostrze\u017cenia lub podj\u0119cie krok\u00f3w prawnych przeciwko Pa\u0144stwu oraz dochodzenie wszelkich koszt\u00f3w poniesionych w wyniku takich dzia\u0142a\u0144. <\/p><h4><strong>MASZ PYTANIA?<\/strong><\/h4><div><strong> <\/strong><\/div><p>Je\u015bli maj\u0105 Pa\u0144stwo jakiekolwiek pytania dotycz\u0105ce tej strony internetowej, prosimy o kontakt.<\/p>\t\t\t\t\t\t\t\t<\/div>\n\t\t\t\t<\/div>\n\t\t\t\t\t<\/div>\n\t\t\t\t<\/div>\n\t\t\t\t<\/div>\n\t\t","protected":false},"excerpt":{"rendered":"<p>Warunki u\u017cytkowania Home &gt; INFORMACJE O WARUNKACH U\u017bYTKOWANIA Prosimy o uwa\u017cne zapoznanie si\u0119 z tymi warunkami przed rozpocz\u0119ciem korzystania z [&hellip;]<\/p>\n","protected":false},"author":1,"featured_media":0,"parent":0,"menu_order":0,"comment_status":"closed","ping_status":"closed","template":"elementor_header_footer","meta":{"_acf_changed":false,"site-sidebar-layout":"default","site-content-layout":"","ast-site-content-layout":"default","site-content-style":"default","site-sidebar-style":"default","ast-global-header-display":"","ast-banner-title-visibility":"","ast-main-header-display":"","ast-hfb-above-header-display":"","ast-hfb-below-header-display":"","ast-hfb-mobile-header-display":"","site-post-title":"","ast-breadcrumbs-content":"","ast-featured-img":"","footer-sml-layout":"","ast-disable-related-posts":"","theme-transparent-header-meta":"","adv-header-id-meta":"","stick-header-meta":"","header-above-stick-meta":"","header-main-stick-meta":"","header-below-stick-meta":"","astra-migrate-meta-layouts":"default","ast-page-background-enabled":"default","ast-page-background-meta":{"desktop":{"background-color":"","background-image":"","background-repeat":"repeat","background-position":"center center","background-size":"auto","background-attachment":"scroll","background-type":"","background-media":"","overlay-type":"","overlay-color":"","overlay-opacity":"","overlay-gradient":""},"tablet":{"background-color":"","background-image":"","background-repeat":"repeat","background-position":"center center","background-size":"auto","background-attachment":"scroll","background-type":"","background-media":"","overlay-type":"","overlay-color":"","overlay-opacity":"","overlay-gradient":""},"mobile":{"background-color":"","background-image":"","background-repeat":"repeat","background-position":"center center","background-size":"auto","background-attachment":"scroll","background-type":"","background-media":"","overlay-type":"","overlay-color":"","overlay-opacity":"","overlay-gradient":""}},"ast-content-background-meta":{"desktop":{"background-color":"var(--ast-global-color-5)","background-image":"","background-repeat":"repeat","background-position":"center center","background-size":"auto","background-attachment":"scroll","background-type":"","background-media":"","overlay-type":"","overlay-color":"","overlay-opacity":"","overlay-gradient":""},"tablet":{"background-color":"var(--ast-global-color-5)","background-image":"","background-repeat":"repeat","background-position":"center center","background-size":"auto","background-attachment":"scroll","background-type":"","background-media":"","overlay-type":"","overlay-color":"","overlay-opacity":"","overlay-gradient":""},"mobile":{"background-color":"var(--ast-global-color-5)","background-image":"","background-repeat":"repeat","background-position":"center center","background-size":"auto","background-attachment":"scroll","background-type":"","background-media":"","overlay-type":"","overlay-color":"","overlay-opacity":"","overlay-gradient":""}},"footnotes":""},"class_list":["post-36056","page","type-page","status-publish","hentry"],"acf":[],"yoast_head":"<!-- This site is optimized with the Yoast SEO plugin v27.2 - https:\/\/yoast.com\/product\/yoast-seo-wordpress\/ -->\n<title>Warunki u\u017cytkowania - NoFloods<\/title>\n<meta name=\"robots\" content=\"index, follow, max-snippet:-1, max-image-preview:large, max-video-preview:-1\" \/>\n<link rel=\"canonical\" href=\"https:\/\/nofloods.com\/pl\/terms-and-use\/\" \/>\n<meta property=\"og:locale\" content=\"pl_PL\" \/>\n<meta property=\"og:type\" content=\"article\" \/>\n<meta property=\"og:title\" content=\"Warunki u\u017cytkowania - NoFloods\" \/>\n<meta property=\"og:description\" content=\"Warunki u\u017cytkowania Home &gt; INFORMACJE O WARUNKACH U\u017bYTKOWANIA Prosimy o uwa\u017cne zapoznanie si\u0119 z tymi warunkami przed rozpocz\u0119ciem korzystania z [&hellip;]\" \/>\n<meta property=\"og:url\" content=\"https:\/\/nofloods.com\/pl\/terms-and-use\/\" \/>\n<meta property=\"og:site_name\" content=\"NoFloods\" \/>\n<meta property=\"article:publisher\" content=\"https:\/\/www.facebook.com\/environmentsolutions\/\" \/>\n<meta property=\"article:modified_time\" content=\"2025-12-01T06:58:48+00:00\" \/>\n<meta name=\"twitter:card\" content=\"summary_large_image\" \/>\n<meta name=\"twitter:site\" content=\"@NoFloodsBarrier\" \/>\n<meta name=\"twitter:label1\" content=\"Szacowany czas czytania\" \/>\n\t<meta name=\"twitter:data1\" content=\"6 minut\" \/>\n<script type=\"application\/ld+json\" class=\"yoast-schema-graph\">{\"@context\":\"https:\/\/schema.org\",\"@graph\":[{\"@type\":\"WebPage\",\"@id\":\"https:\/\/nofloods.com\/pl\/terms-and-use\/\",\"url\":\"https:\/\/nofloods.com\/pl\/terms-and-use\/\",\"name\":\"Warunki u\u017cytkowania - NoFloods\",\"isPartOf\":{\"@id\":\"https:\/\/nofloods.com\/pl\/#website\"},\"datePublished\":\"2025-09-05T09:51:14+00:00\",\"dateModified\":\"2025-12-01T06:58:48+00:00\",\"breadcrumb\":{\"@id\":\"https:\/\/nofloods.com\/pl\/terms-and-use\/#breadcrumb\"},\"inLanguage\":\"pl-PL\",\"potentialAction\":[{\"@type\":\"ReadAction\",\"target\":[\"https:\/\/nofloods.com\/pl\/terms-and-use\/\"]}]},{\"@type\":\"BreadcrumbList\",\"@id\":\"https:\/\/nofloods.com\/pl\/terms-and-use\/#breadcrumb\",\"itemListElement\":[{\"@type\":\"ListItem\",\"position\":1,\"name\":\"Home\",\"item\":\"https:\/\/nofloods.com\/pl\/home\/\"},{\"@type\":\"ListItem\",\"position\":2,\"name\":\"Warunki u\u017cytkowania\"}]},{\"@type\":\"WebSite\",\"@id\":\"https:\/\/nofloods.com\/pl\/#website\",\"url\":\"https:\/\/nofloods.com\/pl\/\",\"name\":\"NoFloods\",\"description\":\"By Environment Solutions\",\"publisher\":{\"@id\":\"https:\/\/nofloods.com\/pl\/#organization\"},\"potentialAction\":[{\"@type\":\"SearchAction\",\"target\":{\"@type\":\"EntryPoint\",\"urlTemplate\":\"https:\/\/nofloods.com\/pl\/?s={search_term_string}\"},\"query-input\":{\"@type\":\"PropertyValueSpecification\",\"valueRequired\":true,\"valueName\":\"search_term_string\"}}],\"inLanguage\":\"pl-PL\"},{\"@type\":\"Organization\",\"@id\":\"https:\/\/nofloods.com\/pl\/#organization\",\"name\":\"NoFloods\",\"url\":\"https:\/\/nofloods.com\/pl\/\",\"logo\":{\"@type\":\"ImageObject\",\"inLanguage\":\"pl-PL\",\"@id\":\"https:\/\/nofloods.com\/pl\/#\/schema\/logo\/image\/\",\"url\":\"https:\/\/nofloods.com\/wp-content\/uploads\/2025\/05\/NoFloods-EasyWall-Logo.webp?wsr\",\"contentUrl\":\"https:\/\/nofloods.com\/wp-content\/uploads\/2025\/05\/NoFloods-EasyWall-Logo.webp?wsr\",\"width\":340,\"height\":70,\"caption\":\"NoFloods\"},\"image\":{\"@id\":\"https:\/\/nofloods.com\/pl\/#\/schema\/logo\/image\/\"},\"sameAs\":[\"https:\/\/www.facebook.com\/environmentsolutions\/\",\"https:\/\/x.com\/NoFloodsBarrier\",\"https:\/\/www.linkedin.com\/company\/environment-solutions-aps\"]}]}<\/script>\n<!-- \/ Yoast SEO plugin. -->","yoast_head_json":{"title":"Warunki u\u017cytkowania - NoFloods","robots":{"index":"index","follow":"follow","max-snippet":"max-snippet:-1","max-image-preview":"max-image-preview:large","max-video-preview":"max-video-preview:-1"},"canonical":"https:\/\/nofloods.com\/pl\/terms-and-use\/","og_locale":"pl_PL","og_type":"article","og_title":"Warunki u\u017cytkowania - NoFloods","og_description":"Warunki u\u017cytkowania Home &gt; INFORMACJE O WARUNKACH U\u017bYTKOWANIA Prosimy o uwa\u017cne zapoznanie si\u0119 z tymi warunkami przed rozpocz\u0119ciem korzystania z [&hellip;]","og_url":"https:\/\/nofloods.com\/pl\/terms-and-use\/","og_site_name":"NoFloods","article_publisher":"https:\/\/www.facebook.com\/environmentsolutions\/","article_modified_time":"2025-12-01T06:58:48+00:00","twitter_card":"summary_large_image","twitter_site":"@NoFloodsBarrier","twitter_misc":{"Szacowany czas czytania":"6 minut"},"schema":{"@context":"https:\/\/schema.org","@graph":[{"@type":"WebPage","@id":"https:\/\/nofloods.com\/pl\/terms-and-use\/","url":"https:\/\/nofloods.com\/pl\/terms-and-use\/","name":"Warunki u\u017cytkowania - NoFloods","isPartOf":{"@id":"https:\/\/nofloods.com\/pl\/#website"},"datePublished":"2025-09-05T09:51:14+00:00","dateModified":"2025-12-01T06:58:48+00:00","breadcrumb":{"@id":"https:\/\/nofloods.com\/pl\/terms-and-use\/#breadcrumb"},"inLanguage":"pl-PL","potentialAction":[{"@type":"ReadAction","target":["https:\/\/nofloods.com\/pl\/terms-and-use\/"]}]},{"@type":"BreadcrumbList","@id":"https:\/\/nofloods.com\/pl\/terms-and-use\/#breadcrumb","itemListElement":[{"@type":"ListItem","position":1,"name":"Home","item":"https:\/\/nofloods.com\/pl\/home\/"},{"@type":"ListItem","position":2,"name":"Warunki u\u017cytkowania"}]},{"@type":"WebSite","@id":"https:\/\/nofloods.com\/pl\/#website","url":"https:\/\/nofloods.com\/pl\/","name":"NoFloods","description":"By Environment Solutions","publisher":{"@id":"https:\/\/nofloods.com\/pl\/#organization"},"potentialAction":[{"@type":"SearchAction","target":{"@type":"EntryPoint","urlTemplate":"https:\/\/nofloods.com\/pl\/?s={search_term_string}"},"query-input":{"@type":"PropertyValueSpecification","valueRequired":true,"valueName":"search_term_string"}}],"inLanguage":"pl-PL"},{"@type":"Organization","@id":"https:\/\/nofloods.com\/pl\/#organization","name":"NoFloods","url":"https:\/\/nofloods.com\/pl\/","logo":{"@type":"ImageObject","inLanguage":"pl-PL","@id":"https:\/\/nofloods.com\/pl\/#\/schema\/logo\/image\/","url":"https:\/\/nofloods.com\/wp-content\/uploads\/2025\/05\/NoFloods-EasyWall-Logo.webp?wsr","contentUrl":"https:\/\/nofloods.com\/wp-content\/uploads\/2025\/05\/NoFloods-EasyWall-Logo.webp?wsr","width":340,"height":70,"caption":"NoFloods"},"image":{"@id":"https:\/\/nofloods.com\/pl\/#\/schema\/logo\/image\/"},"sameAs":["https:\/\/www.facebook.com\/environmentsolutions\/","https:\/\/x.com\/NoFloodsBarrier","https:\/\/www.linkedin.com\/company\/environment-solutions-aps"]}]}},"rttpg_featured_image_url":null,"rttpg_author":{"display_name":"nofloods_admin","author_link":"https:\/\/nofloods.com\/pl\/author\/nofloods_admin\/"},"rttpg_comment":0,"rttpg_category":" <a href=\"https:\/\/nofloods.com\/pl\/?taxonomy=translation_priority&#038;term=opcjonalne\" rel=\"tag\">Opcjonalne<\/a>","rttpg_excerpt":"Warunki u\u017cytkowania Home &gt; INFORMACJE O WARUNKACH U\u017bYTKOWANIA Prosimy o uwa\u017cne zapoznanie si\u0119 z tymi warunkami przed rozpocz\u0119ciem korzystania z [&hellip;]","_links":{"self":[{"href":"https:\/\/nofloods.com\/pl\/wp-json\/wp\/v2\/pages\/36056","targetHints":{"allow":["GET"]}}],"collection":[{"href":"https:\/\/nofloods.com\/pl\/wp-json\/wp\/v2\/pages"}],"about":[{"href":"https:\/\/nofloods.com\/pl\/wp-json\/wp\/v2\/types\/page"}],"author":[{"embeddable":true,"href":"https:\/\/nofloods.com\/pl\/wp-json\/wp\/v2\/users\/1"}],"replies":[{"embeddable":true,"href":"https:\/\/nofloods.com\/pl\/wp-json\/wp\/v2\/comments?post=36056"}],"version-history":[{"count":3,"href":"https:\/\/nofloods.com\/pl\/wp-json\/wp\/v2\/pages\/36056\/revisions"}],"predecessor-version":[{"id":36059,"href":"https:\/\/nofloods.com\/pl\/wp-json\/wp\/v2\/pages\/36056\/revisions\/36059"}],"wp:attachment":[{"href":"https:\/\/nofloods.com\/pl\/wp-json\/wp\/v2\/media?parent=36056"}],"curies":[{"name":"wp","href":"https:\/\/api.w.org\/{rel}","templated":true}]}}