{"id":36331,"date":"2025-06-29T06:50:34","date_gmt":"2025-06-29T06:50:34","guid":{"rendered":"https:\/\/nofloods.com\/faqs\/"},"modified":"2025-12-01T07:00:57","modified_gmt":"2025-12-01T07:00:57","slug":"faqs","status":"publish","type":"page","link":"https:\/\/nofloods.com\/pl\/faqs\/","title":{"rendered":"FAQ"},"content":{"rendered":"\t\t<div data-elementor-type=\"wp-page\" data-elementor-id=\"36331\" class=\"elementor elementor-36331 elementor-5971\">\n\t\t\t\t<div class=\"elementor-element elementor-element-bc6d303 e-flex e-con-boxed e-con e-parent\" data-id=\"bc6d303\" data-element_type=\"container\" data-e-type=\"container\" data-settings=\"{&quot;background_background&quot;:&quot;classic&quot;}\">\n\t\t\t\t\t<div class=\"e-con-inner\">\n\t\t<div class=\"elementor-element elementor-element-37867713 e-con-full e-flex e-con e-child\" data-id=\"37867713\" data-element_type=\"container\" data-e-type=\"container\" data-settings=\"{&quot;background_background&quot;:&quot;classic&quot;}\">\n\t\t\t\t<div class=\"elementor-element elementor-element-3a8e5b90 elementor-widget elementor-widget-heading\" data-id=\"3a8e5b90\" data-element_type=\"widget\" data-e-type=\"widget\" data-widget_type=\"heading.default\">\n\t\t\t\t<div class=\"elementor-widget-container\">\n\t\t\t\t\t<h1 class=\"elementor-heading-title elementor-size-default\">FAQ<\/h1>\t\t\t\t<\/div>\n\t\t\t\t<\/div>\n\t\t\t\t<div class=\"elementor-element elementor-element-1bfd0ed1 elementor-widget elementor-widget-eael-breadcrumbs\" data-id=\"1bfd0ed1\" data-element_type=\"widget\" data-e-type=\"widget\" data-widget_type=\"eael-breadcrumbs.default\">\n\t\t\t\t<div class=\"elementor-widget-container\">\n\t\t\t\t\t\t\t<div class=\"eael-breadcrumbs\">\n\t\t\t<div class=\"eael-breadcrumbs__content\"><a href=\"https:\/\/nofloods.com\/pl\/\">Home<\/a> <span class=\"eael-breadcrumb-separator\">&gt;<\/span> <span class = \"eael-current\">Strona<\/span><\/div>\t\t<\/div>\n\t\t\t\t\t\t<\/div>\n\t\t\t\t<\/div>\n\t\t\t\t<\/div>\n\t\t\t\t\t<\/div>\n\t\t\t\t<\/div>\n\t\t<div class=\"elementor-element elementor-element-149b2d1b e-flex e-con-boxed e-con e-parent\" data-id=\"149b2d1b\" data-element_type=\"container\" data-e-type=\"container\" data-settings=\"{&quot;background_background&quot;:&quot;classic&quot;}\">\n\t\t\t\t\t<div class=\"e-con-inner\">\n\t\t<div class=\"elementor-element elementor-element-5848623f e-con-full e-flex e-con e-child\" data-id=\"5848623f\" data-element_type=\"container\" data-e-type=\"container\" data-settings=\"{&quot;background_background&quot;:&quot;classic&quot;}\">\n\t\t\t\t<div class=\"elementor-element elementor-element-effc54f elementor-widget elementor-widget-helpie-faq\" data-id=\"effc54f\" data-element_type=\"widget\" data-e-type=\"widget\" data-widget_type=\"helpie-faq.default\">\n\t\t\t\t<div class=\"elementor-widget-container\">\n\t\t\t\t\t<section id='' \n                class='helpie-faq accordions faq-toggle' \n                data-collection='' \n                data-pagination='0' \n                data-search='0' \n                data-pagination-enabled='0'\n                role='region'\n                aria-label='FAQ Section'\n                aria-live='polite'><h3 class=\"collection-title\"> <\/h3><form class=\"search\" onSubmit=\"return false;\"><div class=\"search__wrapper\"><input type=\"text\" class=\"search__input\" aria-label=\"Search\" role=\"searchbox\" placeholder=\"Search FAQ\"><span class=\"search__icon\"><svg class=\"svg-icon--search\" role=\"img\" xmlns=\"http:\/\/www.w3.org\/2000\/svg\" viewBox=\"0 0 22 22\">\r\n                        <g fill=\"none\" stroke=\"#171717\">\r\n                            <path stroke-linecap=\"square\" stroke-width=\"2\" d=\"M18.5 18.3l-5.4-5.4\"\/>\r\n                            <circle cx=\"8\" cy=\"8\" r=\"7\" stroke-width=\"2\"\/>\r\n                        <\/g>\r\n                    <\/svg><\/span><\/div><div class=\"search__message\"><\/div><\/form><\/section>\t\t\t\t<\/div>\n\t\t\t\t<\/div>\n\t\t\t\t<\/div>\n\t\t\t\t\t<\/div>\n\t\t\t\t<\/div>\n\t\t\t\t<\/div>\n\t\t","protected":false},"excerpt":{"rendered":"<p>FAQ Home &gt; Health, safety and sustainability Are the Flood Barrier materials sustainable?Yes, all materials used are sourced from Europe. [&hellip;]<\/p>\n","protected":false},"author":1,"featured_media":0,"parent":0,"menu_order":0,"comment_status":"closed","ping_status":"closed","template":"","meta":{"_acf_changed":false,"site-sidebar-layout":"no-sidebar","site-content-layout":"page-builder","ast-site-content-layout":"full-width-container","site-content-style":"default","site-sidebar-style":"default","ast-global-header-display":"","ast-banner-title-visibility":"","ast-main-header-display":"","ast-hfb-above-header-display":"","ast-hfb-below-header-display":"","ast-hfb-mobile-header-display":"","site-post-title":"disabled","ast-breadcrumbs-content":"","ast-featured-img":"disabled","footer-sml-layout":"","ast-disable-related-posts":"","theme-transparent-header-meta":"","adv-header-id-meta":"","stick-header-meta":"","header-above-stick-meta":"","header-main-stick-meta":"","header-below-stick-meta":"","astra-migrate-meta-layouts":"default","ast-page-background-enabled":"default","ast-page-background-meta":{"desktop":{"background-color":"","background-image":"","background-repeat":"repeat","background-position":"center center","background-size":"auto","background-attachment":"scroll","background-type":"","background-media":"","overlay-type":"","overlay-color":"","overlay-opacity":"","overlay-gradient":""},"tablet":{"background-color":"","background-image":"","background-repeat":"repeat","background-position":"center center","background-size":"auto","background-attachment":"scroll","background-type":"","background-media":"","overlay-type":"","overlay-color":"","overlay-opacity":"","overlay-gradient":""},"mobile":{"background-color":"","background-image":"","background-repeat":"repeat","background-position":"center center","background-size":"auto","background-attachment":"scroll","background-type":"","background-media":"","overlay-type":"","overlay-color":"","overlay-opacity":"","overlay-gradient":""}},"ast-content-background-meta":{"desktop":{"background-color":"var(--ast-global-color-5)","background-image":"","background-repeat":"repeat","background-position":"center center","background-size":"auto","background-attachment":"scroll","background-type":"","background-media":"","overlay-type":"","overlay-color":"","overlay-opacity":"","overlay-gradient":""},"tablet":{"background-color":"var(--ast-global-color-5)","background-image":"","background-repeat":"repeat","background-position":"center center","background-size":"auto","background-attachment":"scroll","background-type":"","background-media":"","overlay-type":"","overlay-color":"","overlay-opacity":"","overlay-gradient":""},"mobile":{"background-color":"var(--ast-global-color-5)","background-image":"","background-repeat":"repeat","background-position":"center center","background-size":"auto","background-attachment":"scroll","background-type":"","background-media":"","overlay-type":"","overlay-color":"","overlay-opacity":"","overlay-gradient":""}},"footnotes":""},"class_list":["post-36331","page","type-page","status-publish","hentry"],"acf":[],"yoast_head":"<!-- This site is optimized with the Yoast SEO plugin v27.2 - https:\/\/yoast.com\/product\/yoast-seo-wordpress\/ -->\n<title>FAQ | NoFloods - Odpowiedzi dotycz\u0105ce ochrony przeciwpowodziowej<\/title>\n<meta name=\"description\" content=\"Cz\u0119sto zadawane pytania dotycz\u0105ce wyboru, instalacji i konserwacji modu\u0142owych system\u00f3w ochrony przeciwpowodziowej.\" \/>\n<meta name=\"robots\" content=\"index, follow, max-snippet:-1, max-image-preview:large, max-video-preview:-1\" \/>\n<link rel=\"canonical\" href=\"https:\/\/nofloods.com\/pl\/faqs\/\" \/>\n<meta property=\"og:locale\" content=\"pl_PL\" \/>\n<meta property=\"og:type\" content=\"article\" \/>\n<meta property=\"og:title\" content=\"FAQ | NoFloods - Odpowiedzi dotycz\u0105ce ochrony przeciwpowodziowej\" \/>\n<meta property=\"og:description\" content=\"Cz\u0119sto zadawane pytania dotycz\u0105ce wyboru, instalacji i konserwacji modu\u0142owych system\u00f3w ochrony przeciwpowodziowej.\" \/>\n<meta property=\"og:url\" content=\"https:\/\/nofloods.com\/pl\/faqs\/\" \/>\n<meta property=\"og:site_name\" content=\"NoFloods\" \/>\n<meta property=\"article:publisher\" content=\"https:\/\/www.facebook.com\/environmentsolutions\/\" \/>\n<meta property=\"article:modified_time\" content=\"2025-12-01T07:00:57+00:00\" \/>\n<meta property=\"og:image\" content=\"https:\/\/nofloods.com\/wp-content\/uploads\/2023\/09\/4.6-300x115.png\" \/>\n<meta name=\"twitter:card\" content=\"summary_large_image\" \/>\n<meta name=\"twitter:site\" content=\"@NoFloodsBarrier\" \/>\n<meta name=\"twitter:label1\" content=\"Szacowany czas czytania\" \/>\n\t<meta name=\"twitter:data1\" content=\"62 minuty\" \/>\n<script type=\"application\/ld+json\" class=\"yoast-schema-graph\">{\"@context\":\"https:\/\/schema.org\",\"@graph\":[{\"@type\":\"WebPage\",\"@id\":\"https:\/\/nofloods.com\/pl\/faqs\/\",\"url\":\"https:\/\/nofloods.com\/pl\/faqs\/\",\"name\":\"FAQ | NoFloods - Odpowiedzi dotycz\u0105ce ochrony przeciwpowodziowej\",\"isPartOf\":{\"@id\":\"https:\/\/nofloods.com\/pl\/#website\"},\"primaryImageOfPage\":{\"@id\":\"https:\/\/nofloods.com\/pl\/faqs\/#primaryimage\"},\"image\":{\"@id\":\"https:\/\/nofloods.com\/pl\/faqs\/#primaryimage\"},\"thumbnailUrl\":\"https:\/\/nofloods.com\/wp-content\/uploads\/2023\/09\/4.6-300x115.png\",\"datePublished\":\"2025-06-29T06:50:34+00:00\",\"dateModified\":\"2025-12-01T07:00:57+00:00\",\"description\":\"Cz\u0119sto zadawane pytania dotycz\u0105ce wyboru, instalacji i konserwacji modu\u0142owych system\u00f3w ochrony przeciwpowodziowej.\",\"breadcrumb\":{\"@id\":\"https:\/\/nofloods.com\/pl\/faqs\/#breadcrumb\"},\"inLanguage\":\"pl-PL\",\"potentialAction\":[{\"@type\":\"ReadAction\",\"target\":[\"https:\/\/nofloods.com\/pl\/faqs\/\"]}]},{\"@type\":\"ImageObject\",\"inLanguage\":\"pl-PL\",\"@id\":\"https:\/\/nofloods.com\/pl\/faqs\/#primaryimage\",\"url\":\"https:\/\/nofloods.com\/wp-content\/uploads\/2023\/09\/4.6-300x115.png\",\"contentUrl\":\"https:\/\/nofloods.com\/wp-content\/uploads\/2023\/09\/4.6-300x115.png\"},{\"@type\":\"BreadcrumbList\",\"@id\":\"https:\/\/nofloods.com\/pl\/faqs\/#breadcrumb\",\"itemListElement\":[{\"@type\":\"ListItem\",\"position\":1,\"name\":\"Home\",\"item\":\"https:\/\/nofloods.com\/pl\/home\/\"},{\"@type\":\"ListItem\",\"position\":2,\"name\":\"FAQ\"}]},{\"@type\":\"WebSite\",\"@id\":\"https:\/\/nofloods.com\/pl\/#website\",\"url\":\"https:\/\/nofloods.com\/pl\/\",\"name\":\"NoFloods\",\"description\":\"By Environment Solutions\",\"publisher\":{\"@id\":\"https:\/\/nofloods.com\/pl\/#organization\"},\"potentialAction\":[{\"@type\":\"SearchAction\",\"target\":{\"@type\":\"EntryPoint\",\"urlTemplate\":\"https:\/\/nofloods.com\/pl\/?s={search_term_string}\"},\"query-input\":{\"@type\":\"PropertyValueSpecification\",\"valueRequired\":true,\"valueName\":\"search_term_string\"}}],\"inLanguage\":\"pl-PL\"},{\"@type\":\"Organization\",\"@id\":\"https:\/\/nofloods.com\/pl\/#organization\",\"name\":\"NoFloods\",\"url\":\"https:\/\/nofloods.com\/pl\/\",\"logo\":{\"@type\":\"ImageObject\",\"inLanguage\":\"pl-PL\",\"@id\":\"https:\/\/nofloods.com\/pl\/#\/schema\/logo\/image\/\",\"url\":\"https:\/\/nofloods.com\/wp-content\/uploads\/2025\/05\/NoFloods-EasyWall-Logo.webp?wsr\",\"contentUrl\":\"https:\/\/nofloods.com\/wp-content\/uploads\/2025\/05\/NoFloods-EasyWall-Logo.webp?wsr\",\"width\":340,\"height\":70,\"caption\":\"NoFloods\"},\"image\":{\"@id\":\"https:\/\/nofloods.com\/pl\/#\/schema\/logo\/image\/\"},\"sameAs\":[\"https:\/\/www.facebook.com\/environmentsolutions\/\",\"https:\/\/x.com\/NoFloodsBarrier\",\"https:\/\/www.linkedin.com\/company\/environment-solutions-aps\"]}]}<\/script>\n<!-- \/ Yoast SEO plugin. -->","yoast_head_json":{"title":"FAQ | NoFloods - Odpowiedzi dotycz\u0105ce ochrony przeciwpowodziowej","description":"Cz\u0119sto zadawane pytania dotycz\u0105ce wyboru, instalacji i konserwacji modu\u0142owych system\u00f3w ochrony przeciwpowodziowej.","robots":{"index":"index","follow":"follow","max-snippet":"max-snippet:-1","max-image-preview":"max-image-preview:large","max-video-preview":"max-video-preview:-1"},"canonical":"https:\/\/nofloods.com\/pl\/faqs\/","og_locale":"pl_PL","og_type":"article","og_title":"FAQ | NoFloods - Odpowiedzi dotycz\u0105ce ochrony przeciwpowodziowej","og_description":"Cz\u0119sto zadawane pytania dotycz\u0105ce wyboru, instalacji i konserwacji modu\u0142owych system\u00f3w ochrony przeciwpowodziowej.","og_url":"https:\/\/nofloods.com\/pl\/faqs\/","og_site_name":"NoFloods","article_publisher":"https:\/\/www.facebook.com\/environmentsolutions\/","article_modified_time":"2025-12-01T07:00:57+00:00","og_image":[{"url":"https:\/\/nofloods.com\/wp-content\/uploads\/2023\/09\/4.6-300x115.png","type":"","width":"","height":""}],"twitter_card":"summary_large_image","twitter_site":"@NoFloodsBarrier","twitter_misc":{"Szacowany czas czytania":"62 minuty"},"schema":{"@context":"https:\/\/schema.org","@graph":[{"@type":"WebPage","@id":"https:\/\/nofloods.com\/pl\/faqs\/","url":"https:\/\/nofloods.com\/pl\/faqs\/","name":"FAQ | NoFloods - Odpowiedzi dotycz\u0105ce ochrony przeciwpowodziowej","isPartOf":{"@id":"https:\/\/nofloods.com\/pl\/#website"},"primaryImageOfPage":{"@id":"https:\/\/nofloods.com\/pl\/faqs\/#primaryimage"},"image":{"@id":"https:\/\/nofloods.com\/pl\/faqs\/#primaryimage"},"thumbnailUrl":"https:\/\/nofloods.com\/wp-content\/uploads\/2023\/09\/4.6-300x115.png","datePublished":"2025-06-29T06:50:34+00:00","dateModified":"2025-12-01T07:00:57+00:00","description":"Cz\u0119sto zadawane pytania dotycz\u0105ce wyboru, instalacji i konserwacji modu\u0142owych system\u00f3w ochrony przeciwpowodziowej.","breadcrumb":{"@id":"https:\/\/nofloods.com\/pl\/faqs\/#breadcrumb"},"inLanguage":"pl-PL","potentialAction":[{"@type":"ReadAction","target":["https:\/\/nofloods.com\/pl\/faqs\/"]}]},{"@type":"ImageObject","inLanguage":"pl-PL","@id":"https:\/\/nofloods.com\/pl\/faqs\/#primaryimage","url":"https:\/\/nofloods.com\/wp-content\/uploads\/2023\/09\/4.6-300x115.png","contentUrl":"https:\/\/nofloods.com\/wp-content\/uploads\/2023\/09\/4.6-300x115.png"},{"@type":"BreadcrumbList","@id":"https:\/\/nofloods.com\/pl\/faqs\/#breadcrumb","itemListElement":[{"@type":"ListItem","position":1,"name":"Home","item":"https:\/\/nofloods.com\/pl\/home\/"},{"@type":"ListItem","position":2,"name":"FAQ"}]},{"@type":"WebSite","@id":"https:\/\/nofloods.com\/pl\/#website","url":"https:\/\/nofloods.com\/pl\/","name":"NoFloods","description":"By Environment Solutions","publisher":{"@id":"https:\/\/nofloods.com\/pl\/#organization"},"potentialAction":[{"@type":"SearchAction","target":{"@type":"EntryPoint","urlTemplate":"https:\/\/nofloods.com\/pl\/?s={search_term_string}"},"query-input":{"@type":"PropertyValueSpecification","valueRequired":true,"valueName":"search_term_string"}}],"inLanguage":"pl-PL"},{"@type":"Organization","@id":"https:\/\/nofloods.com\/pl\/#organization","name":"NoFloods","url":"https:\/\/nofloods.com\/pl\/","logo":{"@type":"ImageObject","inLanguage":"pl-PL","@id":"https:\/\/nofloods.com\/pl\/#\/schema\/logo\/image\/","url":"https:\/\/nofloods.com\/wp-content\/uploads\/2025\/05\/NoFloods-EasyWall-Logo.webp?wsr","contentUrl":"https:\/\/nofloods.com\/wp-content\/uploads\/2025\/05\/NoFloods-EasyWall-Logo.webp?wsr","width":340,"height":70,"caption":"NoFloods"},"image":{"@id":"https:\/\/nofloods.com\/pl\/#\/schema\/logo\/image\/"},"sameAs":["https:\/\/www.facebook.com\/environmentsolutions\/","https:\/\/x.com\/NoFloodsBarrier","https:\/\/www.linkedin.com\/company\/environment-solutions-aps"]}]}},"rttpg_featured_image_url":null,"rttpg_author":{"display_name":"nofloods_admin","author_link":"https:\/\/nofloods.com\/pl\/author\/nofloods_admin\/"},"rttpg_comment":0,"rttpg_category":" <a href=\"https:\/\/nofloods.com\/pl\/?taxonomy=translation_priority&#038;term=opcjonalne\" rel=\"tag\">Opcjonalne<\/a>","rttpg_excerpt":"FAQ Home &gt; Health, safety and sustainability Are the Flood Barrier materials sustainable?Yes, all materials used are sourced from Europe. [&hellip;]","_links":{"self":[{"href":"https:\/\/nofloods.com\/pl\/wp-json\/wp\/v2\/pages\/36331","targetHints":{"allow":["GET"]}}],"collection":[{"href":"https:\/\/nofloods.com\/pl\/wp-json\/wp\/v2\/pages"}],"about":[{"href":"https:\/\/nofloods.com\/pl\/wp-json\/wp\/v2\/types\/page"}],"author":[{"embeddable":true,"href":"https:\/\/nofloods.com\/pl\/wp-json\/wp\/v2\/users\/1"}],"replies":[{"embeddable":true,"href":"https:\/\/nofloods.com\/pl\/wp-json\/wp\/v2\/comments?post=36331"}],"version-history":[{"count":1,"href":"https:\/\/nofloods.com\/pl\/wp-json\/wp\/v2\/pages\/36331\/revisions"}],"predecessor-version":[{"id":36334,"href":"https:\/\/nofloods.com\/pl\/wp-json\/wp\/v2\/pages\/36331\/revisions\/36334"}],"wp:attachment":[{"href":"https:\/\/nofloods.com\/pl\/wp-json\/wp\/v2\/media?parent=36331"}],"curies":[{"name":"wp","href":"https:\/\/api.w.org\/{rel}","templated":true}]}}