{"id":39092,"date":"2025-09-05T09:51:14","date_gmt":"2025-09-05T09:51:14","guid":{"rendered":"https:\/\/nofloods.com\/terms-and-use\/"},"modified":"2026-05-04T09:51:44","modified_gmt":"2026-05-04T09:51:44","slug":"terms-and-use","status":"publish","type":"page","link":"https:\/\/nofloods.com\/pt-pt\/terms-and-use\/","title":{"rendered":"Termos de Utiliza\u00e7\u00e3o"},"content":{"rendered":"\t\t<div data-elementor-type=\"wp-page\" data-elementor-id=\"39092\" class=\"elementor elementor-39092 elementor-12711\">\n\t\t\t\t<div class=\"elementor-element elementor-element-853fd1f e-flex e-con-boxed e-con e-parent\" data-id=\"853fd1f\" data-element_type=\"container\" data-e-type=\"container\" data-settings=\"{&quot;background_background&quot;:&quot;classic&quot;}\">\n\t\t\t\t\t<div class=\"e-con-inner\">\n\t\t<div class=\"elementor-element elementor-element-5bd29bb e-con-full e-flex e-con e-child\" data-id=\"5bd29bb\" data-element_type=\"container\" data-e-type=\"container\" data-settings=\"{&quot;background_background&quot;:&quot;classic&quot;}\">\n\t\t\t\t<div class=\"elementor-element elementor-element-8cfa58a elementor-widget elementor-widget-heading\" data-id=\"8cfa58a\" data-element_type=\"widget\" data-e-type=\"widget\" data-widget_type=\"heading.default\">\n\t\t\t\t<div class=\"elementor-widget-container\">\n\t\t\t\t\t<h1 class=\"elementor-heading-title elementor-size-default\">Termos de Utiliza\u00e7\u00e3o<\/h1>\t\t\t\t<\/div>\n\t\t\t\t<\/div>\n\t\t\t\t<div class=\"elementor-element elementor-element-1b24f59 elementor-widget elementor-widget-eael-breadcrumbs\" data-id=\"1b24f59\" data-element_type=\"widget\" data-e-type=\"widget\" data-widget_type=\"eael-breadcrumbs.default\">\n\t\t\t\t<div class=\"elementor-widget-container\">\n\t\t\t\t\t\t\t<div class=\"eael-breadcrumbs\">\n\t\t\t<div class=\"eael-breadcrumbs__content\"><a href=\"https:\/\/nofloods.com\/pt-pt\/\">In\u00edcio<\/a> <span class=\"eael-breadcrumb-separator\">&gt;<\/span> <span class = \"eael-current\">P\u00e1gina<\/span><\/div>\t\t<\/div>\n\t\t\t\t\t\t<\/div>\n\t\t\t\t<\/div>\n\t\t\t\t<\/div>\n\t\t\t\t\t<\/div>\n\t\t\t\t<\/div>\n\t\t<div class=\"elementor-element elementor-element-4a0067a e-flex e-con-boxed e-con e-parent\" data-id=\"4a0067a\" data-element_type=\"container\" data-e-type=\"container\" data-settings=\"{&quot;background_background&quot;:&quot;classic&quot;}\">\n\t\t\t\t\t<div class=\"e-con-inner\">\n\t\t\t\t<div class=\"elementor-element elementor-element-9ad7b4a elementor-widget elementor-widget-text-editor\" data-id=\"9ad7b4a\" data-element_type=\"widget\" data-e-type=\"widget\" data-widget_type=\"text-editor.default\">\n\t\t\t\t<div class=\"elementor-widget-container\">\n\t\t\t\t\t\t\t\t\t<h4><strong>SOBRE ESTES TERMOS DE UTILIZA\u00c7\u00c3O<\/strong><\/h4><div><strong> <\/strong><\/div><p>Pedimos-lhe que leia atentamente estes termos antes de utilizar o nosso website. Estes termos de utiliza\u00e7\u00e3o informam-no sobre a forma como pode utilizar o nosso website. Ao continuar a navegar no nosso website, aceita estes termos e condi\u00e7\u00f5es.  <\/p><h4><strong>AS SUAS INFORMA\u00c7\u00d5ES PESSOAIS<\/strong><\/h4><div><strong> <\/strong><\/div><p>Tratamos todos os dados pessoais que nos fornece no nosso website de acordo com os termos da nossa Pol\u00edtica de Privacidade. Certifique-se de que todas as informa\u00e7\u00f5es que nos fornece no nosso website, incluindo qualquer nome de utilizador e palavra-passe, s\u00e3o mantidas em seguran\u00e7a, protegidas e confidenciais. <\/p><h4><strong>AS INFORMA\u00c7\u00d5ES NO NOSSO WEBSITE<\/strong><\/h4><div><strong> <\/strong><\/div><p>Fazemos o nosso melhor para garantir que o nosso website funciona corretamente em perman\u00eancia, mas n\u00e3o damos quaisquer garantias quanto \u00e0 disponibilidade ou acessibilidade do nosso website e (exceto conforme aqui previsto) n\u00e3o seremos respons\u00e1veis por quaisquer danos, perdas, custos ou despesas incorridos por si em resultado de qualquer falta de disponibilidade ou acessibilidade do nosso website. Se os nossos pre\u00e7os forem apresentados incorretamente, reservamo-nos o direito de retificar os pre\u00e7os e de n\u00e3o lhe vender o produto pelo pre\u00e7o que viu originalmente no nosso website. <\/p><h4><strong>LIGA\u00c7\u00d5ES E PARTILHA<\/strong><\/h4><div><strong> <\/strong><\/div><p>Quaisquer liga\u00e7\u00f5es ou oportunidades de partilha (atrav\u00e9s de redes sociais, blogues e sites e servi\u00e7os de comunica\u00e7\u00e3o semelhantes) no nosso website s\u00e3o disponibilizadas exclusivamente para sua utiliza\u00e7\u00e3o e conveni\u00eancia. A liga\u00e7\u00e3o n\u00e3o representa qualquer endosso ou recomenda\u00e7\u00e3o da nossa parte e n\u00e3o significa que tenhamos qualquer associa\u00e7\u00e3o com o website ligado. N\u00e3o somos respons\u00e1veis pelo conte\u00fado de quaisquer websites que estejam ligados ao nosso website ou a partir dele, nem pelas consequ\u00eancias legais de celebrar quaisquer contratos com terceiros que disponibilizem esses websites ligados, e n\u00e3o aceitamos qualquer responsabilidade por quaisquer perdas, danos, despesas, custos ou responsabilidades de qualquer natureza incorridos por si em resultado disso.  <\/p><p>Tenha em aten\u00e7\u00e3o que, se partilhar conte\u00fados noutras plataformas, poder\u00e3o existir termos e condi\u00e7\u00f5es separados associados \u00e0 organiza\u00e7\u00e3o que lhe permite partilhar. Consulte os termos e condi\u00e7\u00f5es de qualquer site para o qual pretenda partilhar. Alguns termos e condi\u00e7\u00f5es podem proibi-lo de partilhar o nosso conte\u00fado.  <\/p><p>N\u00e3o seremos respons\u00e1veis por quaisquer perdas, danos, despesas, custos, atrasos ou qualquer outra responsabilidade de qualquer natureza (incluindo, sem limita\u00e7\u00e3o, quaisquer perdas financeiras, como perda de lucro) que possa incorrer em resultado de qualquer evento fora do nosso controlo razo\u00e1vel (incluindo, sem limita\u00e7\u00e3o, qualquer falha de transmiss\u00e3o, comunica\u00e7\u00e3o, computador ou outras instala\u00e7\u00f5es, ou a sua incapacidade de aceder ao website por qualquer motivo, ou qualquer falha, erro ou atraso no envio ou rece\u00e7\u00e3o de qualquer aviso, comunica\u00e7\u00e3o ou instru\u00e7\u00e3o por correio ou por qualquer meio eletr\u00f3nico).<\/p><h4><strong>DIREITOS DE AUTOR<\/strong><\/h4><div><strong> <\/strong><\/div><p>O conte\u00fado de todas as partes do website pertence a<strong> ENVIRONMENT SOLUTIONS APS<\/strong>. Isto inclui os direitos de autor sobre todos os textos, descri\u00e7\u00f5es e imagens. Inclui tamb\u00e9m marcas registadas no nosso nome e log\u00f3tipos.  <\/p><p>Pode descarregar para um disco r\u00edgido local e imprimir excertos do nosso website para uso pessoal. Pode tamb\u00e9m voltar a copiar os excertos descarregados para outras pessoas, desde que n\u00e3o o fa\u00e7a com fins lucrativos. <\/p><p>\u00c9 proibida a reprodu\u00e7\u00e3o de parte ou da totalidade dos conte\u00fados, sob qualquer forma, exceto para uso pessoal. Nenhum conte\u00fado do nosso website pode ser copiado ou de outra forma incorporado ou armazenado em qualquer outro website, sistema eletr\u00f3nico de recupera\u00e7\u00e3o, publica\u00e7\u00e3o ou outra obra, sob qualquer forma (seja em papel, eletr\u00f3nica ou outra). <\/p><p>Se pretender utilizar qualquer conte\u00fado nosso para qualquer finalidade diferente da acima indicada (o que inclui enquadrar o website), deve primeiro contactar-nos e obter a nossa autoriza\u00e7\u00e3o.<\/p><h4><strong>CERTIFIQUE-SE DE QUE EST\u00c1 ATUALIZADO<\/strong><\/h4><div><strong> <\/strong><\/div><p>Reservamo-nos o direito de alterar, a qualquer momento, os termos em que o nosso website e produtos s\u00e3o disponibilizados. Quaisquer altera\u00e7\u00f5es aos nossos termos e condi\u00e7\u00f5es legais entrar\u00e3o em vigor imediatamente quando forem colocadas no nosso website e aplicar-se-\u00e3o a toda a utiliza\u00e7\u00e3o futura do nosso website. Deve verificar regularmente os Termos e Condi\u00e7\u00f5es Gerais e as nossas pol\u00edticas publicadas no nosso website, pois podem ter sido alterados desde a sua \u00faltima visita.  <\/p><h4><strong>O QUE N\u00c3O PODE FAZER NO NOSSO WEBSITE<\/strong><\/h4><div><strong> <\/strong><\/div><p>Ao utilizar o nosso website, n\u00e3o pode: (1) interferir ou desativar quaisquer funcionalidades relacionadas com a seguran\u00e7a do site ou funcionalidades que impe\u00e7am ou restrinjam a utiliza\u00e7\u00e3o ou c\u00f3pia do conte\u00fado acess\u00edvel atrav\u00e9s do site; (2) fornecer quaisquer informa\u00e7\u00f5es falsas nos dados da sua conta; (3) assumir a identidade de outra pessoa sem a autoriza\u00e7\u00e3o dessa pessoa ou deturpar que est\u00e1 a agir em nome de uma pessoa, entidade ou organiza\u00e7\u00e3o; (4) utilizar o site se o tivermos suspendido ou proibido de o utilizar; (5) enviar lixo, spam ou mensagens repetitivas; (6) envolver-se em qualquer conduta ilegal ou il\u00edcita; (7) modificar, interferir, intercetar, perturbar ou piratear o site; (8) utilizar indevidamente o site, introduzindo deliberadamente v\u00edrus, Trojans, worms, bombas l\u00f3gicas ou outro material semelhante, ou realizando qualquer outra a\u00e7\u00e3o que prejudique o site, o equipamento de qualquer utilizador do site ou tenha um impacto negativo na experi\u00eancia de utiliza\u00e7\u00e3o do site por qualquer utilizador; (9) recolher quaisquer dados do site que n\u00e3o estejam em conformidade com estes Termos de Utiliza\u00e7\u00e3o; (10) submeter ou contribuir com qualquer conte\u00fado abusivo, amea\u00e7ador, obsceno, falso, chocante ou ofensivo; (11) abusar, prejudicar ou intimidar outro utilizador do site, um membro do nosso pessoal ou qualquer pessoa; (12) submeter ou contribuir com qualquer Conte\u00fado do Utilizador sem a autoriza\u00e7\u00e3o do titular do conte\u00fado ou, de outra forma, infringir os direitos de autor, marca registada ou outros direitos de terceiros; ou (13) submeter ou contribuir com qualquer informa\u00e7\u00e3o ou coment\u00e1rio sobre outra pessoa que seja falso, privado, confidencial ou difamat\u00f3rio (incluindo acusar pessoalmente outra pessoa de criminalidade n\u00e3o comprovada ou de irregularidades graves que possam prejudicar a sua reputa\u00e7\u00e3o aos olhos de qualquer pessoa que leia o seu coment\u00e1rio).<\/p><p>Se violar qualquer destes Termos de Utiliza\u00e7\u00e3o, poderemos impedi-lo de utilizar este website de forma permanente ou tempor\u00e1ria. Podemos tamb\u00e9m tomar outras medidas, incluindo, entre outras, denunci\u00e1-lo \u00e0 pol\u00edcia ou a outra autoridade de aplica\u00e7\u00e3o da lei, emitir um aviso ou intentar uma a\u00e7\u00e3o judicial contra si e reclamar quaisquer custos em que incorramos em resultado disso. <\/p><h4><strong>ALGUMA QUEST\u00c3O?<\/strong><\/h4><div><strong> <\/strong><\/div><p>Se tiver alguma quest\u00e3o sobre qualquer assunto neste website, contacte-nos.<\/p>\t\t\t\t\t\t\t\t<\/div>\n\t\t\t\t<\/div>\n\t\t\t\t\t<\/div>\n\t\t\t\t<\/div>\n\t\t\t\t<\/div>\n\t\t","protected":false},"excerpt":{"rendered":"<p>Termos de Utiliza\u00e7\u00e3o In\u00edcio &gt; SOBRE ESTES TERMOS DE UTILIZA\u00c7\u00c3O Pedimos-lhe que leia atentamente estes termos antes de utilizar o [&hellip;]<\/p>\n","protected":false},"author":1,"featured_media":0,"parent":0,"menu_order":0,"comment_status":"closed","ping_status":"closed","template":"elementor_header_footer","meta":{"_acf_changed":false,"site-sidebar-layout":"default","site-content-layout":"","ast-site-content-layout":"default","site-content-style":"default","site-sidebar-style":"default","ast-global-header-display":"","ast-banner-title-visibility":"","ast-main-header-display":"","ast-hfb-above-header-display":"","ast-hfb-below-header-display":"","ast-hfb-mobile-header-display":"","site-post-title":"","ast-breadcrumbs-content":"","ast-featured-img":"","footer-sml-layout":"","ast-disable-related-posts":"","theme-transparent-header-meta":"","adv-header-id-meta":"","stick-header-meta":"","header-above-stick-meta":"","header-main-stick-meta":"","header-below-stick-meta":"","astra-migrate-meta-layouts":"default","ast-page-background-enabled":"default","ast-page-background-meta":{"desktop":{"background-color":"","background-image":"","background-repeat":"repeat","background-position":"center center","background-size":"auto","background-attachment":"scroll","background-type":"","background-media":"","overlay-type":"","overlay-color":"","overlay-opacity":"","overlay-gradient":""},"tablet":{"background-color":"","background-image":"","background-repeat":"repeat","background-position":"center center","background-size":"auto","background-attachment":"scroll","background-type":"","background-media":"","overlay-type":"","overlay-color":"","overlay-opacity":"","overlay-gradient":""},"mobile":{"background-color":"","background-image":"","background-repeat":"repeat","background-position":"center center","background-size":"auto","background-attachment":"scroll","background-type":"","background-media":"","overlay-type":"","overlay-color":"","overlay-opacity":"","overlay-gradient":""}},"ast-content-background-meta":{"desktop":{"background-color":"var(--ast-global-color-5)","background-image":"","background-repeat":"repeat","background-position":"center center","background-size":"auto","background-attachment":"scroll","background-type":"","background-media":"","overlay-type":"","overlay-color":"","overlay-opacity":"","overlay-gradient":""},"tablet":{"background-color":"var(--ast-global-color-5)","background-image":"","background-repeat":"repeat","background-position":"center center","background-size":"auto","background-attachment":"scroll","background-type":"","background-media":"","overlay-type":"","overlay-color":"","overlay-opacity":"","overlay-gradient":""},"mobile":{"background-color":"var(--ast-global-color-5)","background-image":"","background-repeat":"repeat","background-position":"center center","background-size":"auto","background-attachment":"scroll","background-type":"","background-media":"","overlay-type":"","overlay-color":"","overlay-opacity":"","overlay-gradient":""}},"footnotes":""},"class_list":["post-39092","page","type-page","status-publish","hentry"],"acf":[],"yoast_head":"<!-- This site is optimized with the Yoast SEO plugin v27.5 - https:\/\/yoast.com\/product\/yoast-seo-wordpress\/ -->\n<title>Termos de Utiliza\u00e7\u00e3o - NoFloods<\/title>\n<meta name=\"robots\" content=\"index, follow, max-snippet:-1, max-image-preview:large, max-video-preview:-1\" \/>\n<link rel=\"canonical\" href=\"https:\/\/nofloods.com\/pt-pt\/terms-and-use\/\" \/>\n<meta property=\"og:locale\" content=\"pt_PT\" \/>\n<meta property=\"og:type\" content=\"article\" \/>\n<meta property=\"og:title\" content=\"Termos de Utiliza\u00e7\u00e3o - NoFloods\" \/>\n<meta property=\"og:description\" content=\"Termos de Utiliza\u00e7\u00e3o In\u00edcio &gt; SOBRE ESTES TERMOS DE UTILIZA\u00c7\u00c3O Pedimos-lhe que leia atentamente estes termos antes de utilizar o [&hellip;]\" \/>\n<meta property=\"og:url\" content=\"https:\/\/nofloods.com\/pt-pt\/terms-and-use\/\" \/>\n<meta property=\"og:site_name\" content=\"NoFloods\" \/>\n<meta property=\"article:publisher\" content=\"https:\/\/www.facebook.com\/environmentsolutions\/\" \/>\n<meta property=\"article:modified_time\" content=\"2026-05-04T09:51:44+00:00\" \/>\n<meta name=\"twitter:card\" content=\"summary_large_image\" \/>\n<meta name=\"twitter:site\" content=\"@NoFloodsBarrier\" \/>\n<meta name=\"twitter:label1\" content=\"Tempo estimado de leitura\" \/>\n\t<meta name=\"twitter:data1\" content=\"6 minutos\" \/>\n<script type=\"application\/ld+json\" class=\"yoast-schema-graph\">{\"@context\":\"https:\\\/\\\/schema.org\",\"@graph\":[{\"@type\":\"WebPage\",\"@id\":\"https:\\\/\\\/nofloods.com\\\/pt-pt\\\/terms-and-use\\\/\",\"url\":\"https:\\\/\\\/nofloods.com\\\/pt-pt\\\/terms-and-use\\\/\",\"name\":\"Termos de Utiliza\u00e7\u00e3o - NoFloods\",\"isPartOf\":{\"@id\":\"https:\\\/\\\/nofloods.com\\\/pt-pt\\\/#website\"},\"datePublished\":\"2025-09-05T09:51:14+00:00\",\"dateModified\":\"2026-05-04T09:51:44+00:00\",\"breadcrumb\":{\"@id\":\"https:\\\/\\\/nofloods.com\\\/pt-pt\\\/terms-and-use\\\/#breadcrumb\"},\"inLanguage\":\"pt-PT\",\"potentialAction\":[{\"@type\":\"ReadAction\",\"target\":[\"https:\\\/\\\/nofloods.com\\\/pt-pt\\\/terms-and-use\\\/\"]}]},{\"@type\":\"BreadcrumbList\",\"@id\":\"https:\\\/\\\/nofloods.com\\\/pt-pt\\\/terms-and-use\\\/#breadcrumb\",\"itemListElement\":[{\"@type\":\"ListItem\",\"position\":1,\"name\":\"Home\",\"item\":\"https:\\\/\\\/nofloods.com\\\/pt-pt\\\/home\\\/\"},{\"@type\":\"ListItem\",\"position\":2,\"name\":\"Termos de Utiliza\u00e7\u00e3o\"}]},{\"@type\":\"WebSite\",\"@id\":\"https:\\\/\\\/nofloods.com\\\/pt-pt\\\/#website\",\"url\":\"https:\\\/\\\/nofloods.com\\\/pt-pt\\\/\",\"name\":\"NoFloods\",\"description\":\"By Environment Solutions\",\"publisher\":{\"@id\":\"https:\\\/\\\/nofloods.com\\\/pt-pt\\\/#organization\"},\"potentialAction\":[{\"@type\":\"SearchAction\",\"target\":{\"@type\":\"EntryPoint\",\"urlTemplate\":\"https:\\\/\\\/nofloods.com\\\/pt-pt\\\/?s={search_term_string}\"},\"query-input\":{\"@type\":\"PropertyValueSpecification\",\"valueRequired\":true,\"valueName\":\"search_term_string\"}}],\"inLanguage\":\"pt-PT\"},{\"@type\":\"Organization\",\"@id\":\"https:\\\/\\\/nofloods.com\\\/pt-pt\\\/#organization\",\"name\":\"NoFloods\",\"url\":\"https:\\\/\\\/nofloods.com\\\/pt-pt\\\/\",\"logo\":{\"@type\":\"ImageObject\",\"inLanguage\":\"pt-PT\",\"@id\":\"https:\\\/\\\/nofloods.com\\\/pt-pt\\\/#\\\/schema\\\/logo\\\/image\\\/\",\"url\":\"https:\\\/\\\/nofloods.com\\\/wp-content\\\/uploads\\\/2025\\\/05\\\/NoFloods-EasyWall-Logo.webp?wsr\",\"contentUrl\":\"https:\\\/\\\/nofloods.com\\\/wp-content\\\/uploads\\\/2025\\\/05\\\/NoFloods-EasyWall-Logo.webp?wsr\",\"width\":340,\"height\":70,\"caption\":\"NoFloods\"},\"image\":{\"@id\":\"https:\\\/\\\/nofloods.com\\\/pt-pt\\\/#\\\/schema\\\/logo\\\/image\\\/\"},\"sameAs\":[\"https:\\\/\\\/www.facebook.com\\\/environmentsolutions\\\/\",\"https:\\\/\\\/x.com\\\/NoFloodsBarrier\",\"https:\\\/\\\/www.linkedin.com\\\/company\\\/environment-solutions-aps\"]}]}<\/script>\n<!-- \/ Yoast SEO plugin. -->","yoast_head_json":{"title":"Termos de Utiliza\u00e7\u00e3o - NoFloods","robots":{"index":"index","follow":"follow","max-snippet":"max-snippet:-1","max-image-preview":"max-image-preview:large","max-video-preview":"max-video-preview:-1"},"canonical":"https:\/\/nofloods.com\/pt-pt\/terms-and-use\/","og_locale":"pt_PT","og_type":"article","og_title":"Termos de Utiliza\u00e7\u00e3o - NoFloods","og_description":"Termos de Utiliza\u00e7\u00e3o In\u00edcio &gt; SOBRE ESTES TERMOS DE UTILIZA\u00c7\u00c3O Pedimos-lhe que leia atentamente estes termos antes de utilizar o [&hellip;]","og_url":"https:\/\/nofloods.com\/pt-pt\/terms-and-use\/","og_site_name":"NoFloods","article_publisher":"https:\/\/www.facebook.com\/environmentsolutions\/","article_modified_time":"2026-05-04T09:51:44+00:00","twitter_card":"summary_large_image","twitter_site":"@NoFloodsBarrier","twitter_misc":{"Tempo estimado de leitura":"6 minutos"},"schema":{"@context":"https:\/\/schema.org","@graph":[{"@type":"WebPage","@id":"https:\/\/nofloods.com\/pt-pt\/terms-and-use\/","url":"https:\/\/nofloods.com\/pt-pt\/terms-and-use\/","name":"Termos de Utiliza\u00e7\u00e3o - NoFloods","isPartOf":{"@id":"https:\/\/nofloods.com\/pt-pt\/#website"},"datePublished":"2025-09-05T09:51:14+00:00","dateModified":"2026-05-04T09:51:44+00:00","breadcrumb":{"@id":"https:\/\/nofloods.com\/pt-pt\/terms-and-use\/#breadcrumb"},"inLanguage":"pt-PT","potentialAction":[{"@type":"ReadAction","target":["https:\/\/nofloods.com\/pt-pt\/terms-and-use\/"]}]},{"@type":"BreadcrumbList","@id":"https:\/\/nofloods.com\/pt-pt\/terms-and-use\/#breadcrumb","itemListElement":[{"@type":"ListItem","position":1,"name":"Home","item":"https:\/\/nofloods.com\/pt-pt\/home\/"},{"@type":"ListItem","position":2,"name":"Termos de Utiliza\u00e7\u00e3o"}]},{"@type":"WebSite","@id":"https:\/\/nofloods.com\/pt-pt\/#website","url":"https:\/\/nofloods.com\/pt-pt\/","name":"NoFloods","description":"By Environment Solutions","publisher":{"@id":"https:\/\/nofloods.com\/pt-pt\/#organization"},"potentialAction":[{"@type":"SearchAction","target":{"@type":"EntryPoint","urlTemplate":"https:\/\/nofloods.com\/pt-pt\/?s={search_term_string}"},"query-input":{"@type":"PropertyValueSpecification","valueRequired":true,"valueName":"search_term_string"}}],"inLanguage":"pt-PT"},{"@type":"Organization","@id":"https:\/\/nofloods.com\/pt-pt\/#organization","name":"NoFloods","url":"https:\/\/nofloods.com\/pt-pt\/","logo":{"@type":"ImageObject","inLanguage":"pt-PT","@id":"https:\/\/nofloods.com\/pt-pt\/#\/schema\/logo\/image\/","url":"https:\/\/nofloods.com\/wp-content\/uploads\/2025\/05\/NoFloods-EasyWall-Logo.webp?wsr","contentUrl":"https:\/\/nofloods.com\/wp-content\/uploads\/2025\/05\/NoFloods-EasyWall-Logo.webp?wsr","width":340,"height":70,"caption":"NoFloods"},"image":{"@id":"https:\/\/nofloods.com\/pt-pt\/#\/schema\/logo\/image\/"},"sameAs":["https:\/\/www.facebook.com\/environmentsolutions\/","https:\/\/x.com\/NoFloodsBarrier","https:\/\/www.linkedin.com\/company\/environment-solutions-aps"]}]}},"rttpg_featured_image_url":null,"rttpg_author":{"display_name":"nofloods_admin","author_link":"https:\/\/nofloods.com\/pt-pt\/author\/nofloods_admin\/"},"rttpg_comment":0,"rttpg_category":" <a href=\"https:\/\/nofloods.com\/pt-pt\/?taxonomy=translation_priority&#038;term=opcional\" rel=\"tag\">Opcional<\/a>","rttpg_excerpt":"Termos de Utiliza\u00e7\u00e3o In\u00edcio &gt; SOBRE ESTES TERMOS DE UTILIZA\u00c7\u00c3O Pedimos-lhe que leia atentamente estes termos antes de utilizar o [&hellip;]","_links":{"self":[{"href":"https:\/\/nofloods.com\/pt-pt\/wp-json\/wp\/v2\/pages\/39092","targetHints":{"allow":["GET"]}}],"collection":[{"href":"https:\/\/nofloods.com\/pt-pt\/wp-json\/wp\/v2\/pages"}],"about":[{"href":"https:\/\/nofloods.com\/pt-pt\/wp-json\/wp\/v2\/types\/page"}],"author":[{"embeddable":true,"href":"https:\/\/nofloods.com\/pt-pt\/wp-json\/wp\/v2\/users\/1"}],"replies":[{"embeddable":true,"href":"https:\/\/nofloods.com\/pt-pt\/wp-json\/wp\/v2\/comments?post=39092"}],"version-history":[{"count":1,"href":"https:\/\/nofloods.com\/pt-pt\/wp-json\/wp\/v2\/pages\/39092\/revisions"}],"predecessor-version":[{"id":39094,"href":"https:\/\/nofloods.com\/pt-pt\/wp-json\/wp\/v2\/pages\/39092\/revisions\/39094"}],"wp:attachment":[{"href":"https:\/\/nofloods.com\/pt-pt\/wp-json\/wp\/v2\/media?parent=39092"}],"curies":[{"name":"wp","href":"https:\/\/api.w.org\/{rel}","templated":true}]}}