{"id":39289,"date":"2025-06-11T17:05:28","date_gmt":"2025-06-11T17:05:28","guid":{"rendered":"https:\/\/nofloods.com\/find-the-right-solution\/"},"modified":"2026-05-04T09:56:17","modified_gmt":"2026-05-04T09:56:17","slug":"find-the-right-solution","status":"publish","type":"page","link":"https:\/\/nofloods.com\/pt-pt\/find-the-right-solution\/","title":{"rendered":"Encontre a Solu\u00e7\u00e3o Certa"},"content":{"rendered":"\t\t<div data-elementor-type=\"wp-page\" data-elementor-id=\"39289\" class=\"elementor elementor-39289 elementor-4918\">\n\t\t\t\t<div class=\"elementor-element elementor-element-130522a8 e-con-full e-flex e-con e-parent\" data-id=\"130522a8\" data-element_type=\"container\" data-e-type=\"container\">\n\t\t\t\t<div class=\"elementor-element elementor-element-6e09911c elementor-widget elementor-widget-html\" data-id=\"6e09911c\" data-element_type=\"widget\" data-e-type=\"widget\" data-widget_type=\"html.default\">\n\t\t\t\t<div class=\"elementor-widget-container\">\n\t\t\t\t\t<div class=\"custom-video-wrapper\">\r\n  <video autoplay=\"\" muted=\"\" loop=\"\" playsinline=\"\">\r\n    <source src=\"https:\/\/nofloods.com\/wp-content\/uploads\/2025\/06\/1st_part-1.mp4\" type=\"video\/mp4\">\r\n  <\/source><\/video>\r\n  <div class=\"video-overlay\"><\/div>\r\n<\/div>\r\n\t\t\t\t<\/div>\n\t\t\t\t<\/div>\n\t\t\t\t<\/div>\n\t\t<div class=\"elementor-element elementor-element-59a5905f e-flex e-con-boxed e-con e-parent\" data-id=\"59a5905f\" data-element_type=\"container\" data-e-type=\"container\" data-settings=\"{&quot;background_background&quot;:&quot;classic&quot;}\">\n\t\t\t\t\t<div class=\"e-con-inner\">\n\t\t<div class=\"elementor-element elementor-element-21ee5bce e-con-full e-flex e-con e-child\" data-id=\"21ee5bce\" data-element_type=\"container\" data-e-type=\"container\" data-settings=\"{&quot;background_background&quot;:&quot;classic&quot;}\">\n\t\t\t\t<div class=\"elementor-element elementor-element-50b812f0 elementor-widget elementor-widget-heading\" data-id=\"50b812f0\" data-element_type=\"widget\" data-e-type=\"widget\" data-widget_type=\"heading.default\">\n\t\t\t\t<div class=\"elementor-widget-container\">\n\t\t\t\t\t<h1 class=\"elementor-heading-title elementor-size-default\">Encontre a Solu\u00e7\u00e3o Certa \u2014 Concebida para o Seu Local, Escala e Desafio<\/h1>\t\t\t\t<\/div>\n\t\t\t\t<\/div>\n\t\t\t\t<div class=\"elementor-element elementor-element-71bcd8bf elementor-widget elementor-widget-eael-breadcrumbs\" data-id=\"71bcd8bf\" data-element_type=\"widget\" data-e-type=\"widget\" data-widget_type=\"eael-breadcrumbs.default\">\n\t\t\t\t<div class=\"elementor-widget-container\">\n\t\t\t\t\t\t\t<div class=\"eael-breadcrumbs\">\n\t\t\t<div class=\"eael-breadcrumbs__content\"><a href=\"https:\/\/nofloods.com\/pt-pt\/\">In\u00edcio<\/a> <span class=\"eael-breadcrumb-separator\">&gt;<\/span> <span class = \"eael-current\">P\u00e1gina<\/span><\/div>\t\t<\/div>\n\t\t\t\t\t\t<\/div>\n\t\t\t\t<\/div>\n\t\t\t\t<\/div>\n\t\t\t\t\t<\/div>\n\t\t\t\t<\/div>\n\t\t<div class=\"elementor-element elementor-element-62924131 e-flex e-con-boxed e-con e-parent\" data-id=\"62924131\" data-element_type=\"container\" data-e-type=\"container\" id=\"funnel-body\" data-settings=\"{&quot;background_background&quot;:&quot;classic&quot;}\">\n\t\t\t\t\t<div class=\"e-con-inner\">\n\t\t\t\t<div class=\"elementor-element elementor-element-175a7f4a elementor-widget elementor-widget-text-editor\" data-id=\"175a7f4a\" data-element_type=\"widget\" data-e-type=\"widget\" data-widget_type=\"text-editor.default\">\n\t\t\t\t<div class=\"elementor-widget-container\">\n\t\t\t\t\t\t\t\t\t<p>Oferecemos uma gama completa de sistemas de prote\u00e7\u00e3o contra inunda\u00e7\u00f5es e gest\u00e3o da \u00e1gua \u2014 desde a prote\u00e7\u00e3o de propriedades de pequena escala at\u00e9 projetos de infraestruturas e construction de grande escala.  <span style=\"font-style: inherit; font-weight: inherit;\">Quer necessite de salvaguardar uma habita\u00e7\u00e3o, proteger pontos de acesso, proteger \u00e1reas urbanas ou gerir a \u00e1gua no local, as nossas solu\u00e7\u00f5es modulares adaptam-se \u00e0s suas necessidades e ao seu ambiente espec\u00edficos.<\/span><\/p>\t\t\t\t\t\t\t\t<\/div>\n\t\t\t\t<\/div>\n\t\t\t\t<div class=\"elementor-element elementor-element-4c33018c elementor-widget elementor-widget-heading\" data-id=\"4c33018c\" data-element_type=\"widget\" data-e-type=\"widget\" data-widget_type=\"heading.default\">\n\t\t\t\t<div class=\"elementor-widget-container\">\n\t\t\t\t\t<h4 class=\"elementor-heading-title elementor-size-default\">Pronto(a) para come\u00e7ar?<\/h4>\t\t\t\t<\/div>\n\t\t\t\t<\/div>\n\t\t\t\t<div class=\"elementor-element elementor-element-1324fef elementor-widget elementor-widget-text-editor\" data-id=\"1324fef\" data-element_type=\"widget\" data-e-type=\"widget\" data-widget_type=\"text-editor.default\">\n\t\t\t\t<div class=\"elementor-widget-container\">\n\t\t\t\t\t\t\t\t\tClique nos passos para encontrar a melhor op\u00e7\u00e3o. Assim que concluir o processo, partilhe os detalhes do seu projeto e a nossa equipa ir\u00e1 analis\u00e1-los, confirmar a sua configura\u00e7\u00e3o e fornecer um or\u00e7amento final para dar in\u00edcio \u00e0 sua solu\u00e7\u00e3o. \t\t\t\t\t\t\t\t<\/div>\n\t\t\t\t<\/div>\n\t\t\t\t<div class=\"elementor-element elementor-element-3b18c0b elementor-widget elementor-widget-shortcode\" data-id=\"3b18c0b\" data-element_type=\"widget\" data-e-type=\"widget\" id=\"funnel\" data-widget_type=\"shortcode.default\">\n\t\t\t\t<div class=\"elementor-widget-container\">\n\t\t\t\t\t\t\t<div class=\"elementor-shortcode\"><p class=\"wpcf7-contact-form-not-found\"><strong>Erro:<\/strong> Formul\u00e1rio de contacto n\u00e3o encontrado.<\/p><\/div>\n\t\t\t\t\t\t<\/div>\n\t\t\t\t<\/div>\n\t\t\t\t\t<\/div>\n\t\t\t\t<\/div>\n\t\t\t\t<\/div>\n\t\t","protected":false},"excerpt":{"rendered":"<p>Encontre a Solu\u00e7\u00e3o Certa \u2014 Concebida para o Seu Local, Escala e Desafio In\u00edcio &gt; Oferecemos uma gama completa de [&hellip;]<\/p>\n","protected":false},"author":1,"featured_media":0,"parent":0,"menu_order":0,"comment_status":"closed","ping_status":"closed","template":"elementor_header_footer","meta":{"_acf_changed":false,"site-sidebar-layout":"no-sidebar","site-content-layout":"page-builder","ast-site-content-layout":"full-width-container","site-content-style":"default","site-sidebar-style":"default","ast-global-header-display":"","ast-banner-title-visibility":"","ast-main-header-display":"","ast-hfb-above-header-display":"","ast-hfb-below-header-display":"","ast-hfb-mobile-header-display":"","site-post-title":"disabled","ast-breadcrumbs-content":"","ast-featured-img":"disabled","footer-sml-layout":"","ast-disable-related-posts":"","theme-transparent-header-meta":"","adv-header-id-meta":"","stick-header-meta":"","header-above-stick-meta":"","header-main-stick-meta":"","header-below-stick-meta":"","astra-migrate-meta-layouts":"default","ast-page-background-enabled":"default","ast-page-background-meta":{"desktop":{"background-color":"","background-image":"","background-repeat":"repeat","background-position":"center center","background-size":"auto","background-attachment":"scroll","background-type":"","background-media":"","overlay-type":"","overlay-color":"","overlay-opacity":"","overlay-gradient":""},"tablet":{"background-color":"","background-image":"","background-repeat":"repeat","background-position":"center center","background-size":"auto","background-attachment":"scroll","background-type":"","background-media":"","overlay-type":"","overlay-color":"","overlay-opacity":"","overlay-gradient":""},"mobile":{"background-color":"","background-image":"","background-repeat":"repeat","background-position":"center center","background-size":"auto","background-attachment":"scroll","background-type":"","background-media":"","overlay-type":"","overlay-color":"","overlay-opacity":"","overlay-gradient":""}},"ast-content-background-meta":{"desktop":{"background-color":"var(--ast-global-color-5)","background-image":"","background-repeat":"repeat","background-position":"center center","background-size":"auto","background-attachment":"scroll","background-type":"","background-media":"","overlay-type":"","overlay-color":"","overlay-opacity":"","overlay-gradient":""},"tablet":{"background-color":"var(--ast-global-color-5)","background-image":"","background-repeat":"repeat","background-position":"center center","background-size":"auto","background-attachment":"scroll","background-type":"","background-media":"","overlay-type":"","overlay-color":"","overlay-opacity":"","overlay-gradient":""},"mobile":{"background-color":"var(--ast-global-color-5)","background-image":"","background-repeat":"repeat","background-position":"center center","background-size":"auto","background-attachment":"scroll","background-type":"","background-media":"","overlay-type":"","overlay-color":"","overlay-opacity":"","overlay-gradient":""}},"footnotes":""},"class_list":["post-39289","page","type-page","status-publish","hentry"],"acf":[],"yoast_head":"<!-- This site is optimized with the Yoast SEO plugin v27.5 - https:\/\/yoast.com\/product\/yoast-seo-wordpress\/ -->\n<title>Encontre a Solu\u00e7\u00e3o de Prote\u00e7\u00e3o contra Inunda\u00e7\u00f5es Certa | NoFloods<\/title>\n<meta name=\"description\" content=\"Uma ferramenta inteligente, passo a passo, da NoFloods para adequar as suas necessidades \u00e0 flood protection barrier ou ao sistema ideal. Fique atento(a) ou contacte-nos hoje mesmo.\" \/>\n<meta name=\"robots\" content=\"index, follow, max-snippet:-1, max-image-preview:large, max-video-preview:-1\" \/>\n<link rel=\"canonical\" href=\"https:\/\/nofloods.com\/pt-pt\/find-the-right-solution\/\" \/>\n<meta property=\"og:locale\" content=\"pt_PT\" \/>\n<meta property=\"og:type\" content=\"article\" \/>\n<meta property=\"og:title\" content=\"Encontre a Solu\u00e7\u00e3o de Prote\u00e7\u00e3o contra Inunda\u00e7\u00f5es Certa | NoFloods\" \/>\n<meta property=\"og:description\" content=\"Uma ferramenta inteligente, passo a passo, da NoFloods para adequar as suas necessidades \u00e0 flood protection barrier ou ao sistema ideal. Fique atento(a) ou contacte-nos hoje mesmo.\" \/>\n<meta property=\"og:url\" content=\"https:\/\/nofloods.com\/pt-pt\/find-the-right-solution\/\" \/>\n<meta property=\"og:site_name\" content=\"NoFloods\" \/>\n<meta property=\"article:publisher\" content=\"https:\/\/www.facebook.com\/environmentsolutions\/\" \/>\n<meta property=\"article:modified_time\" content=\"2026-05-04T09:56:17+00:00\" \/>\n<meta name=\"twitter:card\" content=\"summary_large_image\" \/>\n<meta name=\"twitter:site\" content=\"@NoFloodsBarrier\" \/>\n<meta name=\"twitter:label1\" content=\"Tempo estimado de leitura\" \/>\n\t<meta name=\"twitter:data1\" content=\"1 minuto\" \/>\n<script type=\"application\/ld+json\" class=\"yoast-schema-graph\">{\"@context\":\"https:\\\/\\\/schema.org\",\"@graph\":[{\"@type\":\"WebPage\",\"@id\":\"https:\\\/\\\/nofloods.com\\\/pt-pt\\\/find-the-right-solution\\\/\",\"url\":\"https:\\\/\\\/nofloods.com\\\/pt-pt\\\/find-the-right-solution\\\/\",\"name\":\"Encontre a Solu\u00e7\u00e3o de Prote\u00e7\u00e3o contra Inunda\u00e7\u00f5es Certa | NoFloods\",\"isPartOf\":{\"@id\":\"https:\\\/\\\/nofloods.com\\\/pt-pt\\\/#website\"},\"datePublished\":\"2025-06-11T17:05:28+00:00\",\"dateModified\":\"2026-05-04T09:56:17+00:00\",\"description\":\"Uma ferramenta inteligente, passo a passo, da NoFloods para adequar as suas necessidades \u00e0 flood protection barrier ou ao sistema ideal. Fique atento(a) ou contacte-nos hoje mesmo.\",\"breadcrumb\":{\"@id\":\"https:\\\/\\\/nofloods.com\\\/pt-pt\\\/find-the-right-solution\\\/#breadcrumb\"},\"inLanguage\":\"pt-PT\",\"potentialAction\":[{\"@type\":\"ReadAction\",\"target\":[\"https:\\\/\\\/nofloods.com\\\/pt-pt\\\/find-the-right-solution\\\/\"]}]},{\"@type\":\"BreadcrumbList\",\"@id\":\"https:\\\/\\\/nofloods.com\\\/pt-pt\\\/find-the-right-solution\\\/#breadcrumb\",\"itemListElement\":[{\"@type\":\"ListItem\",\"position\":1,\"name\":\"Home\",\"item\":\"https:\\\/\\\/nofloods.com\\\/pt-pt\\\/home\\\/\"},{\"@type\":\"ListItem\",\"position\":2,\"name\":\"Encontre a Solu\u00e7\u00e3o Certa\"}]},{\"@type\":\"WebSite\",\"@id\":\"https:\\\/\\\/nofloods.com\\\/pt-pt\\\/#website\",\"url\":\"https:\\\/\\\/nofloods.com\\\/pt-pt\\\/\",\"name\":\"NoFloods\",\"description\":\"By Environment Solutions\",\"publisher\":{\"@id\":\"https:\\\/\\\/nofloods.com\\\/pt-pt\\\/#organization\"},\"potentialAction\":[{\"@type\":\"SearchAction\",\"target\":{\"@type\":\"EntryPoint\",\"urlTemplate\":\"https:\\\/\\\/nofloods.com\\\/pt-pt\\\/?s={search_term_string}\"},\"query-input\":{\"@type\":\"PropertyValueSpecification\",\"valueRequired\":true,\"valueName\":\"search_term_string\"}}],\"inLanguage\":\"pt-PT\"},{\"@type\":\"Organization\",\"@id\":\"https:\\\/\\\/nofloods.com\\\/pt-pt\\\/#organization\",\"name\":\"NoFloods\",\"url\":\"https:\\\/\\\/nofloods.com\\\/pt-pt\\\/\",\"logo\":{\"@type\":\"ImageObject\",\"inLanguage\":\"pt-PT\",\"@id\":\"https:\\\/\\\/nofloods.com\\\/pt-pt\\\/#\\\/schema\\\/logo\\\/image\\\/\",\"url\":\"https:\\\/\\\/nofloods.com\\\/wp-content\\\/uploads\\\/2025\\\/05\\\/NoFloods-EasyWall-Logo.webp?wsr\",\"contentUrl\":\"https:\\\/\\\/nofloods.com\\\/wp-content\\\/uploads\\\/2025\\\/05\\\/NoFloods-EasyWall-Logo.webp?wsr\",\"width\":340,\"height\":70,\"caption\":\"NoFloods\"},\"image\":{\"@id\":\"https:\\\/\\\/nofloods.com\\\/pt-pt\\\/#\\\/schema\\\/logo\\\/image\\\/\"},\"sameAs\":[\"https:\\\/\\\/www.facebook.com\\\/environmentsolutions\\\/\",\"https:\\\/\\\/x.com\\\/NoFloodsBarrier\",\"https:\\\/\\\/www.linkedin.com\\\/company\\\/environment-solutions-aps\"]}]}<\/script>\n<!-- \/ Yoast SEO plugin. -->","yoast_head_json":{"title":"Encontre a Solu\u00e7\u00e3o de Prote\u00e7\u00e3o contra Inunda\u00e7\u00f5es Certa | NoFloods","description":"Uma ferramenta inteligente, passo a passo, da NoFloods para adequar as suas necessidades \u00e0 flood protection barrier ou ao sistema ideal. Fique atento(a) ou contacte-nos hoje mesmo.","robots":{"index":"index","follow":"follow","max-snippet":"max-snippet:-1","max-image-preview":"max-image-preview:large","max-video-preview":"max-video-preview:-1"},"canonical":"https:\/\/nofloods.com\/pt-pt\/find-the-right-solution\/","og_locale":"pt_PT","og_type":"article","og_title":"Encontre a Solu\u00e7\u00e3o de Prote\u00e7\u00e3o contra Inunda\u00e7\u00f5es Certa | NoFloods","og_description":"Uma ferramenta inteligente, passo a passo, da NoFloods para adequar as suas necessidades \u00e0 flood protection barrier ou ao sistema ideal. Fique atento(a) ou contacte-nos hoje mesmo.","og_url":"https:\/\/nofloods.com\/pt-pt\/find-the-right-solution\/","og_site_name":"NoFloods","article_publisher":"https:\/\/www.facebook.com\/environmentsolutions\/","article_modified_time":"2026-05-04T09:56:17+00:00","twitter_card":"summary_large_image","twitter_site":"@NoFloodsBarrier","twitter_misc":{"Tempo estimado de leitura":"1 minuto"},"schema":{"@context":"https:\/\/schema.org","@graph":[{"@type":"WebPage","@id":"https:\/\/nofloods.com\/pt-pt\/find-the-right-solution\/","url":"https:\/\/nofloods.com\/pt-pt\/find-the-right-solution\/","name":"Encontre a Solu\u00e7\u00e3o de Prote\u00e7\u00e3o contra Inunda\u00e7\u00f5es Certa | NoFloods","isPartOf":{"@id":"https:\/\/nofloods.com\/pt-pt\/#website"},"datePublished":"2025-06-11T17:05:28+00:00","dateModified":"2026-05-04T09:56:17+00:00","description":"Uma ferramenta inteligente, passo a passo, da NoFloods para adequar as suas necessidades \u00e0 flood protection barrier ou ao sistema ideal. Fique atento(a) ou contacte-nos hoje mesmo.","breadcrumb":{"@id":"https:\/\/nofloods.com\/pt-pt\/find-the-right-solution\/#breadcrumb"},"inLanguage":"pt-PT","potentialAction":[{"@type":"ReadAction","target":["https:\/\/nofloods.com\/pt-pt\/find-the-right-solution\/"]}]},{"@type":"BreadcrumbList","@id":"https:\/\/nofloods.com\/pt-pt\/find-the-right-solution\/#breadcrumb","itemListElement":[{"@type":"ListItem","position":1,"name":"Home","item":"https:\/\/nofloods.com\/pt-pt\/home\/"},{"@type":"ListItem","position":2,"name":"Encontre a Solu\u00e7\u00e3o Certa"}]},{"@type":"WebSite","@id":"https:\/\/nofloods.com\/pt-pt\/#website","url":"https:\/\/nofloods.com\/pt-pt\/","name":"NoFloods","description":"By Environment Solutions","publisher":{"@id":"https:\/\/nofloods.com\/pt-pt\/#organization"},"potentialAction":[{"@type":"SearchAction","target":{"@type":"EntryPoint","urlTemplate":"https:\/\/nofloods.com\/pt-pt\/?s={search_term_string}"},"query-input":{"@type":"PropertyValueSpecification","valueRequired":true,"valueName":"search_term_string"}}],"inLanguage":"pt-PT"},{"@type":"Organization","@id":"https:\/\/nofloods.com\/pt-pt\/#organization","name":"NoFloods","url":"https:\/\/nofloods.com\/pt-pt\/","logo":{"@type":"ImageObject","inLanguage":"pt-PT","@id":"https:\/\/nofloods.com\/pt-pt\/#\/schema\/logo\/image\/","url":"https:\/\/nofloods.com\/wp-content\/uploads\/2025\/05\/NoFloods-EasyWall-Logo.webp?wsr","contentUrl":"https:\/\/nofloods.com\/wp-content\/uploads\/2025\/05\/NoFloods-EasyWall-Logo.webp?wsr","width":340,"height":70,"caption":"NoFloods"},"image":{"@id":"https:\/\/nofloods.com\/pt-pt\/#\/schema\/logo\/image\/"},"sameAs":["https:\/\/www.facebook.com\/environmentsolutions\/","https:\/\/x.com\/NoFloodsBarrier","https:\/\/www.linkedin.com\/company\/environment-solutions-aps"]}]}},"rttpg_featured_image_url":null,"rttpg_author":{"display_name":"nofloods_admin","author_link":"https:\/\/nofloods.com\/pt-pt\/author\/nofloods_admin\/"},"rttpg_comment":0,"rttpg_category":" <a href=\"https:\/\/nofloods.com\/pt-pt\/?taxonomy=translation_priority&#038;term=opcional\" rel=\"tag\">Opcional<\/a>","rttpg_excerpt":"Encontre a Solu\u00e7\u00e3o Certa \u2014 Concebida para o Seu Local, Escala e Desafio In\u00edcio &gt; Oferecemos uma gama completa de [&hellip;]","_links":{"self":[{"href":"https:\/\/nofloods.com\/pt-pt\/wp-json\/wp\/v2\/pages\/39289","targetHints":{"allow":["GET"]}}],"collection":[{"href":"https:\/\/nofloods.com\/pt-pt\/wp-json\/wp\/v2\/pages"}],"about":[{"href":"https:\/\/nofloods.com\/pt-pt\/wp-json\/wp\/v2\/types\/page"}],"author":[{"embeddable":true,"href":"https:\/\/nofloods.com\/pt-pt\/wp-json\/wp\/v2\/users\/1"}],"replies":[{"embeddable":true,"href":"https:\/\/nofloods.com\/pt-pt\/wp-json\/wp\/v2\/comments?post=39289"}],"version-history":[{"count":1,"href":"https:\/\/nofloods.com\/pt-pt\/wp-json\/wp\/v2\/pages\/39289\/revisions"}],"predecessor-version":[{"id":39295,"href":"https:\/\/nofloods.com\/pt-pt\/wp-json\/wp\/v2\/pages\/39289\/revisions\/39295"}],"wp:attachment":[{"href":"https:\/\/nofloods.com\/pt-pt\/wp-json\/wp\/v2\/media?parent=39289"}],"curies":[{"name":"wp","href":"https:\/\/api.w.org\/{rel}","templated":true}]}}