{"id":39539,"date":"2025-09-05T09:56:14","date_gmt":"2025-09-05T09:56:14","guid":{"rendered":"https:\/\/nofloods.com\/cookie-policy\/"},"modified":"2026-05-04T10:24:04","modified_gmt":"2026-05-04T10:24:04","slug":"cookie-policy","status":"publish","type":"page","link":"https:\/\/nofloods.com\/pt-pt\/cookie-policy\/","title":{"rendered":"Pol\u00edtica de Cookies"},"content":{"rendered":"\t\t<div data-elementor-type=\"wp-page\" data-elementor-id=\"39539\" class=\"elementor elementor-39539 elementor-12734\">\n\t\t\t\t<div class=\"elementor-element elementor-element-853fd1f e-flex e-con-boxed e-con e-parent\" data-id=\"853fd1f\" data-element_type=\"container\" data-e-type=\"container\" data-settings=\"{&quot;background_background&quot;:&quot;classic&quot;}\">\n\t\t\t\t\t<div class=\"e-con-inner\">\n\t\t<div class=\"elementor-element elementor-element-5bd29bb e-con-full e-flex e-con e-child\" data-id=\"5bd29bb\" data-element_type=\"container\" data-e-type=\"container\" data-settings=\"{&quot;background_background&quot;:&quot;classic&quot;}\">\n\t\t\t\t<div class=\"elementor-element elementor-element-8cfa58a elementor-widget elementor-widget-heading\" data-id=\"8cfa58a\" data-element_type=\"widget\" data-e-type=\"widget\" data-widget_type=\"heading.default\">\n\t\t\t\t<div class=\"elementor-widget-container\">\n\t\t\t\t\t<h1 class=\"elementor-heading-title elementor-size-default\">Pol\u00edtica de Cookies<\/h1>\t\t\t\t<\/div>\n\t\t\t\t<\/div>\n\t\t\t\t<div class=\"elementor-element elementor-element-1b24f59 elementor-widget elementor-widget-eael-breadcrumbs\" data-id=\"1b24f59\" data-element_type=\"widget\" data-e-type=\"widget\" data-widget_type=\"eael-breadcrumbs.default\">\n\t\t\t\t<div class=\"elementor-widget-container\">\n\t\t\t\t\t\t\t<div class=\"eael-breadcrumbs\">\n\t\t\t<div class=\"eael-breadcrumbs__content\"><a href=\"https:\/\/nofloods.com\/pt-pt\/\">In\u00edcio<\/a> <span class=\"eael-breadcrumb-separator\">&gt;<\/span> <span class = \"eael-current\">P\u00e1gina<\/span><\/div>\t\t<\/div>\n\t\t\t\t\t\t<\/div>\n\t\t\t\t<\/div>\n\t\t\t\t<\/div>\n\t\t\t\t\t<\/div>\n\t\t\t\t<\/div>\n\t\t<div class=\"elementor-element elementor-element-4a0067a e-flex e-con-boxed e-con e-parent\" data-id=\"4a0067a\" data-element_type=\"container\" data-e-type=\"container\" data-settings=\"{&quot;background_background&quot;:&quot;classic&quot;}\">\n\t\t\t\t\t<div class=\"e-con-inner\">\n\t\t\t\t<div class=\"elementor-element elementor-element-9ad7b4a elementor-widget elementor-widget-text-editor\" data-id=\"9ad7b4a\" data-element_type=\"widget\" data-e-type=\"widget\" data-widget_type=\"text-editor.default\">\n\t\t\t\t<div class=\"elementor-widget-container\">\n\t\t\t\t\t\t\t\t\t<h4><strong>SOBRE ESTA POL\u00cdTICA DE COOKIES<\/strong><\/h4>\n<div><strong>&nbsp;<\/strong><\/div>\n<p>Esta pol\u00edtica de cookies explica o que s\u00e3o cookies e como os utilizamos no nosso website. Deve ler esta pol\u00edtica para poder compreender que tipo de cookies utilizamos, as informa\u00e7\u00f5es que recolhemos atrav\u00e9s dos cookies e como essas informa\u00e7\u00f5es s\u00e3o utilizadas. Ao utilizar o nosso website, est\u00e1 a concordar que podemos utilizar cookies de acordo com esta pol\u00edtica.  <\/p>\n<h4><strong>O que s\u00e3o cookies?<\/strong><\/h4>\n<div><strong>&nbsp;<\/strong><\/div>\n<p>Os cookies s\u00e3o ficheiros que cont\u00eam uma pequena quantidade de informa\u00e7\u00e3o. Os cookies s\u00e3o armazenados no navegador ou no disco r\u00edgido do seu computador ou dispositivo. <\/p>\n<h4><strong>Como utilizamos cookies?<\/strong><\/h4>\n<div><strong>&nbsp;<\/strong><\/div>\n<p>Utilizamos cookies para o distinguir de outros utilizadores do nosso website e para proporcionar uma experi\u00eancia de navega\u00e7\u00e3o \u00fanica para si. Os cookies s\u00e3o utilizados por n\u00f3s para que o nosso website possa recordar o que fez durante a navega\u00e7\u00e3o, por exemplo, os seus dados de in\u00edcio de sess\u00e3o, at\u00e9 onde avan\u00e7ou numa encomenda e o que est\u00e1 no seu carrinho de compras. <\/p>\n<h4><strong>Que tipo de cookies utilizamos?<\/strong><\/h4>\n<div><strong>&nbsp;<\/strong><\/div>\n<p>Os cookies podem assumir a forma de cookies de sess\u00e3o ou cookies persistentes. Os cookies de sess\u00e3o s\u00e3o eliminados do seu computador ou dispositivo quando fecha o navegador. Os cookies persistentes permanecer\u00e3o armazenados no seu computador ou dispositivo at\u00e9 serem eliminados ou at\u00e9 atingirem a respetiva data de validade. Utilizamos os seguintes cookies:   <\/p>\n<p>Cookies anal\u00edticos\/de desempenho. Estes cookies permitem-nos reconhecer e contar o n\u00famero de visitantes do nosso website e ver como os visitantes se deslocam quando o utilizam. Isto ajuda-nos a melhorar o funcionamento do nosso website, por exemplo, garantindo que os utilizadores encontram facilmente o que procuram.  <\/p>\n<p>Cookies de funcionalidade. Estes cookies s\u00e3o utilizados para o reconhecer quando regressa ao nosso website. Isto permite-nos personalizar o nosso conte\u00fado para si, por exemplo, saudando-o pelo nome e recordando as suas prefer\u00eancias. Tamb\u00e9m permite disponibilizar apoio por chat em direto durante a sua experi\u00eancia de navega\u00e7\u00e3o.   <\/p>\n<p>Cookies de segmenta\u00e7\u00e3o. Estes cookies registam a sua visita ao nosso website, as p\u00e1ginas que visitou e as liga\u00e7\u00f5es que seguiu. Utilizaremos estas informa\u00e7\u00f5es para tornar o nosso website e a publicidade nele apresentada mais relevantes para os seus interesses. Poderemos tamb\u00e9m partilhar estas informa\u00e7\u00f5es com terceiros para este fim. Estes cookies permitem-lhe partilhar e enviar informa\u00e7\u00f5es para outros websites.    <\/p>\n<h4><strong>Que tipo de informa\u00e7\u00f5es recolhemos ao utilizar cookies?<\/strong><\/h4>\n<div><strong>&nbsp;<\/strong><\/div>\n<p>Quando visita o nosso website, poderemos recolher automaticamente os seguintes tipos de informa\u00e7\u00e3o: o seu endere\u00e7o de protocolo de Internet (IP), as suas informa\u00e7\u00f5es de in\u00edcio de sess\u00e3o, a defini\u00e7\u00e3o de fuso hor\u00e1rio, o sistema operativo e a plataforma, informa\u00e7\u00f5es sobre as suas visitas, incluindo o URL de origem, o seu pa\u00eds, os termos de pesquisa que utilizou no nosso website, os produtos que visualizou ou pesquisou, os tempos de resposta das p\u00e1ginas, erros de download, a dura\u00e7\u00e3o das visitas a determinadas p\u00e1ginas, informa\u00e7\u00f5es de intera\u00e7\u00e3o com a p\u00e1gina (como deslocamento, cliques e passagem do rato) e os m\u00e9todos utilizados para sair da p\u00e1gina.<\/p>\n<h4><strong>Como bloquear cookies?<\/strong><\/h4>\n<div><strong>&nbsp;<\/strong><\/div>\n<p>A maioria dos navegadores permite recusar cookies. Pode bloquear os nossos cookies ativando a defini\u00e7\u00e3o no seu navegador que lhe permite recusar a instala\u00e7\u00e3o de todos ou de alguns cookies. Pode saber mais sobre cookies e como os eliminar e controlar em www.aboutcookies.org ou clicar em Ajuda no menu do seu navegador.  <\/p>\n<p>Se bloquear a nossa utiliza\u00e7\u00e3o de cookies, poder\u00e1 n\u00e3o conseguir aceder a determinadas \u00e1reas do nosso website e certas funcionalidades e p\u00e1ginas n\u00e3o funcionar\u00e3o da forma habitual. Por exemplo, n\u00e3o poder\u00e1 utilizar a funcionalidade de lista de compras nem comprar online. <\/p>\n<h4><strong>Como a <em>ENVIRONMENT SOLUTIONS APS<\/em> pode alterar a Pol\u00edtica de Cookies<\/strong><\/h4><div><strong><br><\/strong><\/div>\n<p>Poderemos atualizar esta pol\u00edtica periodicamente. Altera\u00e7\u00f5es na tecnologia, na legisla\u00e7\u00e3o e nas orienta\u00e7\u00f5es das autoridades poder\u00e3o exigir que o informemos sobre as atividades que realizamos quando estas afetam os seus direitos de privacidade. Deve consultar esta p\u00e1gina ocasionalmente para garantir que est\u00e1 familiarizado com quaisquer altera\u00e7\u00f5es.  <\/p>\t\t\t\t\t\t\t\t<\/div>\n\t\t\t\t<\/div>\n\t\t\t\t\t<\/div>\n\t\t\t\t<\/div>\n\t\t\t\t<\/div>\n\t\t","protected":false},"excerpt":{"rendered":"<p>Pol\u00edtica de Cookies In\u00edcio &gt; SOBRE ESTA POL\u00cdTICA DE COOKIES &nbsp; Esta pol\u00edtica de cookies explica o que s\u00e3o cookies [&hellip;]<\/p>\n","protected":false},"author":1,"featured_media":0,"parent":0,"menu_order":0,"comment_status":"closed","ping_status":"closed","template":"elementor_header_footer","meta":{"_acf_changed":false,"site-sidebar-layout":"default","site-content-layout":"","ast-site-content-layout":"default","site-content-style":"default","site-sidebar-style":"default","ast-global-header-display":"","ast-banner-title-visibility":"","ast-main-header-display":"","ast-hfb-above-header-display":"","ast-hfb-below-header-display":"","ast-hfb-mobile-header-display":"","site-post-title":"","ast-breadcrumbs-content":"","ast-featured-img":"","footer-sml-layout":"","ast-disable-related-posts":"","theme-transparent-header-meta":"","adv-header-id-meta":"","stick-header-meta":"","header-above-stick-meta":"","header-main-stick-meta":"","header-below-stick-meta":"","astra-migrate-meta-layouts":"default","ast-page-background-enabled":"default","ast-page-background-meta":{"desktop":{"background-color":"","background-image":"","background-repeat":"repeat","background-position":"center center","background-size":"auto","background-attachment":"scroll","background-type":"","background-media":"","overlay-type":"","overlay-color":"","overlay-opacity":"","overlay-gradient":""},"tablet":{"background-color":"","background-image":"","background-repeat":"repeat","background-position":"center center","background-size":"auto","background-attachment":"scroll","background-type":"","background-media":"","overlay-type":"","overlay-color":"","overlay-opacity":"","overlay-gradient":""},"mobile":{"background-color":"","background-image":"","background-repeat":"repeat","background-position":"center center","background-size":"auto","background-attachment":"scroll","background-type":"","background-media":"","overlay-type":"","overlay-color":"","overlay-opacity":"","overlay-gradient":""}},"ast-content-background-meta":{"desktop":{"background-color":"var(--ast-global-color-5)","background-image":"","background-repeat":"repeat","background-position":"center center","background-size":"auto","background-attachment":"scroll","background-type":"","background-media":"","overlay-type":"","overlay-color":"","overlay-opacity":"","overlay-gradient":""},"tablet":{"background-color":"var(--ast-global-color-5)","background-image":"","background-repeat":"repeat","background-position":"center center","background-size":"auto","background-attachment":"scroll","background-type":"","background-media":"","overlay-type":"","overlay-color":"","overlay-opacity":"","overlay-gradient":""},"mobile":{"background-color":"var(--ast-global-color-5)","background-image":"","background-repeat":"repeat","background-position":"center center","background-size":"auto","background-attachment":"scroll","background-type":"","background-media":"","overlay-type":"","overlay-color":"","overlay-opacity":"","overlay-gradient":""}},"footnotes":""},"class_list":["post-39539","page","type-page","status-publish","hentry"],"acf":[],"yoast_head":"<!-- This site is optimized with the Yoast SEO plugin v27.5 - https:\/\/yoast.com\/product\/yoast-seo-wordpress\/ -->\n<title>Pol\u00edtica de Cookies - NoFloods<\/title>\n<meta name=\"robots\" content=\"index, follow, max-snippet:-1, max-image-preview:large, max-video-preview:-1\" \/>\n<link rel=\"canonical\" href=\"https:\/\/nofloods.com\/pt-pt\/cookie-policy\/\" \/>\n<meta property=\"og:locale\" content=\"pt_PT\" \/>\n<meta property=\"og:type\" content=\"article\" \/>\n<meta property=\"og:title\" content=\"Pol\u00edtica de Cookies - NoFloods\" \/>\n<meta property=\"og:description\" content=\"Pol\u00edtica de Cookies In\u00edcio &gt; SOBRE ESTA POL\u00cdTICA DE COOKIES &nbsp; Esta pol\u00edtica de cookies explica o que s\u00e3o cookies [&hellip;]\" \/>\n<meta property=\"og:url\" content=\"https:\/\/nofloods.com\/pt-pt\/cookie-policy\/\" \/>\n<meta property=\"og:site_name\" content=\"NoFloods\" \/>\n<meta property=\"article:publisher\" content=\"https:\/\/www.facebook.com\/environmentsolutions\/\" \/>\n<meta property=\"article:modified_time\" content=\"2026-05-04T10:24:04+00:00\" \/>\n<meta name=\"twitter:card\" content=\"summary_large_image\" \/>\n<meta name=\"twitter:site\" content=\"@NoFloodsBarrier\" \/>\n<meta name=\"twitter:label1\" content=\"Tempo estimado de leitura\" \/>\n\t<meta name=\"twitter:data1\" content=\"4 minutos\" \/>\n<script type=\"application\/ld+json\" class=\"yoast-schema-graph\">{\"@context\":\"https:\\\/\\\/schema.org\",\"@graph\":[{\"@type\":\"WebPage\",\"@id\":\"https:\\\/\\\/nofloods.com\\\/pt-pt\\\/cookie-policy\\\/\",\"url\":\"https:\\\/\\\/nofloods.com\\\/pt-pt\\\/cookie-policy\\\/\",\"name\":\"Pol\u00edtica de Cookies - NoFloods\",\"isPartOf\":{\"@id\":\"https:\\\/\\\/nofloods.com\\\/pt-pt\\\/#website\"},\"datePublished\":\"2025-09-05T09:56:14+00:00\",\"dateModified\":\"2026-05-04T10:24:04+00:00\",\"breadcrumb\":{\"@id\":\"https:\\\/\\\/nofloods.com\\\/pt-pt\\\/cookie-policy\\\/#breadcrumb\"},\"inLanguage\":\"pt-PT\",\"potentialAction\":[{\"@type\":\"ReadAction\",\"target\":[\"https:\\\/\\\/nofloods.com\\\/pt-pt\\\/cookie-policy\\\/\"]}]},{\"@type\":\"BreadcrumbList\",\"@id\":\"https:\\\/\\\/nofloods.com\\\/pt-pt\\\/cookie-policy\\\/#breadcrumb\",\"itemListElement\":[{\"@type\":\"ListItem\",\"position\":1,\"name\":\"Home\",\"item\":\"https:\\\/\\\/nofloods.com\\\/pt-pt\\\/home\\\/\"},{\"@type\":\"ListItem\",\"position\":2,\"name\":\"Pol\u00edtica de Cookies\"}]},{\"@type\":\"WebSite\",\"@id\":\"https:\\\/\\\/nofloods.com\\\/pt-pt\\\/#website\",\"url\":\"https:\\\/\\\/nofloods.com\\\/pt-pt\\\/\",\"name\":\"NoFloods\",\"description\":\"By Environment Solutions\",\"publisher\":{\"@id\":\"https:\\\/\\\/nofloods.com\\\/pt-pt\\\/#organization\"},\"potentialAction\":[{\"@type\":\"SearchAction\",\"target\":{\"@type\":\"EntryPoint\",\"urlTemplate\":\"https:\\\/\\\/nofloods.com\\\/pt-pt\\\/?s={search_term_string}\"},\"query-input\":{\"@type\":\"PropertyValueSpecification\",\"valueRequired\":true,\"valueName\":\"search_term_string\"}}],\"inLanguage\":\"pt-PT\"},{\"@type\":\"Organization\",\"@id\":\"https:\\\/\\\/nofloods.com\\\/pt-pt\\\/#organization\",\"name\":\"NoFloods\",\"url\":\"https:\\\/\\\/nofloods.com\\\/pt-pt\\\/\",\"logo\":{\"@type\":\"ImageObject\",\"inLanguage\":\"pt-PT\",\"@id\":\"https:\\\/\\\/nofloods.com\\\/pt-pt\\\/#\\\/schema\\\/logo\\\/image\\\/\",\"url\":\"https:\\\/\\\/nofloods.com\\\/wp-content\\\/uploads\\\/2025\\\/05\\\/NoFloods-EasyWall-Logo.webp?wsr\",\"contentUrl\":\"https:\\\/\\\/nofloods.com\\\/wp-content\\\/uploads\\\/2025\\\/05\\\/NoFloods-EasyWall-Logo.webp?wsr\",\"width\":340,\"height\":70,\"caption\":\"NoFloods\"},\"image\":{\"@id\":\"https:\\\/\\\/nofloods.com\\\/pt-pt\\\/#\\\/schema\\\/logo\\\/image\\\/\"},\"sameAs\":[\"https:\\\/\\\/www.facebook.com\\\/environmentsolutions\\\/\",\"https:\\\/\\\/x.com\\\/NoFloodsBarrier\",\"https:\\\/\\\/www.linkedin.com\\\/company\\\/environment-solutions-aps\"]}]}<\/script>\n<!-- \/ Yoast SEO plugin. -->","yoast_head_json":{"title":"Pol\u00edtica de Cookies - NoFloods","robots":{"index":"index","follow":"follow","max-snippet":"max-snippet:-1","max-image-preview":"max-image-preview:large","max-video-preview":"max-video-preview:-1"},"canonical":"https:\/\/nofloods.com\/pt-pt\/cookie-policy\/","og_locale":"pt_PT","og_type":"article","og_title":"Pol\u00edtica de Cookies - NoFloods","og_description":"Pol\u00edtica de Cookies In\u00edcio &gt; SOBRE ESTA POL\u00cdTICA DE COOKIES &nbsp; Esta pol\u00edtica de cookies explica o que s\u00e3o cookies [&hellip;]","og_url":"https:\/\/nofloods.com\/pt-pt\/cookie-policy\/","og_site_name":"NoFloods","article_publisher":"https:\/\/www.facebook.com\/environmentsolutions\/","article_modified_time":"2026-05-04T10:24:04+00:00","twitter_card":"summary_large_image","twitter_site":"@NoFloodsBarrier","twitter_misc":{"Tempo estimado de leitura":"4 minutos"},"schema":{"@context":"https:\/\/schema.org","@graph":[{"@type":"WebPage","@id":"https:\/\/nofloods.com\/pt-pt\/cookie-policy\/","url":"https:\/\/nofloods.com\/pt-pt\/cookie-policy\/","name":"Pol\u00edtica de Cookies - NoFloods","isPartOf":{"@id":"https:\/\/nofloods.com\/pt-pt\/#website"},"datePublished":"2025-09-05T09:56:14+00:00","dateModified":"2026-05-04T10:24:04+00:00","breadcrumb":{"@id":"https:\/\/nofloods.com\/pt-pt\/cookie-policy\/#breadcrumb"},"inLanguage":"pt-PT","potentialAction":[{"@type":"ReadAction","target":["https:\/\/nofloods.com\/pt-pt\/cookie-policy\/"]}]},{"@type":"BreadcrumbList","@id":"https:\/\/nofloods.com\/pt-pt\/cookie-policy\/#breadcrumb","itemListElement":[{"@type":"ListItem","position":1,"name":"Home","item":"https:\/\/nofloods.com\/pt-pt\/home\/"},{"@type":"ListItem","position":2,"name":"Pol\u00edtica de Cookies"}]},{"@type":"WebSite","@id":"https:\/\/nofloods.com\/pt-pt\/#website","url":"https:\/\/nofloods.com\/pt-pt\/","name":"NoFloods","description":"By Environment Solutions","publisher":{"@id":"https:\/\/nofloods.com\/pt-pt\/#organization"},"potentialAction":[{"@type":"SearchAction","target":{"@type":"EntryPoint","urlTemplate":"https:\/\/nofloods.com\/pt-pt\/?s={search_term_string}"},"query-input":{"@type":"PropertyValueSpecification","valueRequired":true,"valueName":"search_term_string"}}],"inLanguage":"pt-PT"},{"@type":"Organization","@id":"https:\/\/nofloods.com\/pt-pt\/#organization","name":"NoFloods","url":"https:\/\/nofloods.com\/pt-pt\/","logo":{"@type":"ImageObject","inLanguage":"pt-PT","@id":"https:\/\/nofloods.com\/pt-pt\/#\/schema\/logo\/image\/","url":"https:\/\/nofloods.com\/wp-content\/uploads\/2025\/05\/NoFloods-EasyWall-Logo.webp?wsr","contentUrl":"https:\/\/nofloods.com\/wp-content\/uploads\/2025\/05\/NoFloods-EasyWall-Logo.webp?wsr","width":340,"height":70,"caption":"NoFloods"},"image":{"@id":"https:\/\/nofloods.com\/pt-pt\/#\/schema\/logo\/image\/"},"sameAs":["https:\/\/www.facebook.com\/environmentsolutions\/","https:\/\/x.com\/NoFloodsBarrier","https:\/\/www.linkedin.com\/company\/environment-solutions-aps"]}]}},"rttpg_featured_image_url":null,"rttpg_author":{"display_name":"nofloods_admin","author_link":"https:\/\/nofloods.com\/pt-pt\/author\/nofloods_admin\/"},"rttpg_comment":0,"rttpg_category":" <a href=\"https:\/\/nofloods.com\/pt-pt\/?taxonomy=translation_priority&#038;term=opcional\" rel=\"tag\">Opcional<\/a>","rttpg_excerpt":"Pol\u00edtica de Cookies In\u00edcio &gt; SOBRE ESTA POL\u00cdTICA DE COOKIES &nbsp; Esta pol\u00edtica de cookies explica o que s\u00e3o cookies [&hellip;]","_links":{"self":[{"href":"https:\/\/nofloods.com\/pt-pt\/wp-json\/wp\/v2\/pages\/39539","targetHints":{"allow":["GET"]}}],"collection":[{"href":"https:\/\/nofloods.com\/pt-pt\/wp-json\/wp\/v2\/pages"}],"about":[{"href":"https:\/\/nofloods.com\/pt-pt\/wp-json\/wp\/v2\/types\/page"}],"author":[{"embeddable":true,"href":"https:\/\/nofloods.com\/pt-pt\/wp-json\/wp\/v2\/users\/1"}],"replies":[{"embeddable":true,"href":"https:\/\/nofloods.com\/pt-pt\/wp-json\/wp\/v2\/comments?post=39539"}],"version-history":[{"count":1,"href":"https:\/\/nofloods.com\/pt-pt\/wp-json\/wp\/v2\/pages\/39539\/revisions"}],"predecessor-version":[{"id":39540,"href":"https:\/\/nofloods.com\/pt-pt\/wp-json\/wp\/v2\/pages\/39539\/revisions\/39540"}],"wp:attachment":[{"href":"https:\/\/nofloods.com\/pt-pt\/wp-json\/wp\/v2\/media?parent=39539"}],"curies":[{"name":"wp","href":"https:\/\/api.w.org\/{rel}","templated":true}]}}