{"id":16858,"date":"2025-09-05T09:51:14","date_gmt":"2025-09-05T09:51:14","guid":{"rendered":"https:\/\/flood-protection.org\/termeni-si-utilizare\/"},"modified":"2025-10-10T18:15:41","modified_gmt":"2025-10-10T18:15:41","slug":"terms-and-use","status":"publish","type":"page","link":"https:\/\/nofloods.com\/ro\/terms-and-use\/","title":{"rendered":"Termeni \u0219i condi\u021bii"},"content":{"rendered":"\t\t<div data-elementor-type=\"wp-page\" data-elementor-id=\"16858\" class=\"elementor elementor-16858 elementor-12711\">\n\t\t\t\t<div class=\"elementor-element elementor-element-853fd1f e-flex e-con-boxed e-con e-parent\" data-id=\"853fd1f\" data-element_type=\"container\" data-e-type=\"container\" data-settings=\"{&quot;background_background&quot;:&quot;classic&quot;}\">\n\t\t\t\t\t<div class=\"e-con-inner\">\n\t\t<div class=\"elementor-element elementor-element-5bd29bb e-con-full e-flex e-con e-child\" data-id=\"5bd29bb\" data-element_type=\"container\" data-e-type=\"container\" data-settings=\"{&quot;background_background&quot;:&quot;classic&quot;}\">\n\t\t\t\t<div class=\"elementor-element elementor-element-8cfa58a elementor-widget elementor-widget-heading\" data-id=\"8cfa58a\" data-element_type=\"widget\" data-e-type=\"widget\" data-widget_type=\"heading.default\">\n\t\t\t\t<div class=\"elementor-widget-container\">\n\t\t\t\t\t<h1 class=\"elementor-heading-title elementor-size-default\">Termeni \u0219i condi\u021bii<\/h1>\t\t\t\t<\/div>\n\t\t\t\t<\/div>\n\t\t\t\t<div class=\"elementor-element elementor-element-1b24f59 elementor-widget elementor-widget-eael-breadcrumbs\" data-id=\"1b24f59\" data-element_type=\"widget\" data-e-type=\"widget\" data-widget_type=\"eael-breadcrumbs.default\">\n\t\t\t\t<div class=\"elementor-widget-container\">\n\t\t\t\t\t\t\t<div class=\"eael-breadcrumbs\">\n\t\t\t<div class=\"eael-breadcrumbs__content\"><a href=\"https:\/\/nofloods.com\/ro\/\">Home<\/a> <span class=\"eael-breadcrumb-separator\">&gt;<\/span> <span class = \"eael-current\">Pagin\u0103<\/span><\/div>\t\t<\/div>\n\t\t\t\t\t\t<\/div>\n\t\t\t\t<\/div>\n\t\t\t\t<\/div>\n\t\t\t\t\t<\/div>\n\t\t\t\t<\/div>\n\t\t<div class=\"elementor-element elementor-element-4a0067a e-flex e-con-boxed e-con e-parent\" data-id=\"4a0067a\" data-element_type=\"container\" data-e-type=\"container\" data-settings=\"{&quot;background_background&quot;:&quot;classic&quot;}\">\n\t\t\t\t\t<div class=\"e-con-inner\">\n\t\t\t\t<div class=\"elementor-element elementor-element-9ad7b4a elementor-widget elementor-widget-text-editor\" data-id=\"9ad7b4a\" data-element_type=\"widget\" data-e-type=\"widget\" data-widget_type=\"text-editor.default\">\n\t\t\t\t<div class=\"elementor-widget-container\">\n\t\t\t\t\t\t\t\t\t<h4><strong>DESPRE ACE\u0218TI TERMENI DE UTILIZARE<\/strong><\/h4><div><strong> <\/strong><\/div><p>V\u0103 rug\u0103m s\u0103 citi\u021bi cu aten\u021bie ace\u0219ti termeni \u00eenainte de a utiliza site-ul nostru. Ace\u0219ti termeni de utilizare v\u0103 informeaz\u0103 despre modul \u00een care pute\u021bi utiliza site-ul nostru. Continu\u00e2nd s\u0103 naviga\u021bi pe site-ul nostru, accepta\u021bi ace\u0219ti termeni \u0219i condi\u021bii.  <\/p><h4><strong>INFORMA\u021aIILE DUMNEAVOASTR\u0102 PERSONALE<\/strong><\/h4><div><strong> <\/strong><\/div><p>Proces\u0103m toate datele personale pe care ni le furniza\u021bi pe site-ul nostru \u00een conformitate cu termenii Politicii noastre de confiden\u021bialitate. V\u0103 rug\u0103m s\u0103 v\u0103 asigura\u021bi c\u0103 toate informa\u021biile pe care ni le furniza\u021bi pe site-ul nostru, inclusiv orice nume de utilizator \u0219i parol\u0103, sunt p\u0103strate \u00een siguran\u021b\u0103, securizate \u0219i confiden\u021biale. <\/p><h4><strong>INFORMA\u021aIILE DE PE SITE-UL NOSTRU<\/strong><\/h4><div><strong> <\/strong><\/div><p>Facem tot posibilul pentru a ne asigura c\u0103 site-ul nostru func\u021bioneaz\u0103 corect \u00een orice moment, dar nu oferim garan\u021bii cu privire la disponibilitatea sau accesibilitatea site-ului nostru \u0219i (cu excep\u021bia celor men\u021bionate aici) nu vom fi r\u0103spunz\u0103tori pentru niciun fel de daune, pierderi, costuri sau cheltuieli suportate de dumneavoastr\u0103 ca urmare a lipsei de disponibilitate sau accesibilitate a site-ului nostru. Dac\u0103 pre\u021burile noastre sunt afi\u0219ate incorect, ne rezerv\u0103m dreptul de a rectifica pre\u021burile \u0219i de a nu v\u0103 vinde produsul la pre\u021bul pe care l-a\u021bi v\u0103zut ini\u021bial pe site-ul nostru. <\/p><h4><strong>LINKURI \u0218I DISTRIBUIRE<\/strong><\/h4><div><strong> <\/strong><\/div><p>Orice linkuri sau oportunit\u0103\u021bi de partajare (prin intermediul re\u021belelor sociale, blogurilor \u0219i site-urilor \u0219i serviciilor de comunicare similare) de pe site-ul nostru sunt furnizate exclusiv pentru utilizarea \u0219i confortul dumneavoastr\u0103. Linkul nu reprezint\u0103 nicio aprobare sau recomandare din partea noastr\u0103 \u0219i nu \u00eenseamn\u0103 c\u0103 avem vreo asociere cu site-ul legat. Nu suntem responsabili pentru con\u021binutul niciunui site web care este legat de sau de pe site-ul nostru sau pentru consecin\u021bele legale ale \u00eencheierii de contracte cu ter\u021be p\u0103r\u021bi care furnizeaz\u0103 aceste site-uri legate \u0219i nu accept\u0103m nicio r\u0103spundere pentru nicio pierdere, daun\u0103, cheltuial\u0103, costuri sau r\u0103spundere de orice fel suportate de dumneavoastr\u0103 ca urmare.  <\/p><p>V\u0103 rug\u0103m s\u0103 re\u021bine\u021bi c\u0103, dac\u0103 distribui\u021bi con\u021binut pe alte platforme, pot exista termeni \u0219i condi\u021bii separate legate de organiza\u021bia care v\u0103 permite s\u0103 distribui\u021bi. V\u0103 rug\u0103m s\u0103 verifica\u021bi termenii \u0219i condi\u021biile oric\u0103rui site pe care inten\u021biona\u021bi s\u0103 distribui\u021bi. Anumite termeni \u0219i condi\u021bii pot interzice distribuirea con\u021binutului nostru.  <\/p><p>Nu vom fi r\u0103spunz\u0103tori pentru nicio pierdere, daun\u0103, cheltuial\u0103, costuri, \u00eent\u00e2rzieri sau alt\u0103 r\u0103spundere de orice fel (inclusiv, f\u0103r\u0103 limitare, pierderi financiare, cum ar fi pierderea de profit) pe care le pute\u021bi suporta ca urmare a oric\u0103rui eveniment dincolo de controlul nostru rezonabil (inclusiv, f\u0103r\u0103 limitare, orice e\u0219ec de transmisie, comunicare, calculator sau alte facilit\u0103\u021bi sau incapacitatea dumneavoastr\u0103 de a accesa site-ul din orice motiv sau orice e\u0219ec, eroare sau \u00eent\u00e2rziere \u00een trimiterea sau primirea oric\u0103rei notific\u0103ri sau comunic\u0103ri sau instruc\u021biuni prin po\u0219t\u0103 sau orice mediu electronic).<\/p><h4><strong>DREPTURI DE AUTOR<\/strong><\/h4><div><strong> <\/strong><\/div><p>Con\u021binutul tuturor p\u0103r\u021bilor site-ului apar\u021bine <strong>ENVIRONMENT SOLUTIONS APS<\/strong>. Aceasta include drepturile de autor asupra tuturor textelor, descrierilor \u0219i imaginilor. Include, de asemenea, m\u0103rcile comerciale \u00een numele \u0219i logo-urile noastre.  <\/p><p>Pute\u021bi desc\u0103rca pe un hard disk local \u0219i imprima extrase de pe site-ul nostru pentru uz personal. De asemenea, pute\u021bi recopia extrasele desc\u0103rcate c\u0103tre al\u021bii, cu condi\u021bia s\u0103 nu face\u021bi acest lucru pentru profit. <\/p><p>Reproducerea unei p\u0103r\u021bi sau a \u00eentregului con\u021binut \u00een orice form\u0103 este interzis\u0103, cu excep\u021bia utiliz\u0103rii personale. Niciunul dintre con\u021binuturile site-ului nostru nu poate fi copiat sau altfel \u00eencorporat sau stocat \u00een niciun alt site web, sistem electronic de recuperare, publica\u021bie sau alt\u0103 lucrare \u00een orice form\u0103 (fie copie tip\u0103rit\u0103, electronic\u0103 sau alt\u0103 form\u0103). <\/p><p>Dac\u0103 dori\u021bi s\u0103 utiliza\u021bi oricare dintre con\u021binuturile noastre \u00een alt scop dec\u00e2t cele men\u021bionate mai sus (ceea ce include \u00eencadrarea site-ului), trebuie s\u0103 ne contacta\u021bi mai \u00eent\u00e2i \u0219i s\u0103 ob\u021bine\u021bi permisiunea noastr\u0103.<\/p><h4><strong>ASIGURA\u021aI-V\u0102 C\u0102 SUNTE\u021aI LA CURENT<\/strong><\/h4><div><strong> <\/strong><\/div><p>Ne rezerv\u0103m dreptul de a modifica termenii \u00een care site-ul nostru \u0219i produsele sunt oferite \u00een orice moment. Orice modific\u0103ri ale termenilor \u0219i condi\u021biilor noastre legale vor intra \u00een vigoare imediat c\u00e2nd sunt plasate pe site-ul nostru \u0219i se vor aplica tuturor utiliz\u0103rilor viitoare ale site-ului nostru. Ar trebui s\u0103 verifica\u021bi regulat Termenii \u0219i condi\u021biile generale \u0219i politicile noastre postate pe site-ul nostru, deoarece acestea pot fi modificate de la ultima dumneavoastr\u0103 vizit\u0103.  <\/p><h4><strong>CE NU PUTE\u021aI FACE PE SITE-UL NOSTRU<\/strong><\/h4><div><strong> <\/strong><\/div><p>C\u00e2nd utiliza\u021bi site-ul nostru, nu pute\u021bi: (1) interfera sau dezactiva orice caracteristici de securitate ale site-ului sau caracteristici care \u00eempiedic\u0103 sau restric\u021bioneaz\u0103 utilizarea sau copierea con\u021binutului accesibil prin intermediul site-ului; (2) furniza informa\u021bii false \u00een detaliile contului dumneavoastr\u0103; (3) prelua identitatea altei persoane f\u0103r\u0103 permisiunea acelei persoane sau s\u0103 pretinde\u021bi c\u0103 ac\u021biona\u021bi \u00een numele unei persoane, entit\u0103\u021bi sau organiza\u021bii; (4) utiliza site-ul dac\u0103 v-am suspendat sau interzis utilizarea acestuia; (5) trimite mesaje nedorite, spam sau repetitive; (6) angaja\u021bi \u00een orice comportament ilegal sau nelegal; (7) modifica, interfera, intercepta, perturba sau hackui site-ul; (8) utiliza gre\u0219it site-ul prin introducerea con\u0219tient\u0103 de viru\u0219i, troieni, viermi, bombe logice sau alte materiale similare sau prin \u00eentreprinderea oric\u0103rei alte ac\u021biuni care ar d\u0103una site-ului, echipamentului oric\u0103rui utilizator al site-ului sau ar avea un impact negativ asupra experien\u021bei oric\u0103rui utilizator al site-ului; (9) colecta orice date de pe site, altfel dec\u00e2t \u00een conformitate cu ace\u0219ti Termeni de Utilizare; (10) trimite sau contribui cu orice con\u021binut care este abuziv, amenin\u021b\u0103tor, obscen, neadev\u0103rat, \u0219ocant sau ofensator; (11) abuza, r\u0103ni sau intimida un alt utilizator al site-ului, membru al personalului nostru sau persoan\u0103; (12) trimite sau contribui cu orice Con\u021binut al Utilizatorului f\u0103r\u0103 permisiunea proprietarului con\u021binutului sau altfel s\u0103 \u00eencalci drepturile de autor, marca comercial\u0103 sau alte drepturi ale ter\u021bilor; sau (13) trimite sau contribui cu orice informa\u021bie sau comentariu despre o alt\u0103 persoan\u0103 care este neadev\u0103rat, privat, confiden\u021bial sau def\u0103im\u0103tor (inclusiv acuz\u00e2nd personal o alt\u0103 persoan\u0103 de criminalitate neprobat\u0103 sau de gre\u0219eli grave care ar putea d\u0103una reputa\u021biei lor \u00een ochii oricui cite\u0219te comentariul dumneavoastr\u0103).<\/p><p>Dac\u0103 \u00eenc\u0103lca\u021bi oricare dintre ace\u0219ti Termeni de Utilizare, v\u0103 putem \u00eempiedica s\u0103 utiliza\u021bi acest site web pe o baz\u0103 permanent\u0103 sau temporar\u0103. Putem lua \u0219i alte m\u0103suri, inclusiv, dar f\u0103r\u0103 a ne limita la raportarea dumneavoastr\u0103 la poli\u021bie sau alt organism de aplicare a legii, emiterea unui avertisment sau luarea de m\u0103suri legale \u00eempotriva dumneavoastr\u0103 \u0219i urm\u0103rirea oric\u0103ror costuri pe care le suport\u0103m ca urmare a acestui fapt. <\/p><h4><strong>AVE\u021aI \u00ceNTREB\u0102RI?<\/strong><\/h4><div><strong> <\/strong><\/div><p>Dac\u0103 ave\u021bi \u00eentreb\u0103ri despre orice pe acest site, v\u0103 rug\u0103m s\u0103 ne contacta\u021bi.<\/p>\t\t\t\t\t\t\t\t<\/div>\n\t\t\t\t<\/div>\n\t\t\t\t\t<\/div>\n\t\t\t\t<\/div>\n\t\t\t\t<\/div>\n\t\t","protected":false},"excerpt":{"rendered":"<p>Termeni \u0219i condi\u021bii Home &gt; DESPRE ACE\u0218TI TERMENI DE UTILIZARE V\u0103 rug\u0103m s\u0103 citi\u021bi cu aten\u021bie ace\u0219ti termeni \u00eenainte de [&hellip;]<\/p>\n","protected":false},"author":1,"featured_media":0,"parent":0,"menu_order":0,"comment_status":"closed","ping_status":"closed","template":"elementor_header_footer","meta":{"_acf_changed":false,"site-sidebar-layout":"default","site-content-layout":"","ast-site-content-layout":"default","site-content-style":"default","site-sidebar-style":"default","ast-global-header-display":"","ast-banner-title-visibility":"","ast-main-header-display":"","ast-hfb-above-header-display":"","ast-hfb-below-header-display":"","ast-hfb-mobile-header-display":"","site-post-title":"","ast-breadcrumbs-content":"","ast-featured-img":"","footer-sml-layout":"","ast-disable-related-posts":"","theme-transparent-header-meta":"","adv-header-id-meta":"","stick-header-meta":"","header-above-stick-meta":"","header-main-stick-meta":"","header-below-stick-meta":"","astra-migrate-meta-layouts":"default","ast-page-background-enabled":"default","ast-page-background-meta":{"desktop":{"background-color":"","background-image":"","background-repeat":"repeat","background-position":"center center","background-size":"auto","background-attachment":"scroll","background-type":"","background-media":"","overlay-type":"","overlay-color":"","overlay-opacity":"","overlay-gradient":""},"tablet":{"background-color":"","background-image":"","background-repeat":"repeat","background-position":"center center","background-size":"auto","background-attachment":"scroll","background-type":"","background-media":"","overlay-type":"","overlay-color":"","overlay-opacity":"","overlay-gradient":""},"mobile":{"background-color":"","background-image":"","background-repeat":"repeat","background-position":"center center","background-size":"auto","background-attachment":"scroll","background-type":"","background-media":"","overlay-type":"","overlay-color":"","overlay-opacity":"","overlay-gradient":""}},"ast-content-background-meta":{"desktop":{"background-color":"var(--ast-global-color-5)","background-image":"","background-repeat":"repeat","background-position":"center center","background-size":"auto","background-attachment":"scroll","background-type":"","background-media":"","overlay-type":"","overlay-color":"","overlay-opacity":"","overlay-gradient":""},"tablet":{"background-color":"var(--ast-global-color-5)","background-image":"","background-repeat":"repeat","background-position":"center center","background-size":"auto","background-attachment":"scroll","background-type":"","background-media":"","overlay-type":"","overlay-color":"","overlay-opacity":"","overlay-gradient":""},"mobile":{"background-color":"var(--ast-global-color-5)","background-image":"","background-repeat":"repeat","background-position":"center center","background-size":"auto","background-attachment":"scroll","background-type":"","background-media":"","overlay-type":"","overlay-color":"","overlay-opacity":"","overlay-gradient":""}},"footnotes":""},"class_list":["post-16858","page","type-page","status-publish","hentry"],"acf":[],"yoast_head":"<!-- This site is optimized with the Yoast SEO plugin v27.2 - https:\/\/yoast.com\/product\/yoast-seo-wordpress\/ -->\n<title>Termeni \u0219i condi\u021bii - NoFloods<\/title>\n<meta name=\"robots\" content=\"index, follow, max-snippet:-1, max-image-preview:large, max-video-preview:-1\" \/>\n<link rel=\"canonical\" href=\"https:\/\/nofloods.com\/ro\/terms-and-use\/\" \/>\n<meta property=\"og:locale\" content=\"ro_RO\" \/>\n<meta property=\"og:type\" content=\"article\" \/>\n<meta property=\"og:title\" content=\"Termeni \u0219i condi\u021bii - NoFloods\" \/>\n<meta property=\"og:description\" content=\"Termeni \u0219i condi\u021bii Home &gt; DESPRE ACE\u0218TI TERMENI DE UTILIZARE V\u0103 rug\u0103m s\u0103 citi\u021bi cu aten\u021bie ace\u0219ti termeni \u00eenainte de [&hellip;]\" \/>\n<meta property=\"og:url\" content=\"https:\/\/nofloods.com\/ro\/terms-and-use\/\" \/>\n<meta property=\"og:site_name\" content=\"NoFloods\" \/>\n<meta property=\"article:publisher\" content=\"https:\/\/www.facebook.com\/environmentsolutions\/\" \/>\n<meta property=\"article:modified_time\" content=\"2025-10-10T18:15:41+00:00\" \/>\n<meta name=\"twitter:card\" content=\"summary_large_image\" \/>\n<meta name=\"twitter:site\" content=\"@NoFloodsBarrier\" \/>\n<meta name=\"twitter:label1\" content=\"Timp estimat pentru citire\" \/>\n\t<meta name=\"twitter:data1\" content=\"6 minute\" \/>\n<script type=\"application\/ld+json\" class=\"yoast-schema-graph\">{\"@context\":\"https:\/\/schema.org\",\"@graph\":[{\"@type\":\"WebPage\",\"@id\":\"https:\/\/nofloods.com\/ro\/terms-and-use\/\",\"url\":\"https:\/\/nofloods.com\/ro\/terms-and-use\/\",\"name\":\"Termeni \u0219i condi\u021bii - NoFloods\",\"isPartOf\":{\"@id\":\"https:\/\/nofloods.com\/ro\/#website\"},\"datePublished\":\"2025-09-05T09:51:14+00:00\",\"dateModified\":\"2025-10-10T18:15:41+00:00\",\"breadcrumb\":{\"@id\":\"https:\/\/nofloods.com\/ro\/terms-and-use\/#breadcrumb\"},\"inLanguage\":\"ro-RO\",\"potentialAction\":[{\"@type\":\"ReadAction\",\"target\":[\"https:\/\/nofloods.com\/ro\/terms-and-use\/\"]}]},{\"@type\":\"BreadcrumbList\",\"@id\":\"https:\/\/nofloods.com\/ro\/terms-and-use\/#breadcrumb\",\"itemListElement\":[{\"@type\":\"ListItem\",\"position\":1,\"name\":\"Home\",\"item\":\"https:\/\/nofloods.com\/ro\/\"},{\"@type\":\"ListItem\",\"position\":2,\"name\":\"Termeni \u0219i condi\u021bii\"}]},{\"@type\":\"WebSite\",\"@id\":\"https:\/\/nofloods.com\/ro\/#website\",\"url\":\"https:\/\/nofloods.com\/ro\/\",\"name\":\"NoFloods\",\"description\":\"By Environment Solutions\",\"publisher\":{\"@id\":\"https:\/\/nofloods.com\/ro\/#organization\"},\"potentialAction\":[{\"@type\":\"SearchAction\",\"target\":{\"@type\":\"EntryPoint\",\"urlTemplate\":\"https:\/\/nofloods.com\/ro\/?s={search_term_string}\"},\"query-input\":{\"@type\":\"PropertyValueSpecification\",\"valueRequired\":true,\"valueName\":\"search_term_string\"}}],\"inLanguage\":\"ro-RO\"},{\"@type\":\"Organization\",\"@id\":\"https:\/\/nofloods.com\/ro\/#organization\",\"name\":\"NoFloods\",\"url\":\"https:\/\/nofloods.com\/ro\/\",\"logo\":{\"@type\":\"ImageObject\",\"inLanguage\":\"ro-RO\",\"@id\":\"https:\/\/nofloods.com\/ro\/#\/schema\/logo\/image\/\",\"url\":\"https:\/\/nofloods.com\/wp-content\/uploads\/2025\/05\/NoFloods-EasyWall-Logo.webp?wsr\",\"contentUrl\":\"https:\/\/nofloods.com\/wp-content\/uploads\/2025\/05\/NoFloods-EasyWall-Logo.webp?wsr\",\"width\":340,\"height\":70,\"caption\":\"NoFloods\"},\"image\":{\"@id\":\"https:\/\/nofloods.com\/ro\/#\/schema\/logo\/image\/\"},\"sameAs\":[\"https:\/\/www.facebook.com\/environmentsolutions\/\",\"https:\/\/x.com\/NoFloodsBarrier\",\"https:\/\/www.linkedin.com\/company\/environment-solutions-aps\"]}]}<\/script>\n<!-- \/ Yoast SEO plugin. -->","yoast_head_json":{"title":"Termeni \u0219i condi\u021bii - NoFloods","robots":{"index":"index","follow":"follow","max-snippet":"max-snippet:-1","max-image-preview":"max-image-preview:large","max-video-preview":"max-video-preview:-1"},"canonical":"https:\/\/nofloods.com\/ro\/terms-and-use\/","og_locale":"ro_RO","og_type":"article","og_title":"Termeni \u0219i condi\u021bii - NoFloods","og_description":"Termeni \u0219i condi\u021bii Home &gt; DESPRE ACE\u0218TI TERMENI DE UTILIZARE V\u0103 rug\u0103m s\u0103 citi\u021bi cu aten\u021bie ace\u0219ti termeni \u00eenainte de [&hellip;]","og_url":"https:\/\/nofloods.com\/ro\/terms-and-use\/","og_site_name":"NoFloods","article_publisher":"https:\/\/www.facebook.com\/environmentsolutions\/","article_modified_time":"2025-10-10T18:15:41+00:00","twitter_card":"summary_large_image","twitter_site":"@NoFloodsBarrier","twitter_misc":{"Timp estimat pentru citire":"6 minute"},"schema":{"@context":"https:\/\/schema.org","@graph":[{"@type":"WebPage","@id":"https:\/\/nofloods.com\/ro\/terms-and-use\/","url":"https:\/\/nofloods.com\/ro\/terms-and-use\/","name":"Termeni \u0219i condi\u021bii - NoFloods","isPartOf":{"@id":"https:\/\/nofloods.com\/ro\/#website"},"datePublished":"2025-09-05T09:51:14+00:00","dateModified":"2025-10-10T18:15:41+00:00","breadcrumb":{"@id":"https:\/\/nofloods.com\/ro\/terms-and-use\/#breadcrumb"},"inLanguage":"ro-RO","potentialAction":[{"@type":"ReadAction","target":["https:\/\/nofloods.com\/ro\/terms-and-use\/"]}]},{"@type":"BreadcrumbList","@id":"https:\/\/nofloods.com\/ro\/terms-and-use\/#breadcrumb","itemListElement":[{"@type":"ListItem","position":1,"name":"Home","item":"https:\/\/nofloods.com\/ro\/"},{"@type":"ListItem","position":2,"name":"Termeni \u0219i condi\u021bii"}]},{"@type":"WebSite","@id":"https:\/\/nofloods.com\/ro\/#website","url":"https:\/\/nofloods.com\/ro\/","name":"NoFloods","description":"By Environment Solutions","publisher":{"@id":"https:\/\/nofloods.com\/ro\/#organization"},"potentialAction":[{"@type":"SearchAction","target":{"@type":"EntryPoint","urlTemplate":"https:\/\/nofloods.com\/ro\/?s={search_term_string}"},"query-input":{"@type":"PropertyValueSpecification","valueRequired":true,"valueName":"search_term_string"}}],"inLanguage":"ro-RO"},{"@type":"Organization","@id":"https:\/\/nofloods.com\/ro\/#organization","name":"NoFloods","url":"https:\/\/nofloods.com\/ro\/","logo":{"@type":"ImageObject","inLanguage":"ro-RO","@id":"https:\/\/nofloods.com\/ro\/#\/schema\/logo\/image\/","url":"https:\/\/nofloods.com\/wp-content\/uploads\/2025\/05\/NoFloods-EasyWall-Logo.webp?wsr","contentUrl":"https:\/\/nofloods.com\/wp-content\/uploads\/2025\/05\/NoFloods-EasyWall-Logo.webp?wsr","width":340,"height":70,"caption":"NoFloods"},"image":{"@id":"https:\/\/nofloods.com\/ro\/#\/schema\/logo\/image\/"},"sameAs":["https:\/\/www.facebook.com\/environmentsolutions\/","https:\/\/x.com\/NoFloodsBarrier","https:\/\/www.linkedin.com\/company\/environment-solutions-aps"]}]}},"rttpg_featured_image_url":null,"rttpg_author":{"display_name":"nofloods_admin","author_link":"https:\/\/nofloods.com\/ro\/author\/nofloods_admin\/"},"rttpg_comment":0,"rttpg_category":" <a href=\"https:\/\/nofloods.com\/ro\/?taxonomy=translation_priority&#038;term=optional-ro\" rel=\"tag\">Optional<\/a>","rttpg_excerpt":"Termeni \u0219i condi\u021bii Home &gt; DESPRE ACE\u0218TI TERMENI DE UTILIZARE V\u0103 rug\u0103m s\u0103 citi\u021bi cu aten\u021bie ace\u0219ti termeni \u00eenainte de [&hellip;]","_links":{"self":[{"href":"https:\/\/nofloods.com\/ro\/wp-json\/wp\/v2\/pages\/16858","targetHints":{"allow":["GET"]}}],"collection":[{"href":"https:\/\/nofloods.com\/ro\/wp-json\/wp\/v2\/pages"}],"about":[{"href":"https:\/\/nofloods.com\/ro\/wp-json\/wp\/v2\/types\/page"}],"author":[{"embeddable":true,"href":"https:\/\/nofloods.com\/ro\/wp-json\/wp\/v2\/users\/1"}],"replies":[{"embeddable":true,"href":"https:\/\/nofloods.com\/ro\/wp-json\/wp\/v2\/comments?post=16858"}],"version-history":[{"count":5,"href":"https:\/\/nofloods.com\/ro\/wp-json\/wp\/v2\/pages\/16858\/revisions"}],"predecessor-version":[{"id":26428,"href":"https:\/\/nofloods.com\/ro\/wp-json\/wp\/v2\/pages\/16858\/revisions\/26428"}],"wp:attachment":[{"href":"https:\/\/nofloods.com\/ro\/wp-json\/wp\/v2\/media?parent=16858"}],"curies":[{"name":"wp","href":"https:\/\/api.w.org\/{rel}","templated":true}]}}