{"id":16907,"date":"2025-09-05T09:56:14","date_gmt":"2025-09-05T09:56:14","guid":{"rendered":"https:\/\/flood-protection.org\/politica-privind-cookie-urile\/"},"modified":"2025-09-08T14:33:39","modified_gmt":"2025-09-08T14:33:39","slug":"politica-privind-cookie-urile","status":"publish","type":"page","link":"https:\/\/nofloods.com\/ro\/politica-privind-cookie-urile\/","title":{"rendered":"Politica privind cookie-urile"},"content":{"rendered":"\t\t<div data-elementor-type=\"wp-page\" data-elementor-id=\"16907\" class=\"elementor elementor-16907 elementor-12734\">\n\t\t\t\t<div class=\"elementor-element elementor-element-853fd1f e-flex e-con-boxed e-con e-parent\" data-id=\"853fd1f\" data-element_type=\"container\" data-e-type=\"container\" data-settings=\"{&quot;background_background&quot;:&quot;classic&quot;}\">\n\t\t\t\t\t<div class=\"e-con-inner\">\n\t\t<div class=\"elementor-element elementor-element-5bd29bb e-con-full e-flex e-con e-child\" data-id=\"5bd29bb\" data-element_type=\"container\" data-e-type=\"container\" data-settings=\"{&quot;background_background&quot;:&quot;classic&quot;}\">\n\t\t\t\t<div class=\"elementor-element elementor-element-8cfa58a elementor-widget elementor-widget-heading\" data-id=\"8cfa58a\" data-element_type=\"widget\" data-e-type=\"widget\" data-widget_type=\"heading.default\">\n\t\t\t\t<div class=\"elementor-widget-container\">\n\t\t\t\t\t<h1 class=\"elementor-heading-title elementor-size-default\">Politica privind cookie-urile<\/h1>\t\t\t\t<\/div>\n\t\t\t\t<\/div>\n\t\t\t\t<div class=\"elementor-element elementor-element-1b24f59 elementor-widget elementor-widget-eael-breadcrumbs\" data-id=\"1b24f59\" data-element_type=\"widget\" data-e-type=\"widget\" data-widget_type=\"eael-breadcrumbs.default\">\n\t\t\t\t<div class=\"elementor-widget-container\">\n\t\t\t\t\t\t\t<div class=\"eael-breadcrumbs\">\n\t\t\t<div class=\"eael-breadcrumbs__content\"><a href=\"https:\/\/nofloods.com\/ro\/\">Home<\/a> <span class=\"eael-breadcrumb-separator\">&gt;<\/span> <span class = \"eael-current\">Pagin\u0103<\/span><\/div>\t\t<\/div>\n\t\t\t\t\t\t<\/div>\n\t\t\t\t<\/div>\n\t\t\t\t<\/div>\n\t\t\t\t\t<\/div>\n\t\t\t\t<\/div>\n\t\t<div class=\"elementor-element elementor-element-4a0067a e-flex e-con-boxed e-con e-parent\" data-id=\"4a0067a\" data-element_type=\"container\" data-e-type=\"container\" data-settings=\"{&quot;background_background&quot;:&quot;classic&quot;}\">\n\t\t\t\t\t<div class=\"e-con-inner\">\n\t\t\t\t<div class=\"elementor-element elementor-element-9ad7b4a elementor-widget elementor-widget-text-editor\" data-id=\"9ad7b4a\" data-element_type=\"widget\" data-e-type=\"widget\" data-widget_type=\"text-editor.default\">\n\t\t\t\t<div class=\"elementor-widget-container\">\n\t\t\t\t\t\t\t\t\t<h4><strong>DESPRE ACEAST\u0102 POLITIC\u0102 PRIVIND COOKIE-URILE<\/strong><\/h4>\n<div><strong>&nbsp;<\/strong><\/div>\n<p>Aceast\u0103 politic\u0103 privind cookie-urile explic\u0103 ce sunt cookie-urile \u0219i cum le folosim pe site-ul nostru. Ar trebui s\u0103 citi\u021bi aceast\u0103 politic\u0103 pentru a \u00een\u021belege ce tip de cookie-uri folosim, informa\u021biile pe care le colect\u0103m folosind cookie-urile \u0219i cum sunt utilizate aceste informa\u021bii. Prin utilizarea site-ului nostru, sunte\u021bi de acord c\u0103 putem folosi cookie-uri \u00een conformitate cu aceast\u0103 politic\u0103.  <\/p>\n<h4><strong>Ce sunt cookie-urile?<\/strong><\/h4>\n<div><strong>&nbsp;<\/strong><\/div>\n<p>Cookie-urile sunt fi\u0219iere care con\u021bin o cantitate mic\u0103 de informa\u021bii. Cookie-urile sunt stocate pe browserul sau pe hard disk-ul computerului sau dispozitivului dumneavoastr\u0103. <\/p>\n<h4><strong>Cum folosim cookie-urile?<\/strong><\/h4>\n<div><strong>&nbsp;<\/strong><\/div>\n<p>Folosim cookie-uri pentru a v\u0103 distinge de al\u021bi utilizatori ai site-ului nostru \u0219i pentru a oferi o experien\u021b\u0103 de navigare unic\u0103 pentru dumneavoastr\u0103. Cookie-urile sunt folosite de noi pentru ca site-ul nostru s\u0103 poat\u0103 re\u021bine ce a\u021bi f\u0103cut \u00een timp ce naviga\u021bi, de exemplu, detaliile de autentificare, c\u00e2t de departe a\u021bi ajuns cu o comand\u0103 \u0219i ce se afl\u0103 \u00een co\u0219ul dumneavoastr\u0103 de cump\u0103r\u0103turi. <\/p>\n<h4><strong>Ce tip de cookie-uri folosim?<\/strong><\/h4>\n<div><strong>&nbsp;<\/strong><\/div>\n<p>Cookie-urile pot fi sub form\u0103 de cookie-uri de sesiune sau cookie-uri persistente. Cookie-urile de sesiune sunt \u0219terse de pe computerul sau dispozitivul dumneavoastr\u0103 atunci c\u00e2nd \u00eenchide\u021bi browserul web. Cookie-urile persistente vor r\u0103m\u00e2ne stocate pe computerul sau dispozitivul dumneavoastr\u0103 p\u00e2n\u0103 c\u00e2nd sunt \u0219terse sau p\u00e2n\u0103 c\u00e2nd ajung la data de expirare. Folosim urm\u0103toarele cookie-uri:   <\/p>\n<p>Cookie-uri analitice\/de performan\u021b\u0103. Aceste cookie-uri ne permit s\u0103 recunoa\u0219tem \u0219i s\u0103 num\u0103r\u0103m num\u0103rul de vizitatori ai site-ului nostru \u0219i s\u0103 vedem cum se deplaseaz\u0103 vizitatorii atunci c\u00e2nd \u00eel folosesc. Acest lucru ne ajut\u0103 s\u0103 \u00eembun\u0103t\u0103\u021bim modul \u00een care func\u021bioneaz\u0103 site-ul nostru, de exemplu, asigur\u00e2ndu-ne c\u0103 utilizatorii g\u0103sesc cu u\u0219urin\u021b\u0103 ceea ce caut\u0103.  <\/p>\n<p>Cookie-uri de func\u021bionalitate. Aceste cookie-uri sunt folosite pentru a v\u0103 recunoa\u0219te atunci c\u00e2nd reveni\u021bi pe site-ul nostru. Acest lucru ne permite s\u0103 personaliz\u0103m con\u021binutul pentru dumneavoastr\u0103, cum ar fi s\u0103 v\u0103 salut\u0103m pe nume \u0219i s\u0103 re\u021binem preferin\u021bele dumneavoastr\u0103. De asemenea, permite suportul de chat live \u00een timpul experien\u021bei dumneavoastr\u0103 de navigare.   <\/p>\n<p>Cookie-uri de direc\u021bionare. Aceste cookie-uri \u00eenregistreaz\u0103 vizita dumneavoastr\u0103 pe site-ul nostru, paginile pe care le-a\u021bi vizitat \u0219i linkurile pe care le-a\u021bi urmat. Vom folosi aceste informa\u021bii pentru a face site-ul nostru \u0219i publicitatea afi\u0219at\u0103 pe acesta mai relevante pentru interesele dumneavoastr\u0103. De asemenea, putem \u00eemp\u0103rt\u0103\u0219i aceste informa\u021bii cu ter\u021be p\u0103r\u021bi \u00een acest scop. Aceste cookie-uri v\u0103 permit s\u0103 partaja\u021bi \u0219i s\u0103 trimite\u021bi informa\u021bii c\u0103tre alte site-uri web.    <\/p>\n<h4><strong>Ce fel de informa\u021bii colect\u0103m folosind cookie-uri?<\/strong><\/h4>\n<div><strong>&nbsp;<\/strong><\/div>\n<p>C\u00e2nd vizita\u021bi site-ul nostru, putem colecta automat urm\u0103toarele informa\u021bii de la dumneavoastr\u0103: informa\u021bii despre autentificare, set\u0103rile de fus orar, sistemul de operare \u0219i platforma, informa\u021bii despre vizitele dumneavoastr\u0103, inclusiv URL-ul de unde a\u021bi venit, \u021bara dumneavoastr\u0103, termenii de c\u0103utare utiliza\u021bi \u0219i metodele folosite pentru a p\u0103r\u0103si pagina.<\/p>\n<h4><strong>Cum bloca\u021bi cookie-urile?<\/strong><\/h4>\n<div><strong>&nbsp;<\/strong><\/div>\n<p>Pute\u021bi s\u0103 bloca\u021bi cookie-urile activ\u00e2nd setarea din browserul dumneavoastr\u0103 care v\u0103 permite s\u0103 refuza\u021bi setarea tuturor sau a unor cookie-uri. Pute\u021bi afla mai multe despre cookie-uri \u0219i cum s\u0103 le \u0219terge\u021bi \u0219i s\u0103 le controla\u021bi pe www.aboutcookies.org.  <\/p>\n<p>Dac\u0103 bloca\u021bi utilizarea cookie-urilor de c\u0103tre noi, este posibil s\u0103 nu pute\u021bi accesa anumite zone ale site-ului nostru \u0219i anumite func\u021bii \u0219i pagini nu vor func\u021biona \u00een mod obi\u0219nuit. De exemplu, nu ve\u021bi putea folosi func\u021bia de list\u0103 de cump\u0103r\u0103turi sau s\u0103 face\u021bi cump\u0103r\u0103turi online. <\/p>\n<h4><strong>Cum poate <em>ENVIRONMENT SOLUTIONS APS<\/em> s\u0103 modifice politica privind cookie-urile<\/strong><\/h4><div><strong><br><\/strong><\/div>\n<p>Este posibil s\u0103 actualiz\u0103m aceast\u0103 politic\u0103 din c\u00e2nd \u00een c\u00e2nd. Schimb\u0103rile \u00een tehnologie, legisla\u021bie \u0219i \u00eendrum\u0103rile autorit\u0103\u021bilor pot necesita s\u0103 v\u0103 inform\u0103m despre activit\u0103\u021bile pe care le desf\u0103\u0219ur\u0103m atunci c\u00e2nd acestea v\u0103 afecteaz\u0103 drepturile de confiden\u021bialitate. Ar trebui s\u0103 verifica\u021bi aceast\u0103 pagin\u0103 ocazional pentru a v\u0103 asigura c\u0103 sunte\u021bi familiarizat cu orice modific\u0103ri.  <\/p>\t\t\t\t\t\t\t\t<\/div>\n\t\t\t\t<\/div>\n\t\t\t\t\t<\/div>\n\t\t\t\t<\/div>\n\t\t\t\t<\/div>\n\t\t","protected":false},"excerpt":{"rendered":"<p>Politica privind cookie-urile Home &gt; DESPRE ACEAST\u0102 POLITIC\u0102 PRIVIND COOKIE-URILE &nbsp; Aceast\u0103 politic\u0103 privind cookie-urile explic\u0103 ce sunt cookie-urile \u0219i [&hellip;]<\/p>\n","protected":false},"author":1,"featured_media":0,"parent":0,"menu_order":0,"comment_status":"closed","ping_status":"closed","template":"elementor_header_footer","meta":{"_acf_changed":false,"site-sidebar-layout":"default","site-content-layout":"","ast-site-content-layout":"default","site-content-style":"default","site-sidebar-style":"default","ast-global-header-display":"","ast-banner-title-visibility":"","ast-main-header-display":"","ast-hfb-above-header-display":"","ast-hfb-below-header-display":"","ast-hfb-mobile-header-display":"","site-post-title":"","ast-breadcrumbs-content":"","ast-featured-img":"","footer-sml-layout":"","ast-disable-related-posts":"","theme-transparent-header-meta":"","adv-header-id-meta":"","stick-header-meta":"","header-above-stick-meta":"","header-main-stick-meta":"","header-below-stick-meta":"","astra-migrate-meta-layouts":"default","ast-page-background-enabled":"default","ast-page-background-meta":{"desktop":{"background-color":"","background-image":"","background-repeat":"repeat","background-position":"center center","background-size":"auto","background-attachment":"scroll","background-type":"","background-media":"","overlay-type":"","overlay-color":"","overlay-opacity":"","overlay-gradient":""},"tablet":{"background-color":"","background-image":"","background-repeat":"repeat","background-position":"center center","background-size":"auto","background-attachment":"scroll","background-type":"","background-media":"","overlay-type":"","overlay-color":"","overlay-opacity":"","overlay-gradient":""},"mobile":{"background-color":"","background-image":"","background-repeat":"repeat","background-position":"center center","background-size":"auto","background-attachment":"scroll","background-type":"","background-media":"","overlay-type":"","overlay-color":"","overlay-opacity":"","overlay-gradient":""}},"ast-content-background-meta":{"desktop":{"background-color":"var(--ast-global-color-5)","background-image":"","background-repeat":"repeat","background-position":"center center","background-size":"auto","background-attachment":"scroll","background-type":"","background-media":"","overlay-type":"","overlay-color":"","overlay-opacity":"","overlay-gradient":""},"tablet":{"background-color":"var(--ast-global-color-5)","background-image":"","background-repeat":"repeat","background-position":"center center","background-size":"auto","background-attachment":"scroll","background-type":"","background-media":"","overlay-type":"","overlay-color":"","overlay-opacity":"","overlay-gradient":""},"mobile":{"background-color":"var(--ast-global-color-5)","background-image":"","background-repeat":"repeat","background-position":"center center","background-size":"auto","background-attachment":"scroll","background-type":"","background-media":"","overlay-type":"","overlay-color":"","overlay-opacity":"","overlay-gradient":""}},"footnotes":""},"class_list":["post-16907","page","type-page","status-publish","hentry"],"acf":[],"yoast_head":"<!-- This site is optimized with the Yoast SEO plugin v27.2 - https:\/\/yoast.com\/product\/yoast-seo-wordpress\/ -->\n<title>Politica privind cookie-urile - NoFloods<\/title>\n<meta name=\"robots\" content=\"index, follow, max-snippet:-1, max-image-preview:large, max-video-preview:-1\" \/>\n<link rel=\"canonical\" href=\"https:\/\/nofloods.com\/ro\/politica-privind-cookie-urile\/\" \/>\n<meta property=\"og:locale\" content=\"ro_RO\" \/>\n<meta property=\"og:type\" content=\"article\" \/>\n<meta property=\"og:title\" content=\"Politica privind cookie-urile - NoFloods\" \/>\n<meta property=\"og:description\" content=\"Politica privind cookie-urile Home &gt; DESPRE ACEAST\u0102 POLITIC\u0102 PRIVIND COOKIE-URILE &nbsp; Aceast\u0103 politic\u0103 privind cookie-urile explic\u0103 ce sunt cookie-urile \u0219i [&hellip;]\" \/>\n<meta property=\"og:url\" content=\"https:\/\/nofloods.com\/ro\/politica-privind-cookie-urile\/\" \/>\n<meta property=\"og:site_name\" content=\"NoFloods\" \/>\n<meta property=\"article:publisher\" content=\"https:\/\/www.facebook.com\/environmentsolutions\/\" \/>\n<meta property=\"article:modified_time\" content=\"2025-09-08T14:33:39+00:00\" \/>\n<meta name=\"twitter:card\" content=\"summary_large_image\" \/>\n<meta name=\"twitter:site\" content=\"@NoFloodsBarrier\" \/>\n<meta name=\"twitter:label1\" content=\"Timp estimat pentru citire\" \/>\n\t<meta name=\"twitter:data1\" content=\"4 minute\" \/>\n<script type=\"application\/ld+json\" class=\"yoast-schema-graph\">{\"@context\":\"https:\/\/schema.org\",\"@graph\":[{\"@type\":\"WebPage\",\"@id\":\"https:\/\/nofloods.com\/ro\/politica-privind-cookie-urile\/\",\"url\":\"https:\/\/nofloods.com\/ro\/politica-privind-cookie-urile\/\",\"name\":\"Politica privind cookie-urile - NoFloods\",\"isPartOf\":{\"@id\":\"https:\/\/nofloods.com\/ro\/#website\"},\"datePublished\":\"2025-09-05T09:56:14+00:00\",\"dateModified\":\"2025-09-08T14:33:39+00:00\",\"breadcrumb\":{\"@id\":\"https:\/\/nofloods.com\/ro\/politica-privind-cookie-urile\/#breadcrumb\"},\"inLanguage\":\"ro-RO\",\"potentialAction\":[{\"@type\":\"ReadAction\",\"target\":[\"https:\/\/nofloods.com\/ro\/politica-privind-cookie-urile\/\"]}]},{\"@type\":\"BreadcrumbList\",\"@id\":\"https:\/\/nofloods.com\/ro\/politica-privind-cookie-urile\/#breadcrumb\",\"itemListElement\":[{\"@type\":\"ListItem\",\"position\":1,\"name\":\"Home\",\"item\":\"https:\/\/nofloods.com\/ro\/\"},{\"@type\":\"ListItem\",\"position\":2,\"name\":\"Politica privind cookie-urile\"}]},{\"@type\":\"WebSite\",\"@id\":\"https:\/\/nofloods.com\/ro\/#website\",\"url\":\"https:\/\/nofloods.com\/ro\/\",\"name\":\"NoFloods\",\"description\":\"By Environment Solutions\",\"publisher\":{\"@id\":\"https:\/\/nofloods.com\/ro\/#organization\"},\"potentialAction\":[{\"@type\":\"SearchAction\",\"target\":{\"@type\":\"EntryPoint\",\"urlTemplate\":\"https:\/\/nofloods.com\/ro\/?s={search_term_string}\"},\"query-input\":{\"@type\":\"PropertyValueSpecification\",\"valueRequired\":true,\"valueName\":\"search_term_string\"}}],\"inLanguage\":\"ro-RO\"},{\"@type\":\"Organization\",\"@id\":\"https:\/\/nofloods.com\/ro\/#organization\",\"name\":\"NoFloods\",\"url\":\"https:\/\/nofloods.com\/ro\/\",\"logo\":{\"@type\":\"ImageObject\",\"inLanguage\":\"ro-RO\",\"@id\":\"https:\/\/nofloods.com\/ro\/#\/schema\/logo\/image\/\",\"url\":\"https:\/\/nofloods.com\/wp-content\/uploads\/2025\/05\/NoFloods-EasyWall-Logo.webp?wsr\",\"contentUrl\":\"https:\/\/nofloods.com\/wp-content\/uploads\/2025\/05\/NoFloods-EasyWall-Logo.webp?wsr\",\"width\":340,\"height\":70,\"caption\":\"NoFloods\"},\"image\":{\"@id\":\"https:\/\/nofloods.com\/ro\/#\/schema\/logo\/image\/\"},\"sameAs\":[\"https:\/\/www.facebook.com\/environmentsolutions\/\",\"https:\/\/x.com\/NoFloodsBarrier\",\"https:\/\/www.linkedin.com\/company\/environment-solutions-aps\"]}]}<\/script>\n<!-- \/ Yoast SEO plugin. -->","yoast_head_json":{"title":"Politica privind cookie-urile - NoFloods","robots":{"index":"index","follow":"follow","max-snippet":"max-snippet:-1","max-image-preview":"max-image-preview:large","max-video-preview":"max-video-preview:-1"},"canonical":"https:\/\/nofloods.com\/ro\/politica-privind-cookie-urile\/","og_locale":"ro_RO","og_type":"article","og_title":"Politica privind cookie-urile - NoFloods","og_description":"Politica privind cookie-urile Home &gt; DESPRE ACEAST\u0102 POLITIC\u0102 PRIVIND COOKIE-URILE &nbsp; Aceast\u0103 politic\u0103 privind cookie-urile explic\u0103 ce sunt cookie-urile \u0219i [&hellip;]","og_url":"https:\/\/nofloods.com\/ro\/politica-privind-cookie-urile\/","og_site_name":"NoFloods","article_publisher":"https:\/\/www.facebook.com\/environmentsolutions\/","article_modified_time":"2025-09-08T14:33:39+00:00","twitter_card":"summary_large_image","twitter_site":"@NoFloodsBarrier","twitter_misc":{"Timp estimat pentru citire":"4 minute"},"schema":{"@context":"https:\/\/schema.org","@graph":[{"@type":"WebPage","@id":"https:\/\/nofloods.com\/ro\/politica-privind-cookie-urile\/","url":"https:\/\/nofloods.com\/ro\/politica-privind-cookie-urile\/","name":"Politica privind cookie-urile - NoFloods","isPartOf":{"@id":"https:\/\/nofloods.com\/ro\/#website"},"datePublished":"2025-09-05T09:56:14+00:00","dateModified":"2025-09-08T14:33:39+00:00","breadcrumb":{"@id":"https:\/\/nofloods.com\/ro\/politica-privind-cookie-urile\/#breadcrumb"},"inLanguage":"ro-RO","potentialAction":[{"@type":"ReadAction","target":["https:\/\/nofloods.com\/ro\/politica-privind-cookie-urile\/"]}]},{"@type":"BreadcrumbList","@id":"https:\/\/nofloods.com\/ro\/politica-privind-cookie-urile\/#breadcrumb","itemListElement":[{"@type":"ListItem","position":1,"name":"Home","item":"https:\/\/nofloods.com\/ro\/"},{"@type":"ListItem","position":2,"name":"Politica privind cookie-urile"}]},{"@type":"WebSite","@id":"https:\/\/nofloods.com\/ro\/#website","url":"https:\/\/nofloods.com\/ro\/","name":"NoFloods","description":"By Environment Solutions","publisher":{"@id":"https:\/\/nofloods.com\/ro\/#organization"},"potentialAction":[{"@type":"SearchAction","target":{"@type":"EntryPoint","urlTemplate":"https:\/\/nofloods.com\/ro\/?s={search_term_string}"},"query-input":{"@type":"PropertyValueSpecification","valueRequired":true,"valueName":"search_term_string"}}],"inLanguage":"ro-RO"},{"@type":"Organization","@id":"https:\/\/nofloods.com\/ro\/#organization","name":"NoFloods","url":"https:\/\/nofloods.com\/ro\/","logo":{"@type":"ImageObject","inLanguage":"ro-RO","@id":"https:\/\/nofloods.com\/ro\/#\/schema\/logo\/image\/","url":"https:\/\/nofloods.com\/wp-content\/uploads\/2025\/05\/NoFloods-EasyWall-Logo.webp?wsr","contentUrl":"https:\/\/nofloods.com\/wp-content\/uploads\/2025\/05\/NoFloods-EasyWall-Logo.webp?wsr","width":340,"height":70,"caption":"NoFloods"},"image":{"@id":"https:\/\/nofloods.com\/ro\/#\/schema\/logo\/image\/"},"sameAs":["https:\/\/www.facebook.com\/environmentsolutions\/","https:\/\/x.com\/NoFloodsBarrier","https:\/\/www.linkedin.com\/company\/environment-solutions-aps"]}]}},"rttpg_featured_image_url":null,"rttpg_author":{"display_name":"nofloods_admin","author_link":"https:\/\/nofloods.com\/ro\/author\/nofloods_admin\/"},"rttpg_comment":0,"rttpg_category":" <a href=\"https:\/\/nofloods.com\/ro\/?taxonomy=translation_priority&#038;term=optional-ro\" rel=\"tag\">Optional<\/a>","rttpg_excerpt":"Politica privind cookie-urile Home &gt; DESPRE ACEAST\u0102 POLITIC\u0102 PRIVIND COOKIE-URILE &nbsp; Aceast\u0103 politic\u0103 privind cookie-urile explic\u0103 ce sunt cookie-urile \u0219i [&hellip;]","_links":{"self":[{"href":"https:\/\/nofloods.com\/ro\/wp-json\/wp\/v2\/pages\/16907","targetHints":{"allow":["GET"]}}],"collection":[{"href":"https:\/\/nofloods.com\/ro\/wp-json\/wp\/v2\/pages"}],"about":[{"href":"https:\/\/nofloods.com\/ro\/wp-json\/wp\/v2\/types\/page"}],"author":[{"embeddable":true,"href":"https:\/\/nofloods.com\/ro\/wp-json\/wp\/v2\/users\/1"}],"replies":[{"embeddable":true,"href":"https:\/\/nofloods.com\/ro\/wp-json\/wp\/v2\/comments?post=16907"}],"version-history":[{"count":1,"href":"https:\/\/nofloods.com\/ro\/wp-json\/wp\/v2\/pages\/16907\/revisions"}],"predecessor-version":[{"id":16910,"href":"https:\/\/nofloods.com\/ro\/wp-json\/wp\/v2\/pages\/16907\/revisions\/16910"}],"wp:attachment":[{"href":"https:\/\/nofloods.com\/ro\/wp-json\/wp\/v2\/media?parent=16907"}],"curies":[{"name":"wp","href":"https:\/\/api.w.org\/{rel}","templated":true}]}}